{"id":1192,"date":"2023-11-18T19:31:34","date_gmt":"2023-11-18T19:31:34","guid":{"rendered":"https:\/\/escritoras-em-portugues.com\/?page_id=1192"},"modified":"2024-06-04T22:16:02","modified_gmt":"2024-06-04T22:16:02","slug":"tomasia-maria-micaela-de-loureiro-e-lacerda","status":"publish","type":"page","link":"https:\/\/escritoras-em-portugues.com\/en\/xviii\/tomasia-maria-micaela-de-loureiro-e-lacerda\/","title":{"rendered":"Tom\u00e1sia Maria Micaela de Loureiro e Lacerda, Soror"},"content":{"rendered":"<p><strong>NAME <\/strong><span lang=\"PT\">Tom\u00e1sia Maria Micaela de Loureiro e Lacerda, Soror<\/span><\/p>\n<h4><strong>Biographical Elements<\/strong><\/h4>\n<p style=\"font-weight: 400;\"><strong>FATHER <\/strong>Manuel Cardoso de Loureiro Moreira, Capit\u00e3o Mor de Viseu<\/p>\n<p style=\"font-weight: 400;\"><strong>MOTHER<\/strong> Paula Marinha de Figueiredo e Lacerda<\/p>\n<p style=\"font-weight: 400;\"><strong>BIRTHPLACE<\/strong> Viseu<\/p>\n<p><strong>DATE OF BIRTH<\/strong> XVIII century<\/p>\n<p style=\"font-weight: 400;\"><strong>COUNTRY OF BIRTH<\/strong> Portugal<\/p>\n<p><strong>DATE OF DEATH<\/strong> XVIII century<\/p>\n<p style=\"font-weight: 400;\"><strong>MARITAL STATUS<\/strong> Freira<\/p>\n<p style=\"font-weight: 400;\"><strong>DATE OF RELIGIOUS PROFESSION<\/strong> \u00a015 de Outubro de 1731<\/p>\n<p style=\"font-weight: 400;\"><strong>PLACE OF RELIGIOUS PROFESSION<\/strong> \u00a0Convento de Jesus de S. Bento, Viseu<\/p>\n<p style=\"font-weight: 400;\"><strong>CONVENT <\/strong>Convento de S\u00e3o Bento de Jesus de Viseu<\/p>\n<p style=\"font-weight: 400;\"><strong>RELIGIOUS ORDER<\/strong> Beneditinas<\/p>\n<h4><strong>WORKS<\/strong><\/h4>\n<p><strong>PRINTED WORKS<\/strong><\/p>\n<blockquote>\n<p style=\"font-weight: 400;\"><a href=\"https:\/\/purl.pt\/39663\/1\/html\/index.html#\/4-5\"><em>Obsequio Beneditino para as Religiosas, e mais Pessoas devotas tributarem todos os annos, ao gloriosissimo, e sempre illustrissimo Principe dos Patriarcas S. Bento,<\/em> Coimbra, Luiz Secco Ferreira, 1751.<\/a><\/p>\n<\/blockquote>\n<h4><strong>Bibliography<\/strong><\/h4>\n<p style=\"font-weight: 400;\">MACHADO, Diogo Barbosa, <em>Bibliotheca Luzitana: hist\u00f3rica, cr\u00edtica e cronol\u00f3gica, <\/em>Lisboa Occidental, na Officina de Antonio Isidoro da Fonseca, 1741-1759, volume IV, p. 273.<\/p>\n<p style=\"font-weight: 400;\">","protected":false},"excerpt":{"rendered":"<p>NOME Tom\u00e1sia Maria Micaela de Loureiro e Lacerda, Soror Elementos biogr\u00e1ficos PAI Manuel Cardoso de Loureiro Moreira, Capit\u00e3o Mor de Viseu M\u00c3E Paula Marinha de Figueiredo e Lacerda LOCAL DE NASCIMENTO Viseu DATA DE NASCIMENTO S\u00e9culo XVIII PA\u00cdS ONDE NASCEU Portugal DATA DA MORTE S\u00e9culo XVIII ESTADO Freira DATA DA PROFISS\u00c3O RELIGIOSA \u00a015 de Outubro &#8230; <a title=\"Tom\u00e1sia Maria Micaela de Loureiro e Lacerda, Soror\" class=\"read-more\" href=\"https:\/\/escritoras-em-portugues.com\/en\/xviii\/tomasia-maria-micaela-de-loureiro-e-lacerda\/\" aria-label=\"Read more about Tom\u00e1sia Maria Micaela de Loureiro e Lacerda, Soror\">Read more<\/a><\/p>","protected":false},"author":3,"featured_media":0,"parent":46,"menu_order":0,"comment_status":"closed","ping_status":"closed","template":"","meta":{"cybocfi_hide_featured_image":"","footnotes":""},"class_list":["post-1192","page","type-page","status-publish"],"_links":{"self":[{"href":"https:\/\/escritoras-em-portugues.com\/en\/wp-json\/wp\/v2\/pages\/1192","targetHints":{"allow":["GET"]}}],"collection":[{"href":"https:\/\/escritoras-em-portugues.com\/en\/wp-json\/wp\/v2\/pages"}],"about":[{"href":"https:\/\/escritoras-em-portugues.com\/en\/wp-json\/wp\/v2\/types\/page"}],"author":[{"embeddable":true,"href":"https:\/\/escritoras-em-portugues.com\/en\/wp-json\/wp\/v2\/users\/3"}],"replies":[{"embeddable":true,"href":"https:\/\/escritoras-em-portugues.com\/en\/wp-json\/wp\/v2\/comments?post=1192"}],"version-history":[{"count":5,"href":"https:\/\/escritoras-em-portugues.com\/en\/wp-json\/wp\/v2\/pages\/1192\/revisions"}],"predecessor-version":[{"id":1874,"href":"https:\/\/escritoras-em-portugues.com\/en\/wp-json\/wp\/v2\/pages\/1192\/revisions\/1874"}],"up":[{"embeddable":true,"href":"https:\/\/escritoras-em-portugues.com\/en\/wp-json\/wp\/v2\/pages\/46"}],"wp:attachment":[{"href":"https:\/\/escritoras-em-portugues.com\/en\/wp-json\/wp\/v2\/media?parent=1192"}],"curies":[{"name":"wp","href":"https:\/\/api.w.org\/{rel}","templated":true}]}}