{"id":1189,"date":"2023-11-18T19:27:09","date_gmt":"2023-11-18T19:27:09","guid":{"rendered":"https:\/\/escritoras-em-portugues.com\/?page_id=1189"},"modified":"2024-06-04T22:15:31","modified_gmt":"2024-06-04T22:15:31","slug":"tomasia-caetana-de-santa-maria-soror","status":"publish","type":"page","link":"https:\/\/escritoras-em-portugues.com\/en\/xviii\/tomasia-caetana-de-santa-maria-soror\/","title":{"rendered":"Tomasia Caetana de Santa Maria, Soror"},"content":{"rendered":"<p><strong>NOME <\/strong><span lang=\"PT\">Tomasia Caetana de Santa Maria, Soror<\/span><\/p>\n<h4><strong>Elementos biogr\u00e1ficos<\/strong><\/h4>\n<p style=\"font-weight: 400;\"><strong>PAI<\/strong> Manuel de Mira Valed\u00e3o<\/p>\n<p style=\"font-weight: 400;\"><strong>M\u00c3E<\/strong> Josefa Maria<\/p>\n<p style=\"font-weight: 400;\"><strong>LOCAL DE NASCIMENTO<\/strong> Lisboa<\/p>\n<p style=\"font-weight: 400;\"><strong>DATA DE NASCIMENTO<\/strong> 7 de Mar\u00e7o de 1719<\/p>\n<p style=\"font-weight: 400;\"><strong>ESTADO\u00a0 <\/strong>Freira<\/p>\n<p style=\"font-weight: 400;\"><strong>DATA DA PROFISS\u00c3O RELIGIOSA<\/strong> 29 de Setembro de 1731<\/p>\n<p style=\"font-weight: 400;\"><strong>DATA DOS VOTOS<\/strong>\u00a0 15 de Outubro de 1732<\/p>\n<p style=\"font-weight: 400;\"><strong>LOCAL DA PROFISS\u00c3O RELIGIOSA<\/strong> Vila Vi\u00e7osa<\/p>\n<p style=\"font-weight: 400;\"><strong>CONVENTO <\/strong>Santa Cruz de Vila Vi\u00e7osa<\/p>\n<p style=\"font-weight: 400;\"><strong>ORDEM RELIGIOSA A QUE PERTENCEU <\/strong>Clarissas<\/p>\n<p><strong>DATA DA MORTE<\/strong>\u00a0 S\u00e9culo XVIII<\/p>\n<h4><strong>Obra<\/strong><\/h4>\n<p style=\"font-weight: 400;\"><strong>OBRAS<\/strong><strong> DESAPARECIDAS <em>\u00a0<\/em><\/strong><\/p>\n<blockquote>\n<p style=\"font-weight: 400;\"><em>\u00a0<\/em><em>Rela\u00e7am \u00e1 sentidissima, e sempre lembrada morte do Serenissimo Senhor Infante Dom Joam na sua tenra idade. Dedicada \u00e1 Virgem Purissima da Concei\u00e7\u00e3o de Villa Vi\u00e7osa, Padroeira do Reyno\u2026, <\/em>Lisboa, Officina de Pedro Ferreira, Impressor da Fidelissima Rainha Nossa Senhora, 1763 [<em>apud<\/em> Inocencio, volume XIX, p. 283]<\/p>\n<\/blockquote>\n<p style=\"font-weight: 400;\"><strong>OBRAS MANUSCRITAS<\/strong><\/p>\n<blockquote>\n<p style=\"font-weight: 400;\"><em>Soneto \u00e0 morte do Conde da Ericeira, D. Francisco Xavier de Menezes, <\/em>fol.<\/p>\n<p style=\"font-weight: 400;\"><em>Soneto ao retrato da Serenissima Rainha Ungria Maria Thereza de Austria<\/em>, fol.<\/p>\n<\/blockquote>\n<p style=\"font-weight: 400;\"><strong>\u00a0<\/strong><strong>OBRAS IMPRESSAS<\/strong><\/p>\n<blockquote>\n<p style=\"font-weight: 400;\"><em>Expressoens de hum devoto arrependimento a Imagem de Christo Crucificado, que se venera no Convento de S. Cruz de Villa-Vi\u00e7osa. <\/em>Romance. Lisboa, por Pedro Ferreira 1743.<\/p>\n<p style=\"font-weight: 400;\"><em>Glossa a huma Decima do Desembargador Luiz Borges de Carvalho, offerecida ao Serenissimo Principe D. Joz\u00e9<\/em>.\u00a0 Lisboa, por Pedro Ferreira 1750.<\/p>\n<p style=\"font-weight: 400;\"><a href=\"https:\/\/purl.pt\/36447\/2\/\"><em>Rela\u00e7a\u00f5 nova, que a pia devo\u00e7a\u00f5 dedica a soberana Imagem da Senhora do Rosario, sai no Real Convento de S. Domingos desta Cidade, em qu se attribue o castigo de Deos pelos peccados do mundo a falta de agoa, que annunciara a esterilidade, sahindo na Procissa\u00f5 varias Imagens milagrosas, assim nesta Corte, como em Villa-Vi\u00e7osa, e mais partes da Christandade.<\/em> Lisboa, por Pedro Ferreira 1750.<\/a><\/p>\n<p style=\"font-weight: 400;\"><em>Rela\u00e7am \u00e1 sentidissima, e sempre lembrada morte do Serenissimo Senhor Infante Dom Joam na sua tenra idade. Dedicada \u00e1 Virgem Purissima da Concei\u00e7\u00e3o de Villa Vi\u00e7osa, Padroeira do Reyno\u2026Dada \u00e1 luz por Seu Pae Manuel de Mira Valadam, cirurgi\u00e3o approvado nesta c\u00f4rte.<\/em> Lisboa, na offic. de Pedro Ferreira, impressor da Fidelissima Rainha Nossa Senhora. Anno do Senhor 1763.<\/p>\n<p style=\"font-weight: 400;\"><em>Soneto <\/em>(\u201cPrep\u00e0ra Portugal todo o alvorozo:\u201d) <em>e Glosa <\/em>(\u201cDepois de Portugal ter conseguido\u201d) <em>Venturas Da Lusitana no Fausto Felicissimo Nascimento Do Serenissimo Senhor Dom Joam Jos\u00e9 Maria Francisco Xavier de Paula Luiz Antonio Domingos Rafael Infante De Portugal. Expressadas pela Madre Soror Thomasia Caetana De Santa Maria, Actualmente Escrivan, e Vigaria do Coro do seu Convento de Santa Maria, Actualmente Escrivan, e Vigaria do Coro do seu Convento de Santa Cruz de Villa Vi\u00e7oza. <\/em>Dedicadas A Nossa Senhora Da Concei\u00e7am Da mesma Villa. Dadas \u00e0 luz por seu Pay Manoel de Mira Valadam, Cirugia\u00f5 aprovado nesta Corte, Lisboa, Officina de Pedro Ferreira, Impressor da Fidelissima Raynha Nossa Senhora, 1767.<\/p>\n<p style=\"font-weight: 400;\"><em>Soneto glossado \u00e0 morte do Serenissimo Monarca D. Jo\u00e3o V<\/em>. In.: <em>Culto Funebre <\/em>a este assunto Colle\u00e7. 2 a pag. 48, Lisboa, por Francisco Luiz Ameno<\/p>\n<p style=\"font-weight: 400;\"><em>Saudosas express\u00f5es de hum reverente, e obsequioso affecto na sensivel morte do Dezembargador Luiz Borges de Carvalho Cavalleyro Professo Na Ordem de Christom Desembargador dos Aggravos, Juiz dos Cavalleiros, Ouvidor da Serenissima Casa de Bragan\u00e7a, Deputado da Mesa Prioral do Crato, e Conselheiro do Regio Conselho Ultramarino Servindo todos estes empregos com pontual satisfa\u00e7a\u00f5, rectida\u00f5, e zelo do servi\u00e7o de Sua Magestade, que Deos guarde: <\/em>Compostas por Soror Thomazia Caetana de Santa Maria, Religiosa professa no Convento de Santa Cruz de Villa Vi\u00e7osa, e natural desta Cidade de Lisboa. Dadas \u00e1 luz por seu Pay Manoel de Mira Valladam Cirurgiam approvado nesta Corte. Offerecidas Ao Senhor Rodrigo De Oliveira Braga, Familiar do Santo Officio, natural da Cidade de Braga, assistente nesta de Lisboa, Officina de Pedro Ferreira, Impressor da Rainha N. S., 1753.<\/p>\n<p style=\"font-weight: 400;\"><em>Sentidas express\u00f5es de hum peito magoado na morte do Eminentissimo Senhor D. Thomaz de Almeida, Cardeal Patriarcha primeiro de Lisboa<\/em>, Lisboa, Bernardo Antonio de Oliveira, 1754.<\/p>\n<p style=\"font-weight: 400;\"><em>Ultimas express\u00f5es de Portugal na sentidissima morte da Augustissima Rainha, e Senhora D. Mariana de Austria, <\/em>Lisboa, por Manuel Alvares Solano, 1754.<\/p>\n<p style=\"font-weight: 400;\"><em>Soneto e Gloza, <\/em>in <em>Gemidos do Parnazo. e Demonstra\u00e7\u00f5es Penozas, Com que Todas as Irmans Deidades proseguem o sentimento do mayor Monarcha do Universo Rey de Portugal O Senhor D. Joa\u00f5 V. Terceira Colle\u00e7am das vozes a ta\u00f5 magoado assumpto. <\/em>Pela Madre Soror Thomazia Caetana de Santa Maria, Religiosa Professa no Convento de Santa Cruz de Villa Vi\u00e7oza. Offerecidos ao Serenissimo Senhor Infante D. Pedro, Lisboa, Joz\u00e9 da Sylva Da Natividade Impressor da Serenissima Casa, e Estado de Infantado, 1750, pp. 19-24.<\/p>\n<p style=\"font-weight: 400;\"><em>Expressoens de hum devoto arrependimento a Imagem de Christo Crucificado, que se venera no Convento de Santa Cruz de Villa-Vi\u00e7osa<\/em>, Lisboa, por Pedro Ferreira, 1743.<\/p>\n<p style=\"font-weight: 400;\"><em>Glossa a uma Decima do Desembargador Luiz Borges de Carvalho, offerecida ao Serenissimo Principe D. Joz\u00e9<\/em>, Lisboa, por Pedro Ferreira, 1750.<\/p>\n<p style=\"font-weight: 400;\">&#8220;Soneto glossado \u00e0 morte do Serenissimo Monarca D. Jo\u00e3o V\u201d, <em>Culto Funebre \u00e0 morte de D. Jo\u00e3o V<\/em>, Lisboa, Francisco Luiz Ameno, 1750, p. 48.<\/p>\n<p style=\"font-weight: 400;\"><em>\u201c<\/em>Soneto glosado\u201d <em>Saudosas express\u00f5es de hum reverente, e obsequioso affecto na sensivel morte do Dezembargador Luiz Borges de Carvalho<\/em>, Lisboa, Pedro Ferreira, 1753.<\/p>\n<p style=\"font-weight: 400;\"><em>\u201c<\/em>Soneto glosado\u201d <em>Ultimas express\u00f5es de Portugal na sentidissima morte da Augustissima Rainha, e Senhora D. Mariana de Austria, <\/em>Lisboa, por Manuel Alvares Solano, 1754.<\/p>\n<p><a href=\"https:\/\/purl.pt\/35661\/2\/\"><em>Gloria de Portugal nos felic\u00edssimos despos\u00f3rios da Seren\u00edssima Senhora Princesa do Brasil com o Seren\u00edssimo Senhor Infante D. Pedro oferecida a toda a nobreza da Corte e Reino, dada a luz por seu pai<\/em>,<em> Manuel de Mira Valadam<\/em>, Lisboa, Officina de Pedro Ferreira, 1760.<\/a><\/p>\n<p style=\"font-weight: 400;\"><em>\u00a0<\/em><em>Soneto <\/em>(\u201cPrep\u00e0ra Portugal todo o alvorozo:\u201d) <em>e Glosa <\/em>(\u201cDepois de Portugal ter conseguido\u201d) <em>Venturas Da Lusitana no Fausto Felicissimo Nascimento Do Serenissimo Senhor Dom Joam Jos\u00e9 Maria Francisco Xavier de Paula Luiz Antonio Domingos Rafael Infante De Portugal. Expressadas pela Madre Soror Thomasia Caetana De Santa Maria, Actualmente Escrivan, e Vigaria do Coro do seu Convento de Santa Maria, Actualmente Escrivan, e Vigaria do Coro do seu Convento de Santa Cruz de Villa Vi\u00e7oza. <\/em>Dedicadas A Nossa Senhora Da Concei\u00e7am Da mesma Villa, Lisboa, Officina de Pedro Ferreira, Impressor da Fidelissima Raynha Nossa Senhora, 1767.<\/p>\n<\/blockquote>\n<h4><strong>Bibliografia:<\/strong><\/h4>\n<p style=\"font-weight: 400;\"><a href=\"https:\/\/digitarq.adevr.arquivos.pt\/details?id=1066727\">https:\/\/digitarq.adevr.arquivos.pt\/details?id=1066727<\/a><\/p>\n<p>&nbsp;<\/p>\n<p><a href=\"https:\/\/recil.ensinolusofona.pt\/bitstream\/10437\/1941\/1\/artigos12.pdf\">BELLINI, Ligia &#8220;Vida mon\u00e1stica e praticas de escrita entre mulheres em Portugal no Antigo Regime&#8221;\u00a0<em>Campus Social, <\/em>2006\/2007, pp. 209-218.<\/a><\/p>\n<p><a href=\"https:\/\/dspace.uevora.pt\/rdpc\/bitstream\/10174\/4646\/1\/Do%20claustro%20ao%20s\u00e9culo.pdf\">CONDE, Maria Ant\u00f3nia &#8220;Do claustro ao s\u00e9culo&#8221;: O canto e a esc Rita no mosteiro de S. Bento de Castris, \u00c9vora&#8221;. pp. 243-254.<\/a><\/p>\n<p style=\"font-weight: 400;\">MACHADO, Diogo Barbosa, <em>Bibliotheca Luzitana: hist\u00f3rica, cr\u00edtica e cronologica. <\/em>Lisboa Occidental, na Officina de Antonio Isidoro da Fonseca, 1741-1759, Volume III, p. 752; Volume IV, p. 273.<\/p>\n<p style=\"font-weight: 400;\">MORUJ\u00c3O, Isabel, <em>Contributo para uma bibliografia cronol\u00f3gica da literatura mon\u00e1stica feminina Portuguesa dos s\u00e9culos XVII e XVIII (impressos). <\/em>Centro de Estudos de Hist\u00f3ria Religiosa, Universidade Cat\u00f3lica Portuguesa, Lisboa 1995, p. 50.<\/p>\n<p style=\"font-weight: 400;\">MORUJ\u00c3O, Isabel, \u201cEntre o Convento e a Corte : algumas Reflex\u00f5es em torno da obra po\u00e9tica de Soror Tom\u00e1sia Caetana de Santa Maria\u201d <em>Revista da Faculdade de Letras. Linguas e Literaturas<\/em>, Anexo V, Porto, 1993, pp. 123-142.<\/p>\n<p style=\"font-weight: 400;\">SILVA, Inocencio Francisco da, <em>Dicion\u00e1rio Bibliographico Portuguez<\/em>, Lisboa, Imprensa Nacional, 1858, Volume XIX, p. 283.<\/p>\n<p><a href=\"https:\/\/revistas.uned.es\/index.php\/REI\/article\/view\/32151\/27479\">TAC\u00d3N GARC\u00cdA, Antia &#8220;Nuevas autoras y poemas en el Portugal Setecentista: Adenda para una Bibliograf\u00eda&#8221; Revista<span style=\"font-size: inherit;\"> de Escritoras <\/span>Ib\u00e9ricas<span style=\"font-size: inherit;\">,\u00a0<\/span>Madrid, UNED, vol. 10, 2022, pp. 111-133.<\/a><\/p>\n<p style=\"font-weight: 400;\">\n","protected":false},"excerpt":{"rendered":"<p>NOME Tomasia Caetana de Santa Maria, Soror Elementos biogr\u00e1ficos PAI Manuel de Mira Valed\u00e3o M\u00c3E Josefa Maria LOCAL DE NASCIMENTO Lisboa DATA DE NASCIMENTO 7 de Mar\u00e7o de 1719 ESTADO\u00a0 Freira DATA DA PROFISS\u00c3O RELIGIOSA 29 de Setembro de 1731 DATA DOS VOTOS\u00a0 15 de Outubro de 1732 LOCAL DA PROFISS\u00c3O RELIGIOSA Vila Vi\u00e7osa CONVENTO &#8230; <a title=\"Tomasia Caetana de Santa Maria, Soror\" class=\"read-more\" href=\"https:\/\/escritoras-em-portugues.com\/en\/xviii\/tomasia-caetana-de-santa-maria-soror\/\" aria-label=\"Read more about Tomasia Caetana de Santa Maria, Soror\">Read more<\/a><\/p>","protected":false},"author":3,"featured_media":0,"parent":46,"menu_order":0,"comment_status":"closed","ping_status":"closed","template":"","meta":{"cybocfi_hide_featured_image":"","footnotes":""},"class_list":["post-1189","page","type-page","status-publish"],"_links":{"self":[{"href":"https:\/\/escritoras-em-portugues.com\/en\/wp-json\/wp\/v2\/pages\/1189","targetHints":{"allow":["GET"]}}],"collection":[{"href":"https:\/\/escritoras-em-portugues.com\/en\/wp-json\/wp\/v2\/pages"}],"about":[{"href":"https:\/\/escritoras-em-portugues.com\/en\/wp-json\/wp\/v2\/types\/page"}],"author":[{"embeddable":true,"href":"https:\/\/escritoras-em-portugues.com\/en\/wp-json\/wp\/v2\/users\/3"}],"replies":[{"embeddable":true,"href":"https:\/\/escritoras-em-portugues.com\/en\/wp-json\/wp\/v2\/comments?post=1189"}],"version-history":[{"count":8,"href":"https:\/\/escritoras-em-portugues.com\/en\/wp-json\/wp\/v2\/pages\/1189\/revisions"}],"predecessor-version":[{"id":1872,"href":"https:\/\/escritoras-em-portugues.com\/en\/wp-json\/wp\/v2\/pages\/1189\/revisions\/1872"}],"up":[{"embeddable":true,"href":"https:\/\/escritoras-em-portugues.com\/en\/wp-json\/wp\/v2\/pages\/46"}],"wp:attachment":[{"href":"https:\/\/escritoras-em-portugues.com\/en\/wp-json\/wp\/v2\/media?parent=1189"}],"curies":[{"name":"wp","href":"https:\/\/api.w.org\/{rel}","templated":true}]}}