{"id":1172,"date":"2023-11-18T18:38:38","date_gmt":"2023-11-18T18:38:38","guid":{"rendered":"https:\/\/escritoras-em-portugues.com\/?page_id=1172"},"modified":"2024-06-04T22:11:59","modified_gmt":"2024-06-04T22:11:59","slug":"modelo","status":"publish","type":"page","link":"https:\/\/escritoras-em-portugues.com\/en\/xviii\/modelo\/","title":{"rendered":"Paula de S\u00e1"},"content":{"rendered":"<p><strong>NAME <\/strong><span lang=\"PT\">Paula de S\u00e1<\/span><\/p>\n<h4><strong>Biographical Elements<\/strong><\/h4>\n<p><strong>DATE OF BIRTH<\/strong>\u00a0 S\u00e9culo XVIII(?)<\/p>\n<p><strong>DATE OF DEATH<\/strong>\u00a0 S\u00e9culo XVIII (?)<\/p>\n<p style=\"font-weight: 400;\"><strong>LANGUAGES<\/strong> Latim, Portugu\u00eas<\/p>\n<h4><strong>WORKS<\/strong><\/h4>\n<p><strong>HANDWRITTEN WORKS (MISSING)<\/strong><\/p>\n<blockquote>\n<p style=\"font-weight: 400;\"><em>Poesias<\/em><\/p>\n<\/blockquote>\n<h4><strong>Bibliography<\/strong><\/h4>\n<p style=\"font-weight: 400;\">JESUS, Gertrudes Margarida, <em>Segunda Carta Apolog\u00e9tica em favor, e defensa das Mulheres, escrita por dona Gertrudes Margarida de Jesus, ao Irm\u00e3o Amador do Desengano, com a qual destroe toda a fabrica do seu Espelho Cr\u00edtico. E se responde ao terceiro defeito, que nelle contemplou<\/em>, Lisboa, Francisco Borges de Sousa, 1761.<\/p>\n<p style=\"font-weight: 400;\">PERYM, Dami\u00e3o de Froes, <em>Theatro Heroino, abecedario historico, e catalogo das mulheres ilustres em armas, letras ac\u00e7oens heroicas e artes liberais, <\/em>2 volumes, Lisboa Occidental, na Officina de Musica de Theotonio Antunes Lima, 1736-1740, volume II, p. 334<\/p>\n<p style=\"font-weight: 400;\">REM\u00c9DIOS, Mendes dos, <em>Escritoras doutros Tempos. Extractos das obras de Violante do C\u00e9u, Maria do C\u00e9u e Madalena da Gl\u00f3ria, <\/em>Coimbra, Fran\u00e7a Amado Editor, 1914, p. IX.<\/p>\n<p>&nbsp;<\/p>\n<p style=\"font-weight: 400;\"><strong>COMMENTS\u00a0\u00a0 <\/strong><\/p>\n<p style=\"font-weight: 400;\">\u00abescreveo muitas Obras, que se imprimira\u00f5 debaixo de outro nome\u00bb (<em>apud <\/em>Perym\/ Jesus)<\/p>\n<p style=\"font-weight: 400;\">","protected":false},"excerpt":{"rendered":"<p>NOME Paula de S\u00e1 Elementos biogr\u00e1ficos DATA DE NASCIMENTO\u00a0 S\u00e9culo XVIII(?) DATA DA MORTE\u00a0 S\u00e9culo XVIII (?) IDIOMAS Latim, Portugu\u00eas Obra OBRAS MANUSCRITAS (DESAPARECIDAS) Poesias Bibliografia: JESUS, Gertrudes Margarida, Segunda Carta Apolog\u00e9tica em favor, e defensa das Mulheres, escrita por dona Gertrudes Margarida de Jesus, ao Irm\u00e3o Amador do Desengano, com a qual destroe toda &#8230; <a title=\"Paula de S\u00e1\" class=\"read-more\" href=\"https:\/\/escritoras-em-portugues.com\/en\/xviii\/modelo\/\" aria-label=\"Read more about Paula de S\u00e1\">Read more<\/a><\/p>","protected":false},"author":3,"featured_media":0,"parent":46,"menu_order":0,"comment_status":"closed","ping_status":"closed","template":"","meta":{"cybocfi_hide_featured_image":"","footnotes":""},"class_list":["post-1172","page","type-page","status-publish"],"_links":{"self":[{"href":"https:\/\/escritoras-em-portugues.com\/en\/wp-json\/wp\/v2\/pages\/1172","targetHints":{"allow":["GET"]}}],"collection":[{"href":"https:\/\/escritoras-em-portugues.com\/en\/wp-json\/wp\/v2\/pages"}],"about":[{"href":"https:\/\/escritoras-em-portugues.com\/en\/wp-json\/wp\/v2\/types\/page"}],"author":[{"embeddable":true,"href":"https:\/\/escritoras-em-portugues.com\/en\/wp-json\/wp\/v2\/users\/3"}],"replies":[{"embeddable":true,"href":"https:\/\/escritoras-em-portugues.com\/en\/wp-json\/wp\/v2\/comments?post=1172"}],"version-history":[{"count":3,"href":"https:\/\/escritoras-em-portugues.com\/en\/wp-json\/wp\/v2\/pages\/1172\/revisions"}],"predecessor-version":[{"id":1860,"href":"https:\/\/escritoras-em-portugues.com\/en\/wp-json\/wp\/v2\/pages\/1172\/revisions\/1860"}],"up":[{"embeddable":true,"href":"https:\/\/escritoras-em-portugues.com\/en\/wp-json\/wp\/v2\/pages\/46"}],"wp:attachment":[{"href":"https:\/\/escritoras-em-portugues.com\/en\/wp-json\/wp\/v2\/media?parent=1172"}],"curies":[{"name":"wp","href":"https:\/\/api.w.org\/{rel}","templated":true}]}}