{"id":1164,"date":"2023-11-18T18:26:51","date_gmt":"2023-11-18T18:26:51","guid":{"rendered":"https:\/\/escritoras-em-portugues.com\/?page_id=1164"},"modified":"2024-06-04T22:11:48","modified_gmt":"2024-06-04T22:11:48","slug":"monica-tereza-de-jesus-soror","status":"publish","type":"page","link":"https:\/\/escritoras-em-portugues.com\/en\/xviii\/monica-tereza-de-jesus-soror\/","title":{"rendered":"Monica Tereza de Jesus, Soror"},"content":{"rendered":"<p><strong>NAME <\/strong><span lang=\"PT\">Monica Tereza de Jesus, Soror<\/span><\/p>\n<h4><strong>Biographical Elements<\/strong><\/h4>\n<p style=\"font-weight: 400;\"><strong>FATHER<\/strong> Pedro Dias de Oliveira, Juiz Direitos Reais de Beja<\/p>\n<p style=\"font-weight: 400;\"><strong>MOTHER<\/strong> \u00a0D. Maria Bayoa Toscana Franca<\/p>\n<p style=\"font-weight: 400;\"><strong>BIRTHPLACE<\/strong> Lagos<\/p>\n<p style=\"font-weight: 400;\"><strong>DATE OF BIRTH<\/strong> 11 de Abril de 1702<\/p>\n<p style=\"font-weight: 400;\"><strong>BAPTISM PLACE<\/strong> Freguesia de S\u00e3o Sebasti\u00e3o, Lagos<\/p>\n<p style=\"font-weight: 400;\"><strong>PLACE OF DEATH<\/strong> Beja<\/p>\n<p style=\"font-weight: 400;\"><strong>COUNTRY OF BIRTH<\/strong> Portugal<\/p>\n<p style=\"font-weight: 400;\"><strong>MARITAL STATUS<\/strong> Freira<\/p>\n<p style=\"font-weight: 400;\"><strong>DATE OF RELIGIOUS PROFESSION<\/strong> 1714<\/p>\n<p style=\"font-weight: 400;\"><strong>DATA DOS VOTOS<\/strong> 17 de Janeiro de 1712 (1718, ratifica\u00e7\u00e3o dos votos)<\/p>\n<p style=\"font-weight: 400;\"><strong>PLACE OF RELIGIOUS PROFESSION<\/strong> \u00a0Santa Clara de Beja<\/p>\n<p style=\"font-weight: 400;\"><strong>CONVENT<\/strong> Santa Clara de Beja<\/p>\n<p><strong>RELIGIOUS ORDER<\/strong><span style=\"font-weight: 400;\"> Clarissas <\/span><\/p>\n<h4><strong>WORKS<\/strong><\/h4>\n<p style=\"font-weight: 400;\"><strong>HANDWRITTEN WORKS (MISSING)<\/strong><\/p>\n<blockquote>\n<p style=\"font-weight: 400;\"><em>Memorias pertencentes ao Convento de Santa Clara de Beja<\/em>.<\/p>\n<\/blockquote>\n<h4><strong>Bibliography<\/strong><\/h4>\n<p style=\"font-weight: 400;\">ANDRADE, Maria Filomena \u201cMulheres sob cust\u00f3dia: as comunidades de Clarissas como espa\u00e7os de obedi\u00eancia e autonomia (s\u00e9culos XIII e XIV)\u201d <em>Lusitania Sacra, <\/em>n\u00ba 31, Jan-Jun 2015, pp. 33-50.<\/p>\n<p style=\"font-weight: 400;\">MACHADO, Diogo Barbosa, <em>Bibliotheca Luzitana: hist\u00f3rica, cr\u00edtica e cronol\u00f3gica, <\/em>Lisboa Occidental, na Officina de Antonio Isidoro da Fonseca, 1741-1759, Volume III, p. 488<\/p>\n<p style=\"font-weight: 400;\">","protected":false},"excerpt":{"rendered":"<p>NOME Monica Tereza de Jesus, Soror Elementos biogr\u00e1ficos PAI Pedro Dias de Oliveira, Juiz Direitos Reais de Beja M\u00c3E \u00a0D. Maria Bayoa Toscana Franca LOCAL DE NASCIMENTO Lagos DATA DE NASCIMENTO 11 de Abril de 1702 LOCAL DE BAPTISMO Freguesia de S\u00e3o Sebasti\u00e3o, Lagos LOCAL DA MORTE Beja PA\u00cdS ONDE NASCEU Portugal ESTADO Freira DATA &#8230; <a title=\"Monica Tereza de Jesus, Soror\" class=\"read-more\" href=\"https:\/\/escritoras-em-portugues.com\/en\/xviii\/monica-tereza-de-jesus-soror\/\" aria-label=\"Read more about Monica Tereza de Jesus, Soror\">Read more<\/a><\/p>","protected":false},"author":3,"featured_media":0,"parent":46,"menu_order":0,"comment_status":"closed","ping_status":"closed","template":"","meta":{"cybocfi_hide_featured_image":"","footnotes":""},"class_list":["post-1164","page","type-page","status-publish"],"_links":{"self":[{"href":"https:\/\/escritoras-em-portugues.com\/en\/wp-json\/wp\/v2\/pages\/1164","targetHints":{"allow":["GET"]}}],"collection":[{"href":"https:\/\/escritoras-em-portugues.com\/en\/wp-json\/wp\/v2\/pages"}],"about":[{"href":"https:\/\/escritoras-em-portugues.com\/en\/wp-json\/wp\/v2\/types\/page"}],"author":[{"embeddable":true,"href":"https:\/\/escritoras-em-portugues.com\/en\/wp-json\/wp\/v2\/users\/3"}],"replies":[{"embeddable":true,"href":"https:\/\/escritoras-em-portugues.com\/en\/wp-json\/wp\/v2\/comments?post=1164"}],"version-history":[{"count":3,"href":"https:\/\/escritoras-em-portugues.com\/en\/wp-json\/wp\/v2\/pages\/1164\/revisions"}],"predecessor-version":[{"id":1859,"href":"https:\/\/escritoras-em-portugues.com\/en\/wp-json\/wp\/v2\/pages\/1164\/revisions\/1859"}],"up":[{"embeddable":true,"href":"https:\/\/escritoras-em-portugues.com\/en\/wp-json\/wp\/v2\/pages\/46"}],"wp:attachment":[{"href":"https:\/\/escritoras-em-portugues.com\/en\/wp-json\/wp\/v2\/media?parent=1164"}],"curies":[{"name":"wp","href":"https:\/\/api.w.org\/{rel}","templated":true}]}}