{"id":1158,"date":"2023-11-18T18:02:48","date_gmt":"2023-11-18T18:02:48","guid":{"rendered":"https:\/\/escritoras-em-portugues.com\/?page_id=1158"},"modified":"2024-06-04T22:11:14","modified_gmt":"2024-06-04T22:11:14","slug":"mariana-bernarda-raimunda-de-tavora-e-ataide-11a-condessa-de-atouguia","status":"publish","type":"page","link":"https:\/\/escritoras-em-portugues.com\/en\/xviii\/mariana-bernarda-raimunda-de-tavora-e-ataide-11a-condessa-de-atouguia\/","title":{"rendered":"Mariana Bernarda Raimunda de T\u00e1vora e Ata\u00edde, 11\u00aa Condessa de Atouguia"},"content":{"rendered":"<p><strong>NOME <\/strong><span lang=\"PT\">Mariana Bernarda Raimunda de T\u00e1vora e Ata\u00edde<\/span><\/p>\n<div><b><span lang=\"PT\">OUTROS NOME(S) <\/span><\/b>11\u00aa Condessa de Atouguia<\/div>\n<h4><\/h4>\n<h4><strong>Elementos biogr\u00e1ficos<\/strong><\/h4>\n<p style=\"font-weight: 400;\"><strong>PAI <\/strong>Francisco de Assis de T\u00e1vora, 3\u00ba conde de Alvor, 45\u00ba Vice-Rei da \u00cdndia (1703-1759)<\/p>\n<p style=\"font-weight: 400;\"><strong>M\u00c3E <\/strong>Leonor de T\u00e1vora, 3\u00aa Marquesa de T\u00e1vora, (1700-1759)<\/p>\n<p style=\"font-weight: 400;\"><strong>LOCAL DE NASCIMENTO<\/strong> Lisboa, M\u00e1rtires<\/p>\n<p style=\"font-weight: 400;\"><strong>DATA DE NASCIMENTO<\/strong> 24 de Setembro de 1722<\/p>\n<p style=\"font-weight: 400;\"><strong>LOCAL DA MORTE<\/strong> Lisboa<\/p>\n<p style=\"font-weight: 400;\"><strong>DATA DA MORTE<\/strong> 178?<\/p>\n<p style=\"font-weight: 400;\"><strong>ESTADO<\/strong> Casada<\/p>\n<p style=\"font-weight: 400;\"><strong>C\u00d4NJUGE<\/strong> D. Jer\u00f3nimo Carvalho e Meneses de Ata\u00edde (n. 14\/ 7\/1721), 11\u00ba Conde de Atouguia [filho do Vice-Rei da Bahia (1749-1755)<\/p>\n<p style=\"font-weight: 400;\"><strong>DATA DE CASAMENTO<\/strong> 2 de Dezembro de 1747<\/p>\n<p style=\"font-weight: 400;\"><strong>N\u00daMERO DE FILHOS<\/strong> 7<\/p>\n<p style=\"font-weight: 400;\"><strong>FILHOS<\/strong><\/p>\n<ol>\n<li style=\"font-weight: 400;\">Luiz Ant\u00f3nio Maria de Ata\u00edde (enviado para o convento de Rilhafoles quando a m\u00e3e foi encerrada no Convento das Religiosas de Sacav\u00e9m)<\/li>\n<li style=\"font-weight: 400;\">Ant\u00f3nio de Ata\u00edde<\/li>\n<li style=\"font-weight: 400;\">Francisco Domingos Ant\u00f3nio Maria de Ata\u00edde (foi com o irm\u00e3o para Sacav\u00e9m)<\/li>\n<li style=\"font-weight: 400;\">Leonor Maria Ant\u00f3nia de Ata\u00edde (foi com a m\u00e3e para o Convento das Religiosas de Sacav\u00e9m)<\/li>\n<li style=\"font-weight: 400;\">Rosa de Ata\u00edde (falecida antes da execu\u00e7\u00e3o do pai e reclus\u00e3o da m\u00e3e)<\/li>\n<li style=\"font-weight: 400;\">Clara Romoalda Maria Ant\u00f3nia de Ata\u00edde (foi com a m\u00e3e para o Convento das Religiosas de Sacav\u00e9m)<\/li>\n<li style=\"font-weight: 400;\">Ana Maria Ant\u00f3nia de Ata\u00edde (foi com a m\u00e3e para o Convento das Religiosas de Sacav\u00e9m)<\/li>\n<\/ol>\n<p style=\"font-weight: 400;\"><strong>CONVENTO <\/strong>Encerrada no Convento das Capuchinhas de Sacav\u00e9m em 4 de Janeiro de 1759, durante 22 anos. Proclamada inocente pelo Decreto de 30\/6\/1780 (ou de 23\/5\/1781)<\/p>\n<h4><strong>Obra<\/strong><\/h4>\n<p style=\"font-weight: 400;\"><strong>OBRAS MANUSCRITAS (DESAPARECIDAS)\u00a0<\/strong><\/p>\n<blockquote>\n<p style=\"font-weight: 400;\"><em>Mem\u00f3rias autobiographicas<\/em>\u00a0 c. 1783\u00a0 [original desaparecido. Reproduzidas em: <em>Mem\u00f3rias da \u00faltima condessa de Atouguia: manuscrito autobiographico in\u00e9dito<\/em>, com um estudo preliminar do P. Val\u00e9rio A. Cordeiro, Pontevedra, Santa Teresa, 1916.]<\/p>\n<\/blockquote>\n<p><strong>OBRAS IMPRESSAS<\/strong><\/p>\n<blockquote>\n<p style=\"font-weight: 400;\"><em>Mem\u00f3rias da \u00faltima condessa de Atouguia: manuscrito autobiographico in\u00e9dito<\/em>, com um estudo preliminar do P. Val\u00e9rio A. Cordeiro, Pontevedra, Santa Teresa, 1916.<\/p>\n<\/blockquote>\n<h4><strong>Bibliografia:<\/strong><\/h4>\n<p style=\"font-weight: 400;\"><a href=\"https:\/\/www.degruyter.com\/document\/doi\/10.31819\/9783954872893-004\/html\">ANAST\u00c1CIO, Vanda \u201cEntre las rejas y sin profesar (Reflexiones sobre algunos aspectos de la cultura femenina en \u00e1mbito conventual)\u201d in.: Nieves Baranda Leturio e Carmen Mar\u00edn Pe\u00f1a (orgs.) <em>Letras en la celda. Cultura escrita de los conventos femeninos en la Espa\u00f1a moderna, <\/em>Madrid-Frankfurt, Iberoamericana Editorial Vervuert, 2014, pp. 89-98.<\/a><\/p>\n<p style=\"font-weight: 400;\">BIGELINI, Elen, &#8220;A mem\u00f3ria como contri\u00e7\u00e3o para a portuguesa Condessa de Atouguia (1722-?) e como justificativa para a brasileira Josefina de Neuville (1826-1889)&#8221; <em>O Fazer Hist\u00f3rico na Contemporaneidade,\u00a0<\/em>2019, pp. 301-316.<\/p>\n<p style=\"font-weight: 400;\">COSTA, Elisa Maria Lopes da, \u201cA JACOBEIA achegas para a hist\u00f3ria de um movimento de reforma espiritual no Portugal setecentista\u201d <em>Arquip\u00e9lago. Hist\u00f3ria, <\/em>2\u00aa s\u00e9rie, XIV-XV, 2010-2011, pp. 31-48.<\/p>\n<p style=\"font-weight: 400;\">CORDEIRO, P. Val\u00e9rio A., \u201cEstudo preliminar\u201d <em>Mem\u00f3rias da \u00faltima condessa de Atouguia: manuscrito autobiographico in\u00e9dito<\/em>, Pontevedra, Santa Teresa, 1916<\/p>\n<p style=\"font-weight: 400;\">GAYO, Felgueiras, <em>Nobili\u00e1rio das Fam\u00edlias Portuguesas,<\/em> 2\u00aa edi\u00e7\u00e3o, Braga, Carvalhos de Basto, 1989, volume 2, p. 336.<\/p>\n<p style=\"font-weight: 400;\"><a href=\"https:\/\/ler.letras.up.pt\/uploads\/ficheiros\/2973.pdf\">SANTOS, Zulmira \u201cEntre Malagrida e Pombal: as \u00abMem\u00f3rias\u00bb da \u00faltima Condessa de Atouguia\u201d<em> Pen\u00ednsula. Revista de Estudos Ib\u00e9ricos,<\/em>Porto, Faculdade de Letras da Universidade do Porto, n\u00ba 2, 2005, pp. 401-416.<\/a><\/p>\n<p><a href=\"https:\/\/repositorio-aberto.up.pt\/bitstream\/10216\/42964\/2\/zulmirasantos000114099.pdf\">SANTOS, Zulmira &#8220;Ora\u00e7\u00e3o e Devo\u00e7\u00e3o em modelos de comportamento femininos do s\u00e9culo XVIII em Portugal: das\u00a0<em>Mem\u00f3rias\u00a0<\/em>da Condessa de Atouguia ao\u00a0<em>Elogio\u00a0<\/em>de D. Ana Xavier&#8221;\u00a0<em>Ricerche di Storia\u00a0<\/em><i>social e religiosa,\u00a0<\/i>Anno XXXVII, n\u00ba 74, 2008, pp. 31-47.<\/a><\/p>\n<p style=\"font-weight: 400;\">SOUSA, Ant\u00f3nio Caetano de, <em>Hist\u00f3ria Geneal\u00f3gica da Casa Real Portuguesa, <\/em>Coimbra, Livraria Atl\u00e2ntida, 1951, volume V, p. 136.<\/p>\n<p style=\"font-weight: 400;\">SOUSA, D. Ant\u00f3nio Caetano de, <em>Hist\u00f3ria e Genealogia dos Grandes de Portugal, <\/em>1755, p.<\/p>\n<p style=\"font-weight: 400;\"><strong>OBSERVA\u00c7\u00d5ES<\/strong><\/p>\n<p style=\"font-weight: 400;\">A autobiografia de D. Mariana Raimunda Bernarda chegou \u00e0s m\u00e3os do editor de <em>Mem\u00f3rias <\/em>atrav\u00e9s da Reverenda Madre Virg\u00ednia Roque, que o havia recebido do Reverendo Joseph Degen. Havia um exemplar na posse dos Condes de Bertiandos. (<em>Apud <\/em>VALERIO)<\/p>\n<p style=\"font-weight: 400;\">\n","protected":false},"excerpt":{"rendered":"<p>NOME Mariana Bernarda Raimunda de T\u00e1vora e Ata\u00edde OUTROS NOME(S) 11\u00aa Condessa de Atouguia Elementos biogr\u00e1ficos PAI Francisco de Assis de T\u00e1vora, 3\u00ba conde de Alvor, 45\u00ba Vice-Rei da \u00cdndia (1703-1759) M\u00c3E Leonor de T\u00e1vora, 3\u00aa Marquesa de T\u00e1vora, (1700-1759) LOCAL DE NASCIMENTO Lisboa, M\u00e1rtires DATA DE NASCIMENTO 24 de Setembro de 1722 LOCAL DA &#8230; <a title=\"Mariana Bernarda Raimunda de T\u00e1vora e Ata\u00edde, 11\u00aa Condessa de Atouguia\" class=\"read-more\" href=\"https:\/\/escritoras-em-portugues.com\/en\/xviii\/mariana-bernarda-raimunda-de-tavora-e-ataide-11a-condessa-de-atouguia\/\" aria-label=\"Read more about Mariana Bernarda Raimunda de T\u00e1vora e Ata\u00edde, 11\u00aa Condessa de Atouguia\">Read more<\/a><\/p>","protected":false},"author":3,"featured_media":0,"parent":46,"menu_order":0,"comment_status":"closed","ping_status":"closed","template":"","meta":{"cybocfi_hide_featured_image":"","footnotes":""},"class_list":["post-1158","page","type-page","status-publish"],"_links":{"self":[{"href":"https:\/\/escritoras-em-portugues.com\/en\/wp-json\/wp\/v2\/pages\/1158","targetHints":{"allow":["GET"]}}],"collection":[{"href":"https:\/\/escritoras-em-portugues.com\/en\/wp-json\/wp\/v2\/pages"}],"about":[{"href":"https:\/\/escritoras-em-portugues.com\/en\/wp-json\/wp\/v2\/types\/page"}],"author":[{"embeddable":true,"href":"https:\/\/escritoras-em-portugues.com\/en\/wp-json\/wp\/v2\/users\/3"}],"replies":[{"embeddable":true,"href":"https:\/\/escritoras-em-portugues.com\/en\/wp-json\/wp\/v2\/comments?post=1158"}],"version-history":[{"count":7,"href":"https:\/\/escritoras-em-portugues.com\/en\/wp-json\/wp\/v2\/pages\/1158\/revisions"}],"predecessor-version":[{"id":1856,"href":"https:\/\/escritoras-em-portugues.com\/en\/wp-json\/wp\/v2\/pages\/1158\/revisions\/1856"}],"up":[{"embeddable":true,"href":"https:\/\/escritoras-em-portugues.com\/en\/wp-json\/wp\/v2\/pages\/46"}],"wp:attachment":[{"href":"https:\/\/escritoras-em-portugues.com\/en\/wp-json\/wp\/v2\/media?parent=1158"}],"curies":[{"name":"wp","href":"https:\/\/api.w.org\/{rel}","templated":true}]}}