{"id":1132,"date":"2023-11-14T23:30:04","date_gmt":"2023-11-14T23:30:04","guid":{"rendered":"https:\/\/escritoras-em-portugues.com\/?page_id=1132"},"modified":"2024-06-04T22:08:48","modified_gmt":"2024-06-04T22:08:48","slug":"leonor-tomasia-de-lorena-e-tavora","status":"publish","type":"page","link":"https:\/\/escritoras-em-portugues.com\/en\/xviii\/leonor-tomasia-de-lorena-e-tavora\/","title":{"rendered":"Leonor Tom\u00e1sia de Lorena e T\u00e1vora"},"content":{"rendered":"<p><strong>NAME <\/strong><span lang=\"PT\">Leonor Tom\u00e1sia de Lorena e T\u00e1vora<\/span><\/p>\n<p style=\"font-weight: 400;\"><strong>OUTROS NOME(S)<\/strong> 3\u00aa Marquesa de T\u00e1vora, Marquesa de T\u00e1vora \u201cVelha\u201d, 4\u00aa Condessa de Alvor<\/p>\n<h4><strong>Biographical Elements<\/strong><\/h4>\n<p style=\"font-weight: 400;\"><strong>FATHER<\/strong> Lu\u00eds Bernardo de T\u00e1vora, 2\u00ba Conde de S. Jo\u00e3o da Pesqueira, 4\u00ba Conde de Alvor<\/p>\n<p style=\"font-weight: 400;\"><strong>MOTHER <\/strong>\u00a0D. Ana de Lorena<\/p>\n<p style=\"font-weight: 400;\"><strong>BIRTHPLACE<\/strong> Lisboa, Santa Maria de Bel\u00e9m<\/p>\n<p style=\"font-weight: 400;\"><strong>DATE OF BIRTH<\/strong> 15 de Mar\u00e7o de 1700<\/p>\n<p style=\"font-weight: 400;\"><strong>PLACE OF DEATH<\/strong> Lisboa<\/p>\n<p style=\"font-weight: 400;\"><strong>LOCAIS ONDE VIVEU<\/strong> Lisboa, Goa<\/p>\n<p style=\"font-weight: 400;\"><strong>PROFISS\u00c3O \/CARGO \/ FUN\u00c7\u00c3O<\/strong> Vice Rainha da \u00cdndia<\/p>\n<p style=\"font-weight: 400;\"><strong>DATE OF DEATH<\/strong> 13 de\u00a0 Janeiro de 1759<\/p>\n<p style=\"font-weight: 400;\"><strong>MARITAL STATUS<\/strong> Married<\/p>\n<p style=\"font-weight: 400;\"><strong>SPOUSE<\/strong> Francisco de Assis Baltasar T\u00e1vora, 3\u00ba Conde de Alvor, 45\u00aa Vice-Rei da \u00cdndia<\/p>\n<p style=\"font-weight: 400;\"><strong>MARRIAGE PLACE AND DATE<\/strong> 21 de Fevereiro de 1718<\/p>\n<p style=\"font-weight: 400;\"><strong>N\u00daMERO DE FILHOS<\/strong> 12<\/p>\n<p style=\"font-weight: 400;\"><strong>CHILDREN<\/strong><\/p>\n<p style=\"font-weight: 400;\">Mariana Bernarda de T\u00e1vora * 24.09.1722 D. Jer\u00f3nimo de Ata\u00edde, 11\u00ba conde de Atouguia<\/p>\n<p style=\"font-weight: 400;\"><a href=\"http:\/\/www.geneall.net\/P\/per_page.php?id=52783\">Luis Bernardo de Tavora, 4\u00ba marqu\u00eas de Tavora<\/a> * 29.08.1723 Teresa de Tavora e Lorena<\/p>\n<p style=\"font-weight: 400;\"><a href=\"http:\/\/www.geneall.net\/P\/per_page.php?id=392572\">Joana Bernarda de Tavora e Lorena<\/a> * 17.07.1724<\/p>\n<p style=\"font-weight: 400;\"><a href=\"http:\/\/www.geneall.net\/P\/per_page.php?id=357824\">Bernardo Ant\u00f3nio de Tavora<\/a> * 26.05.1725<\/p>\n<p style=\"font-weight: 400;\"><a href=\"http:\/\/www.geneall.net\/P\/per_page.php?id=349263\">Margarida de Tavora<\/a> * 20.06.1726<\/p>\n<p style=\"font-weight: 400;\"><a href=\"http:\/\/www.geneall.net\/P\/per_page.php?id=359078\">Ana de Tavora<\/a> * 27.06.1727<\/p>\n<p style=\"font-weight: 400;\"><a href=\"http:\/\/www.geneall.net\/P\/per_page.php?id=349260\">Ant\u00f3nio de Tavora<\/a> * 05.08.1728<\/p>\n<p style=\"font-weight: 400;\"><a href=\"http:\/\/www.geneall.net\/P\/per_page.php?id=24600\">Leonor de Lorena e Tavora<\/a> * 14.12.1729 D. Jo\u00e3o de Almeida Portugal, 2\u00ba marqu\u00eas de Alorna<\/p>\n<p style=\"font-weight: 400;\"><a href=\"http:\/\/www.geneall.net\/P\/per_page.php?id=365541\">In\u00eas de Tavora<\/a> * 17.09.1731<\/p>\n<p style=\"font-weight: 400;\"><a href=\"http:\/\/www.geneall.net\/P\/per_page.php?id=350495\">Nuno de Tavora<\/a> * 03.09.1732<\/p>\n<p style=\"font-weight: 400;\"><a href=\"http:\/\/www.geneall.net\/P\/per_page.php?id=374903\">Raimunda de Tavora<\/a> * 10.08.1733<\/p>\n<p style=\"font-weight: 400;\"><a href=\"http:\/\/www.geneall.net\/P\/per_page.php?id=348614\">Jos\u00e9 Maria de Tav<\/a><a href=\"http:\/\/www.geneall.net\/P\/per_page.php?id=348614\">ora<\/a> * 09.09.1736 nc ss<\/p>\n<p><strong style=\"font-family: inherit; font-size: 24px; font-style: inherit;\">WORKS<\/strong><\/p>\n<p><strong>WORKS <\/strong><strong>MANUSCRITAS<\/strong><\/p>\n<blockquote>\n<p style=\"font-weight: 400;\"><em>\u00a0<\/em><em>Carta que a Exma Sra Marquesa de T\u00e1vora escreveu para seus filhos, estando na \u00cdndia <\/em>(Arquivo da Torre do Tombo, Ms Livraria 2226; Biblioteca P\u00fablica de \u00c9vora CV 1-7)<\/p>\n<p style=\"font-weight: 400;\"><em>\u00a0<\/em><em>Not\u00edcia que a Marquesa de T\u00e1vora Vice-Rainha do Estado da India d\u00e1 de um milagre que fez a um Navio Nossa Senhora Madre de Deus <\/em>(Arquivo do Pal\u00e1cio Fronteira)<em>\u00a0<\/em><\/p>\n<\/blockquote>\n<h4><strong>Bibliography<\/strong><\/h4>\n<p style=\"font-weight: 400;\"><a href=\"http:\/\/www.geneall.net\/P\/per_page.php?id=13872\">http:\/\/www.geneall.net\/P\/per_page.php?id=13872<\/a><\/p>\n<p style=\"font-weight: 400;\">ANAST\u00c1CIO, Vanda, <em>Uma Antologia Improv\u00e1vel? A escrita das mulheres (1495-1830), <\/em>com a colabora\u00e7\u00e3o In\u00eas de Ornellas e Castro, Jos\u00e9 F\u00e9lix Duque, de Pedro Sena Lino, Isabel Moruj\u00e3o e Hugo Neto, Lisboa, Rel\u00f3gio de \u00c1gua, 2013, pp. 457-472.<\/p>\n<p style=\"font-weight: 400;\">BRANCO, Camilo Castelo \u00abCarta da Marqueza de T\u00e1vora\u00bb, <em>Narc\u00f3ticos<\/em>, Porto, Companhia Portugueza Editora, 1920<\/p>\n<p style=\"font-weight: 400;\">FREIRE, Anselmo Braancamp, <em>Os Bras\u00f5es da Sala de Sintra, <\/em>3 Vols, 3\u00aa Edi\u00e7\u00e3o, Imprensa Nacional-Casa da Moeda, 1996, volume III, pp. 107-116.<\/p>\n<p style=\"font-weight: 400;\"><em>\u00a0<\/em>GAYO, Felgueiras, <em>Nobili\u00e1rio das Fam\u00edlias Portuguesas,<\/em> 2\u00aa edi\u00e7\u00e3o, Braga, Carvalhos de Basto, 1989, volume VII, p. 270<\/p>\n<p style=\"font-weight: 400;\">SOUSA, Ant\u00f3nio Caetano de, <em>Hist\u00f3ria Geneal\u00f3gica da Casa Real Portuguesa, <\/em>Coimbra, Livraria Atl\u00e2ntida, 1951, volume V, p. 136<\/p>\n<p style=\"font-weight: 400;\">","protected":false},"excerpt":{"rendered":"<p>NOME Leonor Tom\u00e1sia de Lorena e T\u00e1vora OUTROS NOME(S) 3\u00aa Marquesa de T\u00e1vora, Marquesa de T\u00e1vora \u201cVelha\u201d, 4\u00aa Condessa de Alvor Elementos biogr\u00e1ficos PAI Lu\u00eds Bernardo de T\u00e1vora, 2\u00ba Conde de S. Jo\u00e3o da Pesqueira, 4\u00ba Conde de Alvor M\u00c3E \u00a0D. Ana de Lorena LOCAL DE NASCIMENTO Lisboa, Santa Maria de Bel\u00e9m DATA DE NASCIMENTO &#8230; <a title=\"Leonor Tom\u00e1sia de Lorena e T\u00e1vora\" class=\"read-more\" href=\"https:\/\/escritoras-em-portugues.com\/en\/xviii\/leonor-tomasia-de-lorena-e-tavora\/\" aria-label=\"Read more about Leonor Tom\u00e1sia de Lorena e T\u00e1vora\">Read more<\/a><\/p>","protected":false},"author":3,"featured_media":0,"parent":46,"menu_order":0,"comment_status":"closed","ping_status":"closed","template":"","meta":{"cybocfi_hide_featured_image":"","footnotes":""},"class_list":["post-1132","page","type-page","status-publish"],"_links":{"self":[{"href":"https:\/\/escritoras-em-portugues.com\/en\/wp-json\/wp\/v2\/pages\/1132","targetHints":{"allow":["GET"]}}],"collection":[{"href":"https:\/\/escritoras-em-portugues.com\/en\/wp-json\/wp\/v2\/pages"}],"about":[{"href":"https:\/\/escritoras-em-portugues.com\/en\/wp-json\/wp\/v2\/types\/page"}],"author":[{"embeddable":true,"href":"https:\/\/escritoras-em-portugues.com\/en\/wp-json\/wp\/v2\/users\/3"}],"replies":[{"embeddable":true,"href":"https:\/\/escritoras-em-portugues.com\/en\/wp-json\/wp\/v2\/comments?post=1132"}],"version-history":[{"count":5,"href":"https:\/\/escritoras-em-portugues.com\/en\/wp-json\/wp\/v2\/pages\/1132\/revisions"}],"predecessor-version":[{"id":1851,"href":"https:\/\/escritoras-em-portugues.com\/en\/wp-json\/wp\/v2\/pages\/1132\/revisions\/1851"}],"up":[{"embeddable":true,"href":"https:\/\/escritoras-em-portugues.com\/en\/wp-json\/wp\/v2\/pages\/46"}],"wp:attachment":[{"href":"https:\/\/escritoras-em-portugues.com\/en\/wp-json\/wp\/v2\/media?parent=1132"}],"curies":[{"name":"wp","href":"https:\/\/api.w.org\/{rel}","templated":true}]}}