{"id":1115,"date":"2023-11-13T12:48:18","date_gmt":"2023-11-13T12:48:18","guid":{"rendered":"https:\/\/escritoras-em-portugues.com\/?page_id=1115"},"modified":"2024-06-04T22:09:01","modified_gmt":"2024-06-04T22:09:01","slug":"maria-benta-do-ceu-soror","status":"publish","type":"page","link":"https:\/\/escritoras-em-portugues.com\/en\/xviii\/maria-benta-do-ceu-soror\/","title":{"rendered":"Maria Benta do C\u00e9u, Soror"},"content":{"rendered":"<p><strong>NAME <\/strong><span lang=\"PT\">Maria Benta do C\u00e9u, Soror<\/span><\/p>\n<h4><strong>Biographical Elements<\/strong><\/h4>\n<div><b>MARITAL STATUS\u00a0<\/b><span lang=\"PT\">Freira<\/span><\/div>\n<div><\/div>\n<div><b> PLACE OF RELIGIOUS PROFESSION\u00a0<\/b><span lang=\"PT\">Convento de Nossa Senhora da Concei\u00e7\u00e3o de Braga<\/span><\/div>\n<div><\/div>\n<div><b>CONVENT <\/b><span lang=\"PT\">Convento de Nossa Senhora da Concei\u00e7\u00e3o de Braga<\/span><\/div>\n<div><\/div>\n<div><b>RELIGIOUS ORDER <\/b><span lang=\"PT\">Concei\u00e7\u00e3o<\/span><\/div>\n<div><\/div>\n<div><\/div>\n<h4><strong>WORKS<\/strong><\/h4>\n<p><strong>PRINTED WORKS<\/strong><\/p>\n<blockquote>\n<p style=\"font-weight: 400;\"><em>Jardim do C\u00e9o plantado no Convento de Nossa Senhora da Concei\u00e7\u00e3o da Cidade de Braga em que se trata das memorias da Funda\u00e7\u00e3o deste primeiro Convento do Reyno dedicado \u00e1 Concei\u00e7\u00e3o pur\u00edssima de Nossa Senhora e se exp\u00f5em a vida da vener\u00e1vel D. Beatriz da Sylva fundadora desta Ordem Jardim do C\u00e9o plantado no Convento de Nossa Senhra da Concei\u00e7\u00e3o da Cidade de Braga em que se trata das memorias as de outras Religiosas illustres em santidade, que no referido Convento florescer\u00e3o desde o anno 1629at\u00e9 o de 1764, <\/em>Lisboa, na officina de Manoel Coelho Amado, 1766<\/p>\n<p style=\"font-weight: 400;\">CE\u0301U, Soror Maria Benta do. \u201cPro\u0301logo a\u0300 soberana, e sempre imaculada Virgem Maria\u201d. In: ANASTA\u0301CIO, Vanda (Org.). <em>Uma Antologia Improva\u0301vel. A escrita das Mulheres (se\u0301culos XVI a XVIII)<\/em><em>,<\/em> Lisboa, Relo\u0301gio D\u2019A\u0301gua, 2013, p. 312-313.<\/p>\n<\/blockquote>\n<pre><\/pre>\n<h4><strong>Bibliography<\/strong><\/h4>\n<p style=\"font-weight: 400;\"><a href=\"http:\/\/repositorium.sdum.uminho.pt\/bitstream\/1822\/60526\/1\/Rosas%20na%20caridade%20e%20l%C3%ADrios%20na%20mortifica\u00e7\u00e3o.pdf\">ARA\u00daJO, Maria Marta Lobo de,<strong> \u201c<\/strong>Rosas na caridade e l\u00edrios na mortifica\u00e7\u00e3o: o Jardim da madre Maria Benta do C\u00e9u e a ac\u00e7\u00e3o assistencial das freiras do convento de Nossa Senhora da Concei\u00e7\u00e3o de Braga, na Idade Moderna\u201d<em>, <\/em>Eliane Cristina Deckmann FLECK e Mauro DILLMANN (orgs.) <em>O Universo Letrado na Idade Moderna, Escritoras e Escritores Portugueses e Luso-Brasileiros, s\u00e9culos XVI-XIX, <\/em>S\u00e3o Leopoldo, Oikos, Editora Unisinos &#8211; UFMG, 2019, pp. 200-227.<\/a><\/p>\n<p style=\"font-weight: 400;\">AVELINO, Carla \u201cCr\u00f3nicas conventuais de <em>funda\u00e7\u00e3o<\/em>: Especificidades e Modelos\u201d <em>E-Revista de Estudos Interculturais do CEI-ISCAP, <\/em>n\u00ba 8, Maio de 2020, pp. 1-16.<\/p>\n<p style=\"font-weight: 400;\">MORUJ\u00c3O, Isabel, <em>Literatura Mon\u00e1stica Feminina Portuguesa dos S\u00e9culos XVII e XVIII<\/em>, Lisboa, Centro de Estudos de Hist\u00f3ria Religiosa, Universidade Cat\u00f3lica Portuguesa, 1995, p. 66.<\/p>\n<p style=\"font-weight: 400;\"><a href=\"https:\/\/ler.letras.up.pt\/uploads\/ficheiros\/8297.pdf\">MORUJ\u00c3O, Isabel \u201cMorrer ao p\u00e9 da letra: relatos de morte na clausura feminina portuguesa\u201d <em>Via Spiritus, <\/em>15 Porto, FLUP, 2008, pp. 163-194.<\/a><\/p>","protected":false},"excerpt":{"rendered":"<p>NOME Maria Benta do C\u00e9u, Soror Elementos biogr\u00e1ficos ESTADO\u00a0Freira LOCAL DA PROFISS\u00c3O RELIGIOSA\u00a0Convento de Nossa Senhora da Concei\u00e7\u00e3o de Braga CONVENTO Convento de Nossa Senhora da Concei\u00e7\u00e3o de Braga ORDEM RELIGIOSA A QUE PERTENCEU Concei\u00e7\u00e3o Obra OBRAS IMPRESSAS Jardim do C\u00e9o plantado no Convento de Nossa Senhora da Concei\u00e7\u00e3o da Cidade de Braga em que &#8230; <a title=\"Maria Benta do C\u00e9u, Soror\" class=\"read-more\" href=\"https:\/\/escritoras-em-portugues.com\/en\/xviii\/maria-benta-do-ceu-soror\/\" aria-label=\"Read more about Maria Benta do C\u00e9u, Soror\">Read more<\/a><\/p>","protected":false},"author":3,"featured_media":0,"parent":46,"menu_order":0,"comment_status":"closed","ping_status":"closed","template":"","meta":{"cybocfi_hide_featured_image":"","footnotes":""},"class_list":["post-1115","page","type-page","status-publish"],"_links":{"self":[{"href":"https:\/\/escritoras-em-portugues.com\/en\/wp-json\/wp\/v2\/pages\/1115","targetHints":{"allow":["GET"]}}],"collection":[{"href":"https:\/\/escritoras-em-portugues.com\/en\/wp-json\/wp\/v2\/pages"}],"about":[{"href":"https:\/\/escritoras-em-portugues.com\/en\/wp-json\/wp\/v2\/types\/page"}],"author":[{"embeddable":true,"href":"https:\/\/escritoras-em-portugues.com\/en\/wp-json\/wp\/v2\/users\/3"}],"replies":[{"embeddable":true,"href":"https:\/\/escritoras-em-portugues.com\/en\/wp-json\/wp\/v2\/comments?post=1115"}],"version-history":[{"count":2,"href":"https:\/\/escritoras-em-portugues.com\/en\/wp-json\/wp\/v2\/pages\/1115\/revisions"}],"predecessor-version":[{"id":1852,"href":"https:\/\/escritoras-em-portugues.com\/en\/wp-json\/wp\/v2\/pages\/1115\/revisions\/1852"}],"up":[{"embeddable":true,"href":"https:\/\/escritoras-em-portugues.com\/en\/wp-json\/wp\/v2\/pages\/46"}],"wp:attachment":[{"href":"https:\/\/escritoras-em-portugues.com\/en\/wp-json\/wp\/v2\/media?parent=1115"}],"curies":[{"name":"wp","href":"https:\/\/api.w.org\/{rel}","templated":true}]}}