{"id":1074,"date":"2023-11-13T00:06:42","date_gmt":"2023-11-13T00:06:42","guid":{"rendered":"https:\/\/escritoras-em-portugues.com\/?page_id=1074"},"modified":"2024-06-04T22:00:59","modified_gmt":"2024-06-04T22:00:59","slug":"maria-madalena","status":"publish","type":"page","link":"https:\/\/escritoras-em-portugues.com\/en\/xvii\/maria-madalena\/","title":{"rendered":"Maria Madalena, Soror"},"content":{"rendered":"<p><strong>NAME <\/strong><span lang=\"PT\">Maria Madalena, Soror<\/span><\/p>\n<p><strong>NOME OUTRA(S) FORMA(S) <\/strong>Maria Magdalena, Soror<\/p>\n<h4><strong>Biographical Elements<\/strong><\/h4>\n<p><strong>DATE OF BIRTH<\/strong>\u00a0 S\u00e9culo XVII (?)<\/p>\n<p><strong>DATE OF DEATH<\/strong>\u00a0 XVII century<\/p>\n<h4><strong>WORKS<\/strong><\/h4>\n<p><strong>PRINTED WORKS<\/strong><\/p>\n<div>\n<blockquote><p>MAGDALENA, Maria. <i>Historia da vida, prerogativas, e louvores do Glorioso S. Ioa\u0303o Evangelista<\/i>. Lisboa: Antonio Alvarez, 1628.<\/p><\/blockquote>\n<\/div>\n<h4><strong>Bibliography<\/strong><\/h4>\n<p>MORUJ\u00c3O, Isabel, <a name=\"OLE_LINK281\"><\/a><i><span lang=\"PT\">Contributo para uma Bibliografia cronol\u00f3gica da Literatura Mon\u00e1stica Feminina Portuguesa dos s\u00e9culos XVII e XVIII (impressos), <\/span><\/i><span lang=\"PT\">Lisboa, Centro de Estudos de Hist\u00f3ria Religiosa, Universidade Cat\u00f3lica Portuguesa, 1995, p. 9.<\/span><\/p>\n<div><a name=\"OLE_LINK280\"><\/a><\/div>\n<p style=\"font-weight: 400;\">PACHECO, Moreno Laborda, <em>A M\u00e1goa do Esquecimento. Escrita e Mem\u00f3ria Conventual no Portugal do S\u00e9culo XVII<\/em>, Salvador-Lisboa, EDUFBA-CHAM, 2020, pp. 40-42.<\/p>","protected":false},"excerpt":{"rendered":"<p>NOME Maria Madalena, Soror NOME OUTRA(S) FORMA(S) Maria Magdalena, Soror Elementos biogr\u00e1ficos DATA DE NASCIMENTO\u00a0 S\u00e9culo XVII (?) DATA DA MORTE\u00a0 S\u00e9culo XVII Obra OBRAS IMPRESSAS MAGDALENA, Maria. Historia da vida, prerogativas, e louvores do Glorioso S. Ioa\u0303o Evangelista. Lisboa: Antonio Alvarez, 1628. Bibliografia: MORUJ\u00c3O, Isabel, Contributo para uma Bibliografia cronol\u00f3gica da Literatura Mon\u00e1stica Feminina &#8230; <a title=\"Maria Madalena, Soror\" class=\"read-more\" href=\"https:\/\/escritoras-em-portugues.com\/en\/xvii\/maria-madalena\/\" aria-label=\"Read more about Maria Madalena, Soror\">Read more<\/a><\/p>","protected":false},"author":3,"featured_media":0,"parent":47,"menu_order":0,"comment_status":"closed","ping_status":"closed","template":"","meta":{"cybocfi_hide_featured_image":"","footnotes":""},"class_list":["post-1074","page","type-page","status-publish"],"_links":{"self":[{"href":"https:\/\/escritoras-em-portugues.com\/en\/wp-json\/wp\/v2\/pages\/1074","targetHints":{"allow":["GET"]}}],"collection":[{"href":"https:\/\/escritoras-em-portugues.com\/en\/wp-json\/wp\/v2\/pages"}],"about":[{"href":"https:\/\/escritoras-em-portugues.com\/en\/wp-json\/wp\/v2\/types\/page"}],"author":[{"embeddable":true,"href":"https:\/\/escritoras-em-portugues.com\/en\/wp-json\/wp\/v2\/users\/3"}],"replies":[{"embeddable":true,"href":"https:\/\/escritoras-em-portugues.com\/en\/wp-json\/wp\/v2\/comments?post=1074"}],"version-history":[{"count":5,"href":"https:\/\/escritoras-em-portugues.com\/en\/wp-json\/wp\/v2\/pages\/1074\/revisions"}],"predecessor-version":[{"id":1827,"href":"https:\/\/escritoras-em-portugues.com\/en\/wp-json\/wp\/v2\/pages\/1074\/revisions\/1827"}],"up":[{"embeddable":true,"href":"https:\/\/escritoras-em-portugues.com\/en\/wp-json\/wp\/v2\/pages\/47"}],"wp:attachment":[{"href":"https:\/\/escritoras-em-portugues.com\/en\/wp-json\/wp\/v2\/media?parent=1074"}],"curies":[{"name":"wp","href":"https:\/\/api.w.org\/{rel}","templated":true}]}}