{"id":1060,"date":"2023-11-12T23:14:55","date_gmt":"2023-11-12T23:14:55","guid":{"rendered":"https:\/\/escritoras-em-portugues.com\/?page_id=1060"},"modified":"2024-06-04T21:51:46","modified_gmt":"2024-06-04T21:51:46","slug":"maria-do-espirito-santo-soror","status":"publish","type":"page","link":"https:\/\/escritoras-em-portugues.com\/en\/xvii\/maria-do-espirito-santo-soror\/","title":{"rendered":"Maria do Esp\u00edrito Santo, Soror"},"content":{"rendered":"<p><strong>NOME <\/strong><span lang=\"PT\">Maria <\/span><span lang=\"PT\">do Esp\u00edrito Santo, Soror<\/span><\/p>\n<h4><strong>Elementos biogr\u00e1ficos<\/strong><\/h4>\n<p><strong>DATA DE NASCIMENTO<\/strong>\u00a0 S\u00e9culo XVII<\/p>\n<p><strong>DATA DA MORTE<\/strong>\u00a0 S\u00e9culo XVII<\/p>\n<div><b>ESTADO\u00a0<\/b><span lang=\"PT\">Freira<\/span><\/div>\n<div><\/div>\n<div><b>LOCAL DA PROFISS\u00c3O RELIGIOSA\u00a0<\/b><\/div>\n<div><span lang=\"PT\">Convento de Santa Clara, Vila da Praia, Ilha Terceira, A\u00e7ores<\/span><\/div>\n<div><\/div>\n<div><b>CONVENTO <\/b><span lang=\"PT\">Convento de Santa Clara, Vila da Praia, Ilha Terceira, A\u00e7ores<\/span><\/div>\n<div><\/div>\n<div><b>ORDEM RELIGIOSA A QUE PERTENCEU <\/b><span lang=\"PT\">Santa Clara<\/span><\/div>\n<div><\/div>\n<div><\/div>\n<h4><strong>Obra<\/strong><\/h4>\n<p><strong>OBRAS MANUSCRITAS<\/strong><\/p>\n<blockquote>\n<p style=\"font-weight: 400;\"><em>Vida da Vener\u00e1vel Madre Isabel de S. Francisco Religiosa do Convento da Villa da Praya <\/em>(Assinada a 11 de Agosto de 1660 <em>apud <\/em>MACHADO)<\/p>\n<\/blockquote>\n<p>&nbsp;<\/p>\n<h4><strong>Bibliografia:<\/strong><\/h4>\n<p style=\"font-weight: 400;\"><a href=\"http:\/\/purl.pt\/12169\/3\/\">CARDOSO, D. Jorge, <em>Agiologio Lusitano dos Santos e var\u00f5es illustres em virtude do Reino de Portugal e suas conquistas<\/em>, Lisboa, Officina Craesbeeckiana, 1652 [Ed. Fac-similada: Maria de Lurdes Correia Fernandes, Porto, Faculdade de Letras do Porto, 2002], Tomo III, 9 de Junho, Letra H, p. 614.<\/a><\/p>\n<p style=\"font-weight: 400;\">MACHADO, Diogo Barbosa, <em>Bibliotheca Luzitana: hist\u00f3rica, cr\u00edtica e cronol\u00f3gica, <\/em>Lisboa Occidental, na Officina de Antonio Isidoro da Fonseca, 1741-1759, Tomo III, p. 431.<\/p>\n<p style=\"font-weight: 400;\">\n","protected":false},"excerpt":{"rendered":"<p>NOME Maria do Esp\u00edrito Santo, Soror Elementos biogr\u00e1ficos DATA DE NASCIMENTO\u00a0 S\u00e9culo XVII DATA DA MORTE\u00a0 S\u00e9culo XVII ESTADO\u00a0Freira LOCAL DA PROFISS\u00c3O RELIGIOSA\u00a0 Convento de Santa Clara, Vila da Praia, Ilha Terceira, A\u00e7ores CONVENTO Convento de Santa Clara, Vila da Praia, Ilha Terceira, A\u00e7ores ORDEM RELIGIOSA A QUE PERTENCEU Santa Clara Obra OBRAS MANUSCRITAS Vida &#8230; <a title=\"Maria do Esp\u00edrito Santo, Soror\" class=\"read-more\" href=\"https:\/\/escritoras-em-portugues.com\/en\/xvii\/maria-do-espirito-santo-soror\/\" aria-label=\"Read more about Maria do Esp\u00edrito Santo, Soror\">Read more<\/a><\/p>","protected":false},"author":3,"featured_media":0,"parent":47,"menu_order":0,"comment_status":"closed","ping_status":"closed","template":"","meta":{"cybocfi_hide_featured_image":"","footnotes":""},"class_list":["post-1060","page","type-page","status-publish"],"_links":{"self":[{"href":"https:\/\/escritoras-em-portugues.com\/en\/wp-json\/wp\/v2\/pages\/1060","targetHints":{"allow":["GET"]}}],"collection":[{"href":"https:\/\/escritoras-em-portugues.com\/en\/wp-json\/wp\/v2\/pages"}],"about":[{"href":"https:\/\/escritoras-em-portugues.com\/en\/wp-json\/wp\/v2\/types\/page"}],"author":[{"embeddable":true,"href":"https:\/\/escritoras-em-portugues.com\/en\/wp-json\/wp\/v2\/users\/3"}],"replies":[{"embeddable":true,"href":"https:\/\/escritoras-em-portugues.com\/en\/wp-json\/wp\/v2\/comments?post=1060"}],"version-history":[{"count":3,"href":"https:\/\/escritoras-em-portugues.com\/en\/wp-json\/wp\/v2\/pages\/1060\/revisions"}],"predecessor-version":[{"id":1800,"href":"https:\/\/escritoras-em-portugues.com\/en\/wp-json\/wp\/v2\/pages\/1060\/revisions\/1800"}],"up":[{"embeddable":true,"href":"https:\/\/escritoras-em-portugues.com\/en\/wp-json\/wp\/v2\/pages\/47"}],"wp:attachment":[{"href":"https:\/\/escritoras-em-portugues.com\/en\/wp-json\/wp\/v2\/media?parent=1060"}],"curies":[{"name":"wp","href":"https:\/\/api.w.org\/{rel}","templated":true}]}}