{"id":1045,"date":"2023-11-12T22:40:50","date_gmt":"2023-11-12T22:40:50","guid":{"rendered":"https:\/\/escritoras-em-portugues.com\/?page_id=1045"},"modified":"2024-06-04T21:51:30","modified_gmt":"2024-06-04T21:51:30","slug":"maria-de-guadalupe-lencastre-e-cardenas","status":"publish","type":"page","link":"https:\/\/escritoras-em-portugues.com\/en\/xvii\/maria-de-guadalupe-lencastre-e-cardenas\/","title":{"rendered":"Maria de Guadalupe Lencastre e Cardenas"},"content":{"rendered":"<p><b>NAME <\/b>Maria de Guadalupe Lencastre e Cardenas<\/p>\n<div><b>OUTROS NOME(S) <\/b><span style=\"font-size: inherit;\">Maria de Guadalupe Lancastro e Cardenas, 6.\u00aa Duquesa de Aveiro<\/span><\/div>\n<div><\/div>\n<div><\/div>\n<h4><strong>Biographical Elements<\/strong><\/h4>\n<div><b>FATHER <\/b><span lang=\"PT\">D. Jorge de Lencastre, 2\u00ba Duque de Aveiro, 1\u00ba Marqu\u00eas de Torres Novas<\/span><\/div>\n<div><\/div>\n<div><b>MOTHER <\/b><span lang=\"PT\">D. Ana Maria Manrique de Cardenas, filha do 3\u00ba Duque de Maqueda<\/span><\/div>\n<div><\/div>\n<div><b>BIRTHPLACE <\/b><span lang=\"PT\">Azeit\u00e3o<\/span><\/div>\n<div><\/div>\n<div><b>DATE OF BIRTH <\/b><span lang=\"PT\">1630<\/span><\/div>\n<div><\/div>\n<div><b>PLACE OF DEATH <\/b><span lang=\"PT\">Maqueda 1715<\/span><\/div>\n<div><\/div>\n<div><b>COUNTRY OF BIRTH <\/b><span lang=\"PT\">Monarquia Dual<\/span><\/div>\n<div><\/div>\n<div><b>PROFESSION \/ POSITION \/ FUNCTION <\/b><span lang=\"PT\">Duquesa de Aveiro<\/span><\/div>\n<div><\/div>\n<div><b>DATE OF DEATH <\/b><span lang=\"PT\">9 de Fevereiro de 1715<\/span><\/div>\n<div><\/div>\n<div>\n<p style=\"font-weight: 400;\"><strong>MARITAL STATUS <\/strong>Married<\/p>\n<p style=\"font-weight: 400;\"><strong>SPOUSE<\/strong>\u00a0D. Manuel Ponce de Le\u00f3n, 6\u00ba Duque dos Arcos, Conde de Baylon y de Cesares, Marqu\u00eas de Zara e de Elche, Alcaide Mor de Sevilha<\/p>\n<p><strong>NUMBER OF CHILDREN<\/strong>\u00a02<\/p>\n<p style=\"font-weight: 400;\"><strong>CHILDREN\u00a0<\/strong><\/p>\n<p>Joaquim de Guadalupe Lancastro y Cardenas Ponce de Le\u00f3n (22 Julho de 1666-18 Dez. 1728)<\/p>\n<p>Gabriel Ponce de Leon de Lencastre (1667\u20131745)<\/p>\n<p><span style=\"font-weight: 400;\">D. Isabel Ponce de Leon y Lencastre<\/span><\/p>\n<\/div>\n<div><span style=\"font-weight: 400;\"><strong>LANGUAGES<\/strong>\u00a0<\/span><span style=\"font-weight: 400;\">Grego, Latim, Italiano, Castelhano, Franc\u00eas, Portugu\u00eas<\/span><span style=\"font-weight: 400;\"><br \/>\n<\/span><\/div>\n<div><\/div>\n<div><\/div>\n<h4><strong>WORKS<\/strong><\/h4>\n<p><strong>HANDWRITTEN WORKS<\/strong><\/p>\n<blockquote>\n<p style=\"font-weight: 400;\"><em>Exerc\u00edcio Devoto<\/em><\/p>\n<p style=\"font-weight: 400;\"><em>\u00a0<\/em><em>Fide Deo, disside tibi, fac pr\u00f3pria castas funde preces, etc.<\/em><\/p>\n<p style=\"font-weight: 400;\"><em>\u00a0<\/em><em>Amo et amare voto Mariam Dominam meam tia anima, tota mente, etc. <\/em>(1624)<\/p>\n<p style=\"font-weight: 400;\">correspond\u00eancia com o Padre Verbiest mission\u00e1rio jesu\u00edta na China (1685-1686)<\/p>\n<\/blockquote>\n<h4><strong>Bibliography<\/strong><\/h4>\n<p style=\"font-weight: 400;\">MACHADO, Diogo Barbosa, <em>Bibliotheca Luzitana: hist\u00f3rica, cr\u00edtica e cronol\u00f3gica, <\/em>Lisboa Occidental, na Officina de Antonio Isidoro da Fonseca, 1741-1759, volume III, pp. 423-424.<\/p>\n<p style=\"font-weight: 400;\">","protected":false},"excerpt":{"rendered":"<p>NOME Maria de Guadalupe Lencastre e Cardenas OUTROS NOME(S) Maria de Guadalupe Lancastro e Cardenas, 6.\u00aa Duquesa de Aveiro Elementos biogr\u00e1ficos PAI D. Jorge de Lencastre, 2\u00ba Duque de Aveiro, 1\u00ba Marqu\u00eas de Torres Novas M\u00c3E D. Ana Maria Manrique de Cardenas, filha do 3\u00ba Duque de Maqueda LOCAL DE NASCIMENTO Azeit\u00e3o DATA DE NASCIMENTO &#8230; <a title=\"Maria de Guadalupe Lencastre e Cardenas\" class=\"read-more\" href=\"https:\/\/escritoras-em-portugues.com\/en\/xvii\/maria-de-guadalupe-lencastre-e-cardenas\/\" aria-label=\"Read more about Maria de Guadalupe Lencastre e Cardenas\">Read more<\/a><\/p>","protected":false},"author":3,"featured_media":0,"parent":47,"menu_order":0,"comment_status":"closed","ping_status":"closed","template":"","meta":{"cybocfi_hide_featured_image":"","footnotes":""},"class_list":["post-1045","page","type-page","status-publish"],"_links":{"self":[{"href":"https:\/\/escritoras-em-portugues.com\/en\/wp-json\/wp\/v2\/pages\/1045","targetHints":{"allow":["GET"]}}],"collection":[{"href":"https:\/\/escritoras-em-portugues.com\/en\/wp-json\/wp\/v2\/pages"}],"about":[{"href":"https:\/\/escritoras-em-portugues.com\/en\/wp-json\/wp\/v2\/types\/page"}],"author":[{"embeddable":true,"href":"https:\/\/escritoras-em-portugues.com\/en\/wp-json\/wp\/v2\/users\/3"}],"replies":[{"embeddable":true,"href":"https:\/\/escritoras-em-portugues.com\/en\/wp-json\/wp\/v2\/comments?post=1045"}],"version-history":[{"count":7,"href":"https:\/\/escritoras-em-portugues.com\/en\/wp-json\/wp\/v2\/pages\/1045\/revisions"}],"predecessor-version":[{"id":1798,"href":"https:\/\/escritoras-em-portugues.com\/en\/wp-json\/wp\/v2\/pages\/1045\/revisions\/1798"}],"up":[{"embeddable":true,"href":"https:\/\/escritoras-em-portugues.com\/en\/wp-json\/wp\/v2\/pages\/47"}],"wp:attachment":[{"href":"https:\/\/escritoras-em-portugues.com\/en\/wp-json\/wp\/v2\/media?parent=1045"}],"curies":[{"name":"wp","href":"https:\/\/api.w.org\/{rel}","templated":true}]}}