{"id":1006,"date":"2023-11-08T06:20:32","date_gmt":"2023-11-08T06:20:32","guid":{"rendered":"https:\/\/escritoras-em-portugues.com\/?page_id=1006"},"modified":"2024-06-04T21:52:12","modified_gmt":"2024-06-04T21:52:12","slug":"maria-da-ressurreicao-soror","status":"publish","type":"page","link":"https:\/\/escritoras-em-portugues.com\/en\/xvii\/maria-da-ressurreicao-soror\/","title":{"rendered":"Maria da Ressurrei\u00e7\u00e3o, Soror"},"content":{"rendered":"<p><strong>NAME <\/strong><span lang=\"PT\">Maria da Ressurrei\u00e7\u00e3o, Soror<\/span><\/p>\n<h4><strong>Biographical Elements<\/strong><\/h4>\n<div><b>FATHER <\/b><span lang=\"PT\">Manoel Pereira<\/span><\/div>\n<div><\/div>\n<div><b>MOTHER <\/b><span lang=\"PT\">Filipa Lopes<\/span><\/div>\n<div><\/div>\n<div><b>BIRTHPLACE <\/b><span lang=\"PT\">Goa<\/span><\/div>\n<div><\/div>\n<div><b>PROFESSION \/ POSITION \/ FUNCTION <\/b><span lang=\"PT\">Prioresa (duas vezes)<\/span><\/div>\n<div><\/div>\n<div><b>DATE OF DEATH <\/b><span lang=\"PT\">9 Dezembro 1658<\/span><\/div>\n<div><\/div>\n<div><b>MARITAL STATUS\u00a0<\/b><span lang=\"PT\">Freira<\/span><\/div>\n<div><\/div>\n<div><b>PLACE OF RELIGIOUS PROFESSION <\/b><span lang=\"PT\">Convento de Santa M\u00f3nica de Goa<\/span><\/div>\n<div><\/div>\n<div><b>CONVENT <\/b><span lang=\"PT\">Santa M\u00f3nica, Goa<\/span><\/div>\n<div><\/div>\n<div><b>RELIGIOUS ORDER <\/b><span lang=\"PT\">Santo Agostinho<\/span><\/div>\n<div><\/div>\n<h4><strong>WORKS<\/strong><\/h4>\n<p style=\"font-weight: 400;\"><strong>HANDWRITTEN WORKS<\/strong><\/p>\n<blockquote>\n<p style=\"font-weight: 400;\"><em>Mem\u00f3rias da sua vida<\/em><\/p>\n<\/blockquote>\n<h4><strong>Bibliography<\/strong><\/h4>\n<p style=\"font-weight: 400;\">MACHADO, Diogo Barbosa,<span lang=\"PT\">, <i>Bibliotheca Luzitana: hist\u00f3rica, cr\u00edtica e cronol\u00f3gica, <\/i>Lisboa Occidental, na Officina de Antonio Isidoro da Fonseca, 1741-1759, <\/span>Tomo III, p. 430.<\/p>\n<p style=\"font-weight: 400;\">PERYM (pseud . de S\u00c3O PEDRO, Frei Jo\u00e3o de) <i><span lang=\"PT\">Theatro Heroino, abecedario historico, e catalogo das mulheres ilustres em armas, letras ac\u00e7oens heroicas e artes liberais\u2026, \u00a0<\/span><\/i><span lang=\"PT\">Lisboa Occidental, na Officina de Musica de Theotonio Antunes Lima, 1736-1740, <\/span>Tomo II, p. 253.<\/p>","protected":false},"excerpt":{"rendered":"<p>NOME Maria da Ressurrei\u00e7\u00e3o, Soror Elementos biogr\u00e1ficos PAI Manoel Pereira M\u00c3E Filipa Lopes LOCAL DE NASCIMENTO Goa PROFISS\u00c3O \/ CARGO \/ FUN\u00c7\u00c3O Prioresa (duas vezes) DATA DA MORTE 9 Dezembro 1658 ESTADO\u00a0Freira LOCAL DA PROFISS\u00c3O RELIGIOSA Convento de Santa M\u00f3nica de Goa CONVENTO Santa M\u00f3nica, Goa ORDEM RELIGIOSA A QUE PERTENCEU Santo Agostinho Obra OBRAS &#8230; <a title=\"Maria da Ressurrei\u00e7\u00e3o, Soror\" class=\"read-more\" href=\"https:\/\/escritoras-em-portugues.com\/en\/xvii\/maria-da-ressurreicao-soror\/\" aria-label=\"Read more about Maria da Ressurrei\u00e7\u00e3o, Soror\">Read more<\/a><\/p>","protected":false},"author":3,"featured_media":0,"parent":47,"menu_order":0,"comment_status":"closed","ping_status":"closed","template":"","meta":{"cybocfi_hide_featured_image":"","footnotes":""},"class_list":["post-1006","page","type-page","status-publish"],"_links":{"self":[{"href":"https:\/\/escritoras-em-portugues.com\/en\/wp-json\/wp\/v2\/pages\/1006","targetHints":{"allow":["GET"]}}],"collection":[{"href":"https:\/\/escritoras-em-portugues.com\/en\/wp-json\/wp\/v2\/pages"}],"about":[{"href":"https:\/\/escritoras-em-portugues.com\/en\/wp-json\/wp\/v2\/types\/page"}],"author":[{"embeddable":true,"href":"https:\/\/escritoras-em-portugues.com\/en\/wp-json\/wp\/v2\/users\/3"}],"replies":[{"embeddable":true,"href":"https:\/\/escritoras-em-portugues.com\/en\/wp-json\/wp\/v2\/comments?post=1006"}],"version-history":[{"count":2,"href":"https:\/\/escritoras-em-portugues.com\/en\/wp-json\/wp\/v2\/pages\/1006\/revisions"}],"predecessor-version":[{"id":1803,"href":"https:\/\/escritoras-em-portugues.com\/en\/wp-json\/wp\/v2\/pages\/1006\/revisions\/1803"}],"up":[{"embeddable":true,"href":"https:\/\/escritoras-em-portugues.com\/en\/wp-json\/wp\/v2\/pages\/47"}],"wp:attachment":[{"href":"https:\/\/escritoras-em-portugues.com\/en\/wp-json\/wp\/v2\/media?parent=1006"}],"curies":[{"name":"wp","href":"https:\/\/api.w.org\/{rel}","templated":true}]}}