{"id":920,"date":"2023-11-05T13:50:28","date_gmt":"2023-11-05T13:50:28","guid":{"rendered":"https:\/\/escritoras-em-portugues.com\/?page_id=920"},"modified":"2024-06-04T22:05:34","modified_gmt":"2024-06-04T22:05:34","slug":"francisca-josefa-de-noronha-soror","status":"publish","type":"page","link":"http:\/\/escritoras-em-portugues.com\/pt_pt\/xviii\/francisca-josefa-de-noronha-soror\/","title":{"rendered":"Francisca Josefa de Noronha, Soror"},"content":{"rendered":"<p><strong>NOME<\/strong> Francisca Josefa de Noronha, Soror<\/p>\n<h4><strong>Elementos biogr\u00e1ficos<\/strong><\/h4>\n<p><strong>PAI<\/strong>\u00a0Francisco de Noronha, Capit\u00e3o dos Maltezes<\/p>\n<p style=\"font-weight: 400;\"><strong>M\u00c3E<\/strong> Anna Maria de Figueiredo<\/p>\n<p><strong>LOCAL DE NASCIMENTO<\/strong>\u00a0Lisboa<\/p>\n<p><strong>DATA DE NASCIMENTO<\/strong>\u00a0 1719<\/p>\n<p><strong>DATA DA MORTE<\/strong>\u00a0 S\u00e9culo XVIII<\/p>\n<p style=\"font-weight: 400;\"><strong>ESTADO<\/strong> Freira<\/p>\n<p style=\"font-weight: 400;\"><strong>LOCAL DA PROFISS\u00c3O RELIGIOSA<\/strong> Convento de Nossa Senhora da Rosa, Lisboa<\/p>\n<p style=\"font-weight: 400;\"><strong>CONVENTO<\/strong> Nossa Senhora da Rosa<\/p>\n<p style=\"font-weight: 400;\"><strong>ORDEM RELIGIOSA A QUE PERTENCEU<\/strong> Dominicanas<\/p>\n<p><strong>IDIOMAS<\/strong> Portugu\u00eas, Italiano<\/p>\n<h4><strong>Obra<\/strong><\/h4>\n<p><strong>OBRAS IMPRESSAS<\/strong><\/p>\n<blockquote>\n<p style=\"font-weight: 400;\"><em>Finezas de JESUS Sacramentado para com os homens, e ingratidoens dos homens para JESUS Sacramentado,<\/em>\u00a0Coimbra, por Joa\u00f5 Antunes, 1705.<\/p>\n<p style=\"font-weight: 400;\"><em>Finezas de JESUS Sacramentado para com os homens, e ingratidoens dos homens para JESUS Sacramentado, <\/em>Lisboa por Antonio Pedroso Galra\u00f5, 1722.<\/p>\n<\/blockquote>\n<h4><strong>Bibliografia:<\/strong><\/h4>\n<p style=\"font-weight: 400;\">FARINHA, Bento Jos\u00e9 de Sousa, <em>Summario de Bibliotheca Lusitana,<\/em> Tomo II, Lisboa, na Officina de Antonio Gomes, 1786, pp. 39-40.<\/p>\n<p style=\"font-weight: 400;\">MACHADO, Diogo Barbosa, <i><span lang=\"PT\">Bibliotheca Luzitana: hist\u00f3rica, cr\u00edtica e cronol\u00f3gica, <\/span><\/i><span lang=\"PT\">Lisboa Occidental, na Officina de Antonio Isidoro da Fonseca, 1741-1759, tomo <\/span>II, p. 82.<\/p>\n<p style=\"font-weight: 400;\">MONTEIRO, Frei Pedro, <em>Claustro Dominicano<\/em>, <em>lan\u00e7o primeyro offrecido ao muyto alto, e poderoso rey D. Jo\u00e3o V<\/em>. \u00a0Lisboa, Lisboa Occidental, Na officina de Ant\u00f3nio Pedrozo Galr\u00e3o, Tomo 3, p. 220.<\/p>\n","protected":false},"excerpt":{"rendered":"<p>NOME Francisca Josefa de Noronha, Soror Elementos biogr\u00e1ficos PAI\u00a0Francisco de Noronha, Capit\u00e3o dos Maltezes M\u00c3E Anna Maria de Figueiredo LOCAL DE NASCIMENTO\u00a0Lisboa DATA DE NASCIMENTO\u00a0 1719 DATA DA MORTE\u00a0 S\u00e9culo XVIII ESTADO Freira LOCAL DA PROFISS\u00c3O RELIGIOSA Convento de Nossa Senhora da Rosa, Lisboa CONVENTO Nossa Senhora da Rosa ORDEM RELIGIOSA A QUE PERTENCEU Dominicanas &#8230; <a title=\"Francisca Josefa de Noronha, Soror\" class=\"read-more\" href=\"http:\/\/escritoras-em-portugues.com\/pt_pt\/xviii\/francisca-josefa-de-noronha-soror\/\" aria-label=\"Leia mais sobre Francisca Josefa de Noronha, Soror\">Ler mais<\/a><\/p>\n","protected":false},"author":3,"featured_media":0,"parent":46,"menu_order":0,"comment_status":"closed","ping_status":"closed","template":"","meta":{"cybocfi_hide_featured_image":"","footnotes":""},"class_list":["post-920","page","type-page","status-publish"],"_links":{"self":[{"href":"http:\/\/escritoras-em-portugues.com\/pt_pt\/wp-json\/wp\/v2\/pages\/920","targetHints":{"allow":["GET"]}}],"collection":[{"href":"http:\/\/escritoras-em-portugues.com\/pt_pt\/wp-json\/wp\/v2\/pages"}],"about":[{"href":"http:\/\/escritoras-em-portugues.com\/pt_pt\/wp-json\/wp\/v2\/types\/page"}],"author":[{"embeddable":true,"href":"http:\/\/escritoras-em-portugues.com\/pt_pt\/wp-json\/wp\/v2\/users\/3"}],"replies":[{"embeddable":true,"href":"http:\/\/escritoras-em-portugues.com\/pt_pt\/wp-json\/wp\/v2\/comments?post=920"}],"version-history":[{"count":2,"href":"http:\/\/escritoras-em-portugues.com\/pt_pt\/wp-json\/wp\/v2\/pages\/920\/revisions"}],"predecessor-version":[{"id":1841,"href":"http:\/\/escritoras-em-portugues.com\/pt_pt\/wp-json\/wp\/v2\/pages\/920\/revisions\/1841"}],"up":[{"embeddable":true,"href":"http:\/\/escritoras-em-portugues.com\/pt_pt\/wp-json\/wp\/v2\/pages\/46"}],"wp:attachment":[{"href":"http:\/\/escritoras-em-portugues.com\/pt_pt\/wp-json\/wp\/v2\/media?parent=920"}],"curies":[{"name":"wp","href":"https:\/\/api.w.org\/{rel}","templated":true}]}}