{"id":873,"date":"2023-11-01T07:15:54","date_gmt":"2023-11-01T07:15:54","guid":{"rendered":"https:\/\/escritoras-em-portugues.com\/?page_id=873"},"modified":"2024-06-04T02:48:57","modified_gmt":"2024-06-04T02:48:57","slug":"brigida-de-alarcao","status":"publish","type":"page","link":"http:\/\/escritoras-em-portugues.com\/pt_pt\/xvi\/brigida-de-alarcao\/","title":{"rendered":"Br\u00edgida de Alarc\u00e3o"},"content":{"rendered":"<p><strong>NOME <\/strong><span lang=\"PT\">Br\u00edgida de Alarc\u00e3o<\/span><\/p>\n<h4><strong>Elementos biogr\u00e1ficos<\/strong><\/h4>\n<p><strong>DATA DE NASCIMENTO<\/strong>\u00a0 1572<\/p>\n<p><strong>DATA DA MORTE<\/strong>\u00a0 1622<\/p>\n<h4><strong>Obra<\/strong><\/h4>\n<p><strong>OBRAS DESAPARECIDAS<\/strong><\/p>\n<blockquote>\n<p style=\"font-weight: 400;\"><em>Vida, Ac\u00e7\u00f5es e Morte da Famigerada Judite<\/em><\/p>\n<p style=\"font-weight: 400;\"><em>Vida e Morte do Famoso Sans\u00e3o<\/em><\/p>\n<\/blockquote>\n<h4><strong>Bibliografia:<\/strong><\/h4>\n<p style=\"font-weight: 400;\">\u00a0MENDON\u00c7A, A. Lopes de, <em>Escritoras Brasileiras, Galegas e Portuguesas, <\/em>Braga, Tip. Silva Pereira, 1983, p. 10.<\/p>\n","protected":false},"excerpt":{"rendered":"<p>NOME Br\u00edgida de Alarc\u00e3o Elementos biogr\u00e1ficos DATA DE NASCIMENTO\u00a0 1572 DATA DA MORTE\u00a0 1622 Obra OBRAS DESAPARECIDAS Vida, Ac\u00e7\u00f5es e Morte da Famigerada Judite Vida e Morte do Famoso Sans\u00e3o Bibliografia: \u00a0MENDON\u00c7A, A. Lopes de, Escritoras Brasileiras, Galegas e Portuguesas, Braga, Tip. Silva Pereira, 1983, p. 10.<\/p>\n","protected":false},"author":3,"featured_media":0,"parent":45,"menu_order":0,"comment_status":"closed","ping_status":"closed","template":"","meta":{"cybocfi_hide_featured_image":"","footnotes":""},"class_list":["post-873","page","type-page","status-publish"],"_links":{"self":[{"href":"http:\/\/escritoras-em-portugues.com\/pt_pt\/wp-json\/wp\/v2\/pages\/873","targetHints":{"allow":["GET"]}}],"collection":[{"href":"http:\/\/escritoras-em-portugues.com\/pt_pt\/wp-json\/wp\/v2\/pages"}],"about":[{"href":"http:\/\/escritoras-em-portugues.com\/pt_pt\/wp-json\/wp\/v2\/types\/page"}],"author":[{"embeddable":true,"href":"http:\/\/escritoras-em-portugues.com\/pt_pt\/wp-json\/wp\/v2\/users\/3"}],"replies":[{"embeddable":true,"href":"http:\/\/escritoras-em-portugues.com\/pt_pt\/wp-json\/wp\/v2\/comments?post=873"}],"version-history":[{"count":2,"href":"http:\/\/escritoras-em-portugues.com\/pt_pt\/wp-json\/wp\/v2\/pages\/873\/revisions"}],"predecessor-version":[{"id":1665,"href":"http:\/\/escritoras-em-portugues.com\/pt_pt\/wp-json\/wp\/v2\/pages\/873\/revisions\/1665"}],"up":[{"embeddable":true,"href":"http:\/\/escritoras-em-portugues.com\/pt_pt\/wp-json\/wp\/v2\/pages\/45"}],"wp:attachment":[{"href":"http:\/\/escritoras-em-portugues.com\/pt_pt\/wp-json\/wp\/v2\/media?parent=873"}],"curies":[{"name":"wp","href":"https:\/\/api.w.org\/{rel}","templated":true}]}}