{"id":858,"date":"2023-10-31T16:56:34","date_gmt":"2023-10-31T16:56:34","guid":{"rendered":"https:\/\/escritoras-em-portugues.com\/?page_id=858"},"modified":"2024-06-04T21:31:51","modified_gmt":"2024-06-04T21:31:51","slug":"francisca-da-coluna-soror","status":"publish","type":"page","link":"http:\/\/escritoras-em-portugues.com\/pt_pt\/xvi\/francisca-da-coluna-soror\/","title":{"rendered":"Francisca da Coluna, Soror"},"content":{"rendered":"<p><strong>NOME <\/strong><span lang=\"PT\">Francisca da Coluna, Soror<\/span><\/p>\n<h4><strong>Elementos biogr\u00e1ficos<\/strong><\/h4>\n<p style=\"font-weight: 400;\"><strong>PAI<\/strong> \u00a0Ant\u00e3o Mogo de Mello, Fidalgo da Casa Real<\/p>\n<p style=\"font-weight: 400;\"><strong>M\u00c3E<\/strong> \u00c2ngela de Velasco<\/p>\n<p><strong>DATA DE NASCIMENTO <\/strong>S\u00e9culo XVI<\/p>\n<p><strong>LOCAL DE NASCIMENTO<\/strong> Torres Vedras ou Torres Novas<\/p>\n<p style=\"font-weight: 400;\"><strong>PA\u00cdS ONDE NASCEU<\/strong> \u00a0Portugal<\/p>\n<p><strong>PROFISS\u00c3O \u00a0\/ CARGO \/ FUN\u00c7\u00c3O <\/strong><span style=\"font-weight: 400;\">Abadessa<\/span><\/p>\n<p style=\"font-weight: 400;\"><strong>ESTADO<\/strong> Freira<\/p>\n<p><b>CONVENTO<\/b><span style=\"font-weight: 400;\"> Convento do Esp\u00edrito Santo, em Torres Novas ou Torres Vedras<\/span><\/p>\n<h4><strong>Obra<\/strong><\/h4>\n<p><strong>OBRAS IMPRESSAS<\/strong><\/p>\n<blockquote>\n<p style=\"font-weight: 400;\"><em>Soneto de Francisca da Colvna Religiosa Professa no Mosteiro do Espirito Santo de Torres Nouas, <\/em>in.: Francisco Lopes, <em>Sancto Antonio de Lisboa: Primeira e Segunda parte, do seu nascimento, crea\u00e7\u00e3o, vida, morte e milagres,<\/em> Lisboa, Of. Pedro Craesbeeck, no ano de 1610 (tb 1618)<\/p>\n<\/blockquote>\n<p style=\"font-weight: 400;\"><strong>OBRAS DESAPARECIDAS<\/strong><\/p>\n<blockquote>\n<p style=\"font-weight: 400;\"><em>Commedia do Nacimento de Christo Senhor Nosso<\/em><\/p>\n<p style=\"font-weight: 400;\"><em>\u00a0<\/em><em>Commedias ao Divino.<\/em><\/p>\n<p style=\"font-weight: 400;\"><em>\u00a0<\/em><em>Commedias<\/em><\/p>\n<\/blockquote>\n<h4><strong>Bibliografia:<\/strong><\/h4>\n<p style=\"font-weight: 400;\">BARROS, Teresa Leit\u00e3o de, <i><span lang=\"EN-GB\">Escritoras de Portugal O g\u00e9nio feminino revelado na Hist\u00f3ria da Literatura Portuguesa, <\/span><\/i><span lang=\"EN-GB\">p. <\/span>239.<\/p>\n<p style=\"font-weight: 400;\">PERYM, Dami\u00e3o de Froes, <em>Theatro Heroino, abecedario historico, e catalogo das mulheres ilustres em armas, letras ac\u00e7oens heroicas e artes liberais\u2026, <\/em>, Lisboa Occidental, na Officina de Musica de Theotonio Antunes Lima, 1736-1740, volume\u00a0\u00a0\u00a0 p. 386<\/p>\n<p style=\"font-weight: 400;\">REIS, Pe Ant\u00f3nio dos, <i>Corpus Illustrium Poetarum Lusitanorum,<\/i> 1745, p. 278.<\/p>\n<p style=\"font-weight: 400;\">TAVARES, Pe Manuel, [pseud. Diogo Manuel Ayres de Azevedo] Lisboa Occidental, Officina de Pedro Ferreira, 1734<\/p>\n<p style=\"font-weight: 400;\">MACHADO, Diogo Barbosa, <em>Bibliotheca Luzitana: hist\u00f3rica, cr\u00edtica e cronol\u00f3gica, <\/em>Lisboa Occidental, na Officina de Antonio Isidoro da Fonseca, 1741-1759, volume II, pp. 81-82 e Volume IV, p. 124.<\/p>\n<p style=\"font-weight: 400;\">MORUJ\u00c3O, Isabel, <em>Contributo para uma bibliografia cronol\u00f3gica\u00a0 da literatura mon\u00e1stica feminina Portuguesa dos s\u00e9culos XVII e XVIII (impressos). Centro de Estudos de Hist\u00f3ria Religiosa: Universidade Cat\u00f3lica Portuguesa<\/em>, Lisboa,1995, p. 9<\/p>\n<p style=\"font-weight: 400;\">SERRANO Y SANZ, <em>Apuntes para una Biblioteca de Escritoras Espa\u00f1olas Desde el A\u00f1o 1401 al 1833<\/em>, \u00a0Madrid, Sucessores de Rivadeneyra, volume I, p. 275.<\/p>\n<p style=\"font-weight: 400;\">FARINHA, Bento Jos\u00e9 de Sousa, <em>Summario de Bibliotheca Lusitana<\/em>. Tomo II: Lisboa: na Officina de Antonio Gomes, 1786. Pg 39-40<\/p>\n<p>&nbsp;<\/p>\n","protected":false},"excerpt":{"rendered":"<p>NOME Francisca da Coluna, Soror Elementos biogr\u00e1ficos PAI \u00a0Ant\u00e3o Mogo de Mello, Fidalgo da Casa Real M\u00c3E \u00c2ngela de Velasco DATA DE NASCIMENTO S\u00e9culo XVI LOCAL DE NASCIMENTO Torres Vedras ou Torres Novas PA\u00cdS ONDE NASCEU \u00a0Portugal PROFISS\u00c3O \u00a0\/ CARGO \/ FUN\u00c7\u00c3O Abadessa ESTADO Freira CONVENTO Convento do Esp\u00edrito Santo, em Torres Novas ou Torres &#8230; <a title=\"Francisca da Coluna, Soror\" class=\"read-more\" href=\"http:\/\/escritoras-em-portugues.com\/pt_pt\/xvi\/francisca-da-coluna-soror\/\" aria-label=\"Leia mais sobre Francisca da Coluna, Soror\">Ler mais<\/a><\/p>\n","protected":false},"author":3,"featured_media":0,"parent":45,"menu_order":0,"comment_status":"closed","ping_status":"closed","template":"","meta":{"cybocfi_hide_featured_image":"","footnotes":""},"class_list":["post-858","page","type-page","status-publish"],"_links":{"self":[{"href":"http:\/\/escritoras-em-portugues.com\/pt_pt\/wp-json\/wp\/v2\/pages\/858","targetHints":{"allow":["GET"]}}],"collection":[{"href":"http:\/\/escritoras-em-portugues.com\/pt_pt\/wp-json\/wp\/v2\/pages"}],"about":[{"href":"http:\/\/escritoras-em-portugues.com\/pt_pt\/wp-json\/wp\/v2\/types\/page"}],"author":[{"embeddable":true,"href":"http:\/\/escritoras-em-portugues.com\/pt_pt\/wp-json\/wp\/v2\/users\/3"}],"replies":[{"embeddable":true,"href":"http:\/\/escritoras-em-portugues.com\/pt_pt\/wp-json\/wp\/v2\/comments?post=858"}],"version-history":[{"count":9,"href":"http:\/\/escritoras-em-portugues.com\/pt_pt\/wp-json\/wp\/v2\/pages\/858\/revisions"}],"predecessor-version":[{"id":1762,"href":"http:\/\/escritoras-em-portugues.com\/pt_pt\/wp-json\/wp\/v2\/pages\/858\/revisions\/1762"}],"up":[{"embeddable":true,"href":"http:\/\/escritoras-em-portugues.com\/pt_pt\/wp-json\/wp\/v2\/pages\/45"}],"wp:attachment":[{"href":"http:\/\/escritoras-em-portugues.com\/pt_pt\/wp-json\/wp\/v2\/media?parent=858"}],"curies":[{"name":"wp","href":"https:\/\/api.w.org\/{rel}","templated":true}]}}