{"id":783,"date":"2023-10-29T19:03:36","date_gmt":"2023-10-29T19:03:36","guid":{"rendered":"https:\/\/escritoras-em-portugues.com\/?page_id=783"},"modified":"2024-06-04T21:41:17","modified_gmt":"2024-06-04T21:41:17","slug":"joana-vaz","status":"publish","type":"page","link":"http:\/\/escritoras-em-portugues.com\/pt_pt\/xvi\/joana-vaz\/","title":{"rendered":"Joana Vaz"},"content":{"rendered":"<p><strong>NOME <\/strong>Joana Vaz<\/p>\n<p><strong>OUTROS NOMES <\/strong>V\u00e1zea, &#8220;latina&#8221;<\/p>\n<h4><strong>Elementos biogr\u00e1ficos<\/strong><\/h4>\n<p style=\"font-weight: 400;\"><strong>PAI <\/strong>Jo\u00e3o Vaz<\/p>\n<p style=\"font-weight: 400;\"><strong>LOCAL DE NASCIMENTO<\/strong> Coimbra<\/p>\n<p style=\"font-weight: 400;\"><strong>LOCAL DA MORTE<\/strong> Lisboa<\/p>\n<p style=\"font-weight: 400;\"><strong>PA\u00cdS ONDE NASCEU<\/strong> \u00a0Portugal (Lisboa: Pa\u00e7o da Infanta, 1530 (apud Mich\u00e4elis de Vasconcelos, p. 87)<\/p>\n<p style=\"font-weight: 400;\"><strong>PROFISS\u00c3O \/ CARGO \/ FUN\u00c7\u00c3O<\/strong> Aia e Professora de Latim de D. Catarina de \u00c1ustria e Infanta D. Maria<\/p>\n<p style=\"font-weight: 400;\"><strong>ESTADO <\/strong>Casada<\/p>\n<p style=\"font-weight: 400;\"><strong>C\u00d4NJUGE<\/strong> \u00a0Fern\u00e3o Alvares da Cunha<\/p>\n<p style=\"font-weight: 400;\"><strong>IDIOMAS<\/strong> Latim, Grego, Hebraico<\/p>\n<h4><strong>Obra<\/strong><\/h4>\n<p><strong>OBRAS MANUSCRITAS (DESAPARECIDAS)<\/strong><\/p>\n<blockquote>\n<p style=\"font-weight: 400;\"><em>Cartas<\/em><\/p>\n<\/blockquote>\n<h4><strong>Bibliografia<\/strong><\/h4>\n<p style=\"font-weight: 400;\">ANTONIO, Nicolas, \u00a0<em>Bibliotheca Hispana Nova\u00a0<\/em>sive hispanorum scriptorum&#8230;<em>, <\/em>Madrid, Joaquim de Ibarra, 1617, tomo 1, pg, 71, col 2; Tom 2, 340, col 2<\/p>\n<p style=\"font-weight: 400;\">BARBOSA, Aires, \u201cAd Johannam Vaaz\u201d <em>Arii Barbosae Lusitani, Anti-Moriae, <\/em>Coimbra, Santa Cruz, 1536, p. XXXVI.<\/p>\n<p style=\"font-weight: 400;\"><a href=\"https:\/\/purl.pt\/15191\">BARROS, Dr. Jo\u00e3o de,<em> Espelho de Casados<\/em>, Porto, Vasco Dias de Frexenal, 1540.<\/a><\/p>\n<p style=\"font-weight: 400;\">[CARVALHO, Francisco de ]<em>\u00a0Historia de Coimbra, mestra de toda a na\u00e7am portugueza, paraiso de Portugal&#8230; : livro onde has-de ver nelle hum catalogo dos seus bispos, hum mapa dos seus naturaes insignes por virtude e letras, hum compendio de portugueses mestres nas universidades do mundo, a fundacam das freguesias, conventos e colegios da mesma, muitas obras de seus moradores dignas de serem lidas, todos os successos notaveis que nela aconteceram&#8230; [ Manuscrito ] \/ composto por Francisco de Carvalho, filho da mesma cidade<\/em>&#8230; \u00a0BN COD 905, p. 174<\/p>\n<p style=\"font-weight: 400;\">FARINHA, Bento Jos\u00e9 de Sousa, <em>Summario de Bibliotheca Lusitana<\/em>, Tomo II, Lisboa, na Officina de Antonio Gomes, 1786, p. 249.<\/p>\n<p style=\"font-weight: 400;\"><strong>\u00a0<\/strong>LE\u00c3O, Duarte Nunes de <em>Descri\u00e7\u00e3o do Reino de Portugal<\/em> \u2013 Lisboa, Centro de Hist\u00f3ria da Universidade de Lisboa, 2002. [1\u00ba ed.1610), p. 304<\/p>\n<p style=\"font-weight: 400;\">MACEDO, Antonio de Sousa de, <em>Flores de Espa\u00f1a, Excellencias de Portugal,<\/em> Parte I, Lisboa: Jorge Rodriguez, 1631, 4\u00ba &#8211; Pg. 69 verso<\/p>\n<p>MACHADO, Diogo BARBOSA, <em>Bibliotheca\u00a0<\/em><i>Lusitana, <\/i><i><span lang=\"PT\">hist\u00f3rica, cr\u00edtica e cronol\u00f3gica, <\/span><\/i><span lang=\"PT\">Lisboa Occidental, na Officina de Antonio Isidoro da Fonseca, 1741-1759<\/span><i>, <\/i>vol. \u00a0II, p. 558.<\/p>\n<p style=\"font-weight: 400;\">NATIVIDADE, Frei Francisco da, <em>Lenitivo da Dor<\/em>, pp. 308-310.<\/p>\n<p style=\"font-weight: 400;\">RAMALHO, Am\u00e9rico da Costa, &#8220;Joanna Vaz, femina doctissima&#8221;, <em>Col\u00f3quio<\/em>, n\u00ba 20, 1962, pp. 48-49, 55.<\/p>\n<p style=\"font-weight: 400;\">RAMALHO, Am\u00e9rico da Costa,&#8221;Vaz (Joana)&#8221; in.: <em>Verbo. Enciclop\u00e9dia luso-brasileira de cultura,<\/em> Lisboa, Editorial Verbo, 1963-1986<\/p>\n<p style=\"font-weight: 400;\">AMALHO, Am\u00e9rico da Costa, &#8220;A Infanta D. Maria e o seu tempo&#8221;, <em>Humanitas<\/em>, Coimbra, n\u00ba 37-38, 1985-1986, pp. 173-190<\/p>\n<p style=\"font-weight: 400;\">REM\u00c9DIOS, Mendes \u00a0dos, <em>Escritoras d&#8217;Outros Tempos, Coimbra, Fran\u00e7a Amado Editor, <\/em>1914, p. IX, cita Ant\u00f3nio dos Reis no seu <em>Enthusiasmus Poeticus. <\/em><\/p>\n<p style=\"font-weight: 400;\">RESENDE Andre de, <em>Epistol. ad D. Emman. filiam Ioann III<\/em><\/p>\n<p style=\"font-weight: 400;\">RIBEIRO, Jos\u00e9 Silvestre, <em>Luiza Sig\u00e9a: Breves apontamentos hist\u00f3rico-liter\u00e1rios<\/em>, Lisboa, Academia Real das Sciencias de Lisboa, 1880<\/p>\n<p style=\"font-weight: 400;\"><a href=\"https:\/\/purl.pt\/39085\">VASCONCELOS, Carolina Micha\u00eblis de,\u00a0<em>A Infanta D. Maria de Portugal e as suas Damas, <\/em>Porto, Artur Jos\u00e9e Sousa, 1902<\/a><\/p>\n","protected":false},"excerpt":{"rendered":"<p>NOME Joana Vaz OUTROS NOMES V\u00e1zea, &#8220;latina&#8221; Elementos biogr\u00e1ficos PAI Jo\u00e3o Vaz LOCAL DE NASCIMENTO Coimbra LOCAL DA MORTE Lisboa PA\u00cdS ONDE NASCEU \u00a0Portugal (Lisboa: Pa\u00e7o da Infanta, 1530 (apud Mich\u00e4elis de Vasconcelos, p. 87) PROFISS\u00c3O \/ CARGO \/ FUN\u00c7\u00c3O Aia e Professora de Latim de D. Catarina de \u00c1ustria e Infanta D. Maria ESTADO &#8230; <a title=\"Joana Vaz\" class=\"read-more\" href=\"http:\/\/escritoras-em-portugues.com\/pt_pt\/xvi\/joana-vaz\/\" aria-label=\"Leia mais sobre Joana Vaz\">Ler mais<\/a><\/p>\n","protected":false},"author":3,"featured_media":0,"parent":45,"menu_order":0,"comment_status":"closed","ping_status":"closed","template":"","meta":{"cybocfi_hide_featured_image":"","footnotes":""},"class_list":["post-783","page","type-page","status-publish"],"_links":{"self":[{"href":"http:\/\/escritoras-em-portugues.com\/pt_pt\/wp-json\/wp\/v2\/pages\/783","targetHints":{"allow":["GET"]}}],"collection":[{"href":"http:\/\/escritoras-em-portugues.com\/pt_pt\/wp-json\/wp\/v2\/pages"}],"about":[{"href":"http:\/\/escritoras-em-portugues.com\/pt_pt\/wp-json\/wp\/v2\/types\/page"}],"author":[{"embeddable":true,"href":"http:\/\/escritoras-em-portugues.com\/pt_pt\/wp-json\/wp\/v2\/users\/3"}],"replies":[{"embeddable":true,"href":"http:\/\/escritoras-em-portugues.com\/pt_pt\/wp-json\/wp\/v2\/comments?post=783"}],"version-history":[{"count":8,"href":"http:\/\/escritoras-em-portugues.com\/pt_pt\/wp-json\/wp\/v2\/pages\/783\/revisions"}],"predecessor-version":[{"id":1769,"href":"http:\/\/escritoras-em-portugues.com\/pt_pt\/wp-json\/wp\/v2\/pages\/783\/revisions\/1769"}],"up":[{"embeddable":true,"href":"http:\/\/escritoras-em-portugues.com\/pt_pt\/wp-json\/wp\/v2\/pages\/45"}],"wp:attachment":[{"href":"http:\/\/escritoras-em-portugues.com\/pt_pt\/wp-json\/wp\/v2\/media?parent=783"}],"curies":[{"name":"wp","href":"https:\/\/api.w.org\/{rel}","templated":true}]}}