{"id":769,"date":"2023-10-29T11:43:49","date_gmt":"2023-10-29T11:43:49","guid":{"rendered":"https:\/\/escritoras-em-portugues.com\/?page_id=769"},"modified":"2024-06-04T02:51:49","modified_gmt":"2024-06-04T02:51:49","slug":"catarina-de-habsburgo-e-avis-rainha-de-portugal","status":"publish","type":"page","link":"http:\/\/escritoras-em-portugues.com\/pt_pt\/xvi\/catarina-de-habsburgo-e-avis-rainha-de-portugal\/","title":{"rendered":"Catarina de Habsburgo e Avis, Rainha de Portugal"},"content":{"rendered":"<p><strong>NOME <\/strong><span lang=\"PT\">Catarina de Habsburgo e Avis, Rainha de Portugal<\/span><\/p>\n<h4><strong>Elementos biogr\u00e1ficos<\/strong><\/h4>\n<p style=\"font-weight: 400;\"><strong>PAI <\/strong>Filipe de Habsburgo, Rei consorte de Castela e Le\u00e3o, Rei de Espanha, \u201cO Belo\u201d<\/p>\n<p style=\"font-weight: 400;\"><strong>M\u00c3E <\/strong>Joana de Castela e Arag\u00e3o, Rainha de Castela e Le\u00e3o e Rainha de Espanha \u201ca Louca\u201d<\/p>\n<p style=\"font-weight: 400;\"><strong>LOCAL DE NASCIMENTO<\/strong> Palencia, Torquemada<\/p>\n<p style=\"font-weight: 400;\"><strong>DATA DE NASCIMENTO<\/strong> 14 de Janeiro de 1507<\/p>\n<p style=\"font-weight: 400;\"><strong>LOCAL DA MORTE<\/strong> Lisboa<\/p>\n<p style=\"font-weight: 400;\"><strong>PA\u00cdS ONDE NASCEU<\/strong>\u00a0 Castela<\/p>\n<p style=\"font-weight: 400;\"><strong>PA\u00cdSES ONDE VIVEU<\/strong> Castela, Portugal<\/p>\n<p style=\"font-weight: 400;\"><strong>PROFISS\u00c3O \/ CARGO \/ FUN\u00c7\u00c3O<\/strong>\u00a0 Rainha de Portugal, Regente na menoridade do neto<\/p>\n<p style=\"font-weight: 400;\"><strong>DATA DA MORTE<\/strong> 12 de Fevereiro 1578<\/p>\n<p style=\"font-weight: 400;\"><strong>ESTADO<\/strong> Casada<\/p>\n<p style=\"font-weight: 400;\"><strong>C\u00d4NJUGE<\/strong> D. Jo\u00e3o III, Rei de Portugal<\/p>\n<p style=\"font-weight: 400;\"><strong>LOCAL E DATA DE CASAMENTO<\/strong><strong> (DESPOS\u00d3RIOS)<\/strong> Tordesilhas, 10 de Agosto de 1525<\/p>\n<p style=\"font-weight: 400;\"><strong>Nr. FILHOS<\/strong> \u00a0\u00a0\u00a0\u00a0\u00a0\u00a0\u00a0\u00a0\u00a0 9<\/p>\n<p style=\"font-weight: 400;\"><strong>FILHOS<\/strong><\/p>\n<p>Afonso* 24.02.1526 mm<\/p>\n<p><a href=\"http:\/\/www.geneall.net\/P\/per_page.php?id=2932\">Maria, infanta de Portugal<\/a> * 15.10.1527<b><\/b><\/p>\n<p><a href=\"http:\/\/www.geneall.net\/P\/per_page.php?id=355274\">Isabel, infanta de Portugal<\/a> * 28.04.1529 mm<b><\/b><\/p>\n<p><a href=\"http:\/\/www.geneall.net\/P\/per_page.php?id=354086\">Beatriz,<\/a><b><a href=\"http:\/\/www.geneall.net\/P\/per_page.php?id=354086\"> i<\/a><\/b><a href=\"http:\/\/www.geneall.net\/P\/per_page.php?id=354086\">nfanta de Portugal<\/a> * 15.02.1530 mm<\/p>\n<p><a href=\"http:\/\/www.geneall.net\/P\/per_page.php?id=356334\">Manuel, pr\u00edncipe herdeiro de Portugal<\/a> * 01.11.1531<\/p>\n<p><a href=\"http:\/\/www.geneall.net\/P\/per_page.php?id=354722\">Filipe, pr\u00edncipe herdeiro de Portugal<\/a> * 25.03.1533<\/p>\n<p><a href=\"http:\/\/www.geneall.net\/P\/per_page.php?id=354362\"> Dinis, infante de Portugal<\/a> * 16.04.1535<\/p>\n<p><a href=\"http:\/\/www.geneall.net\/P\/per_page.php?id=3068\">Jo<\/a><a href=\"http:\/\/www.geneall.net\/P\/per_page.php?id=3068\">\u00e3o, pr\u00edncipe herdeiro de Portugal<\/a> * 30.03.1537<\/p>\n<p><a href=\"http:\/\/www.geneall.net\/P\/per_page.php?id=354043\">Ant\u00f3nio, infante de Portugal<\/a> * 09.03.1539<\/p>\n<p style=\"font-weight: 400;\"><strong>IDIOMAS <\/strong>Espanhol, Portugu\u00eas, Latim<\/p>\n<h4><strong>Obra<\/strong><\/h4>\n<p style=\"font-weight: 400;\"><strong>OBRAS MANUSCRITAS (DESAPARECIDAS)<\/strong><\/p>\n<blockquote>\n<p style=\"font-weight: 400;\"><em>Livro de Mem\u00f3rias <\/em>(<em>apud<\/em> D. Jos\u00e9 BARBOSA, p. 405)<\/p>\n<\/blockquote>\n<p style=\"font-weight: 400;\"><strong>OBRAS MANUSCRITAS<\/strong><\/p>\n<blockquote>\n<p style=\"font-weight: 400;\"><em>Carta al P. Francisco de Borja, sobre la minoridad de su nieto,<\/em> Sobregas 8 de Junho de 1751 quatro folhas em 4\u00ba (Biblioteca Nacional de Espanha, P. V. 4\u00baC, c-12, numero 130)<\/p>\n<p style=\"font-weight: 400;\"><em>Lembran\u00e7as que a Rainha Nossa Senhora deu \u00e0 Princesa sua filha, escritas de sua m\u00e3o, quando se partiu para Castela<\/em> (British Library <em>Add. Mss.<\/em> n\u00ba 20805 fl. 167r-172r)<\/p>\n<\/blockquote>\n<p><strong>OBRAS IMPRESSAS<\/strong><\/p>\n<blockquote>\n<p style=\"font-weight: 400;\">\u201c<em>Memoria que dirigi\u00f3 \u00e1 Carlos I en 1525, vindic\u00e1ndose de la nota de comunera. Carta al mismo, d\u00e1ndole cuenta de la salud de la Reina,<\/em> Tordesilhas, 31 de Janeiro de 1521\u201d Danvila, D. Manuel, <em>Historia Critica y documentada de las comunidades de Castilla, <\/em>volume III, pp. 112-115.<\/p>\n<p style=\"font-weight: 400;\"><em>\u201cCartas a Filipe II en elogio y recomendacion de D. Juan de Borja, Conde de Ficallo<\/em>. Sobregas, 20 de Novembro de 1574, e 8 de Setembro de 1576\u201d, Moguel, Antonio Sanchez, <em>Boletin de la Real Academia de la Historia<\/em>, t. XXIV, pp. 498-500.<\/p>\n<p style=\"font-weight: 400;\">\u201cLembran\u00e7as que a Rainha D. Catarina deu \u00e0 Princesa\u201d ANAST\u00c1CIO, Vanda (org.) <em>Uma Antologia Improv\u00e1vel. A Escrita das Mulheres S\u00e9culos XVI a XVIII, <\/em>Lisboa, Rel\u00f3gio d\u2019\u00c1gua, 2013, pp. 425-427.<\/p>\n<\/blockquote>\n<p style=\"font-weight: 400;\"><strong style=\"font-family: inherit; font-size: 24px; font-style: inherit;\">Bibliografia:<\/strong><\/p>\n<p style=\"font-weight: 400;\">ANAST\u00c1CIO, Vanda, <em>Uma Antologia Improv\u00e1vel? A escrita das mulheres (1495-1830), <\/em>com a colabora\u00e7\u00e3o In\u00eas de Ornellas e Castro, Jos\u00e9 F\u00e9lix Duque, de Pedro Sena Lino, Isabel Moruj\u00e3o e Hugo Neto, Lisboa, Rel\u00f3gio de \u00c1gua, 2013, pp. 425-427.<\/p>\n<p style=\"font-weight: 400;\">ANDRADA, Francisco de, <em>Chronica do muito alto e muito poderoso Rey destes Reynos de Portugal D. Jo\u00e3o o III<\/em>, deste nome, Lisboa, Jorge Rodriguez, 1613, parte I, cap. 93.<\/p>\n<p style=\"font-weight: 400;\">BARBOSA, Jos\u00e9, <em>Catalogo Chronologico, Historico, Genealogico, e Critico das Rainhas de Portugal, e seus filhos, ordenado por D. Joz\u00e9 Barbosa, Clerigo Regular, Academico Real da Hist\u00f3ria Portugueza, e Chronista da Serenissima Casa de Bragan\u00e7a<\/em>, Lisboa Occidental, na officina de Joseph Antonio da Sylva, 1727, pp. 393-406.<\/p>\n<p style=\"font-weight: 400;\">BUESCU, Ana Isabel, <em>Catarina de \u00c1ustria. Infanta de Tordesilhas. Rainha de Portugal<\/em>, Lisboa, Esfera dos Livros, 2007<\/p>\n<p style=\"font-weight: 400;\">CARVALHO, Jos\u00e9 Adriano Freitas de, <em>Pais e Nobres. Cartas de Instru\u00e7\u00e3o para a Educa\u00e7\u00e3o de Jovens Nobres (S\u00e9culos XVI-XVIII), <\/em>Porto, CIUHE, 2009, pp. 267-270<\/p>\n<p style=\"font-weight: 400;\">FARIA, Manoel Severim de, <em>Memorias do Chantre de Evora Manoel Severim de Faria<\/em>, tom del Rey D. Jo\u00e3o III.<\/p>\n<p style=\"font-weight: 400;\">FARIA, Joseph de, <em>Illustra\u00e7\u00e3o da Casa de Bragan\u00e7a, <\/em>volume I, num. 95 e 233.<\/p>\n<p style=\"font-weight: 400;\">FIGUEIREDO, Pedro Jos\u00e9 de, <em>Retratos e Elogios dos var\u00f5es e donas que ilustram a na\u00e7\u00e3o portuguesa<\/em>, Lisboa, na Officina de Sim\u00e3o Thaddeo Ferreira, 1817.<\/p>\n<p style=\"font-weight: 400;\">JORDAN, Anne Marie, Catarina de \u00c1ustria. A Rainha Coleccionadora, Lisboa, Temas e Debates, 2017.<\/p>\n<p style=\"font-weight: 400;\">LEITE, Bertha, <em>A Mulher na Hist\u00f3ria de Portugal, <\/em>Lisboa, s. n., 1940.<\/p>\n<p style=\"font-weight: 400;\">LOBO, Costa \u201cA Infanta D. Maria, Princesa de Castella\u201d <em>Archivo Historico Portuguez, <\/em>vol. I, n\u00ba6, Junho de 1903, pp. 177-178.<\/p>\n<p style=\"font-weight: 400;\"><em>Memorias do Convento do Espinheiro de Evora<\/em> \u2013 Letra Z.<\/p>\n<p style=\"font-weight: 400;\">RAMALHO, Am\u00e9rico da Costa, \u201cA Infanta D. Maria e o seu tempo\u201d <em>Humanitas, <\/em>Coimbra, vols XXXVII-XXXVIII, 1986, pp. 173-189<\/p>\n<p style=\"font-weight: 400;\">SAMARTIN, Roberto Lopez-Iglesias, <em>A dona do tempo antigo. Mulher e campo liter\u00e1rio no Renascimento portugu\u00eas (1495-1557), <\/em>Santiago de Compostela, Edicions Laiovento, 2003.<\/p>\n<p style=\"font-weight: 400;\">SANTA MARIA, Pe. Francisco de, <em>Anno Historico Diario Portuguez: noticia abreviada de pessoas grandes, e cousas notaveis de Portugal <\/em>(\u2026), Lisboa, na Officina de Domingos Gonsalves, 1744, volume I, 12 de Fevereiro, pp. 252-254; volume II, Pr\u00f3logo, p. X.<\/p>\n<p style=\"font-weight: 400;\">SERRANO Y SANZ, Manuel, <em>Apuntes para una biblioteca de escritoras espa\u00f1olas desde el a\u00f1o 1401 al 1833<\/em>. Madrid: Establecimiento tipografico \u201cSucesores de Rivadeneyra\u201d, 1903-1905. vol I, pp. 256-257.<em>\u00a0<\/em><\/p>\n<p style=\"font-weight: 400;\">VITERBO, Francisco de Sousa <em>A Livraria Real, especialmente no reinado de D. Manuel<\/em>, Lisboa, Typographia da Academia, 1901, pp. 27-41.<\/p>\n<p>&nbsp;<\/p>\n<p style=\"font-weight: 400;\"><strong>OBSERVA\u00c7\u00d5ES<\/strong><\/p>\n<p style=\"font-weight: 400;\">Barbosa MACHADO refere p. 405 um \u00ab<em>Livro de Memorias<\/em>, que vi em casa do Marquez Mordomo m\u00f4r\u00bb.<\/p>\n<p style=\"font-weight: 400;\">\n","protected":false},"excerpt":{"rendered":"<p>NOME Catarina de Habsburgo e Avis, Rainha de Portugal Elementos biogr\u00e1ficos PAI Filipe de Habsburgo, Rei consorte de Castela e Le\u00e3o, Rei de Espanha, \u201cO Belo\u201d M\u00c3E Joana de Castela e Arag\u00e3o, Rainha de Castela e Le\u00e3o e Rainha de Espanha \u201ca Louca\u201d LOCAL DE NASCIMENTO Palencia, Torquemada DATA DE NASCIMENTO 14 de Janeiro de &#8230; <a title=\"Catarina de Habsburgo e Avis, Rainha de Portugal\" class=\"read-more\" href=\"http:\/\/escritoras-em-portugues.com\/pt_pt\/xvi\/catarina-de-habsburgo-e-avis-rainha-de-portugal\/\" aria-label=\"Leia mais sobre Catarina de Habsburgo e Avis, Rainha de Portugal\">Ler mais<\/a><\/p>\n","protected":false},"author":3,"featured_media":0,"parent":45,"menu_order":0,"comment_status":"closed","ping_status":"closed","template":"","meta":{"cybocfi_hide_featured_image":"","footnotes":""},"class_list":["post-769","page","type-page","status-publish"],"_links":{"self":[{"href":"http:\/\/escritoras-em-portugues.com\/pt_pt\/wp-json\/wp\/v2\/pages\/769","targetHints":{"allow":["GET"]}}],"collection":[{"href":"http:\/\/escritoras-em-portugues.com\/pt_pt\/wp-json\/wp\/v2\/pages"}],"about":[{"href":"http:\/\/escritoras-em-portugues.com\/pt_pt\/wp-json\/wp\/v2\/types\/page"}],"author":[{"embeddable":true,"href":"http:\/\/escritoras-em-portugues.com\/pt_pt\/wp-json\/wp\/v2\/users\/3"}],"replies":[{"embeddable":true,"href":"http:\/\/escritoras-em-portugues.com\/pt_pt\/wp-json\/wp\/v2\/comments?post=769"}],"version-history":[{"count":5,"href":"http:\/\/escritoras-em-portugues.com\/pt_pt\/wp-json\/wp\/v2\/pages\/769\/revisions"}],"predecessor-version":[{"id":1670,"href":"http:\/\/escritoras-em-portugues.com\/pt_pt\/wp-json\/wp\/v2\/pages\/769\/revisions\/1670"}],"up":[{"embeddable":true,"href":"http:\/\/escritoras-em-portugues.com\/pt_pt\/wp-json\/wp\/v2\/pages\/45"}],"wp:attachment":[{"href":"http:\/\/escritoras-em-portugues.com\/pt_pt\/wp-json\/wp\/v2\/media?parent=769"}],"curies":[{"name":"wp","href":"https:\/\/api.w.org\/{rel}","templated":true}]}}