{"id":654,"date":"2023-04-23T17:20:33","date_gmt":"2023-04-23T20:20:33","guid":{"rendered":"http:\/\/escritoras-em-portugues.provisorio.ws\/?page_id=654"},"modified":"2024-06-04T19:39:23","modified_gmt":"2024-06-04T19:39:23","slug":"mecia-anriques","status":"publish","type":"page","link":"http:\/\/escritoras-em-portugues.com\/pt_pt\/xv\/mecia-anriques\/","title":{"rendered":"M\u00e9cia Anriques"},"content":{"rendered":"<p><strong>NOME <\/strong>M\u00e9cia Anriques<\/p>\n<h4><strong>Dados biogr\u00e1ficos<\/strong><\/h4>\n<p><strong>DATA DE NASCIMENTO<\/strong> S\u00e9culo XV<br \/>\n<strong>DATA DA MORTE<\/strong> S\u00e9culo XV<\/p>\n<p><strong>IDIOMAS<\/strong> Portugu\u00eas<\/p>\n<h4><strong>Obra<\/strong><\/h4>\n<p><strong>OBRAS IMPRESSAS<\/strong><\/p>\n<pre>Quem vio nunca lou\u00e7ainha\r\nQue, antes que ssacabasse,\r\nQue as damas da rrainha\r\nDe rriso todas matasse.\r\n\r\nE vede o que seraa\r\nO dia do pare\u00e7er,\r\nOu quem entam poderaa\r\nEscapar de nam morrer.\r\nQuant\u2019eu diguo mana minha,\r\nQue sseraa bem quem achasse\r\nLuguar a par da rrainha,\r\nQue o rriso a nam matasse\r\n\r\nin.: <a href=\"http:\/\/purl.pt\/12096\/5\/\">RESENDE, Garcia de, <em>Cancioneiro Geral de Garcia de Resende, <\/em>Lisboa, por Hernan de Campos, 1516 , fl.\r\n<\/a><\/pre>\n<h4><\/h4>\n<h5><strong>BIBLIOGRAFIA<\/strong><\/h5>\n<p><a href=\"http:\/\/purl.pt\/12096\/5\/\">RESENDE, Garcia de, <em>Cancioneiro Geral de Garcia de Resende, <\/em>Lisboa, por Herm\u00e3 de Campos, 1516, fl.<\/a><\/p>\n<p>SAMARTIN, Roberto Lopez-Iglesias, <em>A dona do tempo antigo. Mulher e campo liter\u00e1rio no Renascimento portugu\u00eas (1495-1557), <\/em>Santiago de Compostela, Edicions Laiovento, 2003.<\/p>\n<p>S\u00c1NCHEZ TARR\u00cdO, Ana Maria \u201c<em>\u0168 amor demasiado. <\/em>Sobre a carta de amor em verso\u2019 in Jos\u00e9 Lu\u00eds Rodr\u00edguez (ed.), <em>In honorem Ricardo Carbalho Calero<\/em>, Santiago de Compostela, Parlamento de Galicia, Universidade de Santiago, 2000, volume II, pp. 663-676.<\/p>\n<p>SAMPAIO, Albino Forjaz de, <em>As melhores p\u00e1ginas da literatura feminina (poesia), <\/em>Lisboa, Livraia Popular de Francisco Franco, 1935, p. 12.<\/p>\n","protected":false},"excerpt":{"rendered":"<p>NOME M\u00e9cia Anriques Dados biogr\u00e1ficos DATA DE NASCIMENTO S\u00e9culo XV DATA DA MORTE S\u00e9culo XV IDIOMAS Portugu\u00eas Obra OBRAS IMPRESSAS Quem vio nunca lou\u00e7ainha Que, antes que ssacabasse, Que as damas da rrainha De rriso todas matasse. E vede o que seraa O dia do pare\u00e7er, Ou quem entam poderaa Escapar de nam morrer. Quant\u2019eu &#8230; <a title=\"M\u00e9cia Anriques\" class=\"read-more\" href=\"http:\/\/escritoras-em-portugues.com\/pt_pt\/xv\/mecia-anriques\/\" aria-label=\"Leia mais sobre M\u00e9cia Anriques\">Ler mais<\/a><\/p>\n","protected":false},"author":2,"featured_media":0,"parent":43,"menu_order":0,"comment_status":"closed","ping_status":"closed","template":"","meta":{"cybocfi_hide_featured_image":"","footnotes":""},"class_list":["post-654","page","type-page","status-publish"],"_links":{"self":[{"href":"http:\/\/escritoras-em-portugues.com\/pt_pt\/wp-json\/wp\/v2\/pages\/654","targetHints":{"allow":["GET"]}}],"collection":[{"href":"http:\/\/escritoras-em-portugues.com\/pt_pt\/wp-json\/wp\/v2\/pages"}],"about":[{"href":"http:\/\/escritoras-em-portugues.com\/pt_pt\/wp-json\/wp\/v2\/types\/page"}],"author":[{"embeddable":true,"href":"http:\/\/escritoras-em-portugues.com\/pt_pt\/wp-json\/wp\/v2\/users\/2"}],"replies":[{"embeddable":true,"href":"http:\/\/escritoras-em-portugues.com\/pt_pt\/wp-json\/wp\/v2\/comments?post=654"}],"version-history":[{"count":2,"href":"http:\/\/escritoras-em-portugues.com\/pt_pt\/wp-json\/wp\/v2\/pages\/654\/revisions"}],"predecessor-version":[{"id":1750,"href":"http:\/\/escritoras-em-portugues.com\/pt_pt\/wp-json\/wp\/v2\/pages\/654\/revisions\/1750"}],"up":[{"embeddable":true,"href":"http:\/\/escritoras-em-portugues.com\/pt_pt\/wp-json\/wp\/v2\/pages\/43"}],"wp:attachment":[{"href":"http:\/\/escritoras-em-portugues.com\/pt_pt\/wp-json\/wp\/v2\/media?parent=654"}],"curies":[{"name":"wp","href":"https:\/\/api.w.org\/{rel}","templated":true}]}}