{"id":646,"date":"2023-04-23T17:15:51","date_gmt":"2023-04-23T20:15:51","guid":{"rendered":"http:\/\/escritoras-em-portugues.provisorio.ws\/?page_id=646"},"modified":"2024-06-04T19:37:07","modified_gmt":"2024-06-04T19:37:07","slug":"maria-de-tavora","status":"publish","type":"page","link":"http:\/\/escritoras-em-portugues.com\/pt_pt\/xv\/maria-de-tavora\/","title":{"rendered":"Maria de T\u00e1vora"},"content":{"rendered":"<p><strong>NOME <\/strong>Maria de T\u00e1vora<\/p>\n<p><strong>Dados biogr\u00e1ficos<\/strong><\/p>\n<p><strong>PAI<\/strong> Pero Louren\u00e7o de T\u00e1vora 3\u00ba Senhor de Mogadouro<br \/>\n<strong>M\u00c3E<\/strong> In\u00eas de Sousa<br \/>\n<strong>LOCAL DE NASCIMENTO<\/strong> Lisboa (?)<br \/>\n<strong>DATA DE NASCIMENTO<\/strong> S\u00e9culo XV<br \/>\n<strong>LOCAL DA MORTE<\/strong> Lisboa (?)<br \/>\n<strong>INSTITUI\u00c7\u00d5ES QUE FREQUENTOU<\/strong> Corte de D. Manuel I<br \/>\n<strong>DATA DA MORTE<\/strong> S\u00e9culo XVI (sepultada com o marido na Igreja do Convento da Penha Longa, Sintra)<br \/>\n<strong>ESTADO<\/strong> Casada<br \/>\n<strong>C\u00d4NJUGUE <\/strong> D. Diogo da Silveira, do Conselho Real, Veador de D. Jorge, Mestre de Santiago f. 1522 [<em>apud<\/em> Caetano de Sousa]. Poeta do <em>Cancioneiro Geral<\/em> de Garcia de Resende [<em>apud<\/em> <em>Enciclop\u00e9dia<\/em>]<br \/>\n<strong>LUGAR E DATA DE CASAMENTO<\/strong> c. 1450<br \/>\n<strong>N\u00ba DE FILHOS<\/strong> 3<br \/>\n<strong>FILHOS<br \/>\n<\/strong>D. Mecia da Silveira de T\u00e1vora<br \/>\nD. Isabel de T\u00e1vora<br \/>\nD. Leonor da Silveira<\/p>\n<p><strong>Obra<\/strong><\/p>\n<p><strong>OBRAS IMPRESSAS<\/strong><\/p>\n<pre><em>Dona Maria de T\u00e1vora\r\n\r\n<\/em>O prazer de ser perdido\r\nPor dama destes sinais\r\nNam v\u2019neguo ser subido,\r\nPor quem perder v\u2019ganhais.\r\nMas mais deveis recear\r\nO ousar de comet\u00ea-la,\r\nPois faz\u00ea-lo \u00e9 acabar\r\nDe perd\u00ea-la.\r\n\r\nin.: <a href=\"http:\/\/purl.pt\/12096\/5\/\">RESENDE, Garcia de, <em>Cancioneiro Geral de Garcia de Resende, <\/em>Lisboa, por Herm\u00e3 de Campos, 1516, fl.\r\n<\/a><\/pre>\n<p><strong>BIBLIOGRAFIA <\/strong><\/p>\n<p>DIAS, Aida Fernanda, <em>Cancioneiro Geral de Garcia de Resende, <\/em>Lisboa, Imprensa Nacional \u2013 Casa da Moeda, 1993, vol. III, 608, p. 294.<\/p>\n<p><a href=\"http:\/\/digitarq.dgarq.gov.pt\/details?id=3871689\"><em>Chancelaria de D. Manuel I<\/em>, Livro 29, fl. 102<\/a><\/p>\n<p>GAYO, Manuel Jos\u00e9 da Costa Felgueiras, <em>Nobili\u00e1rio das Fam\u00edlias de Portugal<\/em>, vol. IX, Braga, Agostinho de Azevedo Meirelles, Domingos de Ara\u00fajo Afonso, 1938-1941, pp. 373, 518.<\/p>\n<p><a href=\"http:\/\/purl.pt\/12096\/5\/\">RESENDE, Garcia de, <em>Cancioneiro Geral de Garcia de Resende, <\/em>Lisboa, por Herm\u00e3 de Campos, 1516, fl.<\/a><\/p>\n<p>S\u00c1NCHEZ TARR\u00cdO, Ana Maria \u201c<em>\u0168 amor demasiado. <\/em>Sobre a carta de amor em verso\u2019 in Jos\u00e9 Lu\u00eds Rodr\u00edguez (ed.), <em>In honorem Ricardo Carbalho Calero<\/em>, Santiago de Compostela, Parlamento de Galicia, Universidade de Santiago, 2000, volume II, pp. 663-676.<\/p>\n<p>SOUSA, Manuel Caetano de, <em>Hist\u00f3ria Geneal\u00f3gica da Casa Real Portuguesa, <\/em>TomoXII, parte II, Coimbra, Livraria Atl\u00e2ntida, 1951, pp. 21, 22<\/p>\n","protected":false},"excerpt":{"rendered":"<p>NOME Maria de T\u00e1vora Dados biogr\u00e1ficos PAI Pero Louren\u00e7o de T\u00e1vora 3\u00ba Senhor de Mogadouro M\u00c3E In\u00eas de Sousa LOCAL DE NASCIMENTO Lisboa (?) DATA DE NASCIMENTO S\u00e9culo XV LOCAL DA MORTE Lisboa (?) INSTITUI\u00c7\u00d5ES QUE FREQUENTOU Corte de D. Manuel I DATA DA MORTE S\u00e9culo XVI (sepultada com o marido na Igreja do Convento &#8230; <a title=\"Maria de T\u00e1vora\" class=\"read-more\" href=\"http:\/\/escritoras-em-portugues.com\/pt_pt\/xv\/maria-de-tavora\/\" aria-label=\"Leia mais sobre Maria de T\u00e1vora\">Ler mais<\/a><\/p>\n","protected":false},"author":2,"featured_media":0,"parent":43,"menu_order":0,"comment_status":"closed","ping_status":"closed","template":"","meta":{"cybocfi_hide_featured_image":"","footnotes":""},"class_list":["post-646","page","type-page","status-publish"],"_links":{"self":[{"href":"http:\/\/escritoras-em-portugues.com\/pt_pt\/wp-json\/wp\/v2\/pages\/646","targetHints":{"allow":["GET"]}}],"collection":[{"href":"http:\/\/escritoras-em-portugues.com\/pt_pt\/wp-json\/wp\/v2\/pages"}],"about":[{"href":"http:\/\/escritoras-em-portugues.com\/pt_pt\/wp-json\/wp\/v2\/types\/page"}],"author":[{"embeddable":true,"href":"http:\/\/escritoras-em-portugues.com\/pt_pt\/wp-json\/wp\/v2\/users\/2"}],"replies":[{"embeddable":true,"href":"http:\/\/escritoras-em-portugues.com\/pt_pt\/wp-json\/wp\/v2\/comments?post=646"}],"version-history":[{"count":2,"href":"http:\/\/escritoras-em-portugues.com\/pt_pt\/wp-json\/wp\/v2\/pages\/646\/revisions"}],"predecessor-version":[{"id":1748,"href":"http:\/\/escritoras-em-portugues.com\/pt_pt\/wp-json\/wp\/v2\/pages\/646\/revisions\/1748"}],"up":[{"embeddable":true,"href":"http:\/\/escritoras-em-portugues.com\/pt_pt\/wp-json\/wp\/v2\/pages\/43"}],"wp:attachment":[{"href":"http:\/\/escritoras-em-portugues.com\/pt_pt\/wp-json\/wp\/v2\/media?parent=646"}],"curies":[{"name":"wp","href":"https:\/\/api.w.org\/{rel}","templated":true}]}}