{"id":574,"date":"2023-04-23T16:25:28","date_gmt":"2023-04-23T19:25:28","guid":{"rendered":"http:\/\/escritoras-em-portugues.provisorio.ws\/?page_id=574"},"modified":"2024-06-04T16:49:42","modified_gmt":"2024-06-04T16:49:42","slug":"joana-de-melo-dona","status":"publish","type":"page","link":"http:\/\/escritoras-em-portugues.com\/pt_pt\/xv\/joana-de-melo-dona\/","title":{"rendered":"Joana de Melo, Dona"},"content":{"rendered":"<p><strong>Nome<\/strong> Joana de Melo, Dona<\/p>\n<p><strong>Dados biogr\u00e1ficos<\/strong><\/p>\n<p><strong>Data de nascimento<\/strong> S\u00e9culo XV<strong><br \/>\nData da morte<\/strong> S\u00e9culo XVI<\/p>\n<p><strong>Idiomas<\/strong> Portugu\u00eas<\/p>\n<p><strong>Obra<\/strong><\/p>\n<p><strong>OBRAS IMPRESSAS<br \/>\n<\/strong><\/p>\n<pre>Pois vos hei-de aconselhar\r\nTudo o que me parecer, \r\nConvem-me de vos chorar, \r\nQue se nam pode escusar \r\nVer-vos morte padecer. \r\nNam cureis de recear, \r\nPerdei-vos ante por ela,  \r\nFolgai de vos ver matar \r\nA tal donzela. \r\n\r\nin.: <a href=\"http:\/\/purl.pt\/12096\/5\/\"><em>Cancioneiro Geral de Garcia de Resende, <\/em>Lisboa, por Herm\u00e3 de Campos, 1516, fl.<\/a> \r\n<\/pre>\n<p><strong>Bibliografia<\/strong><\/p>\n<p><a href=\"http:\/\/purl.pt\/12096\/5\/\">RESENDE, Garcia de, <em>Cancioneiro Geral de Garcia de Resende, <\/em>Lisboa, por Herm\u00e3 de Campos, 1516, fl.<\/a><\/p>\n<p>SAMARTIN, Roberto Lopez-Iglesias, <em>A dona do tempo antigo. Mulher e campo liter\u00e1rio no Renascimento portugu\u00eas (1495-1557), <\/em>Santiago de Compostela, Edicions Laiovento, 2003.<\/p>\n<p>&nbsp;<\/p>\n","protected":false},"excerpt":{"rendered":"<p>Nome Joana de Melo, Dona Dados biogr\u00e1ficos Data de nascimento S\u00e9culo XV Data da morte S\u00e9culo XVI Idiomas Portugu\u00eas Obra OBRAS IMPRESSAS Pois vos hei-de aconselhar Tudo o que me parecer, Convem-me de vos chorar, Que se nam pode escusar Ver-vos morte padecer. Nam cureis de recear, Perdei-vos ante por ela, Folgai de vos ver &#8230; <a title=\"Joana de Melo, Dona\" class=\"read-more\" href=\"http:\/\/escritoras-em-portugues.com\/pt_pt\/xv\/joana-de-melo-dona\/\" aria-label=\"Leia mais sobre Joana de Melo, Dona\">Ler mais<\/a><\/p>\n","protected":false},"author":2,"featured_media":0,"parent":43,"menu_order":0,"comment_status":"closed","ping_status":"closed","template":"","meta":{"cybocfi_hide_featured_image":"","footnotes":""},"class_list":["post-574","page","type-page","status-publish"],"_links":{"self":[{"href":"http:\/\/escritoras-em-portugues.com\/pt_pt\/wp-json\/wp\/v2\/pages\/574","targetHints":{"allow":["GET"]}}],"collection":[{"href":"http:\/\/escritoras-em-portugues.com\/pt_pt\/wp-json\/wp\/v2\/pages"}],"about":[{"href":"http:\/\/escritoras-em-portugues.com\/pt_pt\/wp-json\/wp\/v2\/types\/page"}],"author":[{"embeddable":true,"href":"http:\/\/escritoras-em-portugues.com\/pt_pt\/wp-json\/wp\/v2\/users\/2"}],"replies":[{"embeddable":true,"href":"http:\/\/escritoras-em-portugues.com\/pt_pt\/wp-json\/wp\/v2\/comments?post=574"}],"version-history":[{"count":2,"href":"http:\/\/escritoras-em-portugues.com\/pt_pt\/wp-json\/wp\/v2\/pages\/574\/revisions"}],"predecessor-version":[{"id":1724,"href":"http:\/\/escritoras-em-portugues.com\/pt_pt\/wp-json\/wp\/v2\/pages\/574\/revisions\/1724"}],"up":[{"embeddable":true,"href":"http:\/\/escritoras-em-portugues.com\/pt_pt\/wp-json\/wp\/v2\/pages\/43"}],"wp:attachment":[{"href":"http:\/\/escritoras-em-portugues.com\/pt_pt\/wp-json\/wp\/v2\/media?parent=574"}],"curies":[{"name":"wp","href":"https:\/\/api.w.org\/{rel}","templated":true}]}}