{"id":458,"date":"2023-04-23T13:41:48","date_gmt":"2023-04-23T16:41:48","guid":{"rendered":"http:\/\/escritoras-em-portugues.provisorio.ws\/?page_id=458"},"modified":"2024-06-04T01:31:55","modified_gmt":"2024-06-04T01:31:55","slug":"base-de-dados","status":"publish","type":"page","link":"http:\/\/escritoras-em-portugues.com\/pt_pt\/base-de-dados\/","title":{"rendered":"Base de dados"},"content":{"rendered":"\r\n<p><a href=\"https:\/\/escritoras-em-portugues.com\/pt_pt\/xv\/\">S\u00e9culo XV<\/a><br \/><a href=\"https:\/\/escritoras-em-portugues.com\/pt_pt\/xvi\/\">S\u00e9culo XVI<\/a><br \/><a href=\"https:\/\/escritoras-em-portugues.com\/pt_pt\/xvii\/\">S\u00e9culo XVII<\/a><br \/><a href=\"https:\/\/escritoras-em-portugues.com\/pt_pt\/xviii\/\">S\u00e9culo XVIII<\/a><br \/><a href=\"https:\/\/escritoras-em-portugues.com\/pt_pt\/xix\/\">S\u00e9culo XIX<\/a><\/p>\r\n","protected":false},"excerpt":{"rendered":"<p>S\u00e9culo XVS\u00e9culo XVIS\u00e9culo XVIIS\u00e9culo XVIIIS\u00e9culo XIX<\/p>\n","protected":false},"author":2,"featured_media":0,"parent":0,"menu_order":0,"comment_status":"closed","ping_status":"closed","template":"","meta":{"cybocfi_hide_featured_image":"","footnotes":""},"class_list":["post-458","page","type-page","status-publish"],"_links":{"self":[{"href":"http:\/\/escritoras-em-portugues.com\/pt_pt\/wp-json\/wp\/v2\/pages\/458","targetHints":{"allow":["GET"]}}],"collection":[{"href":"http:\/\/escritoras-em-portugues.com\/pt_pt\/wp-json\/wp\/v2\/pages"}],"about":[{"href":"http:\/\/escritoras-em-portugues.com\/pt_pt\/wp-json\/wp\/v2\/types\/page"}],"author":[{"embeddable":true,"href":"http:\/\/escritoras-em-portugues.com\/pt_pt\/wp-json\/wp\/v2\/users\/2"}],"replies":[{"embeddable":true,"href":"http:\/\/escritoras-em-portugues.com\/pt_pt\/wp-json\/wp\/v2\/comments?post=458"}],"version-history":[{"count":2,"href":"http:\/\/escritoras-em-portugues.com\/pt_pt\/wp-json\/wp\/v2\/pages\/458\/revisions"}],"predecessor-version":[{"id":1601,"href":"http:\/\/escritoras-em-portugues.com\/pt_pt\/wp-json\/wp\/v2\/pages\/458\/revisions\/1601"}],"wp:attachment":[{"href":"http:\/\/escritoras-em-portugues.com\/pt_pt\/wp-json\/wp\/v2\/media?parent=458"}],"curies":[{"name":"wp","href":"https:\/\/api.w.org\/{rel}","templated":true}]}}