{"id":1513,"date":"2024-02-19T07:08:57","date_gmt":"2024-02-19T07:08:57","guid":{"rendered":"https:\/\/escritoras-em-portugues.com\/?page_id=1513"},"modified":"2024-06-04T02:52:04","modified_gmt":"2024-06-04T02:52:04","slug":"cathalina-do-espirito-santo-soror","status":"publish","type":"page","link":"http:\/\/escritoras-em-portugues.com\/pt_pt\/xvi\/cathalina-do-espirito-santo-soror\/","title":{"rendered":"Cathalina do Esp\u00edrito Santo, Soror"},"content":{"rendered":"<p><strong>NOME<\/strong> Cathalina do Esp\u00edrito Santo, Soror<\/p>\n<h4><strong>Elementos biogr\u00e1ficos<\/strong><\/h4>\n<p><strong>DATA DE NASCIMENTO<\/strong>\u00a0 S\u00e9culo XVI<\/p>\n<p><strong>DATA DA MORTE<\/strong>\u00a0 S\u00e9culo XVII<\/p>\n<p><strong>ESTADO\u00a0<\/strong>Freira<\/p>\n<p><strong>ORDEM RELIGIOSA\u00a0<\/strong>Santa Clara<\/p>\n<p><strong>CONVENTO <\/strong>Alc\u00e2ntara, Lisboa<\/p>\n<h4><strong>Obra<\/strong><\/h4>\n<p><strong>OBRAS IMPRESSAS<\/strong><\/p>\n<blockquote><p><i>Relacion de como se ha fundado Alcantara de Portugal junto a Lisboa el muy devoto Monasterio de N S de la Quietacion, por la Catholica Magestad del Rey N S D. Phelippe II de gloriosa memoria para las monjas peregrinas de S. Clara de la primera regla, venidas de la Provincia de Alemania Baxa despues de los hereges las aver perseguido y desterrado de tierras en tierras por quatro vezes, <\/i>Lisboa, Pedro Craesbeeck, 1627.<\/p><\/blockquote>\n<h4><strong>Bibliografia:<\/strong><\/h4>\n<p><a href=\"http:\/\/ler.letras.up.pt\/uploads\/ficheiros\/4720.pdf\">MORUJ\u00c3O, Isabel, <i><span lang=\"PT\">Contributo para uma Bibliografia cronol\u00f3gica da Literatura Mon\u00e1stica Feminina Portuguesa dos s\u00e9culos XVII e XVIII (impressos), <\/span><\/i><span lang=\"PT\">Lisboa, Centro de Estudos de Hist\u00f3ria Religiosa, Universidade Cat\u00f3lica Portuguesa, 1995<\/span><\/a><\/p>\n<div><a name=\"OLE_LINK280\"><\/a><\/div>\n","protected":false},"excerpt":{"rendered":"<p>NOME Cathalina do Esp\u00edrito Santo, Soror Elementos biogr\u00e1ficos DATA DE NASCIMENTO\u00a0 S\u00e9culo XVI DATA DA MORTE\u00a0 S\u00e9culo XVII ESTADO\u00a0Freira ORDEM RELIGIOSA\u00a0Santa Clara CONVENTO Alc\u00e2ntara, Lisboa Obra OBRAS IMPRESSAS Relacion de como se ha fundado Alcantara de Portugal junto a Lisboa el muy devoto Monasterio de N S de la Quietacion, por la Catholica Magestad del &#8230; <a title=\"Cathalina do Esp\u00edrito Santo, Soror\" class=\"read-more\" href=\"http:\/\/escritoras-em-portugues.com\/pt_pt\/xvi\/cathalina-do-espirito-santo-soror\/\" aria-label=\"Leia mais sobre Cathalina do Esp\u00edrito Santo, Soror\">Ler mais<\/a><\/p>\n","protected":false},"author":3,"featured_media":0,"parent":45,"menu_order":0,"comment_status":"closed","ping_status":"closed","template":"","meta":{"cybocfi_hide_featured_image":"","footnotes":""},"class_list":["post-1513","page","type-page","status-publish"],"_links":{"self":[{"href":"http:\/\/escritoras-em-portugues.com\/pt_pt\/wp-json\/wp\/v2\/pages\/1513","targetHints":{"allow":["GET"]}}],"collection":[{"href":"http:\/\/escritoras-em-portugues.com\/pt_pt\/wp-json\/wp\/v2\/pages"}],"about":[{"href":"http:\/\/escritoras-em-portugues.com\/pt_pt\/wp-json\/wp\/v2\/types\/page"}],"author":[{"embeddable":true,"href":"http:\/\/escritoras-em-portugues.com\/pt_pt\/wp-json\/wp\/v2\/users\/3"}],"replies":[{"embeddable":true,"href":"http:\/\/escritoras-em-portugues.com\/pt_pt\/wp-json\/wp\/v2\/comments?post=1513"}],"version-history":[{"count":4,"href":"http:\/\/escritoras-em-portugues.com\/pt_pt\/wp-json\/wp\/v2\/pages\/1513\/revisions"}],"predecessor-version":[{"id":1671,"href":"http:\/\/escritoras-em-portugues.com\/pt_pt\/wp-json\/wp\/v2\/pages\/1513\/revisions\/1671"}],"up":[{"embeddable":true,"href":"http:\/\/escritoras-em-portugues.com\/pt_pt\/wp-json\/wp\/v2\/pages\/45"}],"wp:attachment":[{"href":"http:\/\/escritoras-em-portugues.com\/pt_pt\/wp-json\/wp\/v2\/media?parent=1513"}],"curies":[{"name":"wp","href":"https:\/\/api.w.org\/{rel}","templated":true}]}}