{"id":1481,"date":"2024-02-16T16:59:29","date_gmt":"2024-02-16T16:59:29","guid":{"rendered":"https:\/\/escritoras-em-portugues.com\/?page_id=1481"},"modified":"2024-06-04T22:44:08","modified_gmt":"2024-06-04T22:44:08","slug":"ermelinda-salome-gouveia-neves-de-almeida","status":"publish","type":"page","link":"http:\/\/escritoras-em-portugues.com\/pt_pt\/xix\/ermelinda-salome-gouveia-neves-de-almeida\/","title":{"rendered":"Ermelinda Salom\u00e9 Gouveia Neves de Almeida"},"content":{"rendered":"<p><strong>NOME <\/strong><span lang=\"PT\">Ermelinda Salom\u00e9 Gouveia Neves de Almeida<\/span><\/p>\n<h4><strong>Elementos biogr\u00e1ficos<\/strong><\/h4>\n<p><strong>DATA DE NASCIMENTO <\/strong><span lang=\"PT\">22 de Outubro de 1893<\/span><\/p>\n<div><b>PROFISS\u00c3O \/ CARGO \/ FUN\u00c7\u00c3O <\/b><span lang=\"PT\">Professora prim\u00e1ria<\/span><\/div>\n<div><\/div>\n<p><strong>DATA DA MORTE<\/strong>\u00a0 S\u00e9culo XX<\/p>\n<h4><strong>Obra<\/strong><\/h4>\n<p><strong>OBRAS IMPRESSAS<\/strong><\/p>\n<blockquote>\n<p style=\"font-weight: 400;\"><em>Aventura do an\u00e3o gigante<\/em><\/p>\n<p style=\"font-weight: 400;\"><em>Falam os animais<\/em> (1945)<\/p>\n<p style=\"font-weight: 400;\"><em>Dois diabretes em f\u00e9rias<\/em> (1953)<\/p>\n<p style=\"font-weight: 400;\"><em>Menina e Mo\u00e7a<\/em><\/p>\n<\/blockquote>\n<pre><\/pre>\n<h4><strong>Bibliografia:<\/strong><\/h4>\n<p style=\"font-weight: 400;\">CASTELO, Cl\u00e1udia \u201cErmelinda Salom\u00e9 Gouveia Neves de Almeida\u201d N\u00d3VOA, Ant\u00f3nio (dir.) <em>Dicion\u00e1rio de Educadores Portugueses, <\/em>Porto-Lisboa, ASA, 2003, p. 62.<\/p>\n<p style=\"font-weight: 400;\">ROCHA, Nat\u00e9rcia, <em>Breve hist\u00f3ria da literatura para crian\u00e7as em Portugal, <\/em>Lisboa, ICLP &#8211; Biblioteca Breve, 1992.<\/p>\n<p style=\"font-weight: 400;\"><strong>\u00a0<\/strong><\/p>\n","protected":false},"excerpt":{"rendered":"<p>NOME Ermelinda Salom\u00e9 Gouveia Neves de Almeida Elementos biogr\u00e1ficos DATA DE NASCIMENTO 22 de Outubro de 1893 PROFISS\u00c3O \/ CARGO \/ FUN\u00c7\u00c3O Professora prim\u00e1ria DATA DA MORTE\u00a0 S\u00e9culo XX Obra OBRAS IMPRESSAS Aventura do an\u00e3o gigante Falam os animais (1945) Dois diabretes em f\u00e9rias (1953) Menina e Mo\u00e7a Bibliografia: CASTELO, Cl\u00e1udia \u201cErmelinda Salom\u00e9 Gouveia Neves &#8230; <a title=\"Ermelinda Salom\u00e9 Gouveia Neves de Almeida\" class=\"read-more\" href=\"http:\/\/escritoras-em-portugues.com\/pt_pt\/xix\/ermelinda-salome-gouveia-neves-de-almeida\/\" aria-label=\"Leia mais sobre Ermelinda Salom\u00e9 Gouveia Neves de Almeida\">Ler mais<\/a><\/p>\n","protected":false},"author":3,"featured_media":0,"parent":48,"menu_order":0,"comment_status":"closed","ping_status":"closed","template":"","meta":{"cybocfi_hide_featured_image":"","footnotes":""},"class_list":["post-1481","page","type-page","status-publish"],"_links":{"self":[{"href":"http:\/\/escritoras-em-portugues.com\/pt_pt\/wp-json\/wp\/v2\/pages\/1481","targetHints":{"allow":["GET"]}}],"collection":[{"href":"http:\/\/escritoras-em-portugues.com\/pt_pt\/wp-json\/wp\/v2\/pages"}],"about":[{"href":"http:\/\/escritoras-em-portugues.com\/pt_pt\/wp-json\/wp\/v2\/types\/page"}],"author":[{"embeddable":true,"href":"http:\/\/escritoras-em-portugues.com\/pt_pt\/wp-json\/wp\/v2\/users\/3"}],"replies":[{"embeddable":true,"href":"http:\/\/escritoras-em-portugues.com\/pt_pt\/wp-json\/wp\/v2\/comments?post=1481"}],"version-history":[{"count":3,"href":"http:\/\/escritoras-em-portugues.com\/pt_pt\/wp-json\/wp\/v2\/pages\/1481\/revisions"}],"predecessor-version":[{"id":1892,"href":"http:\/\/escritoras-em-portugues.com\/pt_pt\/wp-json\/wp\/v2\/pages\/1481\/revisions\/1892"}],"up":[{"embeddable":true,"href":"http:\/\/escritoras-em-portugues.com\/pt_pt\/wp-json\/wp\/v2\/pages\/48"}],"wp:attachment":[{"href":"http:\/\/escritoras-em-portugues.com\/pt_pt\/wp-json\/wp\/v2\/media?parent=1481"}],"curies":[{"name":"wp","href":"https:\/\/api.w.org\/{rel}","templated":true}]}}