{"id":1465,"date":"2024-02-14T16:17:42","date_gmt":"2024-02-14T16:17:42","guid":{"rendered":"https:\/\/escritoras-em-portugues.com\/?page_id=1465"},"modified":"2024-06-04T19:04:30","modified_gmt":"2024-06-04T19:04:30","slug":"leonor-de-noronha-2","status":"publish","type":"page","link":"http:\/\/escritoras-em-portugues.com\/pt_pt\/xv\/leonor-de-noronha-2\/","title":{"rendered":"Leonor de Noronha"},"content":{"rendered":"<p><strong>NOME <\/strong>Leonor de Noronha<\/p>\n<p><strong>NOME (OUTRAS FORMAS) <\/strong>Leonor de Menezes (segundo Barbosa Machado)<\/p>\n<p><strong>Dados biogr\u00e1ficos<\/strong><\/p>\n<p><strong>PAI <\/strong>Fernando de Menezes, 2\u00ba Marqu\u00eas de Vila Real<br \/>\n<strong>M\u00c3E <\/strong>Maria Freire de Andrade, filha de Jo\u00e3o Freire de Andrada, Senhor de Alcoutim<br \/>\n<strong>LOCAL DE NASCIMENTO<\/strong> \u00c9vora<br \/>\n<strong>DATA DE NASCIMENTO<\/strong> 1488<br \/>\n<strong>LOCAL DE BAPTISMO<\/strong> \u00c9vora (?)<strong><br \/>\n<\/strong><strong>PROFISS\u00c3O \/ CARGO \/ FUN\u00c7\u00c3O <\/strong>Dama da corte da Rainha D. Catarina de \u00c1ustria<strong><br \/>\n<\/strong><strong>DATA DA MORTE<\/strong> 17 de Fevereiro de 1573 ou <a href=\"http:\/\/www.geneall.net\/P\/ag_chronology.php?ano=1563\">1563<\/a> (Sepultada no Convento de S. Domingos de Santar\u00e9m)<br \/>\n<strong>ESTADO<\/strong> Solteira<br \/>\n<strong>IDIOMAS <\/strong>Portugu\u00eas, Latim, Espanhol, Italiano<\/p>\n<p><strong>Obra<\/strong><\/p>\n<p><strong>OBRAS IMPRESSAS<\/strong><\/p>\n<blockquote><p><a href=\"http:\/\/purl.pt\/14546\/3\/\"><em>Coronica geral de Marco Ant\u00f3nio Cocio Sabelico Des ho come\u00e7o do mundo ate nosso tempo<\/em>, Coimbra, Jo\u00e3o de Barreira &amp; Jo\u00e3o \u00c1lvares, 1550<\/a><\/p>\n<p><a href=\"http:\/\/purl.pt\/15151\/3\/\"><em>Este livro he o come\u00e7o da historea de nossa reden\u00e7am que se fez p\u00eara consola\u00e7\u00e3o dos que nam sabem latim; pede ho autor della aos leitores que se nella acharem lhe digam por amor de deos hu pater noster polla alma, <\/em>Lisboa, Germ\u00e3o Galharde, 1552<\/a><\/p>\n<p><a href=\"http:\/\/purl.pt\/14856\/3\/\"><em>Coronica geral da eneyda segunda de Marco Ant\u00f3nio Cocio Sabelico des ho come\u00e7o do mundo ate o nosso tempo<\/em>, Coimbra, Jo\u00e3o de Barreira e Jo\u00e3o \u00c1lvares, 1553<\/a><\/p>\n<p><a href=\"http:\/\/purl.pt\/23226\/3\/#\/0\"><em>Esta he a segunda parte da historia de nossa reden\u00e7\u00e3o: que se fez p\u00eara consola\u00e7am dos que n\u00e3o sabem latim. Pede ho autor aos leytores que se nela acharem lhe dig\u00e3o por amor de Deos hu Pater noster pola alma, <\/em>Coimbra, Jo\u00e3o de Barreira, 1554<\/a><\/p>\n<p><a href=\"http:\/\/bibliotecadigital.fl.ul.pt\/ULFL037729\/ULFL037729_item1\/P7.html\">http:\/\/bibliotecadigital.fl.ul.pt\/ULFL037729\/ULFL037729_item1\/P7.html<\/a><\/p>\n<p><em>Comesso da nossa Redemp\u00e7a\u00f5 que se fez para consola\u00e7a\u00f5 dos que na\u00f5 sabem Latim<\/em>. Lisboa, por Jo\u00e3o Barreira, 1570.<\/p><\/blockquote>\n<p>&nbsp;<\/p>\n<p><strong>OBRAS DESAPARECIDAS<\/strong><\/p>\n<blockquote><p><em>Tres medita\u00e7oens sobre a Payxa\u00f5 para se contemplarem no Triduo da Semana Santa com uma breve declara\u00e7a\u00f5 do Pater Noster<\/em>. (Impressa)<\/p>\n<p><em>Tratadinho [com] tr\u00eas medita\u00e7\u00f5es da paix\u00e3o<\/em><\/p><\/blockquote>\n<p>&nbsp;<\/p>\n<p><strong>BIBLIOGRAFIA <\/strong><\/p>\n<p><a href=\"https:\/\/convergencialusiada.com.br\/rcl\/article\/view\/513\">ANAST\u00c1CIO, Vanda \u201cOnde est\u00e3o as mulheres? Um percurso did\u00e1tico pela Hist\u00f3ria da Literatura Portuguesa\u201d <em>Converg\u00eancia Lus\u00edada, <\/em>Rio de Janeiro, volume 33, n\u00ba 48, 2022, pp. 12-38.<\/a><\/p>\n<p><a href=\"http:\/\/purl.pt\/14013\/3\/\">ANJOS, Frei Lu\u00eds dos, <em>Jardim de Portugal: em que se da noticia de alguas sanctas, &amp; outras molheres illustres em virtude, as quais nascer\u00e3o, ou viver\u00e3o, ou est\u00e3o sepultadas neste reino, &amp; suas c\u00f5quistas recopilado novamente de varios, &amp; graves autores, pello Padre Doutor Frey Luis dos Anjos<\/em> Coimbra, em Casa de Nicolau Carvalho, 1626, Tit 132.<\/a><\/p>\n<p>ANTONIO, Nicolas, <em>Bibliotheca Hispana Nova<\/em>, [ed. Francisco Perez Bayer], Madrid, J. de Ibarra, 1783-1788, volume 2, p. 343.<\/p>\n<p><a href=\"http:\/\/ler.letras.up.pt\/uploads\/ficheiros\/artigo12691.pdf\">BARANDA LETURIO, Nieves, \u201cMujer, escritura y fama: la Hespa\u00f1a Libertada (1618) de Do\u00f1a Bernarda Ferreira de Lacerda\u201d <em>Pen\u00ednsula. Revista de Estudos Ib\u00e9ricos, <\/em>n\u00ba 0, Porto, FLUP, 2003, pp. 225-239.<\/a><\/p>\n<p>BARBOSA, <em>Memorias Politicas Militares del-Rey D. Sebasti\u00e3o<\/em>, Parte 2, Livro 7, Cap. 15.<\/p>\n<p><a href=\"http:\/\/purl.pt\/12169\/3\/\">CARD<span style=\"font-size: inherit;\">OSO, Jorge, <\/span><em style=\"font-size: inherit;\">Agiologio Lusitano dos Santos e var\u00f5es illustres em virtude do Reino de Portugal e suas conquistas<\/em><span style=\"font-size: inherit;\">, Lisboa, Officina Craesbeeckiana, 1652 (Ed. Fac-similada: Maria de Lurdes Correia Fernandes, Porto, Faculdade de Letras do Porto, 2002], volume I, pp. 454-455 p. 459.<\/span><\/a><\/p>\n<p>CORDEIRO, Luciano, <em>A Segunda Duqueza. <\/em>Lisboa, Livraria F\u00e9rin, 1892, pp. 41 e 49-50.<\/p>\n<p>FARINHA, Bento Jos\u00e9 de Sousa, <em>Summario de Bibliotheca Lusitana<\/em>, Lisboa, na Officina da Academia Real das Sciencias, 1787, Volume III, pp. 7-8.<\/p>\n<p>FONSECA, Padre Francisco da, <em>Evora Gloriosa<\/em>, p. 415.<\/p>\n<p><a href=\"https:\/\/proa.ua.pt\/index.php\/agora\/article\/view\/8115\">FRADE, Mafalda \u201cContributo para a Hist\u00f3ria da Tradu\u00e7\u00e3o em Portugal: as primeiras tradutoras conhecidas\u201c <em>\u00c1gora,<\/em> <em>Estudos Cla\u0301ssicos em Debate, <\/em>18 (2016), pp. 141\u2010155.<\/a><\/p>\n<p><a href=\"http:\/\/purl.pt\/12393\/5\/#\/332\">LE\u00c3O, Duarte Nunes de, <em>Descri\u00e7\u00e3o do Reino de Portugal<\/em>, Lisboa, 1610, p. 152 [reed. Lisboa, Centro de Hist\u00f3ria da Universidade de Lisboa, 2002, p. 304]<\/a><\/p>\n<p><a href=\"http:\/\/www.europeana.eu\/portal\/record\/9200110\/BibliographicResource_1000126599795.html\">http:\/\/www.europeana.eu\/portal\/record\/9200110\/BibliographicResource_1000126599795.html<\/a><\/p>\n<p>MACEDO, Ant\u00f3nio Sousa de, <em>Flores de Espa\u00f1a Excelencias de Portugal, <\/em>Lisboa, Jorge Rodrigues 1631 cap. 8 excel\u00eancia 11, pp. 69-70.<\/p>\n<p>MACHADO, Diogo Barbosa, <em>Bibliotheca Luzitana: hist\u00f3rica, cr\u00edtica e cronol\u00f3gica, <\/em>Lisboa Occidental, na Officina de Antonio Isidoro da Fonseca, 1741-1759, volume III, pp. 13-14.<\/p>\n<p>NATIVIDADE, Fr. Francisco da <em>Lenitivo da Dor, <\/em>p. 310, n\u00ba 308.<\/p>\n<p>PACHECO, Fr. Miguel, <em>Vida da Serenissima Infanta D. Maria,<\/em> Livro II, Cap. II,<\/p>\n<p>PERYM, Dami\u00e3o de Froes, <em>Theatro Heroino, abecedario historico, e catalogo das mulheres ilustres em armas, letras ac\u00e7oens heroicas e artes liberais\u2026, <\/em>Lisboa Occidental, na Officina de Musica de Theotonio Antunes Lima, 1736-1740, Volume II, p. 21<\/p>\n<p>RAMALHO, Am\u00e9rico Costa, \u201cPref\u00e1cio\u201d in.: Carolina Michaelis de Vasconcelos, <em>A Infanta D. Maria de Portugal (1521-1577) e as suas Damas<\/em>, reed fac-simile Lisboa, Biblioteca Nacional, 1994] pp. VII.IX.<\/p>\n<p>RAMALHO, Am\u00e9rico Costa, <em>Estudos sobre a \u00c9poca do Renascimento, <\/em>Lisboa, 1997.<\/p>\n<p>RAMALHO, Am\u00e9rico Costa, \u201cD. Leonor de Noronha\u201d<em> Biblos, Enciclop\u00e9dia Verbo das Literaturas de L\u00edngua Portuguesa, <\/em>Lisboa-S\u00e3o Paulo, Editorial Verbo, 1999, pp. 1162-1163.<\/p>\n<p><a href=\"http:\/\/www.uc.pt\/fluc\/eclassicos\/publicacoes\/ficheiros\/humanitas17-18\/02_Costa_Ramalho.pdf\">RAMALHO, Am\u00e9rico Costa, \u201cInvestiga\u00e7\u00f5es sobre Cataldo S\u00edculo\u201d<\/a><\/p>\n<p>RODRIGUES, A. A. Gon\u00e7alves, <em>A Tradu\u00e7\u00e3o em Portugal<\/em>, Lisboa, Imprensa Nacional-Casa da Moeda, 1992. Volume I, p. 49.<\/p>\n<p>SAMARTIN, Roberto Lopez-Iglesias, <em>A dona do tempo antigo. Mulher e campo liter\u00e1rio no Renascimento portugu\u00eas (1495-1557), <\/em>Santiago de Compostela, Edicions Laiovento, 2003.<\/p>\n<p>S\u00c1NCHEZ TARR\u00cdO, Ana Maria \u201c<em>\u0168 amor demasiado. <\/em>Sobre a carta de amor em verso\u2019 in Jos\u00e9 Lu\u00eds Rodr\u00edguez (ed.), <em>In honorem Ricardo Carbalho Calero<\/em>, Santiago de Compostela, Parlamento de Galicia, Universidade de Santiago, 2000, volume II, pp. 663-676.<\/p>\n<p>SANTA MARIA, Pe. Francisco de, <em>Anno Historico Diario Portuguez: noticia abreviada de pessoas grandes, e cousas notaveis de Portugal <\/em>(\u2026), Lisboa, na Officina de Domingos Gonsalves, 1744,Volume I, 17 de Fevereiro, II, p. 288.<\/p>\n<p>SANTOS, Jos\u00e9 dos, <em>Cat\u00e1logoda Livraria que pertenceu aos Condes de Azevedo e Samod\u00e3es, <\/em>Porto, 1922, volume II.<\/p>\n<p>SILVA, Innoc\u00eancio Francisco da, <em>Diccion\u00e1rio Bibliographico Portuguez<\/em>, Lisboa, Imprensa Nacional, 1858, volume V, p. 179-181; volume XIII, p. 290.<\/p>\n<p>SILVESTRE, Maria Beatriz,<em> A correspond\u00eancia de Cataldo com os Condes de Alcoutim, <\/em>1965, (Disserta\u00e7\u00e3o de Licenciatura policopiada)<\/p>\n<p>SOUSA, Manuel Caetano de, <em>Hist\u00f3ria Geneal\u00f3gica da Casa Real Portuguesa, <\/em>Coimbra, Livraria Atl\u00e2ntida, 1951, volume 5, p. 204-205.<\/p>\n<p>TAROUCA, Carlos da Silva, \u201cUma Hist\u00f3ria de Portugal no s\u00e9culo XV e a sua autora\u201d <em>Brot\u00e9ria, <\/em>48.6, 1949, pp. 668-697.<\/p>\n<p>VASCONCELOS, Carolina Michaelis de, <em>A Infanta D. Maria de Portugal (1521-1577) e as suas Damas<\/em>, Porto, Arthur Jos\u00e9 de Souza e Irm\u00e3o, 1902, p. 36<em>.<\/em><\/p>\n<p>&nbsp;<\/p>\n<p><strong>LINKS RELACIONADOS<\/strong><\/p>\n<p><a href=\"http:\/\/alcoutimlivre.blogspot.pt\/2010\/06\/d-leonor-de-noronha-filha-dos-1s-condes.html\">http:\/\/alcoutimlivre.blogspot.pt\/2010\/06\/d-leonor-de-noronha-filha-dos-1s-condes.html<\/a><\/p>\n<p><strong>OBSERVA\u00c7\u00d5ES<\/strong><\/p>\n<p>Luciano CORDEIRO: \u00abSepultada no Convento de S. Domingos de Santar\u00e9m, \u201conde\u201d \u2013 diz Caetano de Sousa \u2013 \u201cse l\u00ea este Epitafio: &#8211; <em>Aqui jaz D. Leonor de Noronha, filha de Dom Fernando de Menezes, segundo Marquez de Villa Real, e da Marqueza Dona Maria Freire, que falleceu sem casar de edade de setenta e cinco annos no de <\/em>M. D. LXIII.\u00bb<\/p>\n<p>Irm\u00e3 do 3\u00ba Marqu\u00eas de Vila Real D. Pedro de Meneses<\/p>\n<p>Am\u00e9rico Costa RAMALHO, <em>Biblos,<\/em> p. 1162 \u201cAprendeu latim com Cataldo S\u00edculo que a descreve em versos latinos aos 11 anos, de cabelos louros e tez rosada. Mais tarde o humanista tece no seu epistol\u00e1rio rasgados elogios \u00e0 inteligencia e aplica\u00e7\u00e3o ao estudo da disc\u00edpula\u201d<\/p>\n","protected":false},"excerpt":{"rendered":"<p>NOME Leonor de Noronha NOME (OUTRAS FORMAS) Leonor de Menezes (segundo Barbosa Machado) Dados biogr\u00e1ficos PAI Fernando de Menezes, 2\u00ba Marqu\u00eas de Vila Real M\u00c3E Maria Freire de Andrade, filha de Jo\u00e3o Freire de Andrada, Senhor de Alcoutim LOCAL DE NASCIMENTO \u00c9vora DATA DE NASCIMENTO 1488 LOCAL DE BAPTISMO \u00c9vora (?) PROFISS\u00c3O \/ CARGO \/ &#8230; <a title=\"Leonor de Noronha\" class=\"read-more\" href=\"http:\/\/escritoras-em-portugues.com\/pt_pt\/xv\/leonor-de-noronha-2\/\" aria-label=\"Leia mais sobre Leonor de Noronha\">Ler mais<\/a><\/p>\n","protected":false},"author":3,"featured_media":0,"parent":43,"menu_order":0,"comment_status":"closed","ping_status":"closed","template":"","meta":{"cybocfi_hide_featured_image":"","footnotes":""},"class_list":["post-1465","page","type-page","status-publish"],"_links":{"self":[{"href":"http:\/\/escritoras-em-portugues.com\/pt_pt\/wp-json\/wp\/v2\/pages\/1465","targetHints":{"allow":["GET"]}}],"collection":[{"href":"http:\/\/escritoras-em-portugues.com\/pt_pt\/wp-json\/wp\/v2\/pages"}],"about":[{"href":"http:\/\/escritoras-em-portugues.com\/pt_pt\/wp-json\/wp\/v2\/types\/page"}],"author":[{"embeddable":true,"href":"http:\/\/escritoras-em-portugues.com\/pt_pt\/wp-json\/wp\/v2\/users\/3"}],"replies":[{"embeddable":true,"href":"http:\/\/escritoras-em-portugues.com\/pt_pt\/wp-json\/wp\/v2\/comments?post=1465"}],"version-history":[{"count":6,"href":"http:\/\/escritoras-em-portugues.com\/pt_pt\/wp-json\/wp\/v2\/pages\/1465\/revisions"}],"predecessor-version":[{"id":1736,"href":"http:\/\/escritoras-em-portugues.com\/pt_pt\/wp-json\/wp\/v2\/pages\/1465\/revisions\/1736"}],"up":[{"embeddable":true,"href":"http:\/\/escritoras-em-portugues.com\/pt_pt\/wp-json\/wp\/v2\/pages\/43"}],"wp:attachment":[{"href":"http:\/\/escritoras-em-portugues.com\/pt_pt\/wp-json\/wp\/v2\/media?parent=1465"}],"curies":[{"name":"wp","href":"https:\/\/api.w.org\/{rel}","templated":true}]}}