{"id":1342,"date":"2024-01-16T21:20:00","date_gmt":"2024-01-16T21:20:00","guid":{"rendered":"https:\/\/escritoras-em-portugues.com\/?page_id=1342"},"modified":"2024-06-04T22:30:52","modified_gmt":"2024-06-04T22:30:52","slug":"ana-de-castro-osorio","status":"publish","type":"page","link":"http:\/\/escritoras-em-portugues.com\/pt_pt\/xix\/ana-de-castro-osorio\/","title":{"rendered":"Ana de Castro Os\u00f3rio"},"content":{"rendered":"<p><strong>NOME \u00a0<\/strong><span lang=\"PT\">Ana de Castro Os\u00f3rio<\/span><\/p>\n<p>&nbsp;<\/p>\n<h4><strong>Elementos biogr\u00e1ficos<\/strong><\/h4>\n<p><strong>PAI<\/strong> Jo\u00e3o Baptista de Castro<\/p>\n<p><strong>M\u00c3E<\/strong> Mariana Os\u00f3rio de Castro Cabral e Albuquerque<\/p>\n<p><strong>LOCAL DE NASCIMENTO\u00a0<\/strong>Mangualde<\/p>\n<p><strong>DATA DE NASCIMENTO<\/strong>\u00a0 18 de Junho de 1872<\/p>\n<p><strong>LOCAL<\/strong> <strong>DA MORTE\u00a0<\/strong>Lisboa<\/p>\n<p><strong>DATA DA MORTE<\/strong>\u00a0 23 de Mar\u00e7o 1935<\/p>\n<p style=\"font-weight: 400;\"><strong>ESTADO<\/strong> Casada<\/p>\n<p style=\"font-weight: 400;\"><strong>C\u00d4NJUGUE<\/strong>\u00a0 Francisco Paulino Gomes de Oliveira<\/p>\n<p style=\"font-weight: 400;\"><strong>LUGAR E DATA DE CASAMENTO\u00a0<\/strong>Set\u00fabal, 10 de Mar\u00e7o de 1898<\/p>\n<p style=\"font-weight: 400;\"><strong>N\u00ba DE FILHOS \u00a0<\/strong><\/p>\n<p style=\"font-weight: 400;\"><strong>FILHOS<\/strong><\/p>\n<p style=\"font-weight: 400;\">Jo\u00e3o de Castro Os\u00f3rio e Oliveira (1899-1970)<\/p>\n<p>Jos\u00e9 Os\u00f3rio de Castro e Oliveira (27\/8\/1900-1964)<\/p>\n<h4><strong>Obra<\/strong><\/h4>\n<p><strong>OBRAS IMPRESSAS<\/strong><\/p>\n<blockquote><p><i>\u00c0s Mulheres Portuguesas, <\/i>Lisboa, 1905.<\/p>\n<p><em>A Mulher no Casamento e. no Div\u00f3rcio, <\/em>Lisboa, 1911.<\/p>\n<p><em>Folha de Sauda\u00e7\u00e3o, <\/em>1902<\/p>\n<p><em>A Bem da P\u00e1tria I<\/em> &#8211; As<em> M\u00e3es devem amamentar seus Filhos,<\/em> Set\u00fabal, 1901<\/p>\n<p><em>A Bem da P\u00e1tria &#8211; A educa\u00e7\u00e3o da crian\u00e7a pela m\u00e3e, <\/em>Figueira, 1901<\/p>\n<p><em>A Bem da P\u00e1tria II &#8211; A educa\u00e7\u00e3o da crian\u00e7a pela mulher,\u00a0<\/em>Figueira, 1905<\/p>\n<p><em>Festas Infantis,\u00a0<\/em>Lisboa, 1906 (2\u00aa ed. Set\u00fabal, 1906) <em>A Boa M\u00e3e, <\/em>Set\u00fabal,\u00a01908<\/p>\n<p><em>A Educa\u00e7\u00e3o C\u00edvica da Mulher, <\/em>Lisboa, 1908 <em>Crian\u00e7as e Mulheres,<\/em> Lisboa, 1909<\/p>\n<p><em>Uma Li\u00e7\u00e3o de Hist\u00f3ria<\/em>, Lisboa, 1909<\/p>\n<p><em>A Festa da \u00c1rvore<\/em>, Set\u00fabal, 1909<\/p>\n<p><em>A Minha P\u00e1tria,\u00a0<\/em>1906<\/p>\n<p>&#8220;Quest\u00f5es educativas&#8221; O Tempo, 20\/03\/1911 e 31\/03\/1911<\/p>\n<p><em>Lendo e aprendendo, <\/em>Porto, 1913<\/p>\n<p><em>Teatro Infantil, 1913<\/em><\/p>\n<p><em>A Influ\u00eancia da M\u00e3e na Ra\u00e7a Portuguesa<\/em>, Lisboa, 1916<\/p>\n<p><em>Viagens Aventurosas de Fel\u00edcio e Felizarda no Brasil<\/em> <em>A Grande Alian\u00e7a<\/em> (1924)<\/p>\n<p>&#8220;Um inqu\u00e9rito Feminista&#8221;\u00a0<em>Di\u00e1rio de Lisboa,<\/em> 29\/10\/1929<\/p><\/blockquote>\n<p><strong>Colabora\u00e7\u00e3o em Peri\u00f3dicos<\/strong><\/p>\n<blockquote>\n<pre><em>ABCzinho<\/em>\r\n\r\n<em>Alma Feminina<\/em>\r\n\r\n<em>Alma\u00a0Nova<\/em>\r\n\r\n<em>Ave Azul<\/em>\r\n\r\n<em>Almanaque de Ponte de Lima<\/em>\r\n\r\n<em>O Amigo da Inf\u00e2ncia<\/em>\r\n\r\n<em>Arr\u00e1bida<\/em> 1\/7\/1899\r\n\r\n<em>Atl\u00e2ntico<\/em>\r\n\r\n<em>Bo\u00e9mios<\/em>\r\n\r\n<em>Branco e negro<\/em>\r\n\r\n<em>Capital<\/em>\r\n\r\n<em>Civiliza\u00e7\u00e3o<\/em>\r\n\r\n<em>Claridade<\/em>\r\n\r\n<em>Com\u00e9rcio e Ind\u00fastria<\/em> (\u00c9vora)\r\n\r\n<em>A Cr\u00f3nica<\/em>\r\n\r\n<em>Descobrimento<\/em>\r\n\r\n<em>Di\u00e1rio Popular<\/em>\r\n\r\n<em>A Escola<\/em>\r\n\r\n<em>A For\u00e7a<\/em>\r\n\r\n<em>A Folha<\/em>\r\n\r\n<em>Folha de Sauda\u00e7\u00e3o<\/em>\r\n\r\n<em>O Garcia de Resende<\/em>\r\n\r\n<em>Gazeta Ilustrada<\/em>\r\n\r\n<em>Gil Braz<\/em>\r\n\r\n<em>Ideal e Verdade<\/em>\r\n\r\n<em>Ideia Nova<\/em>\r\n\r\n<em>Ilustra\u00e7\u00e3o<\/em>\r\n\r\n<em>Ilustra\u00e7\u00e3o Moderna<\/em>\r\n\r\n<em>In Memoriam<\/em>\r\n\r\n<em>Jornal de Coimbra<\/em>\r\n\r\n<em>O Jornal dos Pequeninos<\/em>\r\n\r\n<em>Jornal Portugu\u00eas <\/em>(Rio de Janeiro)\r\n\r\n<em>Limiana<\/em>\r\n\r\n<em>Lusa<\/em>\r\n\r\n<em>A Madrugada<\/em>\r\n\r\n<em>Mala da Europa<\/em>\r\n\r\n<em>A Montanha - Para as crian\u00e7as<\/em>\r\n\r\n<em>A Mulher e a Crian\u00e7a<\/em>\r\n\r\n<em>A Mulher Portuguesa<\/em>\r\n\r\n<em>A Nossa Homenagem<\/em>\r\n\r\n<em>A Nossa Revista<\/em>\r\n\r\n<em>Nova Alvorada<\/em>\r\n\r\n<em>Nova Aurora<\/em>\r\n\r\n<em>Novo Iris<\/em>\r\n\r\n<em>O Ocidente<\/em>\r\n\r\n<em>Passatempo<\/em>\r\n\r\n<em>A P\u00e1tria a Garrett<\/em>\r\n\r\n<em>Portucale<\/em>\r\n\r\n<em>Portugal Moderno\u00a0<\/em>(S\u00e3o Paulo)\r\n\r\n<em>O Pregoeiro<\/em>\r\n\r\n<em>Prosas e Versos<\/em>\r\n\r\n<em>O Radical<\/em>\r\n\r\n<em>A Rep\u00fablica<\/em>\r\n\r\n<em>Revista Amarela<\/em>\r\n\r\n<em>Revista de Lisboa<\/em>\r\n\r\n<em>Revista Liter\u00e1ria<\/em>\r\n\r\n<em>Revista Pedag\u00f3gica<\/em>\r\n\r\n<em>O S\u00e9culo<\/em>\r\n\r\n<em>A Semeadora<\/em>\r\n\r\n<em>O Senhor Doutor<\/em>\r\n\r\n<em>Ser\u00f5es<\/em>\r\n\r\n<em>A Sociedade Futura<\/em>\r\n\r\n<em>Os Sportsinhos<\/em>\r\n\r\n<em>Tic-Tac<\/em>\r\n\r\n<em>A Vanguarda<\/em>\r\n\r\n<em>O Vint\u00e9m das Escolas<\/em>\r\n\r\n<em>O Vint\u00e9m Infantil<\/em>\r\n\r\n<em>A Voz da Mocidade <\/em>(Set\u00fabal)\r\n\r\n<em>A Voz de S\u00e3o Martinho<\/em><\/pre>\n<\/blockquote>\n<p>&nbsp;<\/p>\n<h4><strong>Bibliografia:<\/strong><\/h4>\n<p>BARREIRA, Cec\u00edlia,\u00a0<em>Hist\u00f3ria das nossas Av\u00f3s,\u00a0<\/em>Lisboa, 1992.<\/p>\n<p>BARREIRA, Cec\u00edlia, &#8220;Ana de Castro Os\u00f3rio&#8221; in.: \u00c1lvaro Manuel MACHADO (coord.) <em>Dicion\u00e1rio de Literatura Portuguesa<\/em>, Lisboa, Presen\u00e7a, 1996, p. 355.<\/p>\n<p>BASTOS, Raquel, <em>Ana de Castro Os\u00f3rio, \u00a0Mulher<\/em>, Lisboa, 1935<\/p>\n<p>BEIR\u00c3O, Sara, &#8220;D. Ana de Castro Os\u00f3rio&#8221; <em>Alma Feminina, <\/em>n\u00bas 1 e 2, 1935, pp. 2-3.<\/p>\n<p>COELHO, Jacinto do Prado &#8220;Ana de Castro Os\u00f3rio&#8221;<em> Dicion\u00e1rio de Literatura<\/em>, Porto Figueirinhas, 1983,<\/p>\n<p>COSTA, Fernando Marques da &#8220;Mulheres elites e igualitarismo na I Rep\u00fablica&#8221;\u00a0<em>A Mulher na Sociedade portuguesa, <\/em>Coimbra, 1986, vol. II, pp. 368-383.<\/p>\n<p>ESTEVES, Jo\u00e3o, &#8220;Ana de Castro Os\u00f3rio&#8221; in.: Z\u00edlia Os\u00f3rio de CASTRO e Jo\u00e3o ESTEVES (coord.)\u00a0<em>Dicion\u00e1rio no Feminino (S\u00e9culos XIX-XX), <\/em>Lisboa, Livros Horizonte, 2005, pp. 91-98<\/p>\n<p>ESTEVES, Jo\u00e3o, &#8220;Ana de Castro Os\u00f3rio&#8221; in.: Ant\u00f3nio N\u00d3VOA (Coord.), <em>Dicion\u00e1rio dos Educadores Portugueses,\u00a0<\/em>Porto, ASA, pp. 1019-1026.<\/p>\n<p>ESTEVES, Jo\u00e3o, <em>A Liga Republicana das Mulheres Portuguesas &#8211; Uma Organiza\u00e7\u00e3o Pol\u00edtica e Feminista (1909-1919)<\/em>, Lisboa, 1992.<\/p>\n<p>ESTEVES, Jo\u00e3o &#8220;A Colec\u00e7\u00e3o Castro Os\u00f3rio &#8211; Ana de Castro Os\u00f3rio (1872-1935)&#8221;\u00a0<em>Leituras. Revista da Biblioteca Nacional, \u00a0n\u00ba 1, 1997, pp. 169-174.<\/em><\/p>\n<p>ESTEVES, Jo\u00e3o,\u00a0<em>As Origens do Sufragismo Portugu\u00eas, <\/em>Lisboa, Editorial Biz\u00e2ncio, 1998.<\/p>\n<div>\n<h6><a href=\"https:\/\/revistas.uned.es\/index.php\/REI\/article\/view\/1152\"><span lang=\"PT\">EZAMA GIL<\/span><span lang=\"PT\">, \u00c1ngeles,<\/span> <span lang=\"PT\">\u201cAna de Castro Os\u00f3rio, una mujer que traspas\u00f3 fronteras: sobre unos textos olvidados en la espa\u00f1ola Revista de la Raza\u201d <\/span><span lang=\"PT\">Revista de Escritoras Ib\u00e9ricas, <\/span><span lang=\"PT\">Madrid, UNED, vol.1, 2013, pp. 101-128.<\/span><\/a><\/h6>\n<\/div>\n<p>GOMES, Pinharanda &#8220;Elenco Breve de Educadores portugueses&#8221; in.: Ferreira DEUSDADO,\u00a0<em>Educadores Portugueses, Porto, 1995, pp. 509-510.<\/em><\/p>\n<p>GUINOTE, Paulo Jorge Alves, <em>Quotidianos Femininos (1900-1933),\u00a0<\/em>Diss Mestrado FCSH Universidade Nova, 1994.<\/p>\n<p>LA FUENTE, Maria Jos\u00e9 de,\u00a0<em>O Ensino Secund\u00e1rio Feminino. Os Primeiros Vinte Anos da Escola Maria Pia, <\/em>Diss Mestrado FCSH Universidade Nova, 1994.<\/p>\n<p>MEDEIROS, F\u00e1tima Ribeiro de &#8220;Uma conselheira de Afonso Costa: Ana de Castro Os\u00f3rio&#8221;\u00a0<em>A Vida da Rep\u00fablica Portuguesa, (1890-1990), <\/em>Lisboa, 1991, pp. 343-376.<\/p>\n<p>MIRIAM, \u00a0<em>Portugal Feminino<\/em>, n\u00ba 31, Agosto, 1932<\/p>\n<p>OLIVEIRA, Jos\u00e9 Os\u00f3rio de &#8220;Ana de Castro Os\u00f3rio-Esquecida&#8221; <em>O Diabo<\/em>, 29\/05\/1937, p. 7.<\/p>\n<p>OLIVEIRA, Ana Maria da Concei\u00e7\u00e3o, <em>Alberto Os\u00f3rio de Castro. ensaio biobibliogr\u00e1fico-cr\u00edtico, <\/em>Tese de Licenciatura, Faculdade de Letras, Universidade de Lisboa, 1959.<\/p>\n<p>SILVA, Inocencio Francisco da &#8220;Ana de Castro Os\u00f3rio&#8221;\u00a0<em>Dicion\u00e1rio Bibliogr\u00e1fico\u00a0<\/em><i>Portugu\u00eas, <\/i>Lisboa, Imprensa Nacional, vols. I e XXII<\/p>\n<p>SILVA, Regina Tavares da &#8220;Ana de Castro Os\u00f3rio (1872-1935)&#8221; <em>Mulheres Portuguesas &#8211; Vidas e Obras Celebradas &#8211; Vidas e Obras Ignoradas<\/em>, Lisboa, 1991, pp. 77-82.<\/p>\n<p>TEIXEIRA, Maria Am\u00e9lia &#8220;A Obra de Ana de Castro Os\u00f3rio em favor da mulher portuguesa&#8221;\u00a0<em>Portugal Feminino,\u00a0<\/em>n\u00ba 64, 1935, p. 13.<\/p>\n<p>&nbsp;<\/p>\n<p>&nbsp;<\/p>\n","protected":false},"excerpt":{"rendered":"<p>NOME \u00a0Ana de Castro Os\u00f3rio &nbsp; Elementos biogr\u00e1ficos PAI Jo\u00e3o Baptista de Castro M\u00c3E Mariana Os\u00f3rio de Castro Cabral e Albuquerque LOCAL DE NASCIMENTO\u00a0Mangualde DATA DE NASCIMENTO\u00a0 18 de Junho de 1872 LOCAL DA MORTE\u00a0Lisboa DATA DA MORTE\u00a0 23 de Mar\u00e7o 1935 ESTADO Casada C\u00d4NJUGUE\u00a0 Francisco Paulino Gomes de Oliveira LUGAR E DATA DE CASAMENTO\u00a0Set\u00fabal, &#8230; <a title=\"Ana de Castro Os\u00f3rio\" class=\"read-more\" href=\"http:\/\/escritoras-em-portugues.com\/pt_pt\/xix\/ana-de-castro-osorio\/\" aria-label=\"Leia mais sobre Ana de Castro Os\u00f3rio\">Ler mais<\/a><\/p>\n","protected":false},"author":3,"featured_media":0,"parent":48,"menu_order":0,"comment_status":"closed","ping_status":"closed","template":"","meta":{"cybocfi_hide_featured_image":"","footnotes":""},"class_list":["post-1342","page","type-page","status-publish"],"_links":{"self":[{"href":"http:\/\/escritoras-em-portugues.com\/pt_pt\/wp-json\/wp\/v2\/pages\/1342","targetHints":{"allow":["GET"]}}],"collection":[{"href":"http:\/\/escritoras-em-portugues.com\/pt_pt\/wp-json\/wp\/v2\/pages"}],"about":[{"href":"http:\/\/escritoras-em-portugues.com\/pt_pt\/wp-json\/wp\/v2\/types\/page"}],"author":[{"embeddable":true,"href":"http:\/\/escritoras-em-portugues.com\/pt_pt\/wp-json\/wp\/v2\/users\/3"}],"replies":[{"embeddable":true,"href":"http:\/\/escritoras-em-portugues.com\/pt_pt\/wp-json\/wp\/v2\/comments?post=1342"}],"version-history":[{"count":10,"href":"http:\/\/escritoras-em-portugues.com\/pt_pt\/wp-json\/wp\/v2\/pages\/1342\/revisions"}],"predecessor-version":[{"id":1879,"href":"http:\/\/escritoras-em-portugues.com\/pt_pt\/wp-json\/wp\/v2\/pages\/1342\/revisions\/1879"}],"up":[{"embeddable":true,"href":"http:\/\/escritoras-em-portugues.com\/pt_pt\/wp-json\/wp\/v2\/pages\/48"}],"wp:attachment":[{"href":"http:\/\/escritoras-em-portugues.com\/pt_pt\/wp-json\/wp\/v2\/media?parent=1342"}],"curies":[{"name":"wp","href":"https:\/\/api.w.org\/{rel}","templated":true}]}}