{"id":1213,"date":"2023-11-18T21:00:31","date_gmt":"2023-11-18T21:00:31","guid":{"rendered":"https:\/\/escritoras-em-portugues.com\/?page_id=1213"},"modified":"2024-06-04T22:11:36","modified_gmt":"2024-06-04T22:11:36","slug":"mexia-magdalena-do-amaral-e-souza-soror","status":"publish","type":"page","link":"http:\/\/escritoras-em-portugues.com\/pt_pt\/xviii\/mexia-magdalena-do-amaral-e-souza-soror\/","title":{"rendered":"Mexia Magdalena do Amaral e Souza, Soror"},"content":{"rendered":"<p><strong>NOME <\/strong><span lang=\"PT\">Mexia Magdalena do Amaral e Souza, Soror<\/span><\/p>\n<h4><strong>Elementos biogr\u00e1ficos<\/strong><\/h4>\n<p><strong>DATA DE NASCIMENTO<\/strong>\u00a0 S\u00e9culo XVIII<\/p>\n<p><strong>DATA DA MORTE<\/strong>\u00a0 S\u00e9culo XVIII<\/p>\n<p style=\"font-weight: 400;\"><strong>CONVENTO<\/strong> de S. Joa\u00f5 de Setuval<\/p>\n<p><strong>ESTADO<\/strong> Freira<\/p>\n<h4><strong>Obra<\/strong><\/h4>\n<p><strong>OBRAS IMPRESSAS<\/strong><\/p>\n<blockquote>\n<p style=\"font-weight: 400;\">Soneto (\u201cH\u00e1-de exceder os termos da memoria\u201d) in.: GL\u00d3RIA, Soror Madalena da \u2013 <em>Brados do Desengano contra o profundo sono do esquecimento, Em tres historias exemplares para melhor conhecerse o pouco, que dur\u00e3o as vaidades do mundo, e o poder das divina inspira\u00e7oens, <\/em>escritas por Leonarda Gil da Gama natural da Serra de Cintra, Lisboa Occidental, Officina de Miguel Rodrigues, 1736.<\/p>\n<\/blockquote>\n<h4><strong>Bibliografia:<\/strong><\/h4>\n<p style=\"font-weight: 400;\">MORUJ\u00c3O, Isabel, <em>Contributo para uma bibliografia cronol\u00f3gica\u00a0 da literatura mon\u00e1stica feminina Portuguesa dos s\u00e9culos XVII e XVIII (impressos). Centro de Estudos de Hist\u00f3ria Religiosa: Universidade Cat\u00f3lica Portuguesa<\/em>: Lisboa 1995, p. 21.<\/p>\n","protected":false},"excerpt":{"rendered":"<p>NOME Mexia Magdalena do Amaral e Souza, Soror Elementos biogr\u00e1ficos DATA DE NASCIMENTO\u00a0 S\u00e9culo XVIII DATA DA MORTE\u00a0 S\u00e9culo XVIII CONVENTO de S. Joa\u00f5 de Setuval ESTADO Freira Obra OBRAS IMPRESSAS Soneto (\u201cH\u00e1-de exceder os termos da memoria\u201d) in.: GL\u00d3RIA, Soror Madalena da \u2013 Brados do Desengano contra o profundo sono do esquecimento, Em tres &#8230; <a title=\"Mexia Magdalena do Amaral e Souza, Soror\" class=\"read-more\" href=\"http:\/\/escritoras-em-portugues.com\/pt_pt\/xviii\/mexia-magdalena-do-amaral-e-souza-soror\/\" aria-label=\"Leia mais sobre Mexia Magdalena do Amaral e Souza, Soror\">Ler mais<\/a><\/p>\n","protected":false},"author":3,"featured_media":0,"parent":46,"menu_order":0,"comment_status":"closed","ping_status":"closed","template":"","meta":{"cybocfi_hide_featured_image":"","footnotes":""},"class_list":["post-1213","page","type-page","status-publish"],"_links":{"self":[{"href":"http:\/\/escritoras-em-portugues.com\/pt_pt\/wp-json\/wp\/v2\/pages\/1213","targetHints":{"allow":["GET"]}}],"collection":[{"href":"http:\/\/escritoras-em-portugues.com\/pt_pt\/wp-json\/wp\/v2\/pages"}],"about":[{"href":"http:\/\/escritoras-em-portugues.com\/pt_pt\/wp-json\/wp\/v2\/types\/page"}],"author":[{"embeddable":true,"href":"http:\/\/escritoras-em-portugues.com\/pt_pt\/wp-json\/wp\/v2\/users\/3"}],"replies":[{"embeddable":true,"href":"http:\/\/escritoras-em-portugues.com\/pt_pt\/wp-json\/wp\/v2\/comments?post=1213"}],"version-history":[{"count":4,"href":"http:\/\/escritoras-em-portugues.com\/pt_pt\/wp-json\/wp\/v2\/pages\/1213\/revisions"}],"predecessor-version":[{"id":1858,"href":"http:\/\/escritoras-em-portugues.com\/pt_pt\/wp-json\/wp\/v2\/pages\/1213\/revisions\/1858"}],"up":[{"embeddable":true,"href":"http:\/\/escritoras-em-portugues.com\/pt_pt\/wp-json\/wp\/v2\/pages\/46"}],"wp:attachment":[{"href":"http:\/\/escritoras-em-portugues.com\/pt_pt\/wp-json\/wp\/v2\/media?parent=1213"}],"curies":[{"name":"wp","href":"https:\/\/api.w.org\/{rel}","templated":true}]}}