{"id":1206,"date":"2023-11-18T20:19:18","date_gmt":"2023-11-18T20:19:18","guid":{"rendered":"https:\/\/escritoras-em-portugues.com\/?page_id=1206"},"modified":"2024-06-04T22:14:03","modified_gmt":"2024-06-04T22:14:03","slug":"teresa-angelica-peregrina-de-jesus-soror","status":"publish","type":"page","link":"http:\/\/escritoras-em-portugues.com\/pt_pt\/xviii\/teresa-angelica-peregrina-de-jesus-soror\/","title":{"rendered":"Teresa Angelica Peregrina de Jesus, Soror"},"content":{"rendered":"<p><strong>NOME<\/strong><span lang=\"PT\">Teresa Angelica Peregrina de Jesus, <\/span>Soror<\/p>\n<div><span lang=\"PT\"><strong>OUTRO(S) NOME(S)<\/strong> Theresa Angelica Peregrina de Jesus, <\/span>Soror<\/div>\n<div><\/div>\n<h4><strong>Elementos biogr\u00e1ficos<\/strong><\/h4>\n<p><strong>DATA DE NASCIMENTO<\/strong>\u00a0 c. 1750<\/p>\n<p><strong>DATA DA MORTE<\/strong>\u00a0 S\u00e9culo XVIII (?)<\/p>\n<h4><strong>Obra<\/strong><\/h4>\n<p><strong>OBRAS IMPRESSAS<\/strong><\/p>\n<blockquote>\n<p style=\"font-weight: 400;\"><em>A formosura de Deus<\/em>, <em>inferida e declarada pelas suas infinitas perfei\u00e7\u00f5es, assim como \u00e1 fragil capacidade humana \u00e9 possivel<\/em>. Traduzida da lingua castelhana. Lisboa, 1785.<\/p>\n<\/blockquote>\n<h4><strong>Bibliografia:<\/strong><\/h4>\n<p style=\"font-weight: 400;\">BARROS, Teresa Leit\u00e3o de. <em>Escritoras de Portugal<\/em>. <em>G\u00e9nio Feminino revelado na Literatura Portuguesa<\/em>, vol. II, Lisboa, 1924, p. 149.<\/p>\n<p style=\"font-weight: 400;\">SILVA, Innocencio Francisco da, <em>Diccion\u00e1rio Bibliographico Portuguez<\/em>, Lisboa, Imprensa Nacional, 1858-1862, volume VI<\/p>\n","protected":false},"excerpt":{"rendered":"<p>NOMETeresa Angelica Peregrina de Jesus, Soror OUTRO(S) NOME(S) Theresa Angelica Peregrina de Jesus, Soror Elementos biogr\u00e1ficos DATA DE NASCIMENTO\u00a0 c. 1750 DATA DA MORTE\u00a0 S\u00e9culo XVIII (?) Obra OBRAS IMPRESSAS A formosura de Deus, inferida e declarada pelas suas infinitas perfei\u00e7\u00f5es, assim como \u00e1 fragil capacidade humana \u00e9 possivel. Traduzida da lingua castelhana. Lisboa, 1785. &#8230; <a title=\"Teresa Angelica Peregrina de Jesus, Soror\" class=\"read-more\" href=\"http:\/\/escritoras-em-portugues.com\/pt_pt\/xviii\/teresa-angelica-peregrina-de-jesus-soror\/\" aria-label=\"Leia mais sobre Teresa Angelica Peregrina de Jesus, Soror\">Ler mais<\/a><\/p>\n","protected":false},"author":3,"featured_media":0,"parent":46,"menu_order":0,"comment_status":"closed","ping_status":"closed","template":"","meta":{"cybocfi_hide_featured_image":"","footnotes":""},"class_list":["post-1206","page","type-page","status-publish"],"_links":{"self":[{"href":"http:\/\/escritoras-em-portugues.com\/pt_pt\/wp-json\/wp\/v2\/pages\/1206","targetHints":{"allow":["GET"]}}],"collection":[{"href":"http:\/\/escritoras-em-portugues.com\/pt_pt\/wp-json\/wp\/v2\/pages"}],"about":[{"href":"http:\/\/escritoras-em-portugues.com\/pt_pt\/wp-json\/wp\/v2\/types\/page"}],"author":[{"embeddable":true,"href":"http:\/\/escritoras-em-portugues.com\/pt_pt\/wp-json\/wp\/v2\/users\/3"}],"replies":[{"embeddable":true,"href":"http:\/\/escritoras-em-portugues.com\/pt_pt\/wp-json\/wp\/v2\/comments?post=1206"}],"version-history":[{"count":2,"href":"http:\/\/escritoras-em-portugues.com\/pt_pt\/wp-json\/wp\/v2\/pages\/1206\/revisions"}],"predecessor-version":[{"id":1867,"href":"http:\/\/escritoras-em-portugues.com\/pt_pt\/wp-json\/wp\/v2\/pages\/1206\/revisions\/1867"}],"up":[{"embeddable":true,"href":"http:\/\/escritoras-em-portugues.com\/pt_pt\/wp-json\/wp\/v2\/pages\/46"}],"wp:attachment":[{"href":"http:\/\/escritoras-em-portugues.com\/pt_pt\/wp-json\/wp\/v2\/media?parent=1206"}],"curies":[{"name":"wp","href":"https:\/\/api.w.org\/{rel}","templated":true}]}}