{"id":1145,"date":"2023-11-15T21:53:03","date_gmt":"2023-11-15T21:53:03","guid":{"rendered":"https:\/\/escritoras-em-portugues.com\/?page_id=1145"},"modified":"2024-06-04T22:09:14","modified_gmt":"2024-06-04T22:09:14","slug":"maria-clemencia-da-silveira-sampaio","status":"publish","type":"page","link":"http:\/\/escritoras-em-portugues.com\/pt_pt\/xviii\/maria-clemencia-da-silveira-sampaio\/","title":{"rendered":"Maria Clem\u00eancia da Silveira Sampaio"},"content":{"rendered":"<p><strong>NOME <\/strong>Maria Clem\u00eancia da Silveira Sampaio<\/p>\n<h4><strong>Elementos biogr\u00e1ficos<\/strong><\/h4>\n<p style=\"font-weight: 400;\"><strong>PAI<\/strong>\u00a0Maur\u00edcio In\u00e1cio da Silveira<\/p>\n<p style=\"font-weight: 400;\"><strong>M\u00c3E<\/strong>\u00a0Mariana Joaquina Sam Payo<\/p>\n<p style=\"font-weight: 400;\"><strong>LOCAL DE NASCIMENTO<\/strong> Estreito, Rio Grande, Rio Grande do Sul, Brasil.<\/p>\n<p style=\"font-weight: 400;\"><strong>DATA DE NASCIMENTO<\/strong>\u00a0 \u00a017 Dezembro 1789<\/p>\n<p style=\"font-weight: 400;\"><strong>DATA DE BAPTISMO <\/strong>28 de Dezembro 1789<\/p>\n<p style=\"font-weight: 400;\"><strong>LOCAL DE BAPTISMO<\/strong>\u00a0Rio Grande<\/p>\n<p style=\"font-weight: 400;\"><strong>LOCAL DA MORTE<\/strong>\u00a0Rio Grande<\/p>\n<p style=\"font-weight: 400;\"><strong>PA\u00cdS ONDE NASCEU<\/strong>\u00a0Portugal (Brasil-col\u00f3nia)<\/p>\n<p style=\"font-weight: 400;\"><strong>DATA DA MORTE<\/strong>\u00a0February 2, 1862 | 2 de Fevereiro 1862<\/p>\n<p style=\"font-weight: 400;\"><strong>ESTADO <\/strong>Single | Solteira<\/p>\n<p style=\"font-weight: 400;\"><strong>IDIOMAS<\/strong>\u00a0Portuguese | Portugu\u00eas; French | Franc\u00eas<\/p>\n<h4><strong>Obra<\/strong><\/h4>\n<p><strong>OBRAS IMPRESSAS<\/strong><\/p>\n<blockquote>\n<p style=\"font-weight: 400;\"><em>Versos her\u00f3icos, que pelo motivo da gloriosa aclama\u00e7\u00e3o do primeiro imperador constitucional do Brasil comp\u00f4s e recitou Maria Clemencia da Silveira Sampaio no baile p\u00fablico que o commercio do Rio Grande deo na noite do dia da mesma aclama\u00e7\u00e3o, \u00a0<\/em>Rio de Janeiro, Imp. Nacional, 1823.<\/p>\n<p style=\"font-weight: 400;\"><em>&#8220;<\/em>Saudosa Express\u00e3o da P\u00e1tria<em>&#8220;, O Rio-Grandense,<\/em> 17 de Julho de 1847<\/p>\n<\/blockquote>\n<h4><strong>Bibliografia:<\/strong><\/h4>\n<p style=\"font-weight: 400;\">&#8220;\u00c0 Mem\u00f3ria da Ilma Sr.\u00aa D. Maria Clemencia da Silveira Sampaio&#8221;\u00a0<em>O Comercial,\u00a0<\/em>Rio Grande, 8 de Fevereiro, 1862.<\/p>\n<p style=\"font-weight: 400;\">BLAKE, Sacramento Augusto Victorino,\u00a0<em>Dicion\u00e1rio Bibliogr\u00e1fico Portugu\u00eas,<\/em>\u00a0Rio de Janeiro, Imprensa Nacional, 1930, volume VI, p. 229.<\/p>\n<p style=\"font-weight: 400;\">CESAR, Guilhermino, &#8220;Mulheres, o assunto&#8221; T\u00e2nia Franco CARVALHAL (org.)\u00a0<em>Not\u00edcia do Rio Grande, <\/em>Porto Alegre, IEL &#8211; UFRGS, 1994, pp. 91-94.<\/p>\n<p style=\"font-weight: 400;\">CESAR, Guilhermino, &#8220;Carta de Joaquim Caetano da Silva a Ferdinand Denis&#8221;\u00a0<em>Hist\u00f3ria Liter\u00e1ria do Brasil,\u00a0<\/em>Porto Alegre, Lima, 1968, pp. 123-126.<\/p>\n<p style=\"font-weight: 400;\">COSTA, Affonso,\u00a0<em>Poetas de outro sexo, <\/em>Rio de Janeiro, s. n., 1930.<\/p>\n<p style=\"font-weight: 400;\">FLORES, Hilda Agnes H\u00fcbner,&#8221;Maria Clem\u00eancia da Silveira Sampaio&#8221;\u00a0<em>Revista da Academia Liter\u00e1ria Feminina do Rio Grande do Sul,\u00a0<\/em>Porto Alegre, Nova Dimens\u00e3o, 1989, pp. 57-62.<\/p>\n<p style=\"font-weight: 400;\">FLORES, Hilda Agnes H\u00fcbner, &#8220;Intelectuais&#8221;\u00a0<em>Sociedade: preconceitos e conquistas,\u00a0<\/em>Porto Alegre, Nova Dimens\u00e3o, 1989, pp. 67-98.<\/p>\n<p style=\"font-weight: 400;\">FLORES, Hilda Agnes H\u00fcbner, &#8220;Maria Clem\u00eancia, a primeira escritora ga\u00facha&#8221;<em> Veritas,\u00a0<\/em>Porto Alegre, vol. 35, n. 138, Junho 1990, pp. 273-278.<\/p>\n<p style=\"font-weight: 400;\">FLORES, Hilda Agnes H\u00fcbner, &#8220;O despertar das letras no Rio Grande do Sul&#8221; in.: BARANDAS, Ana Eur\u00eddice Eufrosina de,\u00a0<em>O Ramalhete, ou flores escolhidas no jardim da imagina\u00e7\u00e3o,\u00a0<\/em>Porto Alegre, Nova Dimens\u00e3o, EDIPUC, 1990, pp. 13-15.<\/p>\n<p style=\"font-weight: 400;\">FLORES, Hilda Agnes H\u00fcbner,\u00a0<em>Dicion\u00e1rio de Mulheres<\/em>, Porto Alegre, Nova Dimens\u00e3o, 1999.<\/p>\n<p style=\"font-weight: 400;\">FLORES, Hilda Agnes H\u00fcbner, &#8220;Contribui\u00e7\u00e3o feminina&#8221; in.: NEUBERGER, Lot\u00e1rio (org.)\u00a0<em>RS no Contexto do Brasil, <\/em>Porto Alegre, Cipel\/Ediplat, 2000, pp. 165-182.<\/p>\n<p style=\"font-weight: 400;\">HESSEL, Lothar, &#8220;Maria Clem\u00eancia da Silveira Sampaio&#8221;\u00a0<em>Correio do Povo, <\/em>Caderno de S\u00e1bado,<em>\u00a0<\/em>19 de Maio, 1973, pp. 14-15.<\/p>\n<p style=\"font-weight: 400;\">HESSEL, Lothar, &#8220;Nossa primeira poetisa&#8221;\u00a0<em>Correio do Povo,\u00a0<\/em>12 de Maio 1973. Caderno de S\u00e1bado, p. 12.<\/p>\n<p style=\"font-weight: 400;\">MOREIRA, Maria Eunice,\u00a0<em>Uma Voz ao Sul. Os versos de Maria Clem\u00eancia da Silveira Sampaio,\u00a0<\/em>Florian\u00f3polis, Editora Mulheres, 2003.<\/p>\n<p style=\"font-weight: 400;\">MUZART, Zahid\u00e9 Lupinacci, &#8220;Mulheres de faca na bota: escritoras e pol\u00edtica no s\u00e9culo XIX&#8221; in.: FLORES, Hilda Agnes H\u00fcbner (org.)\u00a0<em>RS: Cultura, Hist\u00f3ri e Literatura,\u00a0<\/em>Porto Alegre, C\u00edrculo de Pesquisas Liter\u00e1rias\/ Nova Dimens\u00e3o, 1996. pp. 21-42.<\/p>\n<p style=\"font-weight: 400;\">NEVES, D\u00e9cio Vignoli das, &#8220;Maria Clem\u00eancia da Silveira Sampaio&#8221;\u00a0<em>Vultos do Rio Grande,\u00a0<\/em>Rio Grande, s.n., 1987, vol. 2, pp. 155-162.<\/p>\n<p style=\"font-weight: 400;\">NEVES, D\u00e9cio Vignoli das, &#8220;Rio Grande, terra da primeira poetisa&#8221; <em>Gazeta Pelotense, <\/em>Pelotas, p. 1, 7 Novembro, 1976.<\/p>\n<p style=\"font-weight: 400;\">SAINT-HILAIRE, Auguste,\u00a0<em>Viagem ao Rio Grande do Sul,\u00a0<\/em>Porto Alegre, Martins Livreiro, 1997.<\/p>\n<p style=\"font-weight: 400;\">SCHMIDT, Rita Terezinha &#8220;Maria Clem\u00eancia Silveira Sampaio&#8221; in.: Zahid\u00e9 Lupinacci MUZART (org.)\u00a0<em>Escritoras brasileiras do s\u00e9culo XIX,\u00a0<\/em>Florian\u00f3polis, Mulheres &#8211; Santa Cruz do Sul, Edunisc, 2000, pp. 110-118.<\/p>\n<p style=\"font-weight: 400;\">SILVA, Domingos Carvalho da,\u00a0<em>Vozes femininas da poesia brasileira, <\/em>S\u00e3o Paulo, Conselho Estadual de Cultura, 1959, p. 12.<\/p>\n<p style=\"font-weight: 400;\">SILVA, Domingos Carvalho da,&#8221;Poetas da Independ\u00eancia&#8221; <em>O Estado de S\u00e3o Paulo, <\/em>3 Setembro,\u00a01972, Suplemento Liter\u00e1rio, p. 1.<\/p>\n<p style=\"font-weight: 400;\">SILVA, Domingos Carvalho da, &#8220;Uma poetisa (ga\u00facha) da independ\u00eancia&#8221;\u00a0<em>Correio do Povo,\u00a0<\/em>Porto Alegre, 24 de Fevereiro de 1973, p. 5.<\/p>\n<p style=\"font-weight: 400;\">SILVA,\u00a0Innoc\u00eancio Francisco da, <em>Diccion\u00e1rio Bibliographico Portuguez<\/em>, Lisboa, Imprensa Nacional, 1858-1862, volume 16, p. 355.<\/p>\n<p style=\"font-weight: 400;\">VILLAS-BOAS, Pedro Leite\u00a0<em>Dicion\u00e1rio Bibliogr\u00e1fico ga\u00facho,\u00a0<\/em>Porto Alegre, EST &#8211; Ga\u00facha, 1991.<\/p>\n","protected":false},"excerpt":{"rendered":"<p>NOME Maria Clem\u00eancia da Silveira Sampaio Elementos biogr\u00e1ficos PAI\u00a0Maur\u00edcio In\u00e1cio da Silveira M\u00c3E\u00a0Mariana Joaquina Sam Payo LOCAL DE NASCIMENTO Estreito, Rio Grande, Rio Grande do Sul, Brasil. DATA DE NASCIMENTO\u00a0 \u00a017 Dezembro 1789 DATA DE BAPTISMO 28 de Dezembro 1789 LOCAL DE BAPTISMO\u00a0Rio Grande LOCAL DA MORTE\u00a0Rio Grande PA\u00cdS ONDE NASCEU\u00a0Portugal (Brasil-col\u00f3nia) DATA DA MORTE\u00a0February &#8230; <a title=\"Maria Clem\u00eancia da Silveira Sampaio\" class=\"read-more\" href=\"http:\/\/escritoras-em-portugues.com\/pt_pt\/xviii\/maria-clemencia-da-silveira-sampaio\/\" aria-label=\"Leia mais sobre Maria Clem\u00eancia da Silveira Sampaio\">Ler mais<\/a><\/p>\n","protected":false},"author":3,"featured_media":0,"parent":46,"menu_order":0,"comment_status":"closed","ping_status":"closed","template":"","meta":{"cybocfi_hide_featured_image":"","footnotes":""},"class_list":["post-1145","page","type-page","status-publish"],"_links":{"self":[{"href":"http:\/\/escritoras-em-portugues.com\/pt_pt\/wp-json\/wp\/v2\/pages\/1145","targetHints":{"allow":["GET"]}}],"collection":[{"href":"http:\/\/escritoras-em-portugues.com\/pt_pt\/wp-json\/wp\/v2\/pages"}],"about":[{"href":"http:\/\/escritoras-em-portugues.com\/pt_pt\/wp-json\/wp\/v2\/types\/page"}],"author":[{"embeddable":true,"href":"http:\/\/escritoras-em-portugues.com\/pt_pt\/wp-json\/wp\/v2\/users\/3"}],"replies":[{"embeddable":true,"href":"http:\/\/escritoras-em-portugues.com\/pt_pt\/wp-json\/wp\/v2\/comments?post=1145"}],"version-history":[{"count":3,"href":"http:\/\/escritoras-em-portugues.com\/pt_pt\/wp-json\/wp\/v2\/pages\/1145\/revisions"}],"predecessor-version":[{"id":1853,"href":"http:\/\/escritoras-em-portugues.com\/pt_pt\/wp-json\/wp\/v2\/pages\/1145\/revisions\/1853"}],"up":[{"embeddable":true,"href":"http:\/\/escritoras-em-portugues.com\/pt_pt\/wp-json\/wp\/v2\/pages\/46"}],"wp:attachment":[{"href":"http:\/\/escritoras-em-portugues.com\/pt_pt\/wp-json\/wp\/v2\/media?parent=1145"}],"curies":[{"name":"wp","href":"https:\/\/api.w.org\/{rel}","templated":true}]}}