{"id":1097,"date":"2023-11-13T08:03:35","date_gmt":"2023-11-13T08:03:35","guid":{"rendered":"https:\/\/escritoras-em-portugues.com\/?page_id=1097"},"modified":"2024-06-04T21:56:57","modified_gmt":"2024-06-04T21:56:57","slug":"teresa-antonia-eugenia-maldonado-da-gama-lobo-e-silva","status":"publish","type":"page","link":"http:\/\/escritoras-em-portugues.com\/pt_pt\/xvii\/teresa-antonia-eugenia-maldonado-da-gama-lobo-e-silva\/","title":{"rendered":"Teresa Ant\u00f3nia Eugenia Maldonado da Gama Lobo e Silva"},"content":{"rendered":"<p><strong>NOME <\/strong><span lang=\"PT\">Teresa Ant\u00f3nia Eugenia Maldonado da Gama Lobo e Silva<\/span><\/p>\n<h4><strong>Elementos biogr\u00e1ficos<\/strong><\/h4>\n<div><b>PAI <\/b><span lang=\"PT\">D. Jo\u00e3o Maldonado e Azevedo Desembargador no Porto<\/span><\/div>\n<div><\/div>\n<div><b>M\u00c3E <\/b><span lang=\"PT\">D. Brites Pereira da Gama Lobo<\/span><\/div>\n<div><\/div>\n<div><b>LOCAL DE NASCIMENTO <\/b>\u00c9<span lang=\"PT\">vora<\/span><\/div>\n<div><\/div>\n<div><b>DATA DE NASCIMENTO <\/b><span lang=\"PT\">S\u00e9culo XVII<\/span><\/div>\n<div><\/div>\n<div><b>LOCAL DA MORTE <\/b>\u00c9<span lang=\"PT\">vora (?)<\/span><\/div>\n<div><\/div>\n<div><b>PA\u00cdS ONDE NASCEU <\/b><span lang=\"PT\">Monarquia Dual<\/span><\/div>\n<div><\/div>\n<div><b>ESTADO\u00a0<\/b><span lang=\"PT\">Freira<\/span><\/div>\n<div><\/div>\n<div><b>DATA DA PROFISS\u00c3O RELIGIOSA <\/b><span lang=\"PT\">1694<\/span><\/div>\n<div><\/div>\n<div><b>LOCAL DA PROFISS\u00c3O RELIGIOSA \u00a0<\/b><span lang=\"PT\">Convento de Santa Clara de \u00c9vora<\/span><\/div>\n<div><\/div>\n<div><b>CONVENTO <\/b><span lang=\"PT\">Santa Clara de \u00c9vora<\/span><\/div>\n<div><\/div>\n<div><b>ORDEM RELIGIOSA A QUE PERTENCEU <\/b><span lang=\"PT\">Clarissas<\/span><\/div>\n<div><\/div>\n<div><b>IDIOMAS <\/b><span lang=\"PT\">Portugu\u00eas, Castelhano<\/span><\/div>\n<div><\/div>\n<div><\/div>\n<h4><strong>Obra<\/strong><\/h4>\n<p><strong>OBRAS IMPRESSAS<\/strong><\/p>\n<blockquote>\n<p style=\"font-weight: 400;\"><em>Romances a la Serenissima Se\u00f1ora Princeza del Brasil nuestra Se\u00f1ora en su felicissima venida a Portugal<\/em> s. l. (2 romances)<\/p>\n<p style=\"font-weight: 400;\"><em>A la muerte de la Serenissima Se\u00f1ora D. Francisca Infanta de Portugal <\/em>(1 Soneto e 1 Romance)<strong><br \/>\n<\/strong><\/p>\n<\/blockquote>\n<h4><strong>Bibliografia:<\/strong><\/h4>\n<p style=\"font-weight: 400;\">MACHADO, Diogo Barbosa, <em>Bibliotheca Luzitana: hist\u00f3rica, cr\u00edtica e cronologica. <\/em>Lisboa Occidental, na Officina de Antonio Isidoro da Fonseca, 1741-1759, Volume III, p. 736.<\/p>\n<p style=\"font-weight: 400;\">\n","protected":false},"excerpt":{"rendered":"<p>NOME Teresa Ant\u00f3nia Eugenia Maldonado da Gama Lobo e Silva Elementos biogr\u00e1ficos PAI D. Jo\u00e3o Maldonado e Azevedo Desembargador no Porto M\u00c3E D. Brites Pereira da Gama Lobo LOCAL DE NASCIMENTO \u00c9vora DATA DE NASCIMENTO S\u00e9culo XVII LOCAL DA MORTE \u00c9vora (?) PA\u00cdS ONDE NASCEU Monarquia Dual ESTADO\u00a0Freira DATA DA PROFISS\u00c3O RELIGIOSA 1694 LOCAL DA &#8230; <a title=\"Teresa Ant\u00f3nia Eugenia Maldonado da Gama Lobo e Silva\" class=\"read-more\" href=\"http:\/\/escritoras-em-portugues.com\/pt_pt\/xvii\/teresa-antonia-eugenia-maldonado-da-gama-lobo-e-silva\/\" aria-label=\"Leia mais sobre Teresa Ant\u00f3nia Eugenia Maldonado da Gama Lobo e Silva\">Ler mais<\/a><\/p>\n","protected":false},"author":3,"featured_media":0,"parent":47,"menu_order":0,"comment_status":"closed","ping_status":"closed","template":"","meta":{"cybocfi_hide_featured_image":"","footnotes":""},"class_list":["post-1097","page","type-page","status-publish"],"_links":{"self":[{"href":"http:\/\/escritoras-em-portugues.com\/pt_pt\/wp-json\/wp\/v2\/pages\/1097","targetHints":{"allow":["GET"]}}],"collection":[{"href":"http:\/\/escritoras-em-portugues.com\/pt_pt\/wp-json\/wp\/v2\/pages"}],"about":[{"href":"http:\/\/escritoras-em-portugues.com\/pt_pt\/wp-json\/wp\/v2\/types\/page"}],"author":[{"embeddable":true,"href":"http:\/\/escritoras-em-portugues.com\/pt_pt\/wp-json\/wp\/v2\/users\/3"}],"replies":[{"embeddable":true,"href":"http:\/\/escritoras-em-portugues.com\/pt_pt\/wp-json\/wp\/v2\/comments?post=1097"}],"version-history":[{"count":3,"href":"http:\/\/escritoras-em-portugues.com\/pt_pt\/wp-json\/wp\/v2\/pages\/1097\/revisions"}],"predecessor-version":[{"id":1818,"href":"http:\/\/escritoras-em-portugues.com\/pt_pt\/wp-json\/wp\/v2\/pages\/1097\/revisions\/1818"}],"up":[{"embeddable":true,"href":"http:\/\/escritoras-em-portugues.com\/pt_pt\/wp-json\/wp\/v2\/pages\/47"}],"wp:attachment":[{"href":"http:\/\/escritoras-em-portugues.com\/pt_pt\/wp-json\/wp\/v2\/media?parent=1097"}],"curies":[{"name":"wp","href":"https:\/\/api.w.org\/{rel}","templated":true}]}}