{"id":1094,"date":"2023-11-13T07:59:50","date_gmt":"2023-11-13T07:59:50","guid":{"rendered":"https:\/\/escritoras-em-portugues.com\/?page_id=1094"},"modified":"2024-06-04T21:56:34","modified_gmt":"2024-06-04T21:56:34","slug":"teodosia-de-magalhaes","status":"publish","type":"page","link":"http:\/\/escritoras-em-portugues.com\/pt_pt\/xvii\/teodosia-de-magalhaes\/","title":{"rendered":"Teod\u00f3sia de Magalh\u00e3es"},"content":{"rendered":"<p><strong>NOME <\/strong><span lang=\"PT\">Teod\u00f3sia de Magalh\u00e3es<\/span><\/p>\n<div><span lang=\"PT\"><strong>PSEUD\u00d3NIMO <\/strong>An\u00f3nima Devota do Serenissimo Senhor D. Sebasti\u00e3o Rey de Portugal<\/span><\/div>\n<div><\/div>\n<div><\/div>\n<h4><strong>Elementos biogr\u00e1ficos<\/strong><\/h4>\n<div><b>PAI <\/b><span lang=\"PT\">Manuel Cerveira da Costa<\/span><\/div>\n<div><\/div>\n<div><b>M\u00c3E <\/b><span lang=\"PT\">Isabel de Magalh\u00e3es<\/span><\/div>\n<div><\/div>\n<div><b>LOCAL DE NASCIMENTO <\/b><span lang=\"PT\">S\u00e3o Pedro de Avintes, Comarca da Feira, Bispado do Porto<\/span><\/div>\n<div><\/div>\n<div><b>DATA DE NASCIMENTO <\/b><span lang=\"PT\">1653<\/span><\/div>\n<div><\/div>\n<div><b>LOCAL DA MORTE <\/b><span lang=\"PT\">Porto (<\/span>?<span lang=\"PT\">)<\/span><\/div>\n<div><\/div>\n<div><b>PA\u00cdS ONDE NASCEU <\/b><span lang=\"PT\">Monarquia Dual<\/span><\/div>\n<div><\/div>\n<div><b>ESTADO\u00a0<\/b><span lang=\"PT\">Freira<\/span><\/div>\n<div><\/div>\n<div><b>DATA DA PROFISS\u00c3O RELIGIOSA <\/b>1673<\/div>\n<div><\/div>\n<div><b>LOCAL DA PROFISS\u00c3O RELIGIOSA\u00a0<\/b><span lang=\"PT\">Real Convento da Av\u00e9 Maria da cidade do Porto<\/span><\/div>\n<div><\/div>\n<div><b>CONVENTO <\/b><span lang=\"PT\">Real Convento da Av\u00e9 Maria da cidade do Porto<\/span><\/div>\n<div><\/div>\n<div><b>ORDEM RELIGIOSA A QUE PERTENCEU <\/b><span lang=\"PT\">S\u00e3o Bento<\/span><\/div>\n<div><\/div>\n<div><b>IDIOMAS <\/b><span lang=\"PT\">Portugu\u00eas<\/span><\/div>\n<div><\/div>\n<div><\/div>\n<h4><strong>Obra<\/strong><\/h4>\n<p><strong>OBRAS IMPRESSAS<\/strong><\/p>\n<blockquote>\n<p style=\"font-weight: 400;\"><em>Firme Esperan\u00e7a dos Sebastianistas<\/em>, 1730.<\/p>\n<\/blockquote>\n<h4><\/h4>\n<h4><strong>Bibliografia:<\/strong><\/h4>\n<p style=\"font-weight: 400;\">MACHADO, Diogo Barbosa, <em>Bibliotheca Luzitana: hist\u00f3rica, cr\u00edtica e cronologica. <\/em>Lisboa Occidental, na Officina de Antonio Isidoro da Fonseca, 1741-1759, Volume III, p. 729.<\/p>\n","protected":false},"excerpt":{"rendered":"<p>NOME Teod\u00f3sia de Magalh\u00e3es PSEUD\u00d3NIMO An\u00f3nima Devota do Serenissimo Senhor D. Sebasti\u00e3o Rey de Portugal Elementos biogr\u00e1ficos PAI Manuel Cerveira da Costa M\u00c3E Isabel de Magalh\u00e3es LOCAL DE NASCIMENTO S\u00e3o Pedro de Avintes, Comarca da Feira, Bispado do Porto DATA DE NASCIMENTO 1653 LOCAL DA MORTE Porto (?) PA\u00cdS ONDE NASCEU Monarquia Dual ESTADO\u00a0Freira DATA &#8230; <a title=\"Teod\u00f3sia de Magalh\u00e3es\" class=\"read-more\" href=\"http:\/\/escritoras-em-portugues.com\/pt_pt\/xvii\/teodosia-de-magalhaes\/\" aria-label=\"Leia mais sobre Teod\u00f3sia de Magalh\u00e3es\">Ler mais<\/a><\/p>\n","protected":false},"author":3,"featured_media":0,"parent":47,"menu_order":0,"comment_status":"closed","ping_status":"closed","template":"","meta":{"cybocfi_hide_featured_image":"","footnotes":""},"class_list":["post-1094","page","type-page","status-publish"],"_links":{"self":[{"href":"http:\/\/escritoras-em-portugues.com\/pt_pt\/wp-json\/wp\/v2\/pages\/1094","targetHints":{"allow":["GET"]}}],"collection":[{"href":"http:\/\/escritoras-em-portugues.com\/pt_pt\/wp-json\/wp\/v2\/pages"}],"about":[{"href":"http:\/\/escritoras-em-portugues.com\/pt_pt\/wp-json\/wp\/v2\/types\/page"}],"author":[{"embeddable":true,"href":"http:\/\/escritoras-em-portugues.com\/pt_pt\/wp-json\/wp\/v2\/users\/3"}],"replies":[{"embeddable":true,"href":"http:\/\/escritoras-em-portugues.com\/pt_pt\/wp-json\/wp\/v2\/comments?post=1094"}],"version-history":[{"count":3,"href":"http:\/\/escritoras-em-portugues.com\/pt_pt\/wp-json\/wp\/v2\/pages\/1094\/revisions"}],"predecessor-version":[{"id":1816,"href":"http:\/\/escritoras-em-portugues.com\/pt_pt\/wp-json\/wp\/v2\/pages\/1094\/revisions\/1816"}],"up":[{"embeddable":true,"href":"http:\/\/escritoras-em-portugues.com\/pt_pt\/wp-json\/wp\/v2\/pages\/47"}],"wp:attachment":[{"href":"http:\/\/escritoras-em-portugues.com\/pt_pt\/wp-json\/wp\/v2\/media?parent=1094"}],"curies":[{"name":"wp","href":"https:\/\/api.w.org\/{rel}","templated":true}]}}