{"id":1079,"date":"2023-11-13T00:17:04","date_gmt":"2023-11-13T00:17:04","guid":{"rendered":"https:\/\/escritoras-em-portugues.com\/?page_id=1079"},"modified":"2024-06-04T22:01:10","modified_gmt":"2024-06-04T22:01:10","slug":"maria-teresa-de-sao-jose-soror","status":"publish","type":"page","link":"http:\/\/escritoras-em-portugues.com\/pt_pt\/xvii\/maria-teresa-de-sao-jose-soror\/","title":{"rendered":"Maria Teresa de S\u00e3o Jos\u00e9, Soror"},"content":{"rendered":"<p><strong>NOME <\/strong><span lang=\"PT\">Maria Teresa de S\u00e3o Jos\u00e9, Soror<\/span><\/p>\n<p><strong>PSEUD\u00d3NIMO <\/strong><span lang=\"PT\">Maria Teresa de S\u00e3o Jos\u00e9, Soror<\/span><\/p>\n<h4><strong>Elementos biogr\u00e1ficos<\/strong><\/h4>\n<p><strong>LOCAL DE NASCIMENTO<\/strong> Lisboa<\/p>\n<p><strong>DATA DE NASCIMENTO<\/strong>\u00a0 S\u00e9culo XVII<\/p>\n<div><b>PA\u00cdS ONDE NASCEU <\/b>Portug<span lang=\"PT\">al<\/span><\/div>\n<div><\/div>\n<p><strong>LOCAL DA MORTE<\/strong> Lisboa<\/p>\n<p><strong>DATA DA MORTE<\/strong>\u00a0 S\u00e9culo XVIII<\/p>\n<div><b>ESTADO\u00a0<\/b><span lang=\"PT\">Freira<\/span><\/div>\n<div><\/div>\n<div><b>DATA DA PROFISS\u00c3O RELIGIOSA <\/b><span lang=\"PT\">6 de Mar\u00e7o de 1684<\/span><\/div>\n<div><\/div>\n<div><b>LOCAL DA PROFISS\u00c3O RELIGIOSA\u00a0<\/b><span lang=\"PT\">Convento da Madre de Deus, Lisboa<\/span><\/div>\n<div><\/div>\n<div><b>CONVENTO <\/b><span lang=\"PT\">Madre de Deus, Lisboa<\/span><\/div>\n<div><\/div>\n<div><b>ORDEM RELIGIOSA A QUE PERTENCEU <\/b><span lang=\"PT\">Santa Clara<\/span><\/div>\n<div><\/div>\n<div><b>IDIOMAS <\/b><span lang=\"PT\">Portugu\u00eas<\/span><\/div>\n<div><\/div>\n<div><\/div>\n<h4><strong>Obra<\/strong><\/h4>\n<p><strong>OBRAS MANUSCRITAS<\/strong><\/p>\n<blockquote>\n<p style=\"font-weight: 400;\"><em>Praticas espirituaes entre as Religiosas nas festas, e Oitavas do Natal em forma de Dialogo, com o titulo de Fogueiras.<\/em> Escritas nos anos de 1723, 1724 e 1725 (3 tomos Ms)<\/p>\n<p style=\"font-weight: 400;\"><em>Cartas Directivas e doutrinaes<\/em> (pseudon.Pe.\u00a0 Manoel Velho) [autoria duvidosa]<\/p>\n<\/blockquote>\n<p>&nbsp;<\/p>\n<h4><strong>Bibliografia:<\/strong><\/h4>\n<p style=\"font-weight: 400;\">BEL\u00c9M, Frei Jeronymo de, <em>Chronica Serafica da Santa Prov\u00edncia dos Algarves da Regular Observancia do nosso serafico Padre S\u00e3o Francisco<\/em>, 3 vols., Lisboa, Off. Ignacio Rodrigues, 1750-1758, p. 275.<\/p>\n<p style=\"font-weight: 400;\">MACHADO, \u00a0Diogo Barbosa, <em>Bibliotheca Luzitana: hist\u00f3rica, cr\u00edtica e cronol\u00f3gica, <\/em>Lisboa Occidental, na Officina de Antonio Isidoro da Fonseca, 1741-1759, Tomo III, p. 430.<\/p>\n<p style=\"font-weight: 400;\"><strong>\u00a0<\/strong><\/p>\n<p style=\"font-weight: 400;\">\n","protected":false},"excerpt":{"rendered":"<p>NOME Maria Teresa de S\u00e3o Jos\u00e9, Soror PSEUD\u00d3NIMO Maria Teresa de S\u00e3o Jos\u00e9, Soror Elementos biogr\u00e1ficos LOCAL DE NASCIMENTO Lisboa DATA DE NASCIMENTO\u00a0 S\u00e9culo XVII PA\u00cdS ONDE NASCEU Portugal LOCAL DA MORTE Lisboa DATA DA MORTE\u00a0 S\u00e9culo XVIII ESTADO\u00a0Freira DATA DA PROFISS\u00c3O RELIGIOSA 6 de Mar\u00e7o de 1684 LOCAL DA PROFISS\u00c3O RELIGIOSA\u00a0Convento da Madre de &#8230; <a title=\"Maria Teresa de S\u00e3o Jos\u00e9, Soror\" class=\"read-more\" href=\"http:\/\/escritoras-em-portugues.com\/pt_pt\/xvii\/maria-teresa-de-sao-jose-soror\/\" aria-label=\"Leia mais sobre Maria Teresa de S\u00e3o Jos\u00e9, Soror\">Ler mais<\/a><\/p>\n","protected":false},"author":3,"featured_media":0,"parent":47,"menu_order":0,"comment_status":"closed","ping_status":"closed","template":"","meta":{"cybocfi_hide_featured_image":"","footnotes":""},"class_list":["post-1079","page","type-page","status-publish"],"_links":{"self":[{"href":"http:\/\/escritoras-em-portugues.com\/pt_pt\/wp-json\/wp\/v2\/pages\/1079","targetHints":{"allow":["GET"]}}],"collection":[{"href":"http:\/\/escritoras-em-portugues.com\/pt_pt\/wp-json\/wp\/v2\/pages"}],"about":[{"href":"http:\/\/escritoras-em-portugues.com\/pt_pt\/wp-json\/wp\/v2\/types\/page"}],"author":[{"embeddable":true,"href":"http:\/\/escritoras-em-portugues.com\/pt_pt\/wp-json\/wp\/v2\/users\/3"}],"replies":[{"embeddable":true,"href":"http:\/\/escritoras-em-portugues.com\/pt_pt\/wp-json\/wp\/v2\/comments?post=1079"}],"version-history":[{"count":2,"href":"http:\/\/escritoras-em-portugues.com\/pt_pt\/wp-json\/wp\/v2\/pages\/1079\/revisions"}],"predecessor-version":[{"id":1828,"href":"http:\/\/escritoras-em-portugues.com\/pt_pt\/wp-json\/wp\/v2\/pages\/1079\/revisions\/1828"}],"up":[{"embeddable":true,"href":"http:\/\/escritoras-em-portugues.com\/pt_pt\/wp-json\/wp\/v2\/pages\/47"}],"wp:attachment":[{"href":"http:\/\/escritoras-em-portugues.com\/pt_pt\/wp-json\/wp\/v2\/media?parent=1079"}],"curies":[{"name":"wp","href":"https:\/\/api.w.org\/{rel}","templated":true}]}}