{"id":989,"date":"2023-11-07T21:32:29","date_gmt":"2023-11-07T21:32:29","guid":{"rendered":"https:\/\/escritoras-em-portugues.com\/?page_id=989"},"modified":"2024-06-04T21:47:33","modified_gmt":"2024-06-04T21:47:33","slug":"luisa-de-deus-soror","status":"publish","type":"page","link":"http:\/\/escritoras-em-portugues.com\/en\/xvii\/luisa-de-deus-soror\/","title":{"rendered":"Lu\u00edsa de Deus, Soror"},"content":{"rendered":"<p><strong>NAME <\/strong>Lu\u00edsa de Deus, Soror<\/p>\n<p style=\"font-weight: 400;\"><strong>OUTROS NOME (S)<\/strong> Lu\u00edsa de Gusm\u00e3o<\/p>\n<h4><strong>Biographical Elements<\/strong><\/h4>\n<p style=\"font-weight: 400;\"><strong>FATHER <\/strong>\u00a0D. Luiz de Portugal, 4\u00ba Conde do Vimioso<\/p>\n<p style=\"font-weight: 400;\"><strong>MOTHER<\/strong> D. Joana de Castro e Mendon\u00e7a, filha do Conde de Basto<\/p>\n<p style=\"font-weight: 400;\"><strong>BIRTHPLACE<\/strong> \u00c9vora<\/p>\n<p style=\"font-weight: 400;\"><strong>DATE OF BIRTH<\/strong> XVII century<\/p>\n<p style=\"font-weight: 400;\"><strong>PLACE OF DEATH<\/strong>\u00a0 \u00a0\u00c9vora (?)<\/p>\n<p style=\"font-weight: 400;\"><strong>COUNTRY OF BIRTH<\/strong> \u00a0Portugal<\/p>\n<p style=\"font-weight: 400;\"><strong>PROFESSION \/ POSITION \/ FUNCTION<\/strong> Prelada<\/p>\n<p style=\"font-weight: 400;\"><strong>DATE OF DEATH<\/strong> 1 de Abril de 1641<\/p>\n<p style=\"font-weight: 400;\"><strong>MARITAL STATUS<\/strong> Freira<\/p>\n<p style=\"font-weight: 400;\"><strong>PLACE OF RELIGIOUS PROFESSION<\/strong> \u00a0Santa Catarina de Sena, \u00c9vora<\/p>\n<p style=\"font-weight: 400;\"><strong>DATE OF RELIGIOUS PROFESSION<\/strong> 1607<\/p>\n<p style=\"font-weight: 400;\"><strong>CONVENT <\/strong>Santa Catarina de Sena<\/p>\n<p style=\"font-weight: 400;\"><strong>RELIGIOUS ORDER<\/strong> Dominicana<\/p>\n<h4><strong>WORKS<\/strong><\/h4>\n<p><strong>HANDWRITTEN WORKS<\/strong><\/p>\n<blockquote>\n<p style=\"font-weight: 400;\"><em>Versos sobre assuntos sagrados<\/em><\/p>\n<p style=\"font-weight: 400;\"><em>Vida de Soror Luiza de Deos<\/em><\/p>\n<\/blockquote>\n<h4><strong>Bibliography<\/strong><\/h4>\n<p style=\"font-weight: 400;\">FARINHA, Bento Jos\u00e9 de Sousa, <em>Summario de Bibliotheca Lusitana<\/em>, Lisboa, na Off. da Academia Real das Sciencias, 1787, Volume III, p. 66<\/p>\n<p style=\"font-weight: 400;\">FONSECA, Francisco da, <em>Evora Gloriosa, \u00a0<\/em>Roma, Officina Komareckiana, 1721, p. 391.<\/p>\n<p style=\"font-weight: 400;\">MACHADO, Diogo Barbosa, <em>Bibliotheca Luzitana: hist\u00f3rica, cr\u00edtica e cronol\u00f3gica, <\/em>Lisboa Occidental, na Officina de Antonio Isidoro da Fonseca, 1741-1759, volume III, pp. 158-159.<\/p>\n<p style=\"font-weight: 400;\">MONTEIRO, Frei Pedro, <em>Claustro Dominicano<\/em> lan\u00e7o primeyro offerecido ao muyto alto, e poderoso rey D. Jo\u00e3o V, Lisboa Ocidental, Na officina de Antonio Pedrozo Galram, 1729,\u00a0tomo 3, p. 270.<\/p>\n<p style=\"font-weight: 400;\">SANTA CATARINA, Frei Lucas de, <em>Hist\u00f3ria de S\u00e3o Domingos da Prov\u00edncia de Portugal, <\/em>Parte IV, Livro II, cap. 33, p. 463<\/p>\n<p style=\"font-weight: 400;\">SOUSA, Ant\u00f3nio Caetano de, <em>Hist\u00f3ria Geneal\u00f3gica da Casa Real Portuguesa, <\/em>Coimbra, Livraria Atl\u00e2ntida, 1951<em>, <\/em>Tomo 10, p. 141.<\/p>\n<p style=\"font-weight: 400;\">","protected":false},"excerpt":{"rendered":"<p>NOME Lu\u00edsa de Deus, Soror OUTROS NOME (S) Lu\u00edsa de Gusm\u00e3o Elementos biogr\u00e1ficos PAI \u00a0D. Luiz de Portugal, 4\u00ba Conde do Vimioso M\u00c3E D. Joana de Castro e Mendon\u00e7a, filha do Conde de Basto LOCAL DE NASCIMENTO \u00c9vora DATA DE NASCIMENTO S\u00e9culo XVII LOCAL DA MORTE\u00a0 \u00a0\u00c9vora (?) PA\u00cdS ONDE NASCEU \u00a0Portugal PROFISS\u00c3O \/ CARGO &#8230; <a title=\"Lu\u00edsa de Deus, Soror\" class=\"read-more\" href=\"http:\/\/escritoras-em-portugues.com\/en\/xvii\/luisa-de-deus-soror\/\" aria-label=\"Read more about Lu\u00edsa de Deus, Soror\">Read more<\/a><\/p>","protected":false},"author":3,"featured_media":0,"parent":47,"menu_order":0,"comment_status":"closed","ping_status":"closed","template":"","meta":{"cybocfi_hide_featured_image":"","footnotes":""},"class_list":["post-989","page","type-page","status-publish"],"_links":{"self":[{"href":"http:\/\/escritoras-em-portugues.com\/en\/wp-json\/wp\/v2\/pages\/989","targetHints":{"allow":["GET"]}}],"collection":[{"href":"http:\/\/escritoras-em-portugues.com\/en\/wp-json\/wp\/v2\/pages"}],"about":[{"href":"http:\/\/escritoras-em-portugues.com\/en\/wp-json\/wp\/v2\/types\/page"}],"author":[{"embeddable":true,"href":"http:\/\/escritoras-em-portugues.com\/en\/wp-json\/wp\/v2\/users\/3"}],"replies":[{"embeddable":true,"href":"http:\/\/escritoras-em-portugues.com\/en\/wp-json\/wp\/v2\/comments?post=989"}],"version-history":[{"count":5,"href":"http:\/\/escritoras-em-portugues.com\/en\/wp-json\/wp\/v2\/pages\/989\/revisions"}],"predecessor-version":[{"id":1791,"href":"http:\/\/escritoras-em-portugues.com\/en\/wp-json\/wp\/v2\/pages\/989\/revisions\/1791"}],"up":[{"embeddable":true,"href":"http:\/\/escritoras-em-portugues.com\/en\/wp-json\/wp\/v2\/pages\/47"}],"wp:attachment":[{"href":"http:\/\/escritoras-em-portugues.com\/en\/wp-json\/wp\/v2\/media?parent=989"}],"curies":[{"name":"wp","href":"https:\/\/api.w.org\/{rel}","templated":true}]}}