{"id":985,"date":"2023-11-07T21:14:02","date_gmt":"2023-11-07T21:14:02","guid":{"rendered":"https:\/\/escritoras-em-portugues.com\/?page_id=985"},"modified":"2024-06-04T21:47:46","modified_gmt":"2024-06-04T21:47:46","slug":"luiza-de-azevedo","status":"publish","type":"page","link":"http:\/\/escritoras-em-portugues.com\/en\/xvii\/luiza-de-azevedo\/","title":{"rendered":"Luiza de Azevedo"},"content":{"rendered":"<p><strong>NOME <\/strong><span lang=\"PT\">Luiza de Azevedo<\/span><\/p>\n<div><span lang=\"PT\"> \u00a0<\/span><\/div>\n<h4><strong>Elementos biogr\u00e1ficos<\/strong><\/h4>\n<p style=\"font-weight: 400;\"><strong>PAI<\/strong>\u00a0 Thom\u00e9 de Azevedo da Veiga, Fidalgo da Casa Real, Sargento M\u00f3r de Paredes, Cpit\u00e3o de Infnataria<\/p>\n<p style=\"font-weight: 400;\"><strong>M\u00c3E <\/strong>\u00a0D. Maria de Almeida<\/p>\n<p style=\"font-weight: 400;\"><strong>LOCAL DE NASCIMENTO<\/strong> \u00a0Paredes, Pinhel, Bispado de Lamego<\/p>\n<p style=\"font-weight: 400;\"><strong>DATA DE NASCIMENTO<\/strong> 1655<\/p>\n<p style=\"font-weight: 400;\"><strong>DATA DA MORTE<\/strong> 1679<\/p>\n<p style=\"font-weight: 400;\"><strong>ESTADO<\/strong>\u00a0 Casada<\/p>\n<p style=\"font-weight: 400;\"><strong>NOME DO CONJUGE<\/strong> Sebasti\u00e3o Vieira da Silva, Fidalgo da Casa Real<\/p>\n<p style=\"font-weight: 400;\"><strong>LUGAR E DATA DE CASAMENTO<\/strong> 1674<\/p>\n<p style=\"font-weight: 400;\"><strong>N\u00daMERO DE FILHOS<\/strong> \u00a01<\/p>\n<p style=\"font-weight: 400;\"><strong>IDIOMAS<\/strong> Portugu\u00eas, Latim, Castelhano<\/p>\n<h4><strong>Obra<\/strong><\/h4>\n<div><b><span lang=\"PT\">OBRAS MANUSCRITAS (DESAPARECIDAS)<\/span><\/b><\/div>\n<div><\/div>\n<div>\n<blockquote>\n<p style=\"font-weight: 400;\"><em>Romance espanhol que consta de 150 coplas ao Apparecimento de Nossa Senhora da Lapa Imagem milagrosa que se venera na Provincia da Beira<\/em>.<\/p>\n<p><em style=\"font-weight: 400;\">Poesias Varias<\/em><span style=\"font-weight: 400;\"> (Latim, Castelhano e Portugu\u00eas)<\/span><\/p><\/blockquote>\n<\/div>\n<div><\/div>\n<p><strong>OBRAS IMPRESSAS (DESAPARECIDAS)<\/strong><\/p>\n<blockquote>\n<p style=\"font-weight: 400;\"><em>Aloysiae de Azevedo, de morte maritii praeclarissimi, ac nobilissimi viri Sebastiani Vieira da Silva<\/em>. [1675]<\/p>\n<\/blockquote>\n<h4><strong>Bibliografia:<\/strong><\/h4>\n<p style=\"font-weight: 400;\">FARINHA, Bento Jos\u00e9 de Sousa, <em>Summario de Bibliotheca Lusitana<\/em>, volume III, Lisboa, na Off. da Academia Real das Sciencias, 1787, pp. 65-66.<\/p>\n<p style=\"font-weight: 400;\">GARCIA PEREZ, Domingos, <em>Catalogo razonado biografico e bibliografico de los autores portugueses que escribieron en castellano<\/em>, Madrid, Imprenta del Colegio Nacional de Sordo-modos y de ciegos, 1890, p.8<\/p>\n<p style=\"font-weight: 400;\">MACHADO, Diogo Barbosa, <em>Bibliotheca Luzitana: hist\u00f3rica, cr\u00edtica e cronol\u00f3gica, <\/em>Lisboa Occidental, na Officina de Antonio Isidoro da Fonseca, 1741-1759, Tomo III, p. 158.<\/p>\n<p style=\"font-weight: 400;\">\n","protected":false},"excerpt":{"rendered":"<p>NOME Luiza de Azevedo \u00a0 Elementos biogr\u00e1ficos PAI\u00a0 Thom\u00e9 de Azevedo da Veiga, Fidalgo da Casa Real, Sargento M\u00f3r de Paredes, Cpit\u00e3o de Infnataria M\u00c3E \u00a0D. Maria de Almeida LOCAL DE NASCIMENTO \u00a0Paredes, Pinhel, Bispado de Lamego DATA DE NASCIMENTO 1655 DATA DA MORTE 1679 ESTADO\u00a0 Casada NOME DO CONJUGE Sebasti\u00e3o Vieira da Silva, Fidalgo &#8230; <a title=\"Luiza de Azevedo\" class=\"read-more\" href=\"http:\/\/escritoras-em-portugues.com\/en\/xvii\/luiza-de-azevedo\/\" aria-label=\"Read more about Luiza de Azevedo\">Read more<\/a><\/p>","protected":false},"author":3,"featured_media":0,"parent":47,"menu_order":0,"comment_status":"closed","ping_status":"closed","template":"","meta":{"cybocfi_hide_featured_image":"","footnotes":""},"class_list":["post-985","page","type-page","status-publish"],"_links":{"self":[{"href":"http:\/\/escritoras-em-portugues.com\/en\/wp-json\/wp\/v2\/pages\/985","targetHints":{"allow":["GET"]}}],"collection":[{"href":"http:\/\/escritoras-em-portugues.com\/en\/wp-json\/wp\/v2\/pages"}],"about":[{"href":"http:\/\/escritoras-em-portugues.com\/en\/wp-json\/wp\/v2\/types\/page"}],"author":[{"embeddable":true,"href":"http:\/\/escritoras-em-portugues.com\/en\/wp-json\/wp\/v2\/users\/3"}],"replies":[{"embeddable":true,"href":"http:\/\/escritoras-em-portugues.com\/en\/wp-json\/wp\/v2\/comments?post=985"}],"version-history":[{"count":5,"href":"http:\/\/escritoras-em-portugues.com\/en\/wp-json\/wp\/v2\/pages\/985\/revisions"}],"predecessor-version":[{"id":1792,"href":"http:\/\/escritoras-em-portugues.com\/en\/wp-json\/wp\/v2\/pages\/985\/revisions\/1792"}],"up":[{"embeddable":true,"href":"http:\/\/escritoras-em-portugues.com\/en\/wp-json\/wp\/v2\/pages\/47"}],"wp:attachment":[{"href":"http:\/\/escritoras-em-portugues.com\/en\/wp-json\/wp\/v2\/media?parent=985"}],"curies":[{"name":"wp","href":"https:\/\/api.w.org\/{rel}","templated":true}]}}