{"id":940,"date":"2023-11-05T18:54:50","date_gmt":"2023-11-05T18:54:50","guid":{"rendered":"https:\/\/escritoras-em-portugues.com\/?page_id=940"},"modified":"2024-06-04T21:45:24","modified_gmt":"2024-06-04T21:45:24","slug":"jacinta-do-santissimo-sacramento-soror","status":"publish","type":"page","link":"http:\/\/escritoras-em-portugues.com\/en\/xvii\/jacinta-do-santissimo-sacramento-soror\/","title":{"rendered":"Jacinta do Santissimo Sacramento, Soror"},"content":{"rendered":"<p><strong>NAME <\/strong><span lang=\"PT\">Jacinta do Santissimo Sacramento, <\/span>Soror<\/p>\n<h4><strong>Biographical Elements<\/strong><\/h4>\n<p style=\"font-weight: 400;\"><strong>FATHER<\/strong> Manoel da Costa Neves<\/p>\n<p style=\"font-weight: 400;\"><strong>MOTHER<\/strong> Maria B\u00e1rbara de Barros<\/p>\n<p style=\"font-weight: 400;\"><strong>LOCAL<\/strong> <strong>DE NASCIMENTO<\/strong> Porto<\/p>\n<p style=\"font-weight: 400;\"><strong>DATE OF BIRTH <\/strong>1654<\/p>\n<p style=\"font-weight: 400;\"><strong>PLACE OF DEATH<\/strong>\u00a0 \u00a0Aveiro<\/p>\n<p style=\"font-weight: 400;\"><strong>PROFESSION \/ POSITION \/ FUNCTION<\/strong>\u00a0Mestra de Novi\u00e7as, Prioresa (2 vezes)<\/p>\n<p style=\"font-weight: 400;\"><strong>DATA<\/strong> <strong>DA MORTE <\/strong>19 de Mar\u00e7o de 1711<\/p>\n<p style=\"font-weight: 400;\"><strong>MARITAL STATUS<\/strong> Freira<\/p>\n<p style=\"font-weight: 400;\"><strong>DATE OF RELIGIOUS PROFESSION<\/strong> \u00a022 de Outubro de 1675<\/p>\n<p style=\"font-weight: 400;\"><strong>PLACE OF RELIGIOUS PROFESSION<\/strong> \u00a0Convento de Aveiro<\/p>\n<p style=\"font-weight: 400;\"><strong>CONVENT<\/strong> Aveiro<\/p>\n<p><strong>RELIGIOUS ORDER<\/strong> Carmelitas<\/p>\n<h4><strong>WORKS<\/strong><\/h4>\n<p><strong>WORKS (MISSING)<\/strong><\/p>\n<blockquote>\n<p style=\"font-weight: 400;\"><em>Tratado Primeiro. Demonstra\u00e7a\u00f5 da divina vontade<\/em> (54 cap\u00edtulos)<\/p>\n<p style=\"font-weight: 400;\"><em>Tratado Segundo. Via da Alma.<\/em><\/p>\n<p style=\"font-weight: 400;\"><em>Tratado Terceiro. Triunfo da Divina Gra\u00e7a.<\/em><\/p>\n<p style=\"font-weight: 400;\"><em>Espelho Carmeliano, onde instrue huma Novi\u00e7a Descal\u00e7a a cumprir com as suas obriga\u00e7\u00f5es religiosas<\/em><\/p>\n<\/blockquote>\n<pre><em>\u00a0<\/em><\/pre>\n<h4><strong>Bibliography<\/strong><\/h4>\n<p style=\"font-weight: 400;\">FARINHA, Bento Jos\u00e9 de Sousa, <em>Summario de Bibliotheca Lusitana<\/em>, volume II, Lisboa, na Officina de Antonio Gomes, 1786, p. 204.<\/p>\n<p style=\"font-weight: 400;\">MACHADO, Diogo Barbosa, <em>Bibliotheca Luzitana: hist\u00f3rica, cr\u00edtica e cronol\u00f3gica, <\/em>Lisboa Occidental, na Officina de Antonio Isidoro da Fonseca, 1741-1759, Volume IV, p. 159.<\/p>\n<p>&nbsp;<\/p>","protected":false},"excerpt":{"rendered":"<p>NOME Jacinta do Santissimo Sacramento, Soror Elementos biogr\u00e1ficos PAI Manoel da Costa Neves M\u00c3E Maria B\u00e1rbara de Barros LOCAL DE NASCIMENTO Porto DATA DE NASCIMENTO 1654 LOCAL DA MORTE\u00a0 \u00a0Aveiro PROFISS\u00c3O \/ CARGO \/ FUN\u00c7\u00c3O\u00a0Mestra de Novi\u00e7as, Prioresa (2 vezes) DATA DA MORTE 19 de Mar\u00e7o de 1711 ESTADO Freira DATA DA PROFISS\u00c3O RELIGIOSA \u00a022 &#8230; <a title=\"Jacinta do Santissimo Sacramento, Soror\" class=\"read-more\" href=\"http:\/\/escritoras-em-portugues.com\/en\/xvii\/jacinta-do-santissimo-sacramento-soror\/\" aria-label=\"Read more about Jacinta do Santissimo Sacramento, Soror\">Read more<\/a><\/p>","protected":false},"author":3,"featured_media":0,"parent":47,"menu_order":0,"comment_status":"closed","ping_status":"closed","template":"","meta":{"cybocfi_hide_featured_image":"","footnotes":""},"class_list":["post-940","page","type-page","status-publish"],"_links":{"self":[{"href":"http:\/\/escritoras-em-portugues.com\/en\/wp-json\/wp\/v2\/pages\/940","targetHints":{"allow":["GET"]}}],"collection":[{"href":"http:\/\/escritoras-em-portugues.com\/en\/wp-json\/wp\/v2\/pages"}],"about":[{"href":"http:\/\/escritoras-em-portugues.com\/en\/wp-json\/wp\/v2\/types\/page"}],"author":[{"embeddable":true,"href":"http:\/\/escritoras-em-portugues.com\/en\/wp-json\/wp\/v2\/users\/3"}],"replies":[{"embeddable":true,"href":"http:\/\/escritoras-em-portugues.com\/en\/wp-json\/wp\/v2\/comments?post=940"}],"version-history":[{"count":3,"href":"http:\/\/escritoras-em-portugues.com\/en\/wp-json\/wp\/v2\/pages\/940\/revisions"}],"predecessor-version":[{"id":1782,"href":"http:\/\/escritoras-em-portugues.com\/en\/wp-json\/wp\/v2\/pages\/940\/revisions\/1782"}],"up":[{"embeddable":true,"href":"http:\/\/escritoras-em-portugues.com\/en\/wp-json\/wp\/v2\/pages\/47"}],"wp:attachment":[{"href":"http:\/\/escritoras-em-portugues.com\/en\/wp-json\/wp\/v2\/media?parent=940"}],"curies":[{"name":"wp","href":"https:\/\/api.w.org\/{rel}","templated":true}]}}