{"id":932,"date":"2023-11-05T18:12:50","date_gmt":"2023-11-05T18:12:50","guid":{"rendered":"https:\/\/escritoras-em-portugues.com\/?page_id=932"},"modified":"2024-06-04T21:43:46","modified_gmt":"2024-06-04T21:43:46","slug":"ines-serafina-margarida-de-jesus","status":"publish","type":"page","link":"http:\/\/escritoras-em-portugues.com\/en\/xvii\/ines-serafina-margarida-de-jesus\/","title":{"rendered":"In\u00eas Serafina Margarida de Jesus"},"content":{"rendered":"<p><strong>NAME <\/strong><span lang=\"PT\">In\u00eas Serafina Margarida de Jesus<\/span><\/p>\n<p><strong>NOME (OUTRAS FORMAS) <\/strong>Ignez Serafina Margarida de Jesus<\/p>\n<h4><strong>Biographical Elements<\/strong><\/h4>\n<p><strong>BIRTHPLACE<\/strong> Viseu<\/p>\n<p><strong>DATE OF BIRTH<\/strong>\u00a0 XVII century<\/p>\n<p><strong>DATE OF DEATH<\/strong>\u00a0 XVII century<\/p>\n<h4><strong>WORKS<\/strong><\/h4>\n<p><strong>MISSING WORKS<\/strong><\/p>\n<blockquote>\n<p style=\"font-weight: 400;\"><em>Rimas V\u00e1rias dedicadas \u00e0 Senhora Mariana da Gl\u00f3ria religiosas no Convento de S\u00e3o Bento de Viseu<\/em><\/p>\n<\/blockquote>\n<h4><strong>Bibliography<\/strong><\/h4>\n<p>FARINHA, Bento Jos\u00e9 de Sousa, <em>Summario de Bibliotheca Lusitana<\/em>, Lisboa, na Officina de Antonio Gomes, 1786<\/p>\n<p style=\"font-weight: 400;\">MACHADO, Diogo Barbosa, <em>Bibliotheca Luzitana: hist\u00f3rica, cr\u00edtica e cronol\u00f3gica, <\/em>Lisboa Occidental, na Officina de Antonio Isidoro da Fonseca, 1741-1759, Volume IV, p. 169.<\/p>","protected":false},"excerpt":{"rendered":"<p>NOME In\u00eas Serafina Margarida de Jesus NOME (OUTRAS FORMAS) Ignez Serafina Margarida de Jesus Elementos biogr\u00e1ficos LOCAL DE NASCIMENTO Viseu DATA DE NASCIMENTO\u00a0 S\u00e9culo XVII DATA DA MORTE\u00a0 S\u00e9culo XVII Obra OBRAS DESAPARECIDAS Rimas V\u00e1rias dedicadas \u00e0 Senhora Mariana da Gl\u00f3ria religiosas no Convento de S\u00e3o Bento de Viseu Bibliografia: FARINHA, Bento Jos\u00e9 de Sousa, &#8230; <a title=\"In\u00eas Serafina Margarida de Jesus\" class=\"read-more\" href=\"http:\/\/escritoras-em-portugues.com\/en\/xvii\/ines-serafina-margarida-de-jesus\/\" aria-label=\"Read more about In\u00eas Serafina Margarida de Jesus\">Read more<\/a><\/p>","protected":false},"author":3,"featured_media":0,"parent":47,"menu_order":0,"comment_status":"closed","ping_status":"closed","template":"","meta":{"cybocfi_hide_featured_image":"","footnotes":""},"class_list":["post-932","page","type-page","status-publish"],"_links":{"self":[{"href":"http:\/\/escritoras-em-portugues.com\/en\/wp-json\/wp\/v2\/pages\/932","targetHints":{"allow":["GET"]}}],"collection":[{"href":"http:\/\/escritoras-em-portugues.com\/en\/wp-json\/wp\/v2\/pages"}],"about":[{"href":"http:\/\/escritoras-em-portugues.com\/en\/wp-json\/wp\/v2\/types\/page"}],"author":[{"embeddable":true,"href":"http:\/\/escritoras-em-portugues.com\/en\/wp-json\/wp\/v2\/users\/3"}],"replies":[{"embeddable":true,"href":"http:\/\/escritoras-em-portugues.com\/en\/wp-json\/wp\/v2\/comments?post=932"}],"version-history":[{"count":2,"href":"http:\/\/escritoras-em-portugues.com\/en\/wp-json\/wp\/v2\/pages\/932\/revisions"}],"predecessor-version":[{"id":1780,"href":"http:\/\/escritoras-em-portugues.com\/en\/wp-json\/wp\/v2\/pages\/932\/revisions\/1780"}],"up":[{"embeddable":true,"href":"http:\/\/escritoras-em-portugues.com\/en\/wp-json\/wp\/v2\/pages\/47"}],"wp:attachment":[{"href":"http:\/\/escritoras-em-portugues.com\/en\/wp-json\/wp\/v2\/media?parent=932"}],"curies":[{"name":"wp","href":"https:\/\/api.w.org\/{rel}","templated":true}]}}