{"id":930,"date":"2023-11-05T18:08:23","date_gmt":"2023-11-05T18:08:23","guid":{"rendered":"https:\/\/escritoras-em-portugues.com\/?page_id=930"},"modified":"2024-06-04T21:43:39","modified_gmt":"2024-06-04T21:43:39","slug":"francisca-josefa-de-sousa","status":"publish","type":"page","link":"http:\/\/escritoras-em-portugues.com\/en\/xvii\/francisca-josefa-de-sousa\/","title":{"rendered":"Francisca Josefa de Sousa"},"content":{"rendered":"<p><strong>NAME <\/strong><span lang=\"PT\">Francisca Josefa de Sousa \u00a0<\/span><\/p>\n<h4><strong>Biographical Elements<\/strong><\/h4>\n<p style=\"font-weight: 400;\"><strong>FATHER<\/strong> Antonio Soares da Silva<\/p>\n<p style=\"font-weight: 400;\"><strong>MOTHER<\/strong> Maria Manuel de Miranda Brum da Silveira<\/p>\n<p style=\"font-weight: 400;\"><strong>BIRTHPLACE<\/strong> Madrid<\/p>\n<p style=\"font-weight: 400;\"><strong>DATE OF BIRTH<\/strong> 6 de Novembro de 1691<\/p>\n<p style=\"font-weight: 400;\"><strong>COUNTRY OF BIRTH<\/strong>\u00a0Espanha<\/p>\n<p style=\"font-weight: 400;\"><strong>PA\u00cdSES ONDE VIVEU<\/strong> Espanha, Portugal<\/p>\n<p style=\"font-weight: 400;\"><strong>MARITAL STATUS <\/strong>Freira<\/p>\n<p style=\"font-weight: 400;\"><strong>PLACE OF RELIGIOUS PROFESSION <\/strong>Real Convento de S\u00e3o Diniz de Odivellas<\/p>\n<p style=\"font-weight: 400;\"><strong>CONVENT <\/strong>S\u00e3o Diniz de Odivellas<\/p>\n<p style=\"font-weight: 400;\"><strong>RELIGIOUS ORDER <\/strong>Cister<\/p>\n<h4><strong>WORKS<\/strong><\/h4>\n<p><strong>HANDWRITTEN WORKS (MISSING)<\/strong><\/p>\n<blockquote>\n<p style=\"font-weight: 400;\"><em>Vida de Christo, <\/em>3 volumes<\/p>\n<\/blockquote>\n<p>&nbsp;<\/p>\n<h4><strong>Bibliography<\/strong><\/h4>\n<p style=\"font-weight: 400;\">FARINHA, Bento Jos\u00e9 de Sousa, <em>Summario de Bibliotheca Lusitana<\/em>, volume II, Lisboa, na Officina de Antonio Gomes, 1786, p. 40.<\/p>\n<p style=\"font-weight: 400;\">MACHADO, Diogo Barbosa, <em>Bibliotheca Luzitana: hist\u00f3rica, cr\u00edtica e cronol\u00f3gica, <\/em>Lisboa Occidental, na Officina de Antonio Isidoro da Fonseca, 1741-1759, volume IV, p. 124.<\/p>","protected":false},"excerpt":{"rendered":"<p>NOME Francisca Josefa de Sousa \u00a0 Elementos biogr\u00e1ficos PAI Antonio Soares da Silva M\u00c3E Maria Manuel de Miranda Brum da Silveira LOCAL DE NASCIMENTO Madrid DATA DE NASCIMENTO 6 de Novembro de 1691 PA\u00cdS ONDE NASCEU\u00a0Espanha PA\u00cdSES ONDE VIVEU Espanha, Portugal ESTADO Freira LOCAL DA PROFISS\u00c3O RELIGIOSA Real Convento de S\u00e3o Diniz de Odivellas CONVENTO &#8230; <a title=\"Francisca Josefa de Sousa\" class=\"read-more\" href=\"http:\/\/escritoras-em-portugues.com\/en\/xvii\/francisca-josefa-de-sousa\/\" aria-label=\"Read more about Francisca Josefa de Sousa\">Read more<\/a><\/p>","protected":false},"author":3,"featured_media":0,"parent":47,"menu_order":0,"comment_status":"closed","ping_status":"closed","template":"","meta":{"cybocfi_hide_featured_image":"","footnotes":""},"class_list":["post-930","page","type-page","status-publish"],"_links":{"self":[{"href":"http:\/\/escritoras-em-portugues.com\/en\/wp-json\/wp\/v2\/pages\/930","targetHints":{"allow":["GET"]}}],"collection":[{"href":"http:\/\/escritoras-em-portugues.com\/en\/wp-json\/wp\/v2\/pages"}],"about":[{"href":"http:\/\/escritoras-em-portugues.com\/en\/wp-json\/wp\/v2\/types\/page"}],"author":[{"embeddable":true,"href":"http:\/\/escritoras-em-portugues.com\/en\/wp-json\/wp\/v2\/users\/3"}],"replies":[{"embeddable":true,"href":"http:\/\/escritoras-em-portugues.com\/en\/wp-json\/wp\/v2\/comments?post=930"}],"version-history":[{"count":2,"href":"http:\/\/escritoras-em-portugues.com\/en\/wp-json\/wp\/v2\/pages\/930\/revisions"}],"predecessor-version":[{"id":1779,"href":"http:\/\/escritoras-em-portugues.com\/en\/wp-json\/wp\/v2\/pages\/930\/revisions\/1779"}],"up":[{"embeddable":true,"href":"http:\/\/escritoras-em-portugues.com\/en\/wp-json\/wp\/v2\/pages\/47"}],"wp:attachment":[{"href":"http:\/\/escritoras-em-portugues.com\/en\/wp-json\/wp\/v2\/media?parent=930"}],"curies":[{"name":"wp","href":"https:\/\/api.w.org\/{rel}","templated":true}]}}