{"id":896,"date":"2023-11-01T12:10:22","date_gmt":"2023-11-01T12:10:22","guid":{"rendered":"https:\/\/escritoras-em-portugues.com\/?page_id=896"},"modified":"2024-06-04T22:03:27","modified_gmt":"2024-06-04T22:03:27","slug":"beatriz-brandao","status":"publish","type":"page","link":"http:\/\/escritoras-em-portugues.com\/en\/xviii\/beatriz-brandao\/","title":{"rendered":"Beatriz Brand\u00e3o"},"content":{"rendered":"<p><strong>NOME<\/strong> Beatriz Brand\u00e3o<\/p>\n<p><strong>OUTRO(S) NOME(S)<\/strong> <span lang=\"PT\">Beatriz Francisca de Assis Brand\u00e3o\u00a0 <\/span><\/p>\n<h4><strong>Elementos biogr\u00e1ficos<\/strong><\/h4>\n<p style=\"font-weight: 400;\"><strong>PAI<\/strong>\u00a0\u00a0 Francisco Sanches Brand\u00e3o<\/p>\n<div><b><span lang=\"PT\">M\u00c3E <\/span><\/b>Isabel Feliciana Narcisa de Seixas<\/div>\n<div><\/div>\n<div>\n<div><b><span lang=\"PT\">LOCAL DE NASCIMENTO \u00a0<\/span><\/b>Freguesia de Nossa Senhora do Pilar do Ouro Preto, Villa Rica (hoje Ouro Preto), Minas Gerais<\/div>\n<div><\/div>\n<\/div>\n<p><strong>DATA DE NASCIMENTO <\/strong>29 de Julho de 1779<\/p>\n<div><b><span lang=\"PT\">DATA DE BAPTISMO <\/span><\/b><span lang=\"PT\">12 de Agosto de 1779\u00a0<\/span><\/div>\n<div><\/div>\n<p style=\"font-weight: 400;\"><strong>PA\u00cdS\/ REGI\u00c3O ONDE NASCEU<\/strong> Brasil Colonial<\/p>\n<div><b><span lang=\"PT\">PROFISS\u00c3O \/ CARGO \/ FUN\u00c7\u00c3O <\/span><\/b>Regente do Coral das mo\u00e7as da Matriz do Pilar, Examinadora de candidatos \u00e0s Escolas de Primeiras Letras, Mestra de Escola P\u00fablica de Meninas de Ouro Preto, Preceptora de Meninas em Niter\u00f3i.<\/div>\n<div><\/div>\n<h4 style=\"font-family: -apple-system, system-ui, BlinkMacSystemFont, 'Segoe UI', Helvetica, Arial, sans-serif, 'Apple Color Emoji', 'Segoe UI Emoji', 'Segoe UI Symbol'; font-style: normal;\"><b style=\"font-size: 17px;\"><span lang=\"PT\">LOCAL DA MORTE\u00a0<\/span><\/b><span style=\"font-size: 17px;\">Rio de Janeiro<\/span><span style=\"font-size: 17px;\">\u00a0\u00a0<\/span><\/h4>\n<p style=\"font-size: 17px;\"><strong>DATA DA MORTE <\/strong><span lang=\"PT\">5 de Mar\u00e7o de 1868<\/span><\/p>\n<div>\n<p style=\"font-weight: 400;\"><strong>ESTADO I<\/strong> Casada<\/p>\n<p style=\"font-weight: 400;\"><strong>NOME DO C\u00d4NJUGE<\/strong> Vicente Batista Rodrigues de Alvarenga<\/p>\n<p style=\"font-weight: 400;\"><strong>\u00a0LUGAR E DATA DE CASAMENTO<\/strong> Ouro Preto, 20 de Maio de 1813<\/p>\n<p style=\"font-weight: 400;\"><strong>ESTADO II<\/strong> Divorciada (Pedido data de 16 de Agosto de 1832. Div\u00f3rcio concedido a 19 de Janeiro de 1839)<\/p>\n<p style=\"font-weight: 400;\"><strong>IDIOMAS<\/strong> Portugu\u00eas, Franc\u00eas e Italiano<\/p>\n<p style=\"font-weight: 400;\"><strong style=\"font-family: inherit; font-size: 24px; font-style: inherit;\">Obra<\/strong><\/p>\n<\/div>\n<p style=\"font-weight: 400;\"><strong>OBRAS MANUSCRITAS (DESAPARECIDAS)<\/strong><\/p>\n<blockquote>\n<p style=\"font-weight: 400;\"><em>Alexandre na India<\/em>, de Pedro Metastasio (tradu\u00e7\u00e3o)<\/p>\n<p style=\"font-weight: 400;\"><em>Semiramis reconhecida<\/em>, de Pedro Metastasio (tradu\u00e7\u00e3o)<\/p>\n<p style=\"font-weight: 400;\"><em>Jos\u00e9 no Egypto<\/em>, de Pedro Metastasio (tradu\u00e7\u00e3o)<\/p>\n<p style=\"font-weight: 400;\"><em>\u00a0<\/em><em>Angelica e Medoro<\/em>, de Pedro Metastasio (tradu\u00e7\u00e3o)<\/p>\n<p style=\"font-weight: 400;\"><em>Diana e Endemi\u00e3o<\/em>, de Pedro Metastasio (tradu\u00e7\u00e3o)<\/p>\n<p style=\"font-weight: 400;\"><em>Sonho de Scipi\u00e3o<\/em>, de Pedro Metastasio (tradu\u00e7\u00e3o)<\/p>\n<p style=\"font-weight: 400;\"><em>Dramma per musica <\/em>\u00a0\u00e1 Coroa\u00e7\u00e3o de S. M. o sr. D. Pedro I<\/p>\n<p style=\"font-weight: 400;\"><em>Dramma per musica <\/em>no Nascimento do sr. D. Pedro II<em>\u00a0<\/em><\/p>\n<p style=\"font-weight: 400;\"><em>Cantata aos annos da Imperatriz a sr.\u00aa D. Leopoldina.<\/em><\/p>\n<\/blockquote>\n<p><strong>OBRAS IMPRESSAS<\/strong><\/p>\n<blockquote>\n<p style=\"font-weight: 400;\"><em>Cantos da mocidade<\/em>, Rio de Janeiro, Typ. Dous de Dezembro de Paula Brito, 1856.<\/p>\n<p style=\"font-weight: 400;\"><em>Cat\u00e3o: drama tragico, pelo abbade Pedro Metastasio<\/em> <em>traduzido do italiano<\/em>, Typ. e livraria de B. X. P. de Sousa, 1860.<\/p>\n<p style=\"font-weight: 400;\">38 poemas <em>Marmota Fluminense, jornal de modas e variedades, <\/em>Rio de Janeiro, n\u00ba 598, 10\/7\/1855; n\u00ba 268, 8\/6\/1852; n\u00ba 332, 18\/1\/1853; n\u00ba 578, 1\/5\/1855; n\u00ba 565, 25\/3\/1855; n\u00ba 566 24\/3\/1855; n\u00ba 567, 27\/3\/1855; n\u00ba 571, 10\/4\/1855; n\u00ba 573, 15\/4\/1855; n\u00ba 577, 27\/4\/1855; n\u00ba 268, 8\/6\/1852; n\u00ba 270, 15\/6\/1852; n\u00ba 268, 8\/6\/1852; n\u00ba 544, 16\/2\/1855; n\u00ba 555, 20\/2\/1855; n\u00ba 56, 27\/2\/1855; n\u00ba 557, 2\/3\/1855; n\u00ba 558, 6\/3\/1855; n\u00ba 559, 9\/3\/1855; n\u00ba 563, 18\/3\/1855; n\u00ba 576, 24\/4\/1855; n\u00ba 614 21\/8\/1855; n\u00ba 863, 10\/7\/1857; n\u00ba 348, 15\/3\/1853; n\u00ba 512 10\/10\/1854; n\u00ba 518, 31\/10\/1854; n\u00ba 579, 4\/5\/1855, n\u00ba 580, 8\/5\/1855; n\u00ba582, 15\/5\/1855; n\u00ba 583, 18\/5\/1855; n\u00ba 584, 22\/5\/1855; n\u00ba585, 25\/5\/1855; n\u00ba 588, 5\/6\/1855; n\u00ba 689, 8\/6\/1855, n\u00ba 592, 19\/6\/1855; n\u00ba 847, 15\/5\/1857; n\u00ba 864, 14\/7\/1857; n\u00ba 881, 11\/9\/1857<\/p>\n<p style=\"font-weight: 400;\">\u201cAo Ill<sup>mo<\/sup> Sr. J. Norberto de S. S.\u201d <em>O Guanabara. Revista mensal art\u00edstica, cient\u00edfica e liter\u00e1ria, <\/em>Rio de Janeiro, Tip. Guanabarense, tomo I, 1850, n\u00ba 5, p. 355.<\/p>\n<p style=\"font-weight: 400;\"><em>O Mentor das Brasileiras, <\/em>S\u00e3o Jos\u00e9 del Rei, Astro de Minas, n\u00ba15 12\/3\/1830, n\u00ba 17, 26 Mar\u00e7o de 1830, n\u00ba 74 15\/5\/1831, n\u00ba 81 1\/7\/1831, 1\/6\/1832<\/p>\n<p style=\"font-weight: 400;\">\u201cHino a D. Pedro I\u201d <em>Abelha do Itaculumy, <\/em>Ouro Preto, Tipografia Patr\u00edcia Barbosa e Cia., 1825, p. 39<\/p>\n<p style=\"font-weight: 400;\">[Poesias v\u00e1rias] in.: Barbosa, Janu\u00e1rio da Cunha, <em>Parnaso Brasileiro ou cole\u00e7\u00e3oo das melhores poesias dos poetas do Brasil, tanto in\u00e9ditas como j\u00e1 impressas, <\/em>Rio de Janeiro, 1831, tomo II, caderno 5, pp. 27-38<\/p>\n<p style=\"font-weight: 400;\">\u201cCartas de Leandro a Hero\u201d e \u201cCartas de Hero a Leandro\u201d in.: Barbosa, Janu\u00e1rio da Cunha, <em>Parnaso Brasileiro ou cole\u00e7\u00e3oo das melhores poesias dos poetas do Brasil, tanto in\u00e9ditas como j\u00e1 impressas, <\/em>Rio de Janeiro, tomo II, 1831, caderno 7, pp. 7-21.<\/p>\n<p style=\"font-weight: 400;\">\u201cAs comendas\u201d, Rio de Janeiro, s. d.<\/p>\n<p style=\"font-weight: 400;\"><em>Romances imitados de Gessner<\/em>, [\u201cO ca\u00e7ador\u201d e \u201cLelia e Nerina\u201d] Rio de Janeiro, Typ. e livraria de Bernardo Xavier Pinto de Sousa, s.d.<\/p>\n<p style=\"font-weight: 400;\"><em>Cartas de Leandro e Hero<\/em>, <em>extrahidas de uma traduc\u00e7\u00e3o franceza<\/em>, 2\u00aa edi\u00e7\u00e3o, Rio de Janeiro, Typ. e livraria de B. X. P. de Sousa 1859<\/p>\n<p style=\"font-weight: 400;\"><em>Sauda\u00e7\u00e3o \u00e0 est\u00e1tua equestre de S M I o Senhor D. Pedro I fundador do Imp\u00e9rio do Brasil, <\/em>Rio de Janeiro, Typ. Paula Brito, 1862<\/p>\n<p style=\"font-weight: 400;\">\u201cSauda\u00e7\u00e3o a Ill<sup>ma<\/sup> e Ex<sup>ma<\/sup> Senhora D. Violante Atabalipa Ximenes de Bivar e Vellasco\u201d in.: Violante Atabalipa Ximenes de Bivar e VELLASCO, <em>Algumas tradu\u00e7\u00f5es das l\u00ednguas francesa, italiana e inglesa, <\/em>Rio de Janeiro, Bernardo Xavier Pinto de Souza, 1859, pp.<\/p>\n<p style=\"font-weight: 400;\"><a href=\"http:\/\/purl.pt\/14930\/3\/#\/82\">\u201cL\u00e1grimas do Brasil<em>\u201d Mausol\u00e9u levantado \u00e0 mem\u00f3ria da excelsa Rainha de Portugal, D. Estephania, <\/em>Rio de Janeiro, Typ. Bernardo Xavier Pinto de Souza, 1860, pp. 79-80.<\/a><\/p>\n<\/blockquote>\n<h4><strong>Bibliografia:<\/strong><\/h4>\n<p style=\"font-weight: 400;\">BARBOSA, C\u00f3nego Janu\u00e1rio da Cunha, <em>Parnaso Brasileiro ou colec\u00e7\u00e3o das melhores poesias dos poetas do Brasil, tanto in\u00e9ditas como j\u00e1 impressas, <\/em>Rio de Janeiro, Typ. Nacional, 1831, volume II, caderno 5, pp. 25-38.<\/p>\n<p style=\"font-weight: 400;\">BARBOSA, Maria Claret Carneiro, <em>A participa\u00e7\u00e3o da Mulher na Hist\u00f3ria de Minas Gerais, <\/em>1986<\/p>\n<p style=\"font-weight: 400;\">BASTIDE, Roger, <em>Poetas do Brasil, <\/em>S\u00e3o Paulo, EdUsp, 1997.<\/p>\n<p style=\"font-weight: 400;\">BLAKE, Augusto Victorino Alves Sacramento, <em>Dicion\u00e1rio Bibliogr\u00e1fico Brasileiro, <\/em>Rio de Janeiro, Typ. Nacional, 1883, volume I, pp. 387-388.<\/p>\n<p style=\"font-weight: 400;\">CELSO, Affonso, \u201cPrima de Mar\u00edlia\u201d <em>Revista do Instituto Hist\u00f3rico e Geogr\u00e1fico Brasileiro, <\/em>Rio de Janeiro, volume 158, pp. 870-873, 1928.<\/p>\n<p style=\"font-weight: 400;\">CRUZ J\u00daNIOR, \u201cA Mulher e sua educa\u00e7\u00e3o\u201d <em>A Marmota na Corte, <\/em>n\u00ba 228, p. 2, 20\/1\/1852.<\/p>\n<p style=\"font-weight: 400;\">LIMA, M\u00e1rio de <em>Colect\u00e2nea de autores mineiros, <\/em>Belo Horizonte, Imprensa Oficial, 1922, vol. I, p. 310.<\/p>\n<p style=\"font-weight: 400;\">LIMA J\u00daNIOR, Augusto de, \u201cD. Beatriz Francisca de Assis Brand\u00e3o\u201d <em>Revista do Arquivo P\u00fablico Mineiro, <\/em>Belo Horizonte, Imprensa Oficial, 1910, p. 425-428.<\/p>\n<p style=\"font-weight: 400;\">LIMA J\u00daNIOR, Augusto de, \u201cD. Beatriz Francisca de Assis Brand\u00e3o\u201d<em> Revista da Academia Mineira de Letras, <\/em>Belo Horizonte, 1929,vol. 3, p. 311.<\/p>\n<p style=\"font-weight: 400;\">LIMA J\u00daNIOR, Augusto de, \u201cD. Beatriz Francisca de Assis Brand\u00e3o, musa da Independ\u00eancia, vida gloriosa e tr\u00e1gica\u201d <em>Revista do Instituto Hist\u00f3rico Geogr\u00e1fico de Minas Gerais, <\/em>volume 8, 1961, pp. 63-73,<\/p>\n<p style=\"font-weight: 400;\">MIRANDA, Jos\u00e9 da Costa \u201cEdi\u00e7\u00f5es portuguesas do teatro de Pietro Metast\u00e1sio (s\u00e9culo XIX) Distribui\u00e7\u00e3o cronol\u00f3gica e significado\u201d<em>Revista Lusitana<\/em>, n\u00ba3, Nova S\u00e9rie, Lisboa, 1982\/1983, pp. 155-161.<\/p>\n<p style=\"font-weight: 400;\">MENEZES, Raimundo de, <em>Dicion\u00e1rio Liter\u00e1rio Brasileiro, \u00a0<\/em>Rio de Janeiro, Livros T\u00e9cnicos e Cient\u00edficos, 1978, p. 127<\/p>\n<p style=\"font-weight: 400;\">MUZART, Zahid\u00e9 Lupinacci (org.), \u201cBeatriz Francisca de Assis Brand\u00e3o\u201d, <em>Escritoras brasileiras do s\u00e9culo XIX, <\/em>Florian\u00f3polis, Editora Mulheres, 1999, pp. 82-109.<\/p>\n<p style=\"font-weight: 400;\">OLIVEIRA, Am\u00e9rico Lopes de e M\u00e1rio Gon\u00e7alves VIANA, <em>Dicion\u00e1rio mundial de mulheres not\u00e1veis, <\/em>Porto, Lello, 1967, p. 176.<\/p>\n<p style=\"font-weight: 400;\">PEREIRA, Cl\u00e1udia, <em>Contestado fruto: a poesia esquecida de Beatriz Brand\u00e3o (1779-1868), <\/em>Lisboa, Faculdade de Letras &#8211; CLEPUL, 2011.<\/p>\n<p style=\"font-weight: 400;\">PEREIRA, Cl\u00e1udia, <em>Beatriz Brand\u00e3o. Mulher e Escritora no Brasil do s\u00e9culo XIX, <\/em>S\u00e3o Paulo, Scortecci, 2005.<\/p>\n<p style=\"font-weight: 400;\">PRIORE, Mary del (coord.), <em>Hist\u00f3ria das Mulheres no Brasil, <\/em>S\u00e3o Paulo, Contexto, 1997<\/p>\n<p style=\"font-weight: 400;\"><em>\u00a0<\/em><em>Revista trimensal do Instituto<\/em>, volume XIII, 6.\u00ba, 2.\u00aa s\u00e9rie, p. 530.<\/p>\n<p style=\"font-weight: 400;\">RIBEIRO, Wagner, <em>Antologia luso-brasileira<\/em>, S\u00e3o Paulo, Cole\u00e7\u00e3o F.T.D.,1964, pp. 27-28.<\/p>\n<p style=\"font-weight: 400;\">XAVIER, W. R\u00f6ben de A. \u201cBeatriz Francisca de Assis Brand\u00e3o: Iluminismo su\u00ed\u00e7o e poesia\u201d <em>Encontro interdisciplinar do programa de p\u00f3s-gradua\u00e7\u00e3o em Letras, <\/em>Universidade Federal do Cear\u00e1 UFC, Fortaleza, Mestrado em Letras Brasileiras, 2006, pp.<\/p>\n<p style=\"font-weight: 400;\">SABINO, In\u00eas, <em>Mulheres ilustres do Brasil, <\/em>Rio de Janeiro, Garnier, 1899, pp. 107-110.\u00a0\u00a0 [reed: Florian\u00f3polis, Editora Mulheres, 1996]<\/p>\n<p style=\"font-weight: 400;\">SCHUMAHER, Schuma e Erico Vital Brasil (orgs.), 2\u00aa ed., <em>Dicion\u00e1rio de Mulheres do Brasil de 1500 at\u00e9 a atualidade, <\/em>Rio de Janeiro, Jorge Zahar Editor, 2000, p. 99.<\/p>\n<p style=\"font-weight: 400;\">SILVA, Domingos Carvalho da, Vozes femininas da poesia brasileira, S\u00e3o Paulo, Conselho Estadual da Cultura, 1959, pp. 8-9.<\/p>\n<p style=\"font-weight: 400;\">SILVA, Innocencio Francisco da, <em>Dicion\u00e1rio Bibliographico Portuguez<\/em>. Lisboa: Imprensa Nacional, 1858, volume VII, p. 367.<\/p>\n<p style=\"font-weight: 400;\">[SILVA], Joaquim Norberto de Sousa, \u201cD. Beatriz de Assis: mais algumas p\u00e1ginas para as brasileiras c\u00e9lebres\u201d <em>Revista Trimestral do Instituto Hist\u00f3rico, <\/em>Rio de Janeiro, Imprensa Oficial, 1868, pp. 59-78<\/p>\n<p style=\"font-weight: 400;\">SILVA, Joaquim Norberto de Sousa, \u201cD. Beatriz de Assis: mais algumas p\u00e1ginas para as brasileiras c\u00e9lebres\u201d <em>Revista do Instituto Hist\u00f3rico Geogr\u00e1fico Brasileiro, <\/em>Rio de Janeiro, Instituto Hist\u00f3rico e Geogr\u00e1fico Brasileiro, volume 55, II, 1893, pp. 57-78.<\/p>\n<p style=\"font-weight: 400;\">SILVA, Joaquim Norberto de Sousa, <em>Brasileiras c\u00e9lebres, <\/em>[fac-simile: Bras\u00edlia, Senado Federal, 1997].<\/p>\n<p style=\"font-weight: 400;\">SILVA, Wlamir \u201cAm\u00e1veis patr\u00edcias: o Mentor das Brasileiras e a constru\u00e7\u00e3o da identidade da mulher liberal na prov\u00edncia de Minas Gerais (1829-1832) <em>Revista Brasileira de Hist\u00f3ria, <\/em>vol. 28, n\u00ba 55, S\u00e3o Paulo, Jan\/Jun, 2008, pp. 1-13.<\/p>\n<p style=\"font-weight: 400;\">SOUTO-MAIOR, Val\u00e9ria Andrade, <em>\u00cdndice de dramaturgas brasileiras do s\u00e9culo XIX, <\/em>Florian\u00f3polis, SC: Editora Mulheres, 1996, pp. 49-59.<\/p>\n<p style=\"font-weight: 400;\">VELHO SOBRINHO, Jo\u00e3o Francisco, <em>Dicionario bio-bibliogr\u00e1fico brasileiro, <\/em>Rio de Janeiro, Pongetti, 1940, volume 2, pp. 167-169.<\/p>\n<p style=\"font-weight: 400;\"><em>\u00a0<\/em>TRINDADE, C\u00f4nego Raimundo, \u201cD. Beatriz Francisca de Assis Brand\u00e3o\u201d <em>Revista do Arquivo P\u00fablico Mineiro, <\/em>volume 14, pp. 425-428, 1909.<\/p>\n<p style=\"font-weight: 400;\">VASCONCELLOS, J. M. Pereira de, <em>Selecta Brasileira,<\/em> volume II, p. 55<\/p>\n<p style=\"font-weight: 400;\">VIANA, M\u00e1rio Gon\u00e7alves e Am\u00e9rico Lopes de Oliveira, <em>Dicion\u00e1rio mundial de mulheres not\u00e1veis, <\/em>Porto, Lello, 1967, p. 176.<\/p>\n<p style=\"font-weight: 400;\"><a href=\"http:\/\/www.genderlatam.org.uk\/PersonDetails.php?PeopleID=2379\">http:\/\/www.genderlatam.org.uk\/PersonDetails.php?PeopleID=2379<\/a><\/p>\n<h4><strong>Observa\u00e7\u00f5es<\/strong><\/h4>\n<p style=\"font-weight: 400;\">\u00abineditas em seu poder muitas odes, can\u00e7\u00f5es, hymnos, e outros versos patrioticos, e grande numero de poesias eroticas, que dariam materia para quatro tomos eguaes ao j\u00e1 publicado\u00bb (<em>apud<\/em>, Innocencio Francisco da SILVA, <em>Dicion\u00e1rio Bibliographico Portuguez<\/em>. Lisboa: Imprensa Nacional, 1858, volume VII, p. 367)<\/p>\n<p style=\"font-weight: 400;\">\n","protected":false},"excerpt":{"rendered":"<p>NOME Beatriz Brand\u00e3o OUTRO(S) NOME(S) Beatriz Francisca de Assis Brand\u00e3o\u00a0 Elementos biogr\u00e1ficos PAI\u00a0\u00a0 Francisco Sanches Brand\u00e3o M\u00c3E Isabel Feliciana Narcisa de Seixas LOCAL DE NASCIMENTO \u00a0Freguesia de Nossa Senhora do Pilar do Ouro Preto, Villa Rica (hoje Ouro Preto), Minas Gerais DATA DE NASCIMENTO 29 de Julho de 1779 DATA DE BAPTISMO 12 de Agosto &#8230; <a title=\"Beatriz Brand\u00e3o\" class=\"read-more\" href=\"http:\/\/escritoras-em-portugues.com\/en\/xviii\/beatriz-brandao\/\" aria-label=\"Read more about Beatriz Brand\u00e3o\">Read more<\/a><\/p>","protected":false},"author":3,"featured_media":0,"parent":46,"menu_order":0,"comment_status":"closed","ping_status":"closed","template":"","meta":{"cybocfi_hide_featured_image":"","footnotes":""},"class_list":["post-896","page","type-page","status-publish"],"_links":{"self":[{"href":"http:\/\/escritoras-em-portugues.com\/en\/wp-json\/wp\/v2\/pages\/896","targetHints":{"allow":["GET"]}}],"collection":[{"href":"http:\/\/escritoras-em-portugues.com\/en\/wp-json\/wp\/v2\/pages"}],"about":[{"href":"http:\/\/escritoras-em-portugues.com\/en\/wp-json\/wp\/v2\/types\/page"}],"author":[{"embeddable":true,"href":"http:\/\/escritoras-em-portugues.com\/en\/wp-json\/wp\/v2\/users\/3"}],"replies":[{"embeddable":true,"href":"http:\/\/escritoras-em-portugues.com\/en\/wp-json\/wp\/v2\/comments?post=896"}],"version-history":[{"count":6,"href":"http:\/\/escritoras-em-portugues.com\/en\/wp-json\/wp\/v2\/pages\/896\/revisions"}],"predecessor-version":[{"id":1833,"href":"http:\/\/escritoras-em-portugues.com\/en\/wp-json\/wp\/v2\/pages\/896\/revisions\/1833"}],"up":[{"embeddable":true,"href":"http:\/\/escritoras-em-portugues.com\/en\/wp-json\/wp\/v2\/pages\/46"}],"wp:attachment":[{"href":"http:\/\/escritoras-em-portugues.com\/en\/wp-json\/wp\/v2\/media?parent=896"}],"curies":[{"name":"wp","href":"https:\/\/api.w.org\/{rel}","templated":true}]}}