{"id":893,"date":"2023-11-01T11:57:46","date_gmt":"2023-11-01T11:57:46","guid":{"rendered":"https:\/\/escritoras-em-portugues.com\/?page_id=893"},"modified":"2024-06-04T22:04:47","modified_gmt":"2024-06-04T22:04:47","slug":"delfina-benigna-da-cunha","status":"publish","type":"page","link":"http:\/\/escritoras-em-portugues.com\/en\/xviii\/delfina-benigna-da-cunha\/","title":{"rendered":"Delfina Benigna da Cunha"},"content":{"rendered":"<p><strong>NAME <\/strong><span lang=\"PT\">Delfina Benigna da Cunha\u00a0\u00a0 <\/span><\/p>\n<h4><strong>Biographical Elements<\/strong><\/h4>\n<p style=\"font-weight: 400;\"><strong>FATHER<\/strong> Joaquim Ferreira da Cunha S\u00e1 e Menezes (Capit\u00e3o-Mor)<\/p>\n<div><b><span lang=\"PT\">MOTHER \u00a0<\/span><\/b><span lang=\"PT\">Maria Francisca de Paula e Cunha<\/span><\/div>\n<div><\/div>\n<div>\n<div><b><span lang=\"PT\">BIRTHPLACE \u00a0<\/span><\/b>S\u00e3o Jos\u00e9 do Norte, Rio Grande do Sul<\/div>\n<div><\/div>\n<\/div>\n<p><strong>DATE OF BIRTH <\/strong><span lang=\"PT\">17 de Junho 1791<\/span><\/p>\n<div><b><span lang=\"PT\">PLACE OF DEATH <\/span><\/b>Rio de Janeiro<\/div>\n<div><\/div>\n<p><strong>DATE OF DEATH <\/strong><span lang=\"PT\">13 de Abril de 1857<\/span><\/p>\n<h4><strong>WORKS<\/strong><\/h4>\n<p style=\"font-weight: 400;\"><strong>HANDWRITTEN WORKS<\/strong><\/p>\n<blockquote>\n<p style=\"font-weight: 400;\"><em>Soneto \u00e0 Rainha de Portugal<\/em> \u00abPara sempre, ai de nos! Rainha augusta\u00bb, in\u00edcio sec. XVIII, uma folha em 8\u00ba, BN Espanha<\/p>\n<\/blockquote>\n<p><strong>PRINTED WORKS<\/strong><\/p>\n<blockquote>\n<p style=\"font-weight: 400;\"><em>Poesias offerecidas \u00e1s senhoras rio-grandenses por sua patricia, <\/em>Porto Alegre: Na Typographia de Fonseca &amp; Companhia, 1834<\/p>\n<p style=\"font-weight: 400;\"><a href=\"https:\/\/openlibrary.org\/books\/OL6292763M\/Poesias_offerecidas_\u00e1s_senhoras_rio-grandenses\"><em>Poesias offerecidas \u00e1s senhoras rio-grandenses por sua patricia<\/em>, Rio de Janeiro, Typographia Austral, 1838<\/a><\/p>\n<p style=\"font-weight: 400;\"><em>Poesias offerecidas \u00e1s senhoras rio-grandenses por sua patr\u00edcia<\/em>, Typographia Imperial e Constitucional de J. Villeneuve e Cia, 1838.<\/p>\n<p style=\"font-weight: 400;\"><em>Collec\u00e7\u00e3o de v\u00e1rias poesias, dedicadas \u00e1 Imperatriz Vi\u00fava<\/em>, Rio de Janeiro, Typographia Universal de Laemmert, 1846.<\/p>\n<\/blockquote>\n<h4><strong>Bibliography<\/strong><\/h4>\n<p style=\"font-weight: 400;\">ADET, Em\u00edlio e Joaquim Norberto de Sousa e SILVA, <em>Mosaico Po\u00e9tico, <\/em>1844.<\/p>\n<p style=\"font-weight: 400;\">BARBOSA, C\u00f3nego Janu\u00e1rio da Cunha, <em>Parnaso Brasileiro ou colec\u00e7\u00e3o das melhores poesias dos poetas do Brasil, tanto in\u00e9ditas como j\u00e1 impressas, <\/em>Rio de Janeiro, Typ. Nacional, 2 volumes, 1830 e 1831.<\/p>\n<p style=\"font-weight: 400;\">BLAKE, Augusto Vitorino Alves Sacramento, <em>Dicion\u00e1rio Bibliogr\u00e1fico, <\/em>1883, pp.<\/p>\n<p style=\"font-weight: 400;\">BRAND\u00c3O, Beatriz \u201c\u00c0 Morte da ilustre poetisa Delfina Benigna da Cunha\u201d <em>Marmota Fluminense, jornal de modas e variedades, <\/em>Rio de Janeiro, Editora e Tipografia de Paula Brito, n\u00ba 847, 6\u00aa feira, 15 de Maio de 1857, p. 3.<\/p>\n<p style=\"font-weight: 400;\">BRAND\u00c3O, Beatriz \u201c\u00c0 Morte da ilustre poetisa Delfina Benigna da Cunha\u201d in.: Pereira, Cl\u00e1udia, <em>Contestado fruto: a poesia esquecida de Beatriz Brand\u00e3o (1779-1868), <\/em>Lisboa, Faculdade de Letras &#8211; CLEPUL, 2011, p. 128.<\/p>\n<p style=\"font-weight: 400;\">SABINO, Ignez, <em>Mulheres Illustres do Brazil<\/em>, Rio de Janeiro, H. Garnier, 1899<\/p>\n<p style=\"font-weight: 400;\"><a href=\"http:\/\/repositorio.pucrs.br\/dspace\/handle\/10923\/4257\">SANTIN, Suzete Maria, <em>Delfina Benigna da Cunha: recupera\u00e7\u00e3o cr\u00edtica, obra po\u00e9tica e fixa\u00e7\u00e3o do texto<\/em>, Disserta\u00e7\u00e3o apresentada \u00e0 Pontif\u00edcia Universidade Catolica do Rio Grande do Sul, Porto Alegre, 2011<\/a><\/p>\n<p style=\"font-weight: 400;\">SCHMIDT, Rita Terezinha, \u201cDelfina Benigna da Cunha\u201d in.: Zahid\u00e9 Lupinacci Muzart org.), \u201cBeatriz Francisca de Assis Brand\u00e3o\u201d, <em>Escritoras brasileiras do s\u00e9culo XIX, <\/em>Florian\u00f3polis, Editora Mulheres, 1999, pp.<\/p>\n<p style=\"font-weight: 400;\">SERRANO Y SANZ, Manuel, <em>Apuntes para<\/em><em> una biblioteca de Escritoras Espa\u00f1olas desde el a\u00f1o 1401 al 1833, <\/em>Madrid, Sucessores de Rivadeneyra, 1903, vol. I, p. 645.<\/p>\n<p style=\"font-weight: 400;\">SILVA, Inoc\u00eancio Francisco da, <em>Dicionario Bibliografico Portuguez, <\/em>Lisboa, Imprensa Nacional, 1858-1878, vol. II, p. 133 e vol. IX, p. 109.<\/p>\n<p style=\"font-weight: 400;\">SILVA, Joaquim Norberto de Sousa e, <em>Modula\u00e7\u00f5es po\u00e9ticas precedidas de um bosquejo da historia da poesia brazileira, <\/em>Rio de Janeiro, Tipografia Franceza, 1841<\/p>\n<h4><strong>Observa\u00e7\u00f5es<\/strong><\/h4>\n<p style=\"font-weight: 400;\">SILVA, Inoc\u00eancio Francisco da, <em>Dicionario Bibliografico Portuguez, <\/em>Lisboa, Imprensa Nacional, 1858-1878, vol. II, p. 133: \u201ccega de nascimento. Esta senhora, em quem as luzes do entendimento compensam as da vista, que a sorte lhe negou, cultivando desde os primeiros anos, e tanto quanto lhe \u00e9 poss\u00edvel, os estudos das bellas letras\u201d<\/p>\n<p style=\"font-weight: 400;\">","protected":false},"excerpt":{"rendered":"<p>NOME Delfina Benigna da Cunha\u00a0\u00a0 Elementos biogr\u00e1ficos PAI Joaquim Ferreira da Cunha S\u00e1 e Menezes (Capit\u00e3o-Mor) M\u00c3E \u00a0Maria Francisca de Paula e Cunha LOCAL DE NASCIMENTO \u00a0S\u00e3o Jos\u00e9 do Norte, Rio Grande do Sul DATA DE NASCIMENTO 17 de Junho 1791 LOCAL DA MORTE Rio de Janeiro DATA DA MORTE 13 de Abril de 1857 &#8230; <a title=\"Delfina Benigna da Cunha\" class=\"read-more\" href=\"http:\/\/escritoras-em-portugues.com\/en\/xviii\/delfina-benigna-da-cunha\/\" aria-label=\"Read more about Delfina Benigna da Cunha\">Read more<\/a><\/p>","protected":false},"author":3,"featured_media":0,"parent":46,"menu_order":0,"comment_status":"closed","ping_status":"closed","template":"","meta":{"cybocfi_hide_featured_image":"","footnotes":""},"class_list":["post-893","page","type-page","status-publish"],"_links":{"self":[{"href":"http:\/\/escritoras-em-portugues.com\/en\/wp-json\/wp\/v2\/pages\/893","targetHints":{"allow":["GET"]}}],"collection":[{"href":"http:\/\/escritoras-em-portugues.com\/en\/wp-json\/wp\/v2\/pages"}],"about":[{"href":"http:\/\/escritoras-em-portugues.com\/en\/wp-json\/wp\/v2\/types\/page"}],"author":[{"embeddable":true,"href":"http:\/\/escritoras-em-portugues.com\/en\/wp-json\/wp\/v2\/users\/3"}],"replies":[{"embeddable":true,"href":"http:\/\/escritoras-em-portugues.com\/en\/wp-json\/wp\/v2\/comments?post=893"}],"version-history":[{"count":4,"href":"http:\/\/escritoras-em-portugues.com\/en\/wp-json\/wp\/v2\/pages\/893\/revisions"}],"predecessor-version":[{"id":1837,"href":"http:\/\/escritoras-em-portugues.com\/en\/wp-json\/wp\/v2\/pages\/893\/revisions\/1837"}],"up":[{"embeddable":true,"href":"http:\/\/escritoras-em-portugues.com\/en\/wp-json\/wp\/v2\/pages\/46"}],"wp:attachment":[{"href":"http:\/\/escritoras-em-portugues.com\/en\/wp-json\/wp\/v2\/media?parent=893"}],"curies":[{"name":"wp","href":"https:\/\/api.w.org\/{rel}","templated":true}]}}