{"id":854,"date":"2023-10-31T16:31:36","date_gmt":"2023-10-31T16:31:36","guid":{"rendered":"https:\/\/escritoras-em-portugues.com\/?page_id=854"},"modified":"2024-06-04T21:42:48","modified_gmt":"2024-06-04T21:42:48","slug":"arcangela-josefa-de-sousa","status":"publish","type":"page","link":"http:\/\/escritoras-em-portugues.com\/en\/xvii\/arcangela-josefa-de-sousa\/","title":{"rendered":"Arcangela Josefa de Sousa"},"content":{"rendered":"<p><strong>NAME <\/strong><span lang=\"PT\">Arcangela Josefa de Sousa<\/span><\/p>\n<p><strong>OUTRO(S)<\/strong> <strong>NOME(S) \u00a0<\/strong><span lang=\"PT\">Archangela Josefa de Souza<\/span><\/p>\n<h4><strong>Biographical Elements<\/strong><\/h4>\n<p style=\"font-weight: 400;\"><strong>FATHER<\/strong> Domingos Antonio Carvalho de Sousa<\/p>\n<p style=\"font-weight: 400;\"><strong>BIRTHPLACE<\/strong>Lisboa<\/p>\n<p style=\"font-weight: 400;\"><strong>DATE OF BIRTH<\/strong> <em>c. <\/em>1600-1700<\/p>\n<p style=\"font-weight: 400;\"><strong>PLACE OF DEATH<\/strong> Lisboa<\/p>\n<p style=\"font-weight: 400;\"><strong>DATE OF DEATH<\/strong><em> antes de <\/em>1734<\/p>\n<p style=\"font-weight: 400;\"><strong>RELIGIOUS ORDER<\/strong> Irm\u00e3 terceira da Ordem de Nossa Senhora do Carmo<\/p>\n<h4><strong>WORKS<\/strong><\/h4>\n<p><strong>MISSING WORKS<\/strong><\/p>\n<blockquote>\n<p style=\"font-weight: 400;\"><em>Vida de Santa Catherina de Sena <\/em>(\u201cdois tomos de folio\u201d <em>apud <\/em>Perym \/ Tavares)<\/p>\n<p style=\"font-weight: 400;\"><em>\u00a0<\/em><em>Regras para conservar a sa\u00fade <\/em>(\u201cem quatro f\u00f3lios\u201d <em>apud <\/em>Perym \/ Tavares)<\/p>\n<p style=\"font-weight: 400;\">\u00a0<em>Obras do famoso poeta Luiz de Gongora vertidas em portugu\u00eas <\/em><\/p>\n<\/blockquote>\n<h4><strong>Bibliography<\/strong><\/h4>\n<p style=\"font-weight: 400;\">JESUS, Gertrudes Margarida, <em>Segunda Carta Apolog\u00e9tica em favor, e defensa das Mulheres, escrita por dona Gertrudes Margarida de Jesus, ao Irm\u00e3o Amador do Desengano, com a qual destroe toda a fabrica do seu Espelho Cr\u00edtico. E se responde ao terceiro defeito, que nelle contemplou<\/em>, Lisboa, Francisco Borges de Sousa, 1761.<\/p>\n<p style=\"font-weight: 400;\">MACHADO, Diogo Barbosa, <em>Bibliotheca Luzitana: hist\u00f3rica, cr\u00edtica e cronologica. <\/em>Lisboa Occidental, na Officina de Antonio Isidoro da Fonseca, 1741-1759, vol I, p. 434<\/p>\n<p style=\"font-weight: 400;\">PERYM, Dami\u00e3o de Froes, <em>Theatro Heroino, abecedario historico, e catalogo das mulheres ilustres em armas, letras ac\u00e7oens heroicas e artes liberais\u2026 <\/em>Lisboa Occidental, na Officina de Musica de Theotonis Antunes Lima, 1736-1740, volI, pp. 113-114.<\/p>\n<p style=\"font-weight: 400;\">TAVARES, Padre Manuel, <em>Portugal Illustrado pelo Sexo Feminino<\/em>. Lisboa Occidental, na Officina de Pedro Ferreira, Impressor da Augusta Rainha N. Sra., 1734, p. 75<\/p>","protected":false},"excerpt":{"rendered":"<p>NOME Arcangela Josefa de Sousa OUTRO(S) NOME(S) \u00a0Archangela Josefa de Souza Elementos biogr\u00e1ficos PAI Domingos Antonio Carvalho de Sousa LOCAL DE NASCIMENTOLisboa DATA DE NASCIMENTO c. 1600-1700 LOCAL DA MORTE Lisboa DATA DA MORTE antes de 1734 ORDEM RELIGIOSA Irm\u00e3 terceira da Ordem de Nossa Senhora do Carmo Obra OBRAS DESAPARECIDAS Vida de Santa Catherina &#8230; <a title=\"Arcangela Josefa de Sousa\" class=\"read-more\" href=\"http:\/\/escritoras-em-portugues.com\/en\/xvii\/arcangela-josefa-de-sousa\/\" aria-label=\"Read more about Arcangela Josefa de Sousa\">Read more<\/a><\/p>","protected":false},"author":3,"featured_media":0,"parent":47,"menu_order":0,"comment_status":"closed","ping_status":"closed","template":"","meta":{"cybocfi_hide_featured_image":"","footnotes":""},"class_list":["post-854","page","type-page","status-publish"],"_links":{"self":[{"href":"http:\/\/escritoras-em-portugues.com\/en\/wp-json\/wp\/v2\/pages\/854","targetHints":{"allow":["GET"]}}],"collection":[{"href":"http:\/\/escritoras-em-portugues.com\/en\/wp-json\/wp\/v2\/pages"}],"about":[{"href":"http:\/\/escritoras-em-portugues.com\/en\/wp-json\/wp\/v2\/types\/page"}],"author":[{"embeddable":true,"href":"http:\/\/escritoras-em-portugues.com\/en\/wp-json\/wp\/v2\/users\/3"}],"replies":[{"embeddable":true,"href":"http:\/\/escritoras-em-portugues.com\/en\/wp-json\/wp\/v2\/comments?post=854"}],"version-history":[{"count":2,"href":"http:\/\/escritoras-em-portugues.com\/en\/wp-json\/wp\/v2\/pages\/854\/revisions"}],"predecessor-version":[{"id":1773,"href":"http:\/\/escritoras-em-portugues.com\/en\/wp-json\/wp\/v2\/pages\/854\/revisions\/1773"}],"up":[{"embeddable":true,"href":"http:\/\/escritoras-em-portugues.com\/en\/wp-json\/wp\/v2\/pages\/47"}],"wp:attachment":[{"href":"http:\/\/escritoras-em-portugues.com\/en\/wp-json\/wp\/v2\/media?parent=854"}],"curies":[{"name":"wp","href":"https:\/\/api.w.org\/{rel}","templated":true}]}}