{"id":846,"date":"2023-10-31T16:19:46","date_gmt":"2023-10-31T16:19:46","guid":{"rendered":"https:\/\/escritoras-em-portugues.com\/?page_id=846"},"modified":"2024-06-04T02:59:52","modified_gmt":"2024-06-04T02:59:52","slug":"maria-de-mesquita-pimentel-soror","status":"publish","type":"page","link":"http:\/\/escritoras-em-portugues.com\/en\/xvi\/maria-de-mesquita-pimentel-soror\/","title":{"rendered":"Maria de Mesquita Pimentel, Soror"},"content":{"rendered":"<p><strong>NOME<\/strong> Maria de Mesquita Pimentel, Soror<\/p>\n<h4><strong>Elementos biogr\u00e1ficos<\/strong><\/h4>\n<p style=\"font-weight: 400;\"><strong>PAI<\/strong> Jo\u00e3o Pimentel da Sylva<\/p>\n<p style=\"font-weight: 400;\"><strong>LOCAL DE NASCIMENTO<\/strong> Estremoz<\/p>\n<p style=\"font-weight: 400;\"><strong>DATA DE NASCIMENTO<\/strong> 1598<\/p>\n<p style=\"font-weight: 400;\"><strong>DATA DA MORTE<\/strong> 1 de Novembro de 1661<\/p>\n<p style=\"font-weight: 400;\"><strong>ESTADO\u00a0<\/strong>Freira<\/p>\n<p style=\"font-weight: 400;\"><strong>ORDEM RELIGIOSA<\/strong> S\u00e3o Bernardo<\/p>\n<p style=\"font-weight: 400;\"><strong>CONVENTO<\/strong> Convento de S. Bento de Castris, extra muros da cidade de \u00c9vora<\/p>\n<p style=\"font-weight: 400;\"><strong>IDIOMAS<\/strong> Portugu\u00eas<\/p>\n<h4><strong>Obra<\/strong><\/h4>\n<p><strong>OBRAS IMPRESSAS<\/strong><\/p>\n<blockquote>\n<p style=\"font-weight: 400;\"><em>Memorial da Infancia de Christo, e Triumpho do Divino Amor. Primeira Parte. <\/em>Dedicado \u00e0 Virgem Senhora N. do Desterro. Composto por Soror Maria de Mesquita Pimentel, Religiosa no Mosteiro de S. Bento de Castris, extra muros da cidade de Euora, da ordem do glorioso Patriarcha Sa\u00f5 Bernardo, Lisboa, Iorge Rodrigues, 1639.<\/p>\n<p><em>Memorial da Infancia de Christo, e Triumpho do Divino Amor. Primeira Parte, <\/em>Edi\u00e7\u00e3o de Fabio Mario da Silva, S\u00e3o Paulo, Todas as Musas, 2016.<\/p>\n<p><em>Memorial da Infancia de Christo, e Triumpho do Divino Amor. Segunda Parte, <\/em>Edi\u00e7\u00e3o de Fabio Mario da Silva, S\u00e3o Paulo, Todas as Musas, 2017<\/p><\/blockquote>\n<h4><strong>Bibliografia:<\/strong><\/h4>\n<p style=\"font-weight: 400;\">ANTONIO, Nicolas,<em>\u00a0<\/em><em>Bibliotheca Hispana vetus sive Hispani scriptores qui ab Octaviani Augusti aevo ad annum Christi MD. floruerunt \/ auctore D. Nicolao Antonio&#8230; ; curante Francisco Perezio Bayerio..<\/em><\/p>\n<p style=\"font-weight: 400;\">BRITO, Frei Bernardo de, <em>Chronica de Cister<\/em> , Livro 6: cap. 34<\/p>\n<p style=\"font-weight: 400;\">CARDOSO, Jorge <em>Agiologio lusitano dos sanctos, e varoens illustres em virtude do Reino de Portugal, e suas conquistas : consagrado aos gloriosos S. Vicente, e S. Antonio, insigns patronos desta inclyta cidade Lisboa e a seu illustre Cabido Sede Vacante \/ composto pelo licenciado George Cardoso, natural da mesma cidade<\/em><em>.<\/em> Lisboa: Oficina Craesbeeckiana,impr.; Oficina Silviana, impr., Tomo III, pg. 442, col 1 (18 de Maio)<\/p>\n<p>CONDE, Ant\u00f3nia Fialho, &#8220;Espa\u00e7o liter\u00e1rio feminino. A obra de Soror Maria de Mesquita Pimentel&#8221; in.: Francisco OLIVEIRA et al. (coord)\u00a0<em>Espa\u00e7os e paisagens. Antiguidade cl\u00e1ssica e heran\u00e7a\u00a0<\/em><i>contempor\u00e2nea,\u00a0<\/i>Coimbra, APEC, 2009 pp. 353-360.<\/p>\n<p>CONDE, Ant\u00f3nia Fialho, &#8220;Maria de Mesquita Pimentel, a nova Gl\u00f3ria dos Pimenteis no mosteiro de S\u00e3o Bento de Castris. <em>Em treze Cantos: epopeia feminina em recinto mon\u00e1stico: o Memorial dos Milagres de Cristo de Maria de Mesquita Pimentel,\u00a0<\/em>Edi\u00e7\u00e3o, estudos e notas de Isabel Moruj\u00e3o, Ant\u00f3nia Fialho Conde e Maria do Ros\u00e1rio Moruj\u00e3o, Braga, Tipografia Tadinense, CITCEM, CIDEHUS, CHSC, 2014, pp. 45-58.<\/p>\n<p>FARINHA, \u00a0Bento Jos\u00e9 de Sousa\u00a0<a class=\"external text\" href=\"https:\/\/books.google.pt\/books?id=t74JAAAAMAAJ&amp;pg=PA71&amp;lpg=PA71&amp;dq=%22Francisco+da+Fonseca%22+%2B+1668+%2B+1738&amp;source=bl&amp;ots=PtR1iy2uQH&amp;sig=EFGiPuISjixm6W10G1oZv3Dbzn8&amp;hl=pt-PT&amp;sa=X&amp;ei=Hw7tVJ6FAcP0UpWdgXg&amp;ved=0CDUQ6AEwBQ#v=onepage&amp;q=%22Francisco%20da%20Fonseca%22%20%2B%201668%20%2B%201738&amp;f=false\" rel=\"nofollow\"><i>Summario da Bibliotheca Luzitana<\/i><\/a>.<span style=\"font-size: inherit;\">Lisboa, A. Gomes, ed.<\/span><span style=\"font-size: inherit;\"> [S.l.: s.n.] 1786, p. 71.<\/span><\/p>\n<p style=\"font-weight: 400;\">FONSECA, Francisco, <em>Evora Gloriosa,<\/em> Roma, Na Officina Komarckiana, 1728, pp. 385 e 415<\/p>\n<p>MACHADO, Diogo Barbosa, <em>Biblioteca\u00a0<\/em><i>Lusitana, hist\u00f3rica cr\u00edtica e cronol\u00f3gica&#8230;<\/i> Lisboa, Francisco Luiz Ameno, 1741-1759, <i><\/i>volume, III, p. 427.<\/p>\n<p style=\"font-weight: 400;\"><a href=\"http:\/\/ler.letras.up.pt\/uploads\/ficheiros\/4720.pdf\">MORUJ\u00c3O, Isabel, <em>Contributo para uma bibliografia cronol\u00f3gica\u00a0 da literatura mon\u00e1stica feminina Portuguesa dos s\u00e9culos XVII e XVIII (impressos). Lisboa, <\/em>Centro de Estudos de Hist\u00f3ria Religiosa, Universidade Cat\u00f3lica Portuguesa, 1995, p. 12; Tomo II, p. 71, col. 1<\/a><\/p>\n<p>MORUJ\u00c3O, Isabel, &#8220;O monte Parnaso fui deixando: cristianismo e cultura cl\u00e1ssica na \u00e9pica conventual feminina em Portugal&#8221;\u00a0<em>Revista de Escritoras Ib\u00e9ricas,\u00a0<\/em>Madrid, Vol. 1, n\u00ba 1, 2013, pp. 9-15.<\/p>\n<p>MORUJ\u00c3O, Isabel, &#8220;Memorial de Milagres e de Mem\u00f3rias: treze cantos e muitos recantos&#8221; <em>Em treze Cantos: epopeia feminina em recinto mon\u00e1stico: o Memorial dos Milagres de Cristo de Maria de Mesquita Pimentel,<\/em>Edi\u00e7\u00e3o, estudos e notas de Isabel Moruj\u00e3o, Ant\u00f3nia Fialho Conde e Maria do Ros\u00e1rio Moruj\u00e3o, Braga, Tipografia Tadinense, CITCEM, CIDEHUS, CHSC, 2014, pp. 7-44.<\/p>\n<p>MORUJ\u00c3O, Isabel, &#8220;Literatura devota em Portugal no tempo dos Filipes: o <em>Memorial da Inf\u00e2ncia de Cristo<\/em> de Soror Maria de Mesquita Pimentel&#8221;\u00a0<em>Via Spiritus, <\/em>Porto, n\u00ba 5, 1998, pp. 177-208.<\/p>\n<p style=\"font-weight: 400;\">PERYM, Dami\u00e3o de Froes, <em>Theatro Heroino: Abecedario Historico, e Catalogo de Mulheres Illustres em Armas, Letras, Ac\u00e7oens Heroicas e Artes Liberais<\/em>, Offerecido A\u2019Seren\u00edssima Princeza do Brasil, D. Mariana Victoria, Lisboa Occidental, Officina Sylviana, e da Academia Real, volume II, [1740], p. 276.<\/p>\n<p style=\"font-weight: 400;\">SILVA, Fabio Mario da, &#8220;Apolo na trama \u00e9pica de Memorial da Inf\u00e2ncia de Cristo e Triumpho do Divino Amor (1639) de Soror Maria de Mesquita Pimentel&#8221;\u00a0<em>Revista Anu\u00e1rio de Literatura,\u00a0<\/em>vol. 20, n\u00ba 1, Florian\u00f3polis, Universidade Federal de Santa Catarina, 2015, pp. 201-2012.<\/p>\n<p>SILVA, Fabio Mario da, &#8220;A fun\u00e7\u00e3o dos Anjos na epopeia de Soror Maria de Mesquita Pimentel&#8221;\u00a0<i>Interdisciplinar.\u00a0<\/i>Revista de Estudos em L\u00edngua e Literatura, vol. 23, Itabaiana, Universidade Federal do Sergipe, 2015.<\/p>\n<p>SILVA, Fabio Mario da, &#8220;A VIrgem Maria, a hero\u00edna \u00e9pica de Soror Maria de Mesquita Pimentel (1581-1661)\u00a0<i>Revista Navega\u00e7\u00f5es,\u00a0<\/i>Porto Alegre, vol. 7, n\u00ba 1, pp. 55-60.<\/p>\n<p>SILVA, Fabio Mario da, &#8220;Notas de investiga\u00e7\u00e3o sobre a primeira &#8220;epopeia feminina&#8221; em l\u00edngua portuguesa.\u00a0<em>Revista Letras, <\/em>n\u00ba 49, Santa Maria, Universidade Federal de Santa Maria, Dez. 2014, pp. 243-256.<\/p>\n<p>SILVA, Fabio Mario da, &#8220;O \u00e9pico revisto por Soror Maria de Mesquita Pimentel&#8221;\u00a0<em>Revista Todas as Musas,\u00a0<\/em>S\u00e3o Paulo, ano 6, n\u00ba 2, jan-jun 2015, pp. 167-177.<\/p>\n","protected":false},"excerpt":{"rendered":"<p>NOME Maria de Mesquita Pimentel, Soror Elementos biogr\u00e1ficos PAI Jo\u00e3o Pimentel da Sylva LOCAL DE NASCIMENTO Estremoz DATA DE NASCIMENTO 1598 DATA DA MORTE 1 de Novembro de 1661 ESTADO\u00a0Freira ORDEM RELIGIOSA S\u00e3o Bernardo CONVENTO Convento de S. Bento de Castris, extra muros da cidade de \u00c9vora IDIOMAS Portugu\u00eas Obra OBRAS IMPRESSAS Memorial da Infancia &#8230; <a title=\"Maria de Mesquita Pimentel, Soror\" class=\"read-more\" href=\"http:\/\/escritoras-em-portugues.com\/en\/xvi\/maria-de-mesquita-pimentel-soror\/\" aria-label=\"Read more about Maria de Mesquita Pimentel, Soror\">Read more<\/a><\/p>","protected":false},"author":3,"featured_media":0,"parent":45,"menu_order":0,"comment_status":"closed","ping_status":"closed","template":"","meta":{"cybocfi_hide_featured_image":"","footnotes":""},"class_list":["post-846","page","type-page","status-publish"],"_links":{"self":[{"href":"http:\/\/escritoras-em-portugues.com\/en\/wp-json\/wp\/v2\/pages\/846","targetHints":{"allow":["GET"]}}],"collection":[{"href":"http:\/\/escritoras-em-portugues.com\/en\/wp-json\/wp\/v2\/pages"}],"about":[{"href":"http:\/\/escritoras-em-portugues.com\/en\/wp-json\/wp\/v2\/types\/page"}],"author":[{"embeddable":true,"href":"http:\/\/escritoras-em-portugues.com\/en\/wp-json\/wp\/v2\/users\/3"}],"replies":[{"embeddable":true,"href":"http:\/\/escritoras-em-portugues.com\/en\/wp-json\/wp\/v2\/comments?post=846"}],"version-history":[{"count":10,"href":"http:\/\/escritoras-em-portugues.com\/en\/wp-json\/wp\/v2\/pages\/846\/revisions"}],"predecessor-version":[{"id":1690,"href":"http:\/\/escritoras-em-portugues.com\/en\/wp-json\/wp\/v2\/pages\/846\/revisions\/1690"}],"up":[{"embeddable":true,"href":"http:\/\/escritoras-em-portugues.com\/en\/wp-json\/wp\/v2\/pages\/45"}],"wp:attachment":[{"href":"http:\/\/escritoras-em-portugues.com\/en\/wp-json\/wp\/v2\/media?parent=846"}],"curies":[{"name":"wp","href":"https:\/\/api.w.org\/{rel}","templated":true}]}}