{"id":834,"date":"2023-10-31T14:18:13","date_gmt":"2023-10-31T14:18:13","guid":{"rendered":"https:\/\/escritoras-em-portugues.com\/?page_id=834"},"modified":"2024-06-04T21:09:32","modified_gmt":"2024-06-04T21:09:32","slug":"maria-da-conceicao","status":"publish","type":"page","link":"http:\/\/escritoras-em-portugues.com\/en\/xvi\/maria-da-conceicao\/","title":{"rendered":"Maria da Concei\u00e7\u00e3o, Soror"},"content":{"rendered":"<p><strong>NAME <\/strong><span lang=\"PT\">Maria da Concei\u00e7\u00e3o, Soror<\/span><\/p>\n<h4><strong>Biographical Elements<\/strong><\/h4>\n<p><b>BIRTHPLACE <\/b><span lang=\"PT\">Vila do Melo, Beira<\/span><\/p>\n<p><b>DATE OF BIRTH <\/b><span lang=\"PT\">1592<\/span><\/p>\n<p><b> PLACE OF DEATH <\/b><span lang=\"PT\">Convento de Nossa Senhora do Couto<\/span><\/p>\n<p><b> COUNTRY OF BIRTH <\/b><span lang=\"PT\">Monarquia Dual<\/span><\/p>\n<p><b>PROFESSION \/ POSITION \/ FUNCTION <\/b><span lang=\"PT\">M\u00fasica e Organista<\/span><\/p>\n<p><b>DATE OF DEATH <\/b><span lang=\"PT\">4 de Fevereiro de 1680<\/span><\/p>\n<p><b>\u00a0MARITAL STATUS\u00a0<\/b><\/p>\n<p><span lang=\"PT\">Freira<\/span><\/p>\n<p><b>PLACE OF RELIGIOUS PROFESSION <\/b><span lang=\"PT\">Convento de N. Senhora do Couto, Beira<\/span><\/p>\n<div><\/div>\n<div><b>CONVENT<\/b><\/div>\n<p><span lang=\"PT\">Convento de Nossa Senhora do Couto<\/span><\/p>\n<p><strong style=\"font-family: inherit; font-size: 24px; font-style: inherit;\">WORKS<\/strong><\/p>\n<p><strong>HANDWRITTEN WORKS<\/strong><\/p>\n<blockquote>\n<p style=\"font-weight: 400;\"><em>Funda\u00e7\u00e3o e progressos do Mosteiro de N. Senhora do Couto<\/em><\/p>\n<p style=\"font-weight: 400;\"><em>Das penas do Redentor<\/em><\/p>\n<p style=\"font-weight: 400;\"><em>Da Hora \u00faltima da Vida<\/em><\/p>\n<p style=\"font-weight: 400;\"><em>Espelho Verdadeiro. Huma Caveira<\/em><\/p>\n<p style=\"font-weight: 400;\"><em>\u00a0<\/em><em>De Christo Crucificado<\/em><\/p>\n<p style=\"font-weight: 400;\"><em>\u00a0<\/em><em>Do Bom Pastor<\/em><\/p>\n<p style=\"font-weight: 400;\"><em>\u00a0<\/em><em>Da Consola\u00e7\u00e3o dos Pobres<\/em><\/p>\n<\/blockquote>\n<h4><strong>Bibliography<\/strong><\/h4>\n<p style=\"font-weight: 400;\">MACHADO, Diogo Barbosa, <em>Bibliotheca Luzitana: hist\u00f3rica, cr\u00edtica e cronol\u00f3gica, <\/em>Lisboa Occidental, na Officina de Antonio Isidoro da Fonseca, 1741-1759, Tomo III, p. 421.<\/p>\n<p style=\"font-weight: 400;\"><strong>COMMENTS<\/strong><\/p>\n<p style=\"font-weight: 400;\">Admitida no convento devido aos dotes de \u201cM\u00fasica e Organista\u201d (apud MACHADO)<\/p>\n<p style=\"font-weight: 400;\">","protected":false},"excerpt":{"rendered":"<p>NOME Maria da Concei\u00e7\u00e3o, Soror Elementos biogr\u00e1ficos LOCAL DE NASCIMENTO Vila do Melo, Beira DATA DE NASCIMENTO 1592 LOCAL DA MORTE Convento de Nossa Senhora do Couto PA\u00cdS ONDE NASCEU Monarquia Dual PROFISS\u00c3O \/ CARGO \/ FUN\u00c7\u00c3O M\u00fasica e Organista DATA DA MORTE 4 de Fevereiro de 1680 \u00a0ESTADO\u00a0 Freira LOCAL DA PROFISS\u00c3O RELIGIOSA Convento &#8230; <a title=\"Maria da Concei\u00e7\u00e3o, Soror\" class=\"read-more\" href=\"http:\/\/escritoras-em-portugues.com\/en\/xvi\/maria-da-conceicao\/\" aria-label=\"Read more about Maria da Concei\u00e7\u00e3o, Soror\">Read more<\/a><\/p>","protected":false},"author":3,"featured_media":0,"parent":45,"menu_order":0,"comment_status":"closed","ping_status":"closed","template":"","meta":{"cybocfi_hide_featured_image":"","footnotes":""},"class_list":["post-834","page","type-page","status-publish"],"_links":{"self":[{"href":"http:\/\/escritoras-em-portugues.com\/en\/wp-json\/wp\/v2\/pages\/834","targetHints":{"allow":["GET"]}}],"collection":[{"href":"http:\/\/escritoras-em-portugues.com\/en\/wp-json\/wp\/v2\/pages"}],"about":[{"href":"http:\/\/escritoras-em-portugues.com\/en\/wp-json\/wp\/v2\/types\/page"}],"author":[{"embeddable":true,"href":"http:\/\/escritoras-em-portugues.com\/en\/wp-json\/wp\/v2\/users\/3"}],"replies":[{"embeddable":true,"href":"http:\/\/escritoras-em-portugues.com\/en\/wp-json\/wp\/v2\/comments?post=834"}],"version-history":[{"count":4,"href":"http:\/\/escritoras-em-portugues.com\/en\/wp-json\/wp\/v2\/pages\/834\/revisions"}],"predecessor-version":[{"id":1761,"href":"http:\/\/escritoras-em-portugues.com\/en\/wp-json\/wp\/v2\/pages\/834\/revisions\/1761"}],"up":[{"embeddable":true,"href":"http:\/\/escritoras-em-portugues.com\/en\/wp-json\/wp\/v2\/pages\/45"}],"wp:attachment":[{"href":"http:\/\/escritoras-em-portugues.com\/en\/wp-json\/wp\/v2\/media?parent=834"}],"curies":[{"name":"wp","href":"https:\/\/api.w.org\/{rel}","templated":true}]}}