{"id":831,"date":"2023-10-31T14:10:23","date_gmt":"2023-10-31T14:10:23","guid":{"rendered":"https:\/\/escritoras-em-portugues.com\/?page_id=831"},"modified":"2024-06-04T02:59:21","modified_gmt":"2024-06-04T02:59:21","slug":"maria-bautista-soror","status":"publish","type":"page","link":"http:\/\/escritoras-em-portugues.com\/en\/xvi\/maria-bautista-soror\/","title":{"rendered":"Maria Bautista, Soror"},"content":{"rendered":"<p><strong>NAME <\/strong><span lang=\"PT\">Maria Bautista, Soror<\/span><\/p>\n<p><strong>OTHER NAME(S) <\/strong><span lang=\"PT\">D. Maria da Silva<\/span><\/p>\n<h4><strong>Biographical Elements<\/strong><\/h4>\n<p><b>FATHER <\/b><span lang=\"PT\">Henrique Jaques (Chanceler Mor da \u00cdndia, Vedor da Fazenda)<\/span><\/p>\n<p><b>MOTHER <\/b><span lang=\"PT\">D. Catherina da Silva (filha do Mestre Luis Teixeira)<\/span><\/p>\n<p><b>BIRTHPLACE <\/b><span lang=\"PT\">Lisboa<\/span><\/p>\n<p><b>DATE OF BIRTH <\/b><span lang=\"PT\">1570<\/span><\/p>\n<p><b>PLACE OF DEATH \u00a0<\/b><span lang=\"PT\">Convento do Salvador, Lisboa<\/span><\/p>\n<p><b>COUNTRY OF BIRTH \u00a0<\/b><span lang=\"PT\">Portugal<\/span><\/p>\n<p><b>PROFESSION \/ POSITION \/ FUNCTION <\/b><span lang=\"PT\">Prioresa em 1617<\/span><\/p>\n<p><b>DATA DA MORTE. <\/b><span lang=\"PT\">29 de Novembro de 1659<\/span><\/p>\n<p><b>MARITAL STATUS \u00a0<\/b><span lang=\"PT\">Freira<\/span><\/p>\n<p><b>DATE OF RELIGIOUS PROFESSION <\/b><span lang=\"PT\">1586<\/span><\/p>\n<p><b>PLACE OF RELIGIOUS PROFESSION \u00a0<\/b><span lang=\"PT\">Convento do Salvador, Lisboa<\/span><\/p>\n<p><b>CONVENT <\/b><span lang=\"PT\">Convento do Salvador, Lisboa<\/span><\/p>\n<p><b>ORDEM RELIGIOSA A QUE PERTENCEU. <\/b><span lang=\"PT\">Ordem de S\u00e3o Domingos, OP<\/span><\/p>\n<div><\/div>\n<p><strong style=\"font-family: inherit; font-size: 24px; font-style: inherit;\">WORKS<\/strong><\/p>\n<p style=\"font-weight: 400;\"><strong>HANDWRITTEN WORKS<\/strong><\/p>\n<blockquote>\n<p style=\"font-weight: 400;\"><em>Vida de S\u00e3o Jos\u00e9<\/em><\/p>\n<\/blockquote>\n<p><strong>PRINTED WORKS<\/strong><\/p>\n<blockquote>\n<p style=\"font-weight: 400;\"><em>Livro da Funda\u00e7\u00e3o do Mosteiro do Salvador da Cidade de Lisboa, e de alguns casos dignos de memoria que nelle acontecer\u00e3o, <\/em>Lisboa, Pedro Craesbeeck, 1618<\/p>\n<p style=\"font-weight: 400;\"><em>Modo de rezar o Rosario de N. Senhora, como se reza na Minerva de Roma acrecentado o principio que teve para se rezar a coros, e a devo\u00e7\u00e3o dos Santos Auxiliadores e huma Ora\u00e7\u00e3o da Paix\u00e3o do B. Pio V,<\/em> Lisboa, Jorge Rodrigues, 1638<\/p>\n<\/blockquote>\n<h4><strong>Bibliography<\/strong><\/h4>\n<p style=\"font-weight: 400;\">ANTONIO, Nicolas <em>Biblioteca Hispana Nova, <\/em>Tomo II, p. 71 col. 1<\/p>\n<p style=\"font-weight: 400;\">CARDOSO, Jer\u00f3nimo <em>Agiologio Lusitano, <\/em>Tomo III, p. 194 Comment. De 11 de Maio letra F e p. 416 Coment de 26 de Maio letra G<\/p>\n<p style=\"font-weight: 400;\">CASTRO, D. Luis Salazar de, <em>Hist\u00f3ria geneal\u00f3gica da Casa de Sylva <\/em>Parte 2, livro 12, Cap. 16<\/p>\n<p style=\"font-weight: 400;\">MACHADO, Diogo Barbosa, <em>Bibliotheca Luzitana: hist\u00f3rica, cr\u00edtica e cronol\u00f3gica, <\/em>Lisboa Occidental, na Officina de Antonio Isidoro da Fonseca, 1741-1759, Tomo III, p. 419-420.<\/p>\n<p style=\"font-weight: 400;\">MONTEIRO, Frei Pedro, <em>Claustro Dominicano, <\/em>Antonio Pedroso Galram, 1784, Tomo III, p. 289<\/p>\n<p style=\"font-weight: 400;\">SANTA MARIA, Frei Francisco de, <em>Chronica dos C\u00f3negos Seculares, <\/em>livro 1, cap. 41<\/p>\n<p style=\"font-weight: 400;\">SOUSA, Frei Lu\u00eds de, <em>Hist\u00f3ria de S\u00e3o Domingos da Prov\u00edncia de Portugal<\/em>, Parte 2, liv. 1, Cap. 1<\/p>\n<p style=\"font-weight: 400;\">","protected":false},"excerpt":{"rendered":"<p>NOME Maria Bautista, Soror OUTRO(S) NOME(S) D. Maria da Silva Elementos biogr\u00e1ficos PAI Henrique Jaques (Chanceler Mor da \u00cdndia, Vedor da Fazenda) M\u00c3E D. Catherina da Silva (filha do Mestre Luis Teixeira) LOCAL DE NASCIMENTO Lisboa DATA DE NASCIMENTO 1570 LOCAL DA MORTE \u00a0Convento do Salvador, Lisboa PA\u00cdS ONDE NASCEU \u00a0Portugal PROFISS\u00c3O \/ CARGO \/ &#8230; <a title=\"Maria Bautista, Soror\" class=\"read-more\" href=\"http:\/\/escritoras-em-portugues.com\/en\/xvi\/maria-bautista-soror\/\" aria-label=\"Read more about Maria Bautista, Soror\">Read more<\/a><\/p>","protected":false},"author":3,"featured_media":0,"parent":45,"menu_order":0,"comment_status":"closed","ping_status":"closed","template":"","meta":{"cybocfi_hide_featured_image":"","footnotes":""},"class_list":["post-831","page","type-page","status-publish"],"_links":{"self":[{"href":"http:\/\/escritoras-em-portugues.com\/en\/wp-json\/wp\/v2\/pages\/831","targetHints":{"allow":["GET"]}}],"collection":[{"href":"http:\/\/escritoras-em-portugues.com\/en\/wp-json\/wp\/v2\/pages"}],"about":[{"href":"http:\/\/escritoras-em-portugues.com\/en\/wp-json\/wp\/v2\/types\/page"}],"author":[{"embeddable":true,"href":"http:\/\/escritoras-em-portugues.com\/en\/wp-json\/wp\/v2\/users\/3"}],"replies":[{"embeddable":true,"href":"http:\/\/escritoras-em-portugues.com\/en\/wp-json\/wp\/v2\/comments?post=831"}],"version-history":[{"count":5,"href":"http:\/\/escritoras-em-portugues.com\/en\/wp-json\/wp\/v2\/pages\/831\/revisions"}],"predecessor-version":[{"id":1687,"href":"http:\/\/escritoras-em-portugues.com\/en\/wp-json\/wp\/v2\/pages\/831\/revisions\/1687"}],"up":[{"embeddable":true,"href":"http:\/\/escritoras-em-portugues.com\/en\/wp-json\/wp\/v2\/pages\/45"}],"wp:attachment":[{"href":"http:\/\/escritoras-em-portugues.com\/en\/wp-json\/wp\/v2\/media?parent=831"}],"curies":[{"name":"wp","href":"https:\/\/api.w.org\/{rel}","templated":true}]}}