{"id":828,"date":"2023-10-31T13:10:01","date_gmt":"2023-10-31T13:10:01","guid":{"rendered":"https:\/\/escritoras-em-portugues.com\/?page_id=828"},"modified":"2024-06-04T21:41:13","modified_gmt":"2024-06-04T21:41:13","slug":"publia-hortensia-de-castro","status":"publish","type":"page","link":"http:\/\/escritoras-em-portugues.com\/en\/xvi\/publia-hortensia-de-castro\/","title":{"rendered":"P\u00fablia Hort\u00eansia de Castro"},"content":{"rendered":"<p><strong>NOME <\/strong><span lang=\"PT\">P\u00fablia Hort\u00eansia de Castro<\/span><\/p>\n<h4><strong>Elementos biogr\u00e1ficos<\/strong><\/h4>\n<p style=\"font-weight: 400;\"><strong>PAI <\/strong>Thomaz de Castro<\/p>\n<p style=\"font-weight: 400;\"><strong>M\u00c3E <\/strong>\u00a0D. Branca Alves<\/p>\n<p style=\"font-weight: 400;\"><strong>LOCAL DE NASCIMENTO<\/strong> Vila Vi\u00e7osa<\/p>\n<p style=\"font-weight: 400;\"><strong>DATA DE NASCIMENTO<\/strong> 1548<\/p>\n<p style=\"font-weight: 400;\"><strong>LOCAL DA MORTE<\/strong> \u00c9vora<\/p>\n<p style=\"font-weight: 400;\"><strong>PA\u00cdS ONDE NASCEU<\/strong> Portugal<\/p>\n<p style=\"font-weight: 400;\"><strong>PROFISS\u00c3O \/ CARGO \/ FUN\u00c7\u00c3O<\/strong>\u00a0Dama ao servi\u00e7o da Infanta D. Isabel, Duquesa de Guimar\u00e3es mulher do Infante D. Duarte<\/p>\n<p style=\"font-weight: 400;\"><strong>DATA DA MORTE<\/strong> 1595<\/p>\n<p style=\"font-weight: 400;\"><strong>ESTADO I <\/strong>Solteira<\/p>\n<p style=\"font-weight: 400;\"><strong>ESTADO II<\/strong> Freira<\/p>\n<p style=\"font-weight: 400;\"><strong>LOCAL DA PROFISS\u00c3O RELIGIOSA<\/strong> \u00c9vora<\/p>\n<p style=\"font-weight: 400;\"><strong>DATA DA PROFISS\u00c3O RELIGIOSA<\/strong> c. 1588<\/p>\n<p style=\"font-weight: 400;\"><strong>CONVENTO<\/strong> Convento do Menino Jesus da Gra\u00e7a<\/p>\n<p style=\"font-weight: 400;\"><strong>ORDEM RELIGIOSA A QUE PERTENCEU<\/strong> Agostinhas<\/p>\n<p style=\"font-weight: 400;\"><strong>IDIOMAS<\/strong> \u00a0Portugu\u00eas, Latim<\/p>\n<h4><strong>Obra<\/strong><\/h4>\n<p><strong>OBRAS MANUSCRITAS (DESAPARECIDAS)<\/strong><\/p>\n<blockquote>\n<p style=\"font-weight: 400;\"><em>Psalmos pela victoria e felicidade do Senhor D. Duarte e declara\u00e7\u00e3o dos Ditos Psalmos<\/em><\/p>\n<p style=\"font-weight: 400;\">(<em>apud<\/em>. Barbosa Machado \u201co MS conserva-se na Biblioteca Real\u201d)<\/p>\n<p style=\"font-weight: 400;\"><em>Flosculus Theologicalis <\/em><\/p>\n<p style=\"font-weight: 400;\"><em>Poezias V\u00e1rias latinas e Portuguezas <\/em>(Ms)<\/p>\n<p style=\"font-weight: 400;\"><em>\u00a0<\/em><em>Cartas Latinas e Portuguezas a v\u00e1rias pessoas<\/em><\/p>\n<\/blockquote>\n<p>&nbsp;<\/p>\n<h4><strong>Bibliografia:<\/strong><\/h4>\n<p style=\"font-weight: 400;\">ANAST\u00c1CIO, Vanda \u201cP\u00fablia Hort\u00eansia de Castro\u201d <em>Uma Antologia Improv\u00e1vel? A escrita das mulheres (1495-1830), <\/em>com a colabora\u00e7\u00e3o In\u00eas de Ornellas e Castro, Jos\u00e9 F\u00e9lix Duque, de Pedro Sena Lino, Isabel Moruj\u00e3o e Hugo Neto, Lisboa, Rel\u00f3gio de \u00c1gua, 2013 pp. 295.<\/p>\n<p style=\"font-weight: 400;\">BARROS, Thereza Leit\u00e3o de,\u00a0&#8220;P\u00fablia Hort\u00eansia&#8221;\u00a0<em>Escritoras de Portugal. G\u00e9nio feminino revelado na Literatura Portuguesa,\u00a0<\/em>\u00a0Lisboa, \u00a0Typographia de Antonio B. Antunes, 1924, volume I, pp.\u00a085\u201387.<\/p>\n<p style=\"font-weight: 400;\">BELL, Aubrey F. G.,\u00a0<em>A Literatura Portuguesa (Hist\u00f3ria e Critica)\u00a0<\/em>[trad. do ingl\u00eas porAgostinho de Campos e J.G. de Barros e Cunha], Lisboa, Imprensa Nacional, 1971 [1\u00aa edi\u00e7\u00e3o: 1921], p.\u00a0135.<\/p>\n<p style=\"font-weight: 400;\">BOXER, Charles, Ralph, <em>Jo\u00e3o de Barros: Portuguese Humanist and Historian of Asia<\/em>, Concept Publishing Company, 1981, p.\u00a018<\/p>\n<p style=\"font-weight: 400;\">COELHO, Jacinto do Prado, &#8220;P\u00fablia Hortensia de Castro&#8221; in.: Jacinto do Prado COELHO (coord.)\u00a0<em>Dicionario de Literatura,\u00a0<\/em>3\u00aa edi\u00e7\u00e3o, Porto, Figueirinhas, 1983, vol. 1,\u00a0p.\u00a0170.<\/p>\n<p style=\"font-weight: 400;\">ESPANCA, Padre Joaquim Jos\u00e9\u00a0da Rocha. \u201cMem\u00f3rias de Vila Vi\u00e7osa\u201d 35, in.: <em>Cadernos Culturais da C\u00e3mara Municipal de Vila Vi\u00e7osa<\/em>, Outubro 92<\/p>\n<p style=\"font-weight: 400;\">FERR\u00c9, Pedro &#8220;P\u00fablia Hortensia de Castro&#8221; Alvaro Manuel MACHADO (org.)\u00a0<em>Dicion\u00e1rio de Literatura Portuguesa,\u00a0<\/em>Lisboa, Presen\u00e7a, 1996, p.\u00a0122.<\/p>\n<p style=\"font-weight: 400;\">FONSECA, Francisco da<em>, \u00c9vora Gloriosa<\/em>, 1728, p.\u00a0415.<\/p>\n<p style=\"font-weight: 400;\">GONZ\u00c1LEZ DE SANDE, Estela, \u00c1ngeles CRUZADO RODR\u00cdGUEZ, (eds) <em>Las Revolucionarias: Literatura e Insumisi\u00f3n Femenina<\/em>, ArCiBel Editores, 2009, pp.\u00a052\u201355.<\/p>\n<p style=\"font-weight: 400;\">MACHADO, Diogo Barbosa, <em>Bibliotheca Luzitana: hist\u00f3rica, cr\u00edtica e cronol\u00f3gica, <\/em>Lisboa Occidental, na Officina de Antonio Isidoro da Fonseca, 1741-1759, Tomo III, pp. 629-630.<\/p>\n<p style=\"font-weight: 400;\">MACHADO, \u00c1lvaro Manuel, \u201cCastro, P\u00fablia Hort\u00eansia de\u201d <em>Quem \u00e9 Quem na Literatura Portuguesa, <\/em>Lisboa, Publica\u00e7\u00f5es Dom Quixote, 1979, p. 35<\/p>\n<p style=\"font-weight: 400;\">MENDANHA, V\u00edtor, Jornal <em>Correio da Manh\u00e3<\/em>, 3 de Janeiro de 1988.<\/p>\n<p style=\"font-weight: 400;\">PEDRO, Risoleta C. Pinto. VI\u00c7OSA HORTENSIA, Cantata\u00a0 (Libreto, in\u00e9dito)<\/p>\n<p style=\"font-weight: 400;\">PESTANA, Manuel In\u00e1cio e Filipe, Carlos, <em>Vila Vi\u00e7osa,<\/em> <em>Hist\u00f3ria Arte e Tradi\u00e7\u00e3o<\/em>. Ed Colibri, Junho 2009<\/p>\n<p style=\"font-weight: 400;\">STEVENSON, Jane, Women Latin Poets: Language, Gender, and Authority form Antiquity to the Eighteenth Century, Oxford University Press, 2005, p.\u00a0217<\/p>\n<p style=\"font-weight: 400;\">VASCONCELOS, Carolina Micha\u00eblis de, \u00abP\u00fablia Hortensia de Castro\u00bb <em>A Infanta D. Maria de Portugal (1521-1577) e as suas Damas, <\/em>Porto, Arthur Jos\u00e9 de Souza &amp; Irm\u00e3o, 1902, pp. 106-122.<strong>\u00a0<\/strong><\/p>\n<p>&nbsp;<\/p>\n<p style=\"font-weight: 400;\"><strong>OBSERVA\u00c7\u00d5ES<\/strong><\/p>\n<p style=\"font-weight: 400;\">As obras estavam em 1614 em poder do dominicano Fr. Jer\u00f3nimo de Castro religioso da Ordem dos Pregadores, irm\u00e3o da Autora <em>(apud<\/em> Barbosa MACHADO).<\/p>\n<p style=\"font-weight: 400;\">P\u00fablia Hort\u00eansia de Castro acompanhou o irm\u00e3o a Coimbra para estudar Humanidades e Filosofia. Algumas biografias relatam que se vestiu com trajos masculinos.<\/p>\n<p style=\"font-weight: 400;\">Frequentou o Pa\u00e7o Real de \u00c9vora e a Casa da Infanta D. Maria (1581).<\/p>\n<p style=\"font-weight: 400;\">Andr\u00e9 de RESENDE, em carta a Bartolomeu Frias Albernoz:<\/p>\n<p style=\"font-weight: 400;\">\u201cSe visses uma menina de 17 anos, chamada Publia Hortensia de Castro, de n\u00e3o vulgar instru\u00e7\u00e3o nos estudos filos\u00f3ficos, disputando publicamente com muitos var\u00f5es doutos, que lhe serviam de argumentos, e como ela desfazia as suas obriga\u00e7\u00f5es com suma destreza e, n\u00e3o menor gra\u00e7a, se visses, digo tua alma se encheria de prazer, e confessarias que nunca tiveras assistido a um espect\u00e1culo mais belo.\u201d<\/p>\n<p style=\"font-weight: 400;\">\n","protected":false},"excerpt":{"rendered":"<p>NOME P\u00fablia Hort\u00eansia de Castro Elementos biogr\u00e1ficos PAI Thomaz de Castro M\u00c3E \u00a0D. Branca Alves LOCAL DE NASCIMENTO Vila Vi\u00e7osa DATA DE NASCIMENTO 1548 LOCAL DA MORTE \u00c9vora PA\u00cdS ONDE NASCEU Portugal PROFISS\u00c3O \/ CARGO \/ FUN\u00c7\u00c3O\u00a0Dama ao servi\u00e7o da Infanta D. Isabel, Duquesa de Guimar\u00e3es mulher do Infante D. Duarte DATA DA MORTE 1595 &#8230; <a title=\"P\u00fablia Hort\u00eansia de Castro\" class=\"read-more\" href=\"http:\/\/escritoras-em-portugues.com\/en\/xvi\/publia-hortensia-de-castro\/\" aria-label=\"Read more about P\u00fablia Hort\u00eansia de Castro\">Read more<\/a><\/p>","protected":false},"author":3,"featured_media":0,"parent":45,"menu_order":0,"comment_status":"closed","ping_status":"closed","template":"","meta":{"cybocfi_hide_featured_image":"","footnotes":""},"class_list":["post-828","page","type-page","status-publish"],"_links":{"self":[{"href":"http:\/\/escritoras-em-portugues.com\/en\/wp-json\/wp\/v2\/pages\/828","targetHints":{"allow":["GET"]}}],"collection":[{"href":"http:\/\/escritoras-em-portugues.com\/en\/wp-json\/wp\/v2\/pages"}],"about":[{"href":"http:\/\/escritoras-em-portugues.com\/en\/wp-json\/wp\/v2\/types\/page"}],"author":[{"embeddable":true,"href":"http:\/\/escritoras-em-portugues.com\/en\/wp-json\/wp\/v2\/users\/3"}],"replies":[{"embeddable":true,"href":"http:\/\/escritoras-em-portugues.com\/en\/wp-json\/wp\/v2\/comments?post=828"}],"version-history":[{"count":3,"href":"http:\/\/escritoras-em-portugues.com\/en\/wp-json\/wp\/v2\/pages\/828\/revisions"}],"predecessor-version":[{"id":1770,"href":"http:\/\/escritoras-em-portugues.com\/en\/wp-json\/wp\/v2\/pages\/828\/revisions\/1770"}],"up":[{"embeddable":true,"href":"http:\/\/escritoras-em-portugues.com\/en\/wp-json\/wp\/v2\/pages\/45"}],"wp:attachment":[{"href":"http:\/\/escritoras-em-portugues.com\/en\/wp-json\/wp\/v2\/media?parent=828"}],"curies":[{"name":"wp","href":"https:\/\/api.w.org\/{rel}","templated":true}]}}