{"id":818,"date":"2023-10-31T12:43:03","date_gmt":"2023-10-31T12:43:03","guid":{"rendered":"https:\/\/escritoras-em-portugues.com\/?page_id=818"},"modified":"2024-06-04T03:00:42","modified_gmt":"2024-06-04T03:00:42","slug":"maria-do-presepio-soror","status":"publish","type":"page","link":"http:\/\/escritoras-em-portugues.com\/en\/xvi\/maria-do-presepio-soror\/","title":{"rendered":"Maria do Pres\u00e9pio, Soror"},"content":{"rendered":"<p><strong>NAME<\/strong> Maria do Pres\u00e9pio, Soror<\/p>\n<h4><strong>Biographical Elements<\/strong><\/h4>\n<p style=\"font-weight: 400;\"><strong>FATHER<\/strong> Henrique da Sylveira<\/p>\n<p style=\"font-weight: 400;\"><strong>MOTHER<\/strong> D. Isabel Pereira, Condes de Sortelha e da Feira<\/p>\n<p style=\"font-weight: 400;\"><strong>BIRTHPLACE<\/strong> Lisboa<\/p>\n<p style=\"font-weight: 400;\"><strong>COUNTRY OF BIRTH<\/strong>\u00a0 Portugal<\/p>\n<p style=\"font-weight: 400;\"><strong>PROFESSION \/ POSITION \/ FUNCTION<\/strong> Abadessa do Convento de Santa Marta de Lisboa<\/p>\n<p style=\"font-weight: 400;\"><strong>DATE OF DEATH<\/strong> 27 de Novembro de 1587<\/p>\n<p style=\"font-weight: 400;\"><strong>MARITAL STATUS<\/strong> Freira<\/p>\n<p style=\"font-weight: 400;\"><strong>PLACE OF RELIGIOUS PROFESSION<\/strong> Mosteiro de Santa Clara de Santar\u00e9m<\/p>\n<p style=\"font-weight: 400;\"><strong>CONVENT <\/strong>Mosteiro de Santa Clara de Santar\u00e9m; Convento de Santa Marta de Lisboa (entrada a 5 Novembro de 1583)<\/p>\n<h4><strong>WORKS<\/strong><\/h4>\n<p><strong>PRINTED WORKS <\/strong><strong>(DESAPARECIDAS)<\/strong><\/p>\n<blockquote>\n<p style=\"font-weight: 400;\"><em>Constitui\u00e7oens e Regras ordenadas pela Madre Sor Maria do Prezepio fundadora e primeira Abadessa do Mosteiro de Santa Martha de Jesu no anno de 1583 <\/em>impressa em Lisboa, 1591<\/p>\n<\/blockquote>\n<h4><strong>Bibliography<\/strong><\/h4>\n<p style=\"font-weight: 400;\"><a href=\"http:\/\/purl.pt\/12169\/3\/\">CARDOSO, Jorge, <em>Agiologio Lusitano dos Santos e var\u00f5es illustres em virtude do Reino de Portugal e suas conquistas<\/em>, Lisboa, Officina Craesbeeckiana, 1652 (Ed. Fac-similada: Maria de Lurdes Correia Fernandes, Porto, Faculdade de Letras do Porto, 2002], Volume I, 25 Fevereiro letra G<\/a><\/p>\n<p style=\"font-weight: 400;\">HATHERLY, Ana, \u201cMaria do Pres\u00e9pio, Soror\u201d, <em>Biblos, Enciclop\u00e9dia Verbo das Literaturas de L\u00edngua Portuguesa, <\/em>Lisboa-S\u00e3o Paulo, Editorial Verbo, 1999, p. 465.<\/p>\n<p style=\"font-weight: 400;\">MACHADO, Diogo Barbosa, <em>Bibliotheca Luzitana: hist\u00f3rica, cr\u00edtica e cronol\u00f3gica, <\/em>Lisboa Occidental, na Officina de Antonio Isidoro da Fonseca, 1741-1759, volume III, p. 429<\/p>\n<p style=\"font-weight: 400;\">SOLEDAD, Frei Fernando da, <em>Hist\u00f3ria Ser\u00e1fica da Provincia de Portugal, <\/em>Parte V, Livro 2, Cap. 2 # 266<\/p>\n<p style=\"font-weight: 400;\">","protected":false},"excerpt":{"rendered":"<p>NOME Maria do Pres\u00e9pio, Soror Elementos biogr\u00e1ficos PAI Henrique da Sylveira M\u00c3E D. Isabel Pereira, Condes de Sortelha e da Feira LOCAL DE NASCIMENTO Lisboa PA\u00cdS ONDE NASCEU\u00a0 Portugal PROFISS\u00c3O \/ CARGO \/ FUN\u00c7\u00c3O Abadessa do Convento de Santa Marta de Lisboa DATA DA MORTE 27 de Novembro de 1587 ESTADO Freira LOCAL DA PROFISS\u00c3O &#8230; <a title=\"Maria do Pres\u00e9pio, Soror\" class=\"read-more\" href=\"http:\/\/escritoras-em-portugues.com\/en\/xvi\/maria-do-presepio-soror\/\" aria-label=\"Read more about Maria do Pres\u00e9pio, Soror\">Read more<\/a><\/p>","protected":false},"author":3,"featured_media":0,"parent":45,"menu_order":0,"comment_status":"closed","ping_status":"closed","template":"","meta":{"cybocfi_hide_featured_image":"","footnotes":""},"class_list":["post-818","page","type-page","status-publish"],"_links":{"self":[{"href":"http:\/\/escritoras-em-portugues.com\/en\/wp-json\/wp\/v2\/pages\/818","targetHints":{"allow":["GET"]}}],"collection":[{"href":"http:\/\/escritoras-em-portugues.com\/en\/wp-json\/wp\/v2\/pages"}],"about":[{"href":"http:\/\/escritoras-em-portugues.com\/en\/wp-json\/wp\/v2\/types\/page"}],"author":[{"embeddable":true,"href":"http:\/\/escritoras-em-portugues.com\/en\/wp-json\/wp\/v2\/users\/3"}],"replies":[{"embeddable":true,"href":"http:\/\/escritoras-em-portugues.com\/en\/wp-json\/wp\/v2\/comments?post=818"}],"version-history":[{"count":4,"href":"http:\/\/escritoras-em-portugues.com\/en\/wp-json\/wp\/v2\/pages\/818\/revisions"}],"predecessor-version":[{"id":1693,"href":"http:\/\/escritoras-em-portugues.com\/en\/wp-json\/wp\/v2\/pages\/818\/revisions\/1693"}],"up":[{"embeddable":true,"href":"http:\/\/escritoras-em-portugues.com\/en\/wp-json\/wp\/v2\/pages\/45"}],"wp:attachment":[{"href":"http:\/\/escritoras-em-portugues.com\/en\/wp-json\/wp\/v2\/media?parent=818"}],"curies":[{"name":"wp","href":"https:\/\/api.w.org\/{rel}","templated":true}]}}