{"id":779,"date":"2023-10-29T11:56:10","date_gmt":"2023-10-29T11:56:10","guid":{"rendered":"https:\/\/escritoras-em-portugues.com\/?page_id=779"},"modified":"2024-06-04T02:53:18","modified_gmt":"2024-06-04T02:53:18","slug":"helena-da-silva-soror","status":"publish","type":"page","link":"http:\/\/escritoras-em-portugues.com\/en\/xvi\/helena-da-silva-soror\/","title":{"rendered":"Helena da Silva, Soror"},"content":{"rendered":"<p><strong>NOME <\/strong><span lang=\"PT\">H<\/span><span lang=\"PT\">elena da Silva, Soror<\/span><\/p>\n<h4><strong>Elementos biogr\u00e1ficos<\/strong><\/h4>\n<p style=\"font-weight: 400;\"><strong>LOCAL DE NASCIMENTO<\/strong> Coimbra<\/p>\n<p style=\"font-weight: 400;\"><strong>LOCAL DA MORTE<\/strong> Celas<\/p>\n<p style=\"font-weight: 400;\"><strong>PA\u00cdS ONDE NASCEU<\/strong> Portugal<\/p>\n<p style=\"font-weight: 400;\"><strong>DATA DA MORTE<\/strong> 28 de Maio de 1589 \/1590<\/p>\n<p style=\"font-weight: 400;\"><strong>ESTADO <\/strong>Freira<\/p>\n<p style=\"font-weight: 400;\"><strong>CONVENTO <\/strong>Mosteiro de Celas em Coimbra<\/p>\n<p style=\"font-weight: 400;\"><strong>IDIOMAS<\/strong> Portugu\u00eas, Espanhol<\/p>\n<p><strong>ORDEM RELIGIOSA <\/strong><span lang=\"EN-GB\">S\u00e3o Bernardo \/ (Cister apud Nicolas Antonio)<\/span><\/p>\n<p><strong style=\"font-family: inherit; font-size: 24px; font-style: inherit;\">Obra<\/strong><\/p>\n<p style=\"font-weight: 400;\"><strong>OBRAS MANUSCRITAS (DESAPARECIDAS)<\/strong><\/p>\n<blockquote>\n<p style=\"font-weight: 400;\"><em>La pasion de Cristo nuestro Se\u00f1or <\/em>(poema)\u00a0 (<em>apud Anno Historico<\/em>)<\/p>\n<p style=\"font-weight: 400;\"><em>Vida de Nossa Senhora a partir dos versos de Virg\u00edlio<\/em><\/p>\n<\/blockquote>\n<p style=\"font-weight: 400;\"><em>\u00a0<\/em><strong style=\"font-family: inherit; font-size: 24px; font-style: inherit;\">Bibliografia<\/strong><\/p>\n<p style=\"font-weight: 400;\">ANTONIO, Nicolas<em> Bibliotheca Hispana Nova, <\/em>Vol<em>.<\/em> II, p. 350, vol. I, p. 563.<\/p>\n<p style=\"font-weight: 400;\"><a href=\"https:\/\/purl.pt\/24336\">BRITO, Frei Bernardo de, <em>Chronica de Cister<\/em>,Alcoba\u00e7a, 1597, liv. 6, c. 34<\/a><\/p>\n<p style=\"font-weight: 400;\">CARDOSO, Jorge, <em>Agiologio Lusitano dos Santos e var\u00f5es illustres em virtude do Reino de Portugal e suas conquistas<\/em>, Lisboa, Officina Craesbeeckiana, 1652 (Ed. Fac-similada: Maria de Lurdes Correia Fernandes, Porto, Faculdade de Letras do Porto, 2002]<\/p>\n<p style=\"font-weight: 400;\">CARVALHO, Francisco de, <em>Historia de Coimbra, mestra de toda a na\u00e7am portugueza, paraiso de Portugal&#8230; : livro onde has-de ver nelle hum catalogo dos seus bispos, hum mapa dos seus naturaes insignes por virtude e letras, hum compendio de portugueses mestres nas universidades do mundo, a fundacam das freguesias, conventos e colegios da mesma, muitas obras de seus moradores dignas de serem lidas, todos os successos notaveis que nela aconteceram&#8230;<\/em> [ Manuscrito ] \/ composto por Francisco de Carvalho, filho da mesma cidade&#8230;\u00a0 BNP COD 905, p. 173<\/p>\n<p style=\"font-weight: 400;\">FARINHA, Bento Jos\u00e9 de Sousa, <em>Summario de Bibliotheca Lusitana<\/em>, Tomo II, Lisboa, na Officina de Antonio Gomes, 1786, p. 192.<\/p>\n<p style=\"font-weight: 400;\"><a href=\"https:\/\/rnod.bnportugal.gov.pt\/rnod\/winlibsrch.aspx?&amp;pesq=3&amp;doc=227292\">HENRIQUEZ, Chrisostumus, <em>Menologio Cirtenciense,<\/em> Alcoba\u00e7a<\/a><\/p>\n<p style=\"font-weight: 400;\">MACEDO, Antonio de Sousa de, <em>Flores de Espa\u00f1a, Excellencias de Portugal<\/em>, Parte I, Lisboa, Jorge Rodriguez, 1631, p. 70<em>\u00a0<\/em><\/p>\n<p style=\"font-weight: 400;\">MACHADO, Diogo Barbosa, <em>Bibliotheca Luzitana: hist\u00f3rica, cr\u00edtica e cronol\u00f3gica, <\/em>Lisboa Occidental, na Officina de Antonio Isidoro da Fonseca, 1741-1759, Volume II, p. 431<\/p>\n<p style=\"font-weight: 400;\">PERYM, Dami\u00e3o de Froes, <em>Theatro Heroino, abecedario historico, e catalogo das mulheres ilustres em armas, letras ac\u00e7oens heroicas e artes liberais\u2026, <\/em>Lisboa Occidental, na Officina de Musica de Theotonio Antunes Lima, 1736-1740, volume I, p. 429.<\/p>\n<p style=\"font-weight: 400;\">REM\u00c9DIOS, Mendes dos, <em>Escritoras doutros Tempos. Extractos das obras de Violante do C\u00e9u, Maria do C\u00e9u e Madalena da Gl\u00f3ria, <\/em>Coimbra, Fran\u00e7a Amado Editor, 1914.<\/p>\n<p style=\"font-weight: 400;\">SANTA MARIA, Pe. Francisco de, <em>Anno Historico Diario Portuguez: noticia abreviada de pessoas grandes, e cousas notaveis de Portugal, <\/em>Lisboa, na Officina e \u00e0 custa de Domingos Gonsalves, 1744, volume II, 28 de Maio, III, p. 132.<\/p>\n<p style=\"font-weight: 400;\"><em>\u00a0<\/em><\/p>\n","protected":false},"excerpt":{"rendered":"<p>NOME Helena da Silva, Soror Elementos biogr\u00e1ficos LOCAL DE NASCIMENTO Coimbra LOCAL DA MORTE Celas PA\u00cdS ONDE NASCEU Portugal DATA DA MORTE 28 de Maio de 1589 \/1590 ESTADO Freira CONVENTO Mosteiro de Celas em Coimbra IDIOMAS Portugu\u00eas, Espanhol ORDEM RELIGIOSA S\u00e3o Bernardo \/ (Cister apud Nicolas Antonio) Obra OBRAS MANUSCRITAS (DESAPARECIDAS) La pasion de &#8230; <a title=\"Helena da Silva, Soror\" class=\"read-more\" href=\"http:\/\/escritoras-em-portugues.com\/en\/xvi\/helena-da-silva-soror\/\" aria-label=\"Read more about Helena da Silva, Soror\">Read more<\/a><\/p>","protected":false},"author":3,"featured_media":0,"parent":45,"menu_order":0,"comment_status":"closed","ping_status":"closed","template":"","meta":{"cybocfi_hide_featured_image":"","footnotes":""},"class_list":["post-779","page","type-page","status-publish"],"_links":{"self":[{"href":"http:\/\/escritoras-em-portugues.com\/en\/wp-json\/wp\/v2\/pages\/779","targetHints":{"allow":["GET"]}}],"collection":[{"href":"http:\/\/escritoras-em-portugues.com\/en\/wp-json\/wp\/v2\/pages"}],"about":[{"href":"http:\/\/escritoras-em-portugues.com\/en\/wp-json\/wp\/v2\/types\/page"}],"author":[{"embeddable":true,"href":"http:\/\/escritoras-em-portugues.com\/en\/wp-json\/wp\/v2\/users\/3"}],"replies":[{"embeddable":true,"href":"http:\/\/escritoras-em-portugues.com\/en\/wp-json\/wp\/v2\/comments?post=779"}],"version-history":[{"count":3,"href":"http:\/\/escritoras-em-portugues.com\/en\/wp-json\/wp\/v2\/pages\/779\/revisions"}],"predecessor-version":[{"id":1677,"href":"http:\/\/escritoras-em-portugues.com\/en\/wp-json\/wp\/v2\/pages\/779\/revisions\/1677"}],"up":[{"embeddable":true,"href":"http:\/\/escritoras-em-portugues.com\/en\/wp-json\/wp\/v2\/pages\/45"}],"wp:attachment":[{"href":"http:\/\/escritoras-em-portugues.com\/en\/wp-json\/wp\/v2\/media?parent=779"}],"curies":[{"name":"wp","href":"https:\/\/api.w.org\/{rel}","templated":true}]}}