{"id":767,"date":"2023-10-29T11:29:06","date_gmt":"2023-10-29T11:29:06","guid":{"rendered":"https:\/\/escritoras-em-portugues.com\/?page_id=767"},"modified":"2024-06-04T02:51:00","modified_gmt":"2024-06-04T02:51:00","slug":"catarina-da-paz","status":"publish","type":"page","link":"http:\/\/escritoras-em-portugues.com\/en\/xvi\/catarina-da-paz\/","title":{"rendered":"Catarina da Paz"},"content":{"rendered":"<p><strong>NOME <\/strong><span lang=\"PT\">Catarina da Paz<\/span><\/p>\n<h4><strong>Elementos biogr\u00e1ficos<\/strong><\/h4>\n<p style=\"font-weight: 400;\"><strong>LOCAL DE NASCIMENTO<\/strong> Badajoz<\/p>\n<p style=\"font-weight: 400;\"><strong>DATA DE NASCIMENTO<\/strong> 1526<\/p>\n<p style=\"font-weight: 400;\"><strong>LOCAL DA MORTE<\/strong> Guadalajara (M\u00e9xico)<\/p>\n<p style=\"font-weight: 400;\"><strong>PA\u00cdS ONDE NASCEU<\/strong> Espanha<\/p>\n<p style=\"font-weight: 400;\"><strong>PA\u00cdS(ES) ONDE VIVEU<\/strong> Espanha, Portugal, M\u00e9xico<\/p>\n<p style=\"font-weight: 400;\"><strong>DATA DA MORTE <\/strong>1553<\/p>\n<p style=\"font-weight: 400;\"><strong>ESTADO <\/strong>Casada<\/p>\n<p style=\"font-weight: 400;\"><strong>IDIOMAS <\/strong>Latim, Castelhano<\/p>\n<h4><strong>Obra<\/strong><\/h4>\n<p style=\"font-weight: 400;\"><strong>OBRAS DESAPARECIDAS <\/strong><\/p>\n<blockquote>\n<p style=\"font-weight: 400;\"><em>Del buen placer<\/em>, de Juan Hurtado de Mendon\u00e7a (trad. para latim)<\/p>\n<\/blockquote>\n<h4><strong>Bibliografia:<\/strong><\/h4>\n<p style=\"font-weight: 400;\">ANTONIO, Nicolas, <em>Bibliotheca Hispana Nova<\/em>, [ed. Francisco Perez Bayer], Madrid, J. de Ibarra, 1783-1788<\/p>\n<p style=\"font-weight: 400;\">PERYM, Dami\u00e3o de Froes. <em>Theatro Heroino: Abecedario Historico, e Catalogo de Mulheres Illustres em Armas, Letras, Ac\u00e7oens Heroicas e Artes Liberais<\/em>, Offerecido A\u2019Seren\u00edssima Princeza do Brasil, D. Mariana Victoria, Lisboa Occidental, Officina Sylviana, e da Academia Real, volume I, p. 291.<\/p>\n<p style=\"font-weight: 400;\">\n","protected":false},"excerpt":{"rendered":"<p>NOME Catarina da Paz Elementos biogr\u00e1ficos LOCAL DE NASCIMENTO Badajoz DATA DE NASCIMENTO 1526 LOCAL DA MORTE Guadalajara (M\u00e9xico) PA\u00cdS ONDE NASCEU Espanha PA\u00cdS(ES) ONDE VIVEU Espanha, Portugal, M\u00e9xico DATA DA MORTE 1553 ESTADO Casada IDIOMAS Latim, Castelhano Obra OBRAS DESAPARECIDAS Del buen placer, de Juan Hurtado de Mendon\u00e7a (trad. para latim) Bibliografia: ANTONIO, Nicolas, &#8230; <a title=\"Catarina da Paz\" class=\"read-more\" href=\"http:\/\/escritoras-em-portugues.com\/en\/xvi\/catarina-da-paz\/\" aria-label=\"Read more about Catarina da Paz\">Read more<\/a><\/p>","protected":false},"author":3,"featured_media":0,"parent":45,"menu_order":0,"comment_status":"closed","ping_status":"closed","template":"","meta":{"cybocfi_hide_featured_image":"","footnotes":""},"class_list":["post-767","page","type-page","status-publish"],"_links":{"self":[{"href":"http:\/\/escritoras-em-portugues.com\/en\/wp-json\/wp\/v2\/pages\/767","targetHints":{"allow":["GET"]}}],"collection":[{"href":"http:\/\/escritoras-em-portugues.com\/en\/wp-json\/wp\/v2\/pages"}],"about":[{"href":"http:\/\/escritoras-em-portugues.com\/en\/wp-json\/wp\/v2\/types\/page"}],"author":[{"embeddable":true,"href":"http:\/\/escritoras-em-portugues.com\/en\/wp-json\/wp\/v2\/users\/3"}],"replies":[{"embeddable":true,"href":"http:\/\/escritoras-em-portugues.com\/en\/wp-json\/wp\/v2\/comments?post=767"}],"version-history":[{"count":2,"href":"http:\/\/escritoras-em-portugues.com\/en\/wp-json\/wp\/v2\/pages\/767\/revisions"}],"predecessor-version":[{"id":1669,"href":"http:\/\/escritoras-em-portugues.com\/en\/wp-json\/wp\/v2\/pages\/767\/revisions\/1669"}],"up":[{"embeddable":true,"href":"http:\/\/escritoras-em-portugues.com\/en\/wp-json\/wp\/v2\/pages\/45"}],"wp:attachment":[{"href":"http:\/\/escritoras-em-portugues.com\/en\/wp-json\/wp\/v2\/media?parent=767"}],"curies":[{"name":"wp","href":"https:\/\/api.w.org\/{rel}","templated":true}]}}