{"id":763,"date":"2023-10-29T11:26:00","date_gmt":"2023-10-29T11:26:00","guid":{"rendered":"https:\/\/escritoras-em-portugues.com\/?page_id=763"},"modified":"2024-06-04T02:49:35","modified_gmt":"2024-06-04T02:49:35","slug":"brites-de-sousa-soror","status":"publish","type":"page","link":"http:\/\/escritoras-em-portugues.com\/en\/xvi\/brites-de-sousa-soror\/","title":{"rendered":"Brites de Sousa, Soror"},"content":{"rendered":"<p><strong>NOME \u00a0<\/strong><span lang=\"PT\">Brites de Sousa, Soror \u00a0<\/span><\/p>\n<h4><strong>Elementos biogr\u00e1ficos<\/strong><\/h4>\n<p style=\"font-weight: 400;\"><strong>LOCAL DE NASCIMENTO<\/strong> Coimbra<\/p>\n<p style=\"font-weight: 400;\"><strong>DATA DE NASCIMENTO<\/strong> 1540<\/p>\n<p style=\"font-weight: 400;\"><strong>LOCAL DA MORTE<\/strong> Convento de Celas, Coimbra<\/p>\n<p style=\"font-weight: 400;\"><strong>PROFISS\u00c3O \/ CARGO \/ FUN\u00c7\u00c3O<\/strong> Abadessa<\/p>\n<p style=\"font-weight: 400;\"><strong>DATA DA MORTE<\/strong> 23 de Setembro de 1640<\/p>\n<p style=\"font-weight: 400;\"><strong>ESTADO<\/strong> Freira<\/p>\n<p style=\"font-weight: 400;\"><strong>LOCAL DA PROFISS\u00c3O RELIGIOSA<\/strong> Convento de Celas, Coimbra<\/p>\n<p style=\"font-weight: 400;\"><strong>CONVENTO <\/strong>Real Mosteiro Cisterciense de Celas, Coimbra<\/p>\n<p style=\"font-weight: 400;\"><strong>ORDEM RELIGIOSA A QUE PERTENCEU<\/strong> Ordem de Cister<\/p>\n<p style=\"font-weight: 400;\"><strong>IDIOMAS<\/strong> Portugu\u00eas, Latim<\/p>\n<h4><strong>Obra<\/strong><\/h4>\n<p style=\"font-weight: 400;\"><strong>OBRAS MANUSCRITAS (DESAPARECIDAS)<\/strong><\/p>\n<blockquote><p><em style=\"font-weight: 400;\">Livro da Payxa\u00f5<\/em><\/p><\/blockquote>\n<h4><strong>Bibliografia:<\/strong><\/h4>\n<p style=\"font-weight: 400;\">CARVALHO, Francisco de,\u00a0<em>Historia de Coimbra, mestra de toda a na\u00e7am portugueza, paraiso de Portugal&#8230;: livro onde has-de ver nelle hum catalogo dos seus bispos, hum mapa dos seus naturaes insignes por virtude e letras, hum compendio de portugueses mestres nas universidades do mundo, a fundacam das freguesias, conventos e colegios da mesma, muitas obras de seus moradores dignas de serem lidas, todos os successos notaveis que nela aconteceram&#8230;<\/em>\u00a0[ Manuscrito ] \/ composto por Francisco de Carvalho, filho da mesma cidade&#8230;\u00a0 [BNP COD 905, Fol. 167]<\/p>\n<p style=\"font-weight: 400;\">PERYM, Dami\u00e3o de Froes, <em>Theatro Heroino, abecedario historico, e catalogo das mulheres ilustres em armas, letras ac\u00e7oens heroicas e artes liberais\u2026<\/em> Lisboa Occidental, na Officina de Musica de Theotonis Antunes Lima, 1736-1740, Volume I, p. 167.<\/p>\n<p style=\"font-weight: 400;\">SANTA MARIA, P<sup>e<\/sup>. Francisco de, <em>Anno Historico Diario Portuguez: noticia abreviada de pessoas grandes, e cousas notaveis de Portugal <\/em>(\u2026), Lisboa, na Officina e \u00e0 custa de Domingos Gonsalves, 1744, volume III, p. 88, 23 de Setembro, II<\/p>\n<p style=\"font-weight: 400;\">SOUSA, Frei Lu\u00eds de, <em>Hist\u00f3ria de S\u00e3o Domingos<\/em>, 4 vols., Lisboa, Ant\u00f3nio Rodrigues Galhardo, 1767, volume IV.<\/p>\n<p style=\"font-weight: 400;\">\n","protected":false},"excerpt":{"rendered":"<p>NOME \u00a0Brites de Sousa, Soror \u00a0 Elementos biogr\u00e1ficos LOCAL DE NASCIMENTO Coimbra DATA DE NASCIMENTO 1540 LOCAL DA MORTE Convento de Celas, Coimbra PROFISS\u00c3O \/ CARGO \/ FUN\u00c7\u00c3O Abadessa DATA DA MORTE 23 de Setembro de 1640 ESTADO Freira LOCAL DA PROFISS\u00c3O RELIGIOSA Convento de Celas, Coimbra CONVENTO Real Mosteiro Cisterciense de Celas, Coimbra ORDEM &#8230; <a title=\"Brites de Sousa, Soror\" class=\"read-more\" href=\"http:\/\/escritoras-em-portugues.com\/en\/xvi\/brites-de-sousa-soror\/\" aria-label=\"Read more about Brites de Sousa, Soror\">Read more<\/a><\/p>","protected":false},"author":3,"featured_media":0,"parent":45,"menu_order":0,"comment_status":"closed","ping_status":"closed","template":"","meta":{"cybocfi_hide_featured_image":"","footnotes":""},"class_list":["post-763","page","type-page","status-publish"],"_links":{"self":[{"href":"http:\/\/escritoras-em-portugues.com\/en\/wp-json\/wp\/v2\/pages\/763","targetHints":{"allow":["GET"]}}],"collection":[{"href":"http:\/\/escritoras-em-portugues.com\/en\/wp-json\/wp\/v2\/pages"}],"about":[{"href":"http:\/\/escritoras-em-portugues.com\/en\/wp-json\/wp\/v2\/types\/page"}],"author":[{"embeddable":true,"href":"http:\/\/escritoras-em-portugues.com\/en\/wp-json\/wp\/v2\/users\/3"}],"replies":[{"embeddable":true,"href":"http:\/\/escritoras-em-portugues.com\/en\/wp-json\/wp\/v2\/comments?post=763"}],"version-history":[{"count":3,"href":"http:\/\/escritoras-em-portugues.com\/en\/wp-json\/wp\/v2\/pages\/763\/revisions"}],"predecessor-version":[{"id":1668,"href":"http:\/\/escritoras-em-portugues.com\/en\/wp-json\/wp\/v2\/pages\/763\/revisions\/1668"}],"up":[{"embeddable":true,"href":"http:\/\/escritoras-em-portugues.com\/en\/wp-json\/wp\/v2\/pages\/45"}],"wp:attachment":[{"href":"http:\/\/escritoras-em-portugues.com\/en\/wp-json\/wp\/v2\/media?parent=763"}],"curies":[{"name":"wp","href":"https:\/\/api.w.org\/{rel}","templated":true}]}}