{"id":761,"date":"2023-10-29T11:19:26","date_gmt":"2023-10-29T11:19:26","guid":{"rendered":"https:\/\/escritoras-em-portugues.com\/?page_id=761"},"modified":"2024-06-04T02:48:22","modified_gmt":"2024-06-04T02:48:22","slug":"auta-da-madre-de-deos-soror","status":"publish","type":"page","link":"http:\/\/escritoras-em-portugues.com\/en\/xvi\/auta-da-madre-de-deos-soror\/","title":{"rendered":"Auta da Madre de Deos, Soror"},"content":{"rendered":"<p><strong>NAME<\/strong> Auta da Madre de Deos, Soror<\/p>\n<h4><strong>Biographical Elements<\/strong><\/h4>\n<p style=\"font-weight: 400;\"><strong>BIRTHPLACE<\/strong> Coimbra<\/p>\n<p style=\"font-weight: 400;\"><strong>COUNTRY OF BIRTH<\/strong> \u00a0 Portugal<\/p>\n<p style=\"font-weight: 400;\"><strong>INSTITUTIONS<\/strong> Universidade de Coimbra; Universidade de Lisboa<\/p>\n<p style=\"font-weight: 400;\"><strong>PROFESSION \/ POSITION \/ FUNCTION<\/strong> Aia da Rainha D. Leonor<\/p>\n<p style=\"font-weight: 400;\"><strong>DATE OF DEATH<\/strong> 26 de Maio de 1588<\/p>\n<p style=\"font-weight: 400;\"><strong>MARITAL STATUS <\/strong>Freira<\/p>\n<p style=\"font-weight: 400;\"><strong>RELIGIOUS ORDER<\/strong> Clarissas<\/p>\n<p style=\"font-weight: 400;\"><strong>CONVENT<\/strong> Convento da Madre de Deus &#8211; Lisboa<\/p>\n<h4><strong>WORKS<\/strong><\/h4>\n<p style=\"font-weight: 400;\"><strong>HANDWRITTEN WORKS<\/strong><\/p>\n<blockquote>\n<p style=\"font-weight: 400;\"><em>Calenda da Festa de Santa Auta<\/em><\/p>\n<\/blockquote>\n<p><strong>PRINTED WORKS<\/strong><\/p>\n<blockquote>\n<p style=\"font-weight: 400;\"><em>Officium S. Auctae V. &amp; M.<\/em>, Ulissipone, Petrum Crasbeeck, 1621<\/p>\n<\/blockquote>\n<h4><strong>Bibliography<\/strong><\/h4>\n<p style=\"font-weight: 400;\">BEL\u00c9M, Jer\u00f3nimo de, <em>Chronica Serafica da Santa Provincia dos Algarves da Regular Observancia do nosso serafico padre S. Francisco, em que se trata de sua Origem, Progressos, e Fundac<\/em><em>\u0327<\/em><em>oe\u0303s de seus Conventos<\/em>, Parte I, Lisboa, Igna\u0301cio Rodrigues, 1750 pp. CCXXXVI-CCXXXVII.<\/p>\n<p style=\"font-weight: 400;\">FARINHA, Bento Jos\u00e9 de Sousa, <em>Summario de Bibliotheca Lusitana<\/em>, Lisboa, na Officina de Antonio Gomes, 1786. Tomo I, p. 232.<\/p>\n<p style=\"font-weight: 400;\">MACHADO, Diogo Barbosa, <em>Bibliotheca Luzitana: hist\u00f3rica, cr\u00edtica e cronologica. <\/em>Lisboa Occidental, na Officina de Antonio Isidoro da Fonseca, 1741-1759, vol. I, p. 440.<\/p>\n<p style=\"font-weight: 400;\">PACHECO, Moreno Laborda, <em>A M\u00e1goa do Esquecimento. Escrita e Mem\u00f3ria Conventual no Portugal do S\u00e9culo XVII<\/em>, Salvador-Lisboa, EDUFBA-CHAM, 2020, pp. 40-42.<\/p>\n<p style=\"font-weight: 400;\">PERYM, Dami\u00e3o de Froes, (SA\u0303O PEDRO, Joa\u0303o de) <em>Theatro heroino, abcedario historico, e catalogo das mulheres illustres em armas, letras, acc<\/em><em>\u0327<\/em><em>oens heroicas, e artes liberais<\/em>., Lisboa Occidental, Oficina da Musica de Theotonio Antunes Lima, 1736. t. I., pp. 48-50, pp. 67-68, p. 123<\/p>\n<p style=\"font-weight: 400;\">SANTA MARIA, P<sup>e<\/sup>. Francisco de, <em>Anno Historico Diario Portuguez: noticia abreviada de pessoas grandes, e cousas notaveis de Portugal&#8230;,<\/em> Lisboa, na Officina e \u00e0 custa de Domingos Gonsalves, 1744, vol. II, 26 de Maio, VI, p. 127.<\/p>\n<p>&nbsp;<\/p>\n<p style=\"font-weight: 400;\"><strong>COMMENTS<\/strong><\/p>\n<p style=\"font-weight: 400;\">SANTA MARIA, P<sup>e<\/sup>. Francisco de, <em>Anno Historico, <\/em>vol. II, p. 127:<\/p>\n<p style=\"font-weight: 400;\">\u00abseu pay, que era Lente actual de Canones na Universidade da mesma Cidade de Lisboa, por fazerlhe o gosto, e ver, que aproveitava, a vestio de estudante, e em sua a companha a levava \u00e0s aulas, e actos literarios da Sagrada Teologia e direito Canonico (\u2026) e se adiantou tanto que queriam dar-lhe a Cadeira de Canones, que vag\u00e0ra por morte de seu pay, se ella, como esta falta, na\u00f5 depuzera, como logo fez, o disfarce de Vara\u00f5 tornando ao traje, e recolhimento, que como mulher lhe competia.\u00bb<\/p>","protected":false},"excerpt":{"rendered":"<p>NOME Auta da Madre de Deos, Soror Elementos biogr\u00e1ficos LOCAL DE NASCIMENTO Coimbra PA\u00cdS ONDE NASCEU \u00a0 Portugal INSTITUI\u00c7\u00d5ES QUE FREQUENTOU Universidade de Coimbra; Universidade de Lisboa PROFISS\u00c3O \/ CARGO \/ FUN\u00c7\u00c3O Aia da Rainha D. Leonor DATA DA MORTE 26 de Maio de 1588 ESTADO Freira ORDEM RELIGIOSA A QUE PERTENCEU Clarissas CONVENTO Convento &#8230; <a title=\"Auta da Madre de Deos, Soror\" class=\"read-more\" href=\"http:\/\/escritoras-em-portugues.com\/en\/xvi\/auta-da-madre-de-deos-soror\/\" aria-label=\"Read more about Auta da Madre de Deos, Soror\">Read more<\/a><\/p>","protected":false},"author":3,"featured_media":0,"parent":45,"menu_order":0,"comment_status":"closed","ping_status":"closed","template":"","meta":{"cybocfi_hide_featured_image":"","footnotes":""},"class_list":["post-761","page","type-page","status-publish"],"_links":{"self":[{"href":"http:\/\/escritoras-em-portugues.com\/en\/wp-json\/wp\/v2\/pages\/761","targetHints":{"allow":["GET"]}}],"collection":[{"href":"http:\/\/escritoras-em-portugues.com\/en\/wp-json\/wp\/v2\/pages"}],"about":[{"href":"http:\/\/escritoras-em-portugues.com\/en\/wp-json\/wp\/v2\/types\/page"}],"author":[{"embeddable":true,"href":"http:\/\/escritoras-em-portugues.com\/en\/wp-json\/wp\/v2\/users\/3"}],"replies":[{"embeddable":true,"href":"http:\/\/escritoras-em-portugues.com\/en\/wp-json\/wp\/v2\/comments?post=761"}],"version-history":[{"count":4,"href":"http:\/\/escritoras-em-portugues.com\/en\/wp-json\/wp\/v2\/pages\/761\/revisions"}],"predecessor-version":[{"id":1663,"href":"http:\/\/escritoras-em-portugues.com\/en\/wp-json\/wp\/v2\/pages\/761\/revisions\/1663"}],"up":[{"embeddable":true,"href":"http:\/\/escritoras-em-portugues.com\/en\/wp-json\/wp\/v2\/pages\/45"}],"wp:attachment":[{"href":"http:\/\/escritoras-em-portugues.com\/en\/wp-json\/wp\/v2\/media?parent=761"}],"curies":[{"name":"wp","href":"https:\/\/api.w.org\/{rel}","templated":true}]}}