{"id":748,"date":"2023-10-28T20:08:59","date_gmt":"2023-10-28T20:08:59","guid":{"rendered":"https:\/\/escritoras-em-portugues.com\/?page_id=748"},"modified":"2024-06-04T02:14:34","modified_gmt":"2024-06-04T02:14:34","slug":"ana-de-lima","status":"publish","type":"page","link":"http:\/\/escritoras-em-portugues.com\/en\/xvi\/ana-de-lima\/","title":{"rendered":"Ana de Lima"},"content":{"rendered":"<p><strong>NAME \u00a0<\/strong><span lang=\"PT\">Ana de Lima, Condessa da Castanheira<\/span><\/p>\n<h4><strong>Biographical Elements<\/strong><\/h4>\n<p style=\"font-weight: 400;\"><strong>FATHER<\/strong> D. Ant\u00f3nio de Lima, Senhor de Castro Daire<\/p>\n<p style=\"font-weight: 400;\"><strong>MOTHER<\/strong> Maria de Vilhena\u00a0 (de Melo, <em>apud <\/em>geneall.net)<\/p>\n<p style=\"font-weight: 400;\"><strong>DATE OF BIRTH<\/strong> c. 1570<\/p>\n<p style=\"font-weight: 400;\"><strong>COUNTRY OF BIRTH<\/strong> Portugal<\/p>\n<p style=\"font-weight: 400;\"><strong>MARITAL STATUS <\/strong>Married<\/p>\n<p style=\"font-weight: 400;\"><strong>SPOUSE<\/strong> D. Ant\u00f3nio de Attaide, 1\u00ba Conde de Castro Daire, 5\u00ba Conde de Castanheira, Alcaide Mor de Colares, e Guimar\u00e3es<\/p>\n<p style=\"font-weight: 400;\"><strong>WEDDING DATE<\/strong> c. 1600<\/p>\n<p style=\"font-weight: 400;\"><strong>No. CHILDREN <\/strong>9<\/p>\n<p style=\"font-weight: 400;\"><strong>CHILDREN<\/strong><\/p>\n<ol>\n<li style=\"font-weight: 400;\">Jorge de Ata\u00edde<\/li>\n<li style=\"font-weight: 400;\"><a href=\"http:\/\/www.geneall.net\/P\/per_page.php?id=3732\"> Jer\u00f3nimo de Ata\u00edde, 6\u00ba conde de Castanheira, 2\u00ba conde de Castro Daire<\/a> * c. 1600 D. Helena de Castro<\/li>\n<li style=\"font-weight: 400;\"><a href=\"http:\/\/www.geneall.net\/P\/per_page.php?id=354104\"> Bernardo de Ata\u00edde<\/a> + 1656, bispo de Astorga<\/li>\n<li style=\"font-weight: 400;\"><a href=\"http:\/\/www.geneall.net\/P\/per_page.php?id=353655\"> \u00c1lvaro de Ata\u00edde<\/a> c\u00f3nego da S\u00e9 de Lisboa<\/li>\n<li style=\"font-weight: 400;\"><a href=\"http:\/\/www.geneall.net\/P\/per_page.php?id=357258\"> Paulo de Ata\u00edde<\/a> * c. 1605<\/li>\n<li style=\"font-weight: 400;\"><a href=\"http:\/\/www.geneall.net\/P\/per_page.php?id=355975\">Louren\u00e7o de Ata\u00edde<\/a><span style=\"font-size: inherit;\"> * c. 1610<\/span><\/li>\n<li style=\"font-weight: 400;\"><a href=\"http:\/\/www.geneall.net\/P\/per_page.php?id=354756\">Francisca de Lara<\/a><span style=\"font-size: inherit;\"> m.m.<\/span><b><\/b><\/li>\n<li style=\"font-weight: 400;\"><a href=\"http:\/\/www.geneall.net\/P\/per_page.php?id=3916\">B\u00e1rbara Estef\u00e2nia de Lara<\/a> * c. 1620 D. \u00c1lvaro Pires de Castro, 1\u00ba marqu\u00eas de Cascais, 6\u00ba conde de Monsanto<\/li>\n<\/ol>\n<h4><strong>WORKS<\/strong><\/h4>\n<p style=\"font-weight: 400;\"><strong>HANDWRITTEN WORKS (MISSING)<\/strong><\/p>\n<blockquote>\n<p style=\"font-weight: 400;\"><em>Varias Poezias Portuguesas <\/em>(<em>apud<\/em> Barbosa MACHADO)<\/p>\n<\/blockquote>\n<h4><strong>Bibliography<\/strong><\/h4>\n<p style=\"font-weight: 400;\">FARINHA, Bento Jos\u00e9 de Sousa, <em>Summario de Bibliotheca Lusitana<\/em>, Lisboa, na Officina de Antonio Gomes, 1786, volume II, p. 82.<\/p>\n<p style=\"font-weight: 400;\">GAYO, Felgueiras, <em>Nobili\u00e1rio das Fam\u00edlias Portuguesas,<\/em> 2\u00aa edi\u00e7\u00e3o, Braga, Carvalhos de Basto, 1989, volume VIII, p. 518.<\/p>\n<p style=\"font-weight: 400;\">MACHADO, Barbosa Diogo, <em>Bibliotheca Luzitana: hist\u00f3rica, cr\u00edtica e cronol\u00f3gica, <\/em>Lisboa Occidental, na Officina de Antonio Isidoro da Fonseca, 1741-1759. volume I, p. 178.<\/p>\n<p style=\"font-weight: 400;\">SOUSA, Ant\u00f3nio Caetano de, <em>Hist\u00f3ria Geneal\u00f3gica da Casa Real Portuguesa, <\/em>Coimbra, Livraria Atl\u00e2ntida, 1951, tomo II, p. 303.<\/p>\n<p style=\"font-weight: 400;\">","protected":false},"excerpt":{"rendered":"<p>NOME \u00a0Ana de Lima, Condessa da Castanheira Elementos biogr\u00e1ficos PAI D. Ant\u00f3nio de Lima, Senhor de Castro Daire M\u00c3E Maria de Vilhena\u00a0 (de Melo, apud geneall.net) DATA DE NASCIMENTO c. 1570 PA\u00cdS ONDE NASCEU Portugal ESTADO Casada C\u00d4NJUGE D. Ant\u00f3nio de Attaide, 1\u00ba Conde de Castro Daire, 5\u00ba Conde de Castanheira, Alcaide Mor de Colares, &#8230; <a title=\"Ana de Lima\" class=\"read-more\" href=\"http:\/\/escritoras-em-portugues.com\/en\/xvi\/ana-de-lima\/\" aria-label=\"Read more about Ana de Lima\">Read more<\/a><\/p>","protected":false},"author":3,"featured_media":0,"parent":45,"menu_order":0,"comment_status":"closed","ping_status":"closed","template":"","meta":{"cybocfi_hide_featured_image":"","footnotes":""},"class_list":["post-748","page","type-page","status-publish"],"_links":{"self":[{"href":"http:\/\/escritoras-em-portugues.com\/en\/wp-json\/wp\/v2\/pages\/748","targetHints":{"allow":["GET"]}}],"collection":[{"href":"http:\/\/escritoras-em-portugues.com\/en\/wp-json\/wp\/v2\/pages"}],"about":[{"href":"http:\/\/escritoras-em-portugues.com\/en\/wp-json\/wp\/v2\/types\/page"}],"author":[{"embeddable":true,"href":"http:\/\/escritoras-em-portugues.com\/en\/wp-json\/wp\/v2\/users\/3"}],"replies":[{"embeddable":true,"href":"http:\/\/escritoras-em-portugues.com\/en\/wp-json\/wp\/v2\/comments?post=748"}],"version-history":[{"count":8,"href":"http:\/\/escritoras-em-portugues.com\/en\/wp-json\/wp\/v2\/pages\/748\/revisions"}],"predecessor-version":[{"id":1619,"href":"http:\/\/escritoras-em-portugues.com\/en\/wp-json\/wp\/v2\/pages\/748\/revisions\/1619"}],"up":[{"embeddable":true,"href":"http:\/\/escritoras-em-portugues.com\/en\/wp-json\/wp\/v2\/pages\/45"}],"wp:attachment":[{"href":"http:\/\/escritoras-em-portugues.com\/en\/wp-json\/wp\/v2\/media?parent=748"}],"curies":[{"name":"wp","href":"https:\/\/api.w.org\/{rel}","templated":true}]}}