{"id":743,"date":"2023-10-28T18:46:05","date_gmt":"2023-10-28T18:46:05","guid":{"rendered":"https:\/\/escritoras-em-portugues.com\/?page_id=743"},"modified":"2024-06-04T20:38:19","modified_gmt":"2024-06-04T20:38:19","slug":"joana-da-gama","status":"publish","type":"page","link":"http:\/\/escritoras-em-portugues.com\/en\/xvi\/joana-da-gama\/","title":{"rendered":"Angela Sigeia"},"content":{"rendered":"<p><strong>NOME <\/strong><span lang=\"PT\">Angela Sigeia<\/span><\/p>\n<p><strong>OUTROS NOMES <\/strong>Angela Sigeia de Velasco<\/p>\n<h4><strong>Elementos biogr\u00e1ficos<\/strong><\/h4>\n<p style=\"font-weight: 400;\"><strong>PAI \u00a0<\/strong><span lang=\"PT\">Diogo Sig\u00e9 ou Diogo Sigeu<\/span><\/p>\n<p style=\"font-weight: 400;\"><strong>M\u00c3E <\/strong><span lang=\"PT\">Francisca de Velasco<\/span><\/p>\n<div><b><span lang=\"PT\"> \u00a0<\/span><\/b><\/div>\n<p style=\"font-weight: 400;\"><strong>LOCAL DE NASCIMENTO<\/strong> Tarranc\u00f3n (Toledo)<\/p>\n<p style=\"font-weight: 400;\"><strong>DATA DE NASCIMENTO<\/strong> <em>c. <\/em>1531<\/p>\n<p style=\"font-weight: 400;\"><strong>LOCAL DA MORTE <\/strong>Torres Novas, Portugal (sep. Capela de Cristo Igreja paroquial de Santiago)<\/p>\n<p style=\"font-weight: 400;\"><strong>DATA DA MORTE<\/strong>\u00a0 1608<\/p>\n<p style=\"font-weight: 400;\"><strong>ESTADO <\/strong>\u00a0Casada<\/p>\n<p style=\"font-weight: 400;\"><strong>C\u00d4NJUGE<\/strong> Antonio ou Ant\u00e3o Mogo de Melo e Carrilho, Casa dos Condes da Atalaia<\/p>\n<p style=\"font-weight: 400;\"><strong>LUGAR ONDE CASOU <\/strong>Torres Novas<\/p>\n<div><span lang=\"PT\"><strong>IDIOMAS<\/strong> \u00a0Portugu\u00eas, Italiano, Latim, Grego<\/span><\/div>\n<p><strong style=\"font-family: inherit; font-size: 24px; font-style: inherit;\">Obra<\/strong><\/p>\n<p><strong>OBRAS MANUSCRITAS (DESAPARECIDAS)<\/strong><\/p>\n<div>\n<blockquote>\n<p style=\"font-weight: 400;\">Ignacio da Piedade e Carvalho da Costa referem obras, mas n\u00e3o indicam t\u00edtulos.<\/p>\n<p style=\"font-weight: 400;\"><em>Cartas a D. Catarina de Bragan\u00e7a <\/em><\/p>\n<\/blockquote>\n<p><strong style=\"font-family: inherit; font-size: 24px; font-style: inherit;\">Bibliografia:<\/strong><\/p>\n<\/div>\n<div><\/div>\n<div>ALLUT, Paul, \u00a0<em>Aloysia Sigea et <\/em><em>Nicolas<\/em> <em>Chorier,<\/em>\u00a0Lyon, N. Scheuring, 1862<\/div>\n<div><\/div>\n<p style=\"font-weight: 400;\">ANJOS, Frei Lu\u00eds dos, <em>Jardim de Portugal em que se da noticia de alguas Sanctas, &amp; de outras molheres ilustres em virtude, as quais nascer\u00e3o, ou viver\u00e3o, ou est\u00e3o sepultadas neste Reino, &amp; suas C\u00f5quistas, <\/em>Coimbra, Nicolau Carvalho, 1626, [Ed., introd. e notas de Maria de Lurdes Correia Fernandes, Porto, Campo das Letras, 1999, p\u00e1g. 240-241].<\/p>\n<p style=\"font-weight: 400;\">AZEVEDO<strong>, <\/strong>Diogo Miguel Ayres de, <em>Portugal Ilustrado pelo sexo feminino,noticia hist\u00f3rica de muytas hero\u00ednas portuguezas que florecer\u00e3o em virtude, letras e armas,<\/em>\u00a0 Lisboa Occidental, Officina de Pedro Ferreira, 1734, p. 72<\/p>\n<p style=\"font-weight: 400;\">BARROS, Teresa Leit\u00e3o de, <em>Escritoras de Portugal. G\u00e9nio feminino revelado na literatura portuguesa, <\/em>Lisboa, s. n., 1924, vol. I, pp. 71-72.<\/p>\n<p>BORREGUERO BELTR\u00c1N, Cristina &#8220;<em>Puellae doctate<\/em> en las cortes peninsulares&#8221;\u00a0<em>Dossiers f\u00e9ministes, <\/em>n\u00ba 15, pp. 76-100<\/p>\n<p style=\"font-weight: 400;\">BOURDON L\u00e9on e SAUVAGE, Odette, \u00a0&#8220;Recherches sur Lu\u00edsa Sigea&#8221; <em>Bulletin des \u00c9tudes Portugaises<\/em>, XXXI, Institut Fran\u00e7ais au Portugal, 1970, p. 41, n. 32<\/p>\n<p style=\"font-weight: 400;\">CASTILHO, J\u00falio <em>Lisboa Antiga, Bairros Orientais, Lisboa, <\/em>CML<em>.,<\/em>1934-1938, vol. XII, 1938, pp. 192, 194, 257, 260.<\/p>\n<p style=\"font-weight: 400;\">CEREJEIRA, Cardeal, <em>O Renascimento em Portugal. Clenardo,<\/em>\u00a01974-1975 vol. 2, pp. 117-118<\/p>\n<p style=\"font-weight: 400;\">COSTA, Ant\u00f3nio Carvalho da, <em>Corografia Portuguesa e descrip\u00e7am topogr\u00e1fica do famoso Reyno de Portugal, <\/em>Lisboa, na Real Officina Deslandesiana, 1712, volume III, pp. 285-287.<\/p>\n<p><a href=\"https:\/\/repositorio.ul.pt\/bitstream\/10451\/31018\/1\/Frade.2016_Hic-sita-Sigea-est.pdf\">FRADE, Sofia \u00a0\u2018Hic sita Sigea est: satis hoc: Luisa Sigea and the role of D. Maria, Infanta of Portugal, in female scholarship\u2019. In E. Hall-R. Wyles(ed.) <em style=\"font-size: inherit;\">Women Classical Scholars: Unsealing the Fountain from the Renaissance to Jacqueline de Romilly<\/em><span style=\"font-size: inherit;\">, Oxford, Oxford University Press, 2016, pp. 48-60.\u00a0<\/span><\/a><\/p>\n<p style=\"font-weight: 400;\">FREIRE, Anselmo Braancamp,\u00a0 <em>Vida e Obras de Gil Vicente. Trocvador e mestre da Balan\u00e7a, <\/em>Lisboa, Ocidente, 1944, p. 330<\/p>\n<p style=\"font-weight: 400;\">GOMES MOLLEDA, Maria Dolores, \u00a0&#8220;La cultura femenina en la \u00e9poca de Isabel da Cat\u00f3lica&#8221;<em> Revista de archivos bibliotecas y museos, <\/em>tomo LXI\u00a0 1955, pp. 192-193<\/p>\n<p style=\"font-weight: 400;\">LEAL, Pinho, <em>Portugal Antigo e Moderno,<\/em>\u00a01873-1890, t. IX, 1880, p. 627-628<\/p>\n<p style=\"font-weight: 400;\">LE\u00c3O, Duarte Nunes de, \u201cDa habilidade das mulheres portuguesas para as letras e artes liberais\u201d, <em>Descri\u00e7\u00e3o do Reino de Portugal, <\/em>Lisboa, Jorge Rodrigues, 1610. Pp. 151-152 [reed: Lisboa, Centro de Hist\u00f3ria da Universidade de Lisboa, 2002]<\/p>\n<p style=\"font-weight: 400;\">MACEDO, Antonio de Sousa de, <em>Flores de Espa\u00f1a, Excellencias de Portugal,<\/em> Parte I, Lisboa, Jorge Rodriguez, 1631, p. 69.<\/p>\n<div class=\"page\" title=\"Page 21\">\n<div class=\"layoutArea\">\n<div class=\"column\">\n<p>MAESTRE MAESTRE, J. M. (2019), \u201cLa carta en lati\u0301n de un Scholasticus Toletanus a Luisa Sigea: misiva verdadera o falsificacio\u0301n literaria?\u201d: Revista de Estudios Latinos (RELat), 19, 131\u2010211.<\/p>\n<\/div>\n<\/div>\n<\/div>\n<p style=\"font-weight: 400;\"><a href=\"https:\/\/run.unl.pt\/bitstream\/10362\/65411\/3\/TESE%20-%20CORREC\u00c7\u00d5ES%20-%20FINAL.pdf\">MONTEIRO, Catarina Cunha, <em>Quando as sombras ofuscam a luz. Luiza e Angela Sigeia<\/em>: est\u00f3rias e hist\u00f3rias de vida no Portugal de Quinhentos, Lisboa, FCSH, Universidade Nova, 2018 (disserta\u00e7\u00e3o de Mestrado)\u00a0<\/a><\/p>\n<div class=\"page\" title=\"Page 22\">\n<div class=\"layoutArea\">\n<div class=\"column\">\n<p><a href=\"https:\/\/revistas.uam.es\/librosdelacorte\/article\/view\/ldc2019.11.19.004\">MONTEIRO, C. C., \u00ab\u201cFrance\u0301s de nacio\u0301n, varo\u0301n docti\u0301ssimo\u201d: Diogo Sigeu, pai de Lui\u0301sa Sigeia\u00bb, Librosdelacorte.es, no 19, an\u0303o 11 2019.\u00a0<\/a><\/p>\n<\/div>\n<\/div>\n<\/div>\n<div class=\"page\" title=\"Page 22\">\n<div class=\"layoutArea\">\n<div class=\"column\">\n<p>NASCIMENTO, M. T., \u201cLui\u0301sa Sigeia: O dia\u0301logo no feminino\u201d: O Rosto feminino da Expansa\u0303o Portuguesa. Actas do Congresso Internacional. Lisboa, Comissa\u0303o para a Igualdade, 1995, vol. I, 287\u2010293.<\/p>\n<\/div>\n<\/div>\n<\/div>\n<p style=\"font-weight: 400;\">PERYM, Dami\u00e3o de Fr\u00f3is, <span lang=\"PT\">(pseud. Frei Jo\u00e3o de S\u00e3o Pedro), <i>Theatro Heroino, abecedario historico, e catalogo das mulheres ilustres em armas, letras ac\u00e7oens heroicas e artes liberais\u2026,<\/i> Lisboa Occidental, na Officina de Musica de Theotonis Antunes Lima, 1736-1740, <\/span>Tomo I, p. 102.<\/p>\n<div class=\"page\" title=\"Page 22\">\n<div class=\"layoutArea\">\n<div class=\"column\">\n<p>PRIETO CORBALA\u0301N, M.a R., <em>Epistolario latino. Luisa Sigea,<\/em> Valladolid, Editorial Akal (Coleccion de Clasicos Latinos Medievales y Renacentistas), 2007.<\/p>\n<\/div>\n<\/div>\n<\/div>\n<p>RAMALHO, Am\u00e9rico Costa &#8220;A prop\u00f3sito e Lu\u00edsa Sigeia&#8221;\u00a0<em>Estudos sobre o S\u00e9culo XVI, <\/em>Lisboa, Imprensa Nacional, 1983, pp. 185-195.<\/p>\n<div class=\"page\" title=\"Page 22\">\n<div class=\"layoutArea\">\n<div class=\"column\">\n<p>RAMALHO, Am\u00e9rico Costa, \u201cNotas de leitura. A propo\u0301sito de Lui\u0301sa de Sigeia.\u201d, Humanitas X<span style=\"font-size: inherit;\">I\u2010XII, <\/span>1969\u20101970.<\/p>\n<div class=\"page\" title=\"Page 22\">\n<div class=\"layoutArea\">\n<div class=\"column\">\n<p>RESENDE, A., Ludovicae Sigaeae tvmvlvs. Rio de Janeiro, 1981 (edic\u0327a\u0303o fac-similada da ed. de Lisboa, 1561).<\/p>\n<\/div>\n<\/div>\n<\/div>\n<\/div>\n<\/div>\n<\/div>\n<p>RIBEIRO, Jos\u00e9 Silvestre, <em>Luiza Sig\u00e9a: Breves apontamentos hist\u00f3rico-liter\u00e1rios<\/em>, Lisboa, Academia Real das Sciencias de Lisboa, 1880, p. 9.<\/p>\n<p>SANTA MARIA, Fr. <span lang=\"PT\">Francisco de, <i>Anno Historico. <\/i>1744, t. III, p. 166.<\/span><\/p>\n<div class=\"page\" title=\"Page 22\">\n<div class=\"layoutArea\">\n<div class=\"column\">\n<p>SAUVAGE, O., \u201cSintra, poe\u0300me latin de Lui\u0301sa Sigea\u201d, <em>Arquivos do Centro Cultural Portugue\u0302s, <\/em>vol. 5, Paris, Fundac\u0327a\u0303o Calouste Gulbenkian, 1972, pp. <span style=\"font-size: inherit;\">560\u2010570.<\/span><\/p>\n<div class=\"page\" title=\"Page 23\">\n<div class=\"layoutArea\">\n<div class=\"column\">\n<p>SERRANO Y SANZ, M. (1905), <em>Biblioteca de Autores Espan\u0303oles. Apuntes para una Biblioteca de escritoras espan\u0303olas. Desde el an\u0303o 1401 a 1833<\/em>. Vol. II. Madrid, Revista de Archivos, Bibliotecas y Museos.<\/p>\n<\/div>\n<\/div>\n<\/div>\n<\/div>\n<\/div>\n<\/div>\n<p>SOUSA, <span lang=\"PT\">Ant\u00f3nio Caetano de, <i>Hist\u00f3ria Geneal\u00f3gica da Casa Real Portuguesa, <\/i>Coimbra, Livraria Atl\u00e2ntida, 1951 [1\u00aa edi\u00e7\u00e3o: 1739], Livro VI, pp. 3-4.<\/span><\/p>\n<p>TAMAYO Y VARGAS, Tomas (ed.)\u00a0 <em>Hist\u00f3ria de Toledo,<\/em> [aut.: Dr. Francisco Pisa]<\/p>\n<p><a href=\"https:\/\/proa.ua.pt\/index.php\/agora\/article\/view\/27934\/20092\">TEIXEIRA, Gil Clemente &#8220;Amantes das Musas: Andr\u00e9 de Resende escreve sobre Lu\u00edsa Sigeia&#8221;\u00a0<em>\u00c1gora. Estudos Cl\u00e1ssicos em Debate, <\/em>vol. 24, 2022, pp. 267-290.<\/a><\/p>\n<p>TOSCANO, Francisco Soares, <em>Parallelos de Principes, e Varoens Illustres Antigos a que muitos da nossa Nas\u00e7a\u00f5 Portugueza se a semelhara\u00f5 em suas obras, ditos, e feitos: com a origem das Armas de algumas familias deste Reyno. <\/em>Por Francisco Soares Toscano, Natural da Cidade de Evora. Agora novamente acrescentados, e offerecidos ao Excelentissimo Senhor D. Francisco Xavier de Menezes, Quarto Conde da Ericeira do Conselho de sua Magestade, Sargento m\u00f2r da batalha de seus exercitos, Deputado da Junta dos Tres Estados, Perpetuo senhor da Villa da ericeira, e senhor de Ancia\u00f5, oitavo senhor da Caza do Louri\u00e7a, Comendador das Comendas de S\u00e3ta Christina de Sazerdello, S. Cipriano de Angueira, S. Martinho de Fraza\u00f5, S. Payo de Fragoas, S. Pedro de Elvas, e de S. Bartholomeu de Covilh\u00e3a, todas na Ordem de Christo, Academico, e Censor da Academia Real da Historia Portugueza, &amp;c., Lisboa Occidental, na Officina Ferreiriana, 1733, pp. 398-400. [1\u00aa edi\u00e7\u00e3o: 1621]<\/p>\n<p>VASCONCELOS, Carolina Michaelis de,\u00a0<em>A Infanta D. Maria e as \u00a0suas Damas, Lisboa, <\/em>Porto, Typ. a vapor de Arthur Jos\u00e9 de Souza e Irm\u00e3o, 1902, p. 42.\u00a0[reed. Lisboa, Instituto da Biblioteca e do Livro, 1994]<\/p>\n<p>VASCONCELOS, P<sup>e<\/sup>. In\u00e1cio da Piedade e, <em>Hist\u00f3ria de Santarem edificada, que d\u00e1 not\u00edcia da sua funda\u00e7a\u00f5 e das couzas mais notaveis nella sucedidas. A saber, das funda\u00e7oens de todas as suas Igrejas, assim das Paroquias, como dos Conventos, e Ermidas, dos prodigiosos Milagres ali sucedidos, das Reliquias que em si encerra, das vidas de varios Santos, e Beatos, e de muytas pessoas dignas de memoria, assim em virtudes, como em letras, e armas, todas naturaes de Santarem, e de tudo o que toca ao seu Termo, e Comarca, do que se segue dar muitas noticias de todo o Reyno. <\/em>Parte I e II, Dada \u00e0 luz por hum curiozo amante da ditta Villa, Lisboa Occidental, 1740, volume II, pp. 326-330.<\/p>\n<p style=\"font-weight: 400;\">VASEUS, Joannes,<em> Chronici Hispaniae<\/em>, tomo I, cap IX. (in <em>Officiis cap. <\/em><em>De Mulieribus devotis<\/em>).<\/p>\n<p style=\"font-weight: 400;\">VITERBO, Francisco de Sousa Marques \u201cIsabel Carreira. A m\u00e3e de Fr. Bartholomeu Ferreira. A mulher de Antonio de Sygy de Velasco\u201d Arquivo Hist\u00f3rico Portugu\u00eas, Lisboa, Tip. Cal\u00e7ada do Cabra, vol. I, 1903, pp. 74-79.<\/p>\n<p style=\"font-weight: 400;\">\n","protected":false},"excerpt":{"rendered":"<p>NOME Angela Sigeia OUTROS NOMES Angela Sigeia de Velasco Elementos biogr\u00e1ficos PAI \u00a0Diogo Sig\u00e9 ou Diogo Sigeu M\u00c3E Francisca de Velasco \u00a0 LOCAL DE NASCIMENTO Tarranc\u00f3n (Toledo) DATA DE NASCIMENTO c. 1531 LOCAL DA MORTE Torres Novas, Portugal (sep. Capela de Cristo Igreja paroquial de Santiago) DATA DA MORTE\u00a0 1608 ESTADO \u00a0Casada C\u00d4NJUGE Antonio ou &#8230; <a title=\"Angela Sigeia\" class=\"read-more\" href=\"http:\/\/escritoras-em-portugues.com\/en\/xvi\/joana-da-gama\/\" aria-label=\"Read more about Angela Sigeia\">Read more<\/a><\/p>","protected":false},"author":3,"featured_media":0,"parent":45,"menu_order":0,"comment_status":"closed","ping_status":"closed","template":"","meta":{"cybocfi_hide_featured_image":"","footnotes":""},"class_list":["post-743","page","type-page","status-publish"],"_links":{"self":[{"href":"http:\/\/escritoras-em-portugues.com\/en\/wp-json\/wp\/v2\/pages\/743","targetHints":{"allow":["GET"]}}],"collection":[{"href":"http:\/\/escritoras-em-portugues.com\/en\/wp-json\/wp\/v2\/pages"}],"about":[{"href":"http:\/\/escritoras-em-portugues.com\/en\/wp-json\/wp\/v2\/types\/page"}],"author":[{"embeddable":true,"href":"http:\/\/escritoras-em-portugues.com\/en\/wp-json\/wp\/v2\/users\/3"}],"replies":[{"embeddable":true,"href":"http:\/\/escritoras-em-portugues.com\/en\/wp-json\/wp\/v2\/comments?post=743"}],"version-history":[{"count":15,"href":"http:\/\/escritoras-em-portugues.com\/en\/wp-json\/wp\/v2\/pages\/743\/revisions"}],"predecessor-version":[{"id":1758,"href":"http:\/\/escritoras-em-portugues.com\/en\/wp-json\/wp\/v2\/pages\/743\/revisions\/1758"}],"up":[{"embeddable":true,"href":"http:\/\/escritoras-em-portugues.com\/en\/wp-json\/wp\/v2\/pages\/45"}],"wp:attachment":[{"href":"http:\/\/escritoras-em-portugues.com\/en\/wp-json\/wp\/v2\/media?parent=743"}],"curies":[{"name":"wp","href":"https:\/\/api.w.org\/{rel}","templated":true}]}}