{"id":622,"date":"2023-04-23T17:00:17","date_gmt":"2023-04-23T20:00:17","guid":{"rendered":"http:\/\/escritoras-em-portugues.provisorio.ws\/?page_id=622"},"modified":"2024-06-04T02:43:42","modified_gmt":"2024-06-04T02:43:42","slug":"margarida-pinheira","status":"publish","type":"page","link":"http:\/\/escritoras-em-portugues.com\/en\/xv\/margarida-pinheira\/","title":{"rendered":"Margarida Pinheira"},"content":{"rendered":"<p><strong>NAME<\/strong> Margarida Pinheira, Soror<\/p>\n<p><strong>Biographical Elements<\/strong><\/p>\n<p><strong>DATE OF BIRTH<\/strong> XV century<br \/>\n<strong>DATE OF DEATH<\/strong> XVI century<\/p>\n<p><strong>MARITAL STATUS <\/strong> Freira<br \/>\n<strong>DATE OF RELIGIOUS PROFESSION<\/strong> 1475<br \/>\n<strong>PLACE OF RELIGIOUS PROFESSION<\/strong> Convento de Jesus, Aveiro<br \/>\n<strong>CONVENT<\/strong> Convento de Jesus de Aveiro<br \/>\n<strong>RELIGIOUS ORDER<\/strong> Dominicanas, OP<\/p>\n<p><strong>WORKS<\/strong><\/p>\n<p><strong>HANDWRITTEN WORKS<\/strong><\/p>\n<blockquote><p><em>Vida, e morte da Serenissima Princeza D. Joanna, filha do Christianissimo Rey D. Affonso V de Portugal, e de D. Izabel sua mulher.<\/em><\/p>\n<p><em>Vida de Soror Brites Leitoa, Fundadora, e Prioreza do Convento de JESUS de Aveiro<\/em><\/p><\/blockquote>\n<p><strong>PRINTED WORKS<\/strong><\/p>\n<blockquote><p><em>Vida, e morte da Serenissima Princeza D. Joanna, filha do Christianissimo Rey D. Affonso V de Portugal, e de D. Izabel sua mulher. <\/em>published by Daniel PAPERBROCHIO, in <em>Acta Sanctorum<\/em>, Tomo 7, Appendix de dia 12, pp. 723-758.<\/p><\/blockquote>\n<p><strong>BIBLIOGRAPHY<\/strong><\/p>\n<p>DIAS Ainda Fernanda \u201cAs mulheres nas letras portuguesas medievais\u201d <em>Santa Barbara Portuguese Studies, First series, <\/em>volume III, 1996, pp. 8-9.<\/p>\n<p>ECHARD, Jacob, <em>Scriptores Ordinis Praedicatorum<\/em> recensiti\u2026, Lutetiae Prisiorum, J. B. Christophorem Ballard et Nicolaum Simart, 1719, Tom 2, p. 840<\/p>\n<p>FARINHA, Bento Jos\u00e9 de Sousa, <em>Summario de Bibliotheca Lusitana<\/em>, volume III, Lisboa, na Off. da Academia Real das Sciencias, 1787, p. 192.<\/p>\n<p>MACHADO, Diogo Barbosa, <em>Bibliotheca Luzitana: hist\u00f3rica, cr\u00edtica e cronol\u00f3gica, <\/em>Lisboa Occidental, na Officina de Antonio Isidoro da Fonseca, 1741-1759, volume III, pp. 412-413.<\/p>\n<p>MONTEIRO, Frei Pedro, <em>Claustro Dominicano, <\/em>Tomo III, p. 289<\/p>\n<p>MORUJ\u00c3O, Isabel, \u201cPinheira, Soror Margarida\u201d <em>Biblos. Enciclop\u00e9dia VERBO das Literaturas de L\u00edngua Portuguesa<\/em>, Lisboa-S\u00e3o Paulo, VERBO, 2001 Vol. 4, p.173-174<\/p>\n<p>PAPERBROCHIO, Daniel, <em>Vita a Sorore Margarita Pineria, Sanctae Principis famuila, ex authographo monasterii Averiensis<\/em>, Antuerpia, 1688, pp. 11-50.<\/p>","protected":false},"excerpt":{"rendered":"<p>NOME Margarida Pinheira, Soror Elementos biogr\u00e1ficos DATA DE NASCIMENTO S\u00e9culo XV DATA DA MORTE S\u00e9culo XVI ESTADO Freira DATA DA PROFISS\u00c3O RELIGIOSA 1475 LOCAL DA PROFISS\u00c3O RELIGIOSA Convento de Jesus, Aveiro CONVENTO Convento de Jesus de Aveiro ORDEM RELIGIOSA A QUE PERTENCEU Dominicanas, OP Obra OBRAS MANUSCRITAS Vida, e morte da Serenissima Princeza D. Joanna, &#8230; <a title=\"Margarida Pinheira\" class=\"read-more\" href=\"http:\/\/escritoras-em-portugues.com\/en\/xv\/margarida-pinheira\/\" aria-label=\"Read more about Margarida Pinheira\">Read more<\/a><\/p>","protected":false},"author":2,"featured_media":0,"parent":43,"menu_order":0,"comment_status":"closed","ping_status":"closed","template":"","meta":{"cybocfi_hide_featured_image":"","footnotes":""},"class_list":["post-622","page","type-page","status-publish"],"_links":{"self":[{"href":"http:\/\/escritoras-em-portugues.com\/en\/wp-json\/wp\/v2\/pages\/622","targetHints":{"allow":["GET"]}}],"collection":[{"href":"http:\/\/escritoras-em-portugues.com\/en\/wp-json\/wp\/v2\/pages"}],"about":[{"href":"http:\/\/escritoras-em-portugues.com\/en\/wp-json\/wp\/v2\/types\/page"}],"author":[{"embeddable":true,"href":"http:\/\/escritoras-em-portugues.com\/en\/wp-json\/wp\/v2\/users\/2"}],"replies":[{"embeddable":true,"href":"http:\/\/escritoras-em-portugues.com\/en\/wp-json\/wp\/v2\/comments?post=622"}],"version-history":[{"count":1,"href":"http:\/\/escritoras-em-portugues.com\/en\/wp-json\/wp\/v2\/pages\/622\/revisions"}],"predecessor-version":[{"id":1654,"href":"http:\/\/escritoras-em-portugues.com\/en\/wp-json\/wp\/v2\/pages\/622\/revisions\/1654"}],"up":[{"embeddable":true,"href":"http:\/\/escritoras-em-portugues.com\/en\/wp-json\/wp\/v2\/pages\/43"}],"wp:attachment":[{"href":"http:\/\/escritoras-em-portugues.com\/en\/wp-json\/wp\/v2\/media?parent=622"}],"curies":[{"name":"wp","href":"https:\/\/api.w.org\/{rel}","templated":true}]}}